{"id":30,"date":"2010-10-03T05:11:36","date_gmt":"2010-10-03T05:11:36","guid":{"rendered":"https:\/\/aapars.com\/jacques-landry\/?page_id=2"},"modified":"2026-03-18T13:08:44","modified_gmt":"2026-03-18T17:08:44","slug":"accueil","status":"publish","type":"page","link":"https:\/\/aapars.com\/suzanne-molleur\/","title":{"rendered":"Suzanne Molleur"},"content":{"rendered":"<p style=\"text-align: center;\">&nbsp;<\/p>\n<p>&nbsp; &nbsp; &nbsp; &nbsp; &nbsp; &nbsp; &nbsp; &nbsp; &nbsp; &nbsp; &nbsp; &nbsp; &nbsp; &nbsp; <img loading=\"lazy\" decoding=\"async\" class=\"alignnone wp-image-338 size-medium\" src=\"https:\/\/aapars.com\/suzanne-molleur\/wp-content\/blogs.dir\/340\/files\/2026\/02\/1000002139-210x300.jpg\" alt=\"\" width=\"210\" height=\"300\" srcset=\"https:\/\/aapars.com\/suzanne-molleur\/wp-content\/blogs.dir\/340\/files\/2026\/02\/1000002139-210x300.jpg 210w, https:\/\/aapars.com\/suzanne-molleur\/wp-content\/blogs.dir\/340\/files\/2026\/02\/1000002139-717x1024.jpg 717w, https:\/\/aapars.com\/suzanne-molleur\/wp-content\/blogs.dir\/340\/files\/2026\/02\/1000002139-768x1098.jpg 768w, https:\/\/aapars.com\/suzanne-molleur\/wp-content\/blogs.dir\/340\/files\/2026\/02\/1000002139-1075x1536.jpg 1075w, https:\/\/aapars.com\/suzanne-molleur\/wp-content\/blogs.dir\/340\/files\/2026\/02\/1000002139.jpg 1433w\" sizes=\"auto, (max-width: 210px) 100vw, 210px\" \/><\/p>\n\n<table id=\"tablepress-1\" class=\"tablepress tablepress-id-1\">\n<tbody class=\"row-striping\">\n<tr class=\"row-1\">\n\t<td class=\"column-1\">Technique :<\/td><td class=\"column-2\">MIXTE<\/td>\n<\/tr>\n<tr class=\"row-2\">\n\t<td class=\"column-1\">Affiliations professionelles :<\/td><td class=\"column-2\">AAPARS, RAAV<\/td>\n<\/tr>\n<tr class=\"row-3\">\n\t<td class=\"column-1\">T\u00e9l\u00e9phone :<\/td><td class=\"column-2\">514 891 7775<\/td>\n<\/tr>\n<tr class=\"row-4\">\n\t<td class=\"column-1\">Courriel :<\/td><td class=\"column-2\">suzannemolleur@hotmail.com<\/td>\n<\/tr>\n<tr class=\"row-5\">\n\t<td class=\"column-1\">Site Internet :<\/td><td class=\"column-2\">https:\/\/aapars.com\/suzanne-molleur<\/td>\n<\/tr>\n<\/tbody>\n<\/table>\n\n<h2>D\u00e9marche<\/h2>\n<p>La peinture, moyen d\u2019expression, de communication, la possibilit\u00e9 d\u2019exprimer la joie, la tendresse, la complicit\u00e9 l\u2019amour, et ceci par une image. Tant de sentiments sont transmis par le geste, par la posture d\u2019un corps, par le regard. Gr\u00e2ce \u00e0 mes personnages, je peux par une inclinaison du corps, exprimer mille mots.<\/p>\n<p>Ma technique, la gestuelle&nbsp;: laisser ma main d\u00e9cider du geste, ne pas le censurer, ne pas bloquer ce que ma m\u00e9moire a enregistr\u00e9. J\u2019utilise l\u2019acrylique \u00e0 laquelle j\u2019int\u00e8gre de la p\u00e2te, de l\u2019encre e du papier. Ces mat\u00e9riaux me font percevoir une nouvelle facette de mes personnages.<\/p>\n<p>J\u2019aime la douceur dans les couleurs, j\u2019aime aussi la chaleur et la force qui s\u2019en d\u00e9gagent. Selon l\u2019\u00e9motion que je veux transmettre les teintes s\u2019intensifient ou bien s\u2019impr\u00e8gnent de l\u00e9g\u00e8ret\u00e9. R\u00eaves, illusions, espoir, s\u00e9r\u00e9nit\u00e9, tous ces \u00e9l\u00e9ments deviendront les d\u00e9clencheurs afin de donner le ton \u00e0 mes toiles`<\/p>\n<p>Mes toiles compos\u00e9es de femmes, se veulent une repr\u00e9sentation de diff\u00e9rentes sc\u00e8nes r\u00e9v\u00e9lant l\u2019importance que j\u2019accorde \u00e0 l\u2019amour, la tendresse et la complicit\u00e9. Mes femmes viennent des \u00e9v\u00e9nements de la vie, des moments suspendus dans le temps. Je souhaite que ces femmes, par leurs attitudes vous am\u00e8nent \u00e0 ressentir ce que j\u2019ai voulu exprimer.<\/p>\n<h2>\u00c9v\u00e8nements 2026<\/h2>\n<p><strong>SYMPOSIUM:<br \/>\n<\/strong>Louiville, 26-27-28 juin<br \/>\nDanville, 4-5-6 septembre<\/p>\n<h2>Formation<\/h2>\n\n<table id=\"tablepress-2\" class=\"tablepress tablepress-id-2\">\n<thead>\n<tr class=\"row-1\">\n\t<th class=\"column-1\">Ann\u00e9e<\/th><th class=\"column-2\">Institution\/Professeur<\/th><th class=\"column-3\">Programme<\/th>\n<\/tr>\n<\/thead>\n<tbody class=\"row-striping\">\n<tr class=\"row-2\">\n\t<td class=\"column-1\">2001<\/td><td class=\"column-2\">UQAM<\/td><td class=\"column-3\">Dessin,sculpture<br \/>\nHistoire de l\u2019Art<\/td>\n<\/tr>\n<tr class=\"row-3\">\n\t<td class=\"column-1\">2004<\/td><td class=\"column-2\">U.Bishop<\/td><td class=\"column-3\">Dessin,mod\u00e8les vivants<\/td>\n<\/tr>\n<tr class=\"row-4\">\n\t<td class=\"column-1\">2004<\/td><td class=\"column-2\">ARTO<\/td><td class=\"column-3\">Ateliers mod\u00e8les vivants<\/td>\n<\/tr>\n<tr class=\"row-5\">\n\t<td class=\"column-1\">2025<\/td><td class=\"column-2\">AAPARS<\/td><td class=\"column-3\">Ateliers mod\u00e8les vivants<\/td>\n<\/tr>\n<\/tbody>\n<\/table>\n\n<h2>Expositions<\/h2>\n\n<table id=\"tablepress-3\" class=\"tablepress tablepress-id-3\">\n<thead>\n<tr class=\"row-1\">\n\t<th class=\"column-1\">Ann\u00e9e<\/th><th class=\"column-2\">Nom<\/th><th class=\"column-3\">Endroit<\/th>\n<\/tr>\n<\/thead>\n<tbody class=\"row-striping\">\n<tr class=\"row-2\">\n\t<td class=\"column-1\">2017<\/td><td class=\"column-2\">Solo<\/td><td class=\"column-3\">Fort St-Jean, St-Jean-sur-Richelieu<\/td>\n<\/tr>\n<tr class=\"row-3\">\n\t<td class=\"column-1\">2014<\/td><td class=\"column-2\">Solo<\/td><td class=\"column-3\">Caisse Desjardins , maison Radio Canada, Montr\u00e9al<\/td>\n<\/tr>\n<tr class=\"row-4\">\n\t<td class=\"column-1\">2009<\/td><td class=\"column-2\">Solo<\/td><td class=\"column-3\">Biblioth\u00e8que Lavaltrie<\/td>\n<\/tr>\n<tr class=\"row-5\">\n\t<td class=\"column-1\">2003<\/td><td class=\"column-2\">Trio, F\u00e9minin-Pluriel<\/td><td class=\"column-3\">Galerie Bor\u00e9art, Granby<\/td>\n<\/tr>\n<tr class=\"row-6\">\n\t<td class=\"column-1\">2003<\/td><td class=\"column-2\">Trio, F\u00e9minin-Pluriel<\/td><td class=\"column-3\">H\u00f4tel de ville, Brossard<\/td>\n<\/tr>\n<tr class=\"row-7\">\n\t<td class=\"column-1\">2014<\/td><td class=\"column-2\">Groupe<\/td><td class=\"column-3\">Mus\u00e9e Bardo, Tunisie<\/td>\n<\/tr>\n<tr class=\"row-8\">\n\t<td class=\"column-1\">2014<\/td><td class=\"column-2\">Groupe<\/td><td class=\"column-3\">H\u00f4tel Gouverneur, Montr\u00e9al<\/td>\n<\/tr>\n<tr class=\"row-9\">\n\t<td class=\"column-1\">2017-2026<\/td><td class=\"column-2\">Symposium des Arts visuels<\/td><td class=\"column-3\">Louiseville<\/td>\n<\/tr>\n<tr class=\"row-10\">\n\t<td class=\"column-1\">2007-2012 ,2020-2024<\/td><td class=\"column-2\">D\u00e9couv'Art<\/td><td class=\"column-3\">Cap-Rouge<\/td>\n<\/tr>\n<tr class=\"row-11\">\n\t<td class=\"column-1\">2019<\/td><td class=\"column-2\">Rendez-vous des Peintres<\/td><td class=\"column-3\">Sainte-Flore<\/td>\n<\/tr>\n<tr class=\"row-12\">\n\t<td class=\"column-1\">2018-2021<\/td><td class=\"column-2\">Symposium des Arts du Haut-Richelieu<\/td><td class=\"column-3\">Saint-Jean-sur-Richelieu<\/td>\n<\/tr>\n<tr class=\"row-13\">\n\t<td class=\"column-1\">2018<\/td><td class=\"column-2\">Artistes en F\u00e8te<\/td><td class=\"column-3\">Sainte FLavie<\/td>\n<\/tr>\n<tr class=\"row-14\">\n\t<td class=\"column-1\">2017-2022<\/td><td class=\"column-2\">Symposium de peinture de Kamouraska<\/td><td class=\"column-3\">Kamouraska<\/td>\n<\/tr>\n<tr class=\"row-15\">\n\t<td class=\"column-1\">2017-2024<\/td><td class=\"column-2\">Villages en Couleurs<\/td><td class=\"column-3\">Anse-Saint-Jean<\/td>\n<\/tr>\n<tr class=\"row-16\">\n\t<td class=\"column-1\">2010-2011<\/td><td class=\"column-2\">Artistes de la Rue<\/td><td class=\"column-3\">Alma<\/td>\n<\/tr>\n<tr class=\"row-17\">\n\t<td class=\"column-1\">2009-2025<\/td><td class=\"column-2\">Bromont en Arts<\/td><td class=\"column-3\">Bromont<\/td>\n<\/tr>\n<tr class=\"row-18\">\n\t<td class=\"column-1\">2007-2008. 2016<\/td><td class=\"column-2\">Couleurs Urbaines<\/td><td class=\"column-3\">Granby<\/td>\n<\/tr>\n<tr class=\"row-19\">\n\t<td class=\"column-1\">2007-2008<\/td><td class=\"column-2\">L'International de Trois-Rivi\u00e8res<\/td><td class=\"column-3\">Jardin des Ursulines<\/td>\n<\/tr>\n<\/tbody>\n<\/table>\n\n<h2>Galeries<\/h2>\n\n<table id=\"tablepress-4\" class=\"tablepress tablepress-id-4\">\n<thead>\n<tr class=\"row-1\">\n\t<th class=\"column-1\">Ann\u00e9e<\/th><th class=\"column-2\">Nom de la galerie<\/th><th class=\"column-3\">Endroit<\/th>\n<\/tr>\n<\/thead>\n<tbody class=\"row-striping\">\n<tr class=\"row-2\">\n\t<td class=\"column-1\">2012-2021<\/td><td class=\"column-2\">Galerie Arto<\/td><td class=\"column-3\">Saint-Jean-sur-Richelieu<\/td>\n<\/tr>\n<tr class=\"row-3\">\n\t<td class=\"column-1\">2015-2018<\/td><td class=\"column-2\">Galerie Dosha<\/td><td class=\"column-3\">Boucherville<\/td>\n<\/tr>\n<tr class=\"row-4\">\n\t<td class=\"column-1\">2012<\/td><td class=\"column-2\">Galerie Corrid'Art<\/td><td class=\"column-3\">Montr\u00e9al<\/td>\n<\/tr>\n<tr class=\"row-5\">\n\t<td class=\"column-1\">2013-2015<\/td><td class=\"column-2\">Galerie Hang Art<\/td><td class=\"column-3\">Jonqui\u00e8re<\/td>\n<\/tr>\n<tr class=\"row-6\">\n\t<td class=\"column-1\">2011<\/td><td class=\"column-2\">Galerie MX<\/td><td class=\"column-3\">Montr\u00e9al<\/td>\n<\/tr>\n<tr class=\"row-7\">\n\t<td class=\"column-1\">2010<\/td><td class=\"column-2\">Galerie Arte-Bella<\/td><td class=\"column-3\">Montr\u00e9al<\/td>\n<\/tr>\n<tr class=\"row-8\">\n\t<td class=\"column-1\">2002-2003<\/td><td class=\"column-2\">Galerie Soleil<\/td><td class=\"column-3\">Montr\u00e9al<\/td>\n<\/tr>\n<tr class=\"row-9\">\n\t<td class=\"column-1\">2002-2010<\/td><td class=\"column-2\">Galerie Farfelu<\/td><td class=\"column-3\">Sutton<\/td>\n<\/tr>\n<tr class=\"row-10\">\n\t<td class=\"column-1\">2001<\/td><td class=\"column-2\">Galerie Fr\u00e9d\u00e9rick Amdstem<\/td><td class=\"column-3\">Stansted<\/td>\n<\/tr>\n<tr class=\"row-11\">\n\t<td class=\"column-1\">1987-1988<\/td><td class=\"column-2\">Galerie Pr\u00e9lude<\/td><td class=\"column-3\">Montr\u00e9al<\/td>\n<\/tr>\n<\/tbody>\n<\/table>\n\n<h2>Reconnaissances<\/h2>\n\n<table id=\"tablepress-5\" class=\"tablepress tablepress-id-5\">\n<thead>\n<tr class=\"row-1\">\n\t<th class=\"column-1\">Ann\u00e9e<\/th><th class=\"column-2\">Nom<\/th><th class=\"column-3\">Endroit de remise<\/th>\n<\/tr>\n<\/thead>\n<tbody class=\"row-striping\">\n<tr class=\"row-2\">\n\t<td class=\"column-1\">2005<\/td><td class=\"column-2\">Prix du public, Art contemporain<\/td><td class=\"column-3\">L'Outaouais en peinture, Mont\u00e9bello<\/td>\n<\/tr>\n<tr class=\"row-3\">\n\t<td class=\"column-1\">2003<\/td><td class=\"column-2\">M\u00e9daille d\u2019argent, Prix du public<\/td><td class=\"column-3\">Centre d'Art, La maison sous les arbres<\/td>\n<\/tr>\n<tr class=\"row-4\">\n\t<td class=\"column-1\">1996<\/td><td class=\"column-2\">Mention d\u2019honneur, \u0153uvre\u00ab Le Sculpteur\u00bb<\/td><td class=\"column-3\">Gala Internationnal des  Arts Visuels du CAPSQ<\/td>\n<\/tr>\n<\/tbody>\n<\/table>\n\n<h2>Collections<\/h2>\n\n<table id=\"tablepress-6\" class=\"tablepress tablepress-id-6\">\n<thead>\n<tr class=\"row-1\">\n\t<th class=\"column-1\">Ann\u00e9e<\/th><th class=\"column-2\">Titre<\/th><th class=\"column-3\">Ville<\/th>\n<\/tr>\n<\/thead>\n<tbody class=\"row-striping\">\n<tr class=\"row-2\">\n\t<td class=\"column-1\">2011<\/td><td class=\"column-2\">\u2018Lumi\u00e8re du Jour\u2019<\/td><td class=\"column-3\">Municipalit\u00e9 St-Basile-Le-Grand<\/td>\n<\/tr>\n<tr class=\"row-3\">\n\t<td class=\"column-1\">2010<\/td><td class=\"column-2\">Oriana<\/td><td class=\"column-3\">MR Dave Turcotte, d\u00e9put\u00e9 Assembl\u00e9e Nationale<\/td>\n<\/tr>\n<tr class=\"row-4\">\n\t<td class=\"column-1\">2008<\/td><td class=\"column-2\">Le Lien et F\u00e9line<\/td><td class=\"column-3\">Caisse Desjardins<\/td>\n<\/tr>\n<tr class=\"row-5\">\n\t<td class=\"column-1\">2002<\/td><td class=\"column-2\">la Le\u00e7on<\/td><td class=\"column-3\">Municipalit\u00e9 St-Basile-Le-Grand<\/td>\n<\/tr>\n<\/tbody>\n<\/table>\n\n<h2>M\u00e9dias<\/h2>\n\n<table id=\"tablepress-7\" class=\"tablepress tablepress-id-7\">\n<thead>\n<tr class=\"row-1\">\n\t<th class=\"column-1\">Ann\u00e9e<\/th><th class=\"column-2\">Titre<\/th><th class=\"column-3\">Auteur<\/th><th class=\"column-4\">Source<\/th>\n<\/tr>\n<\/thead>\n<tbody class=\"row-striping\">\n<tr class=\"row-2\">\n\t<td class=\"column-1\">2016,2015,2018<\/td><td class=\"column-2\">Revue<\/td><td class=\"column-3\">Magazin'Art<\/td><td class=\"column-4\"><\/td>\n<\/tr>\n<tr class=\"row-3\">\n\t<td class=\"column-1\">2005-2010<\/td><td class=\"column-2\">Guide de Roussan<\/td><td class=\"column-3\"><\/td><td class=\"column-4\"><\/td>\n<\/tr>\n<tr class=\"row-4\">\n\t<td class=\"column-1\">2010<\/td><td class=\"column-2\">Bi\u00e9nale<\/td><td class=\"column-3\">Guide Magazin'Art<\/td><td class=\"column-4\"><\/td>\n<\/tr>\n<tr class=\"row-5\">\n\t<td class=\"column-1\">1996<\/td><td class=\"column-2\">Livre<\/td><td class=\"column-3\">Le Pleuralisme dans l\u2019art du Qu\u00e9bec de Guy Robert<\/td><td class=\"column-4\">\u00e9dition Iconia<\/td>\n<\/tr>\n<tr class=\"row-6\">\n\t<td class=\"column-1\">2010<\/td><td class=\"column-2\">Guide de Roussan<\/td><td class=\"column-3\"><\/td><td class=\"column-4\"><\/td>\n<\/tr>\n<tr class=\"row-7\">\n\t<td class=\"column-1\">2005-2000<\/td><td class=\"column-2\">Agenda Plumes et Pinceaux<\/td><td class=\"column-3\">Anne Gayder<\/td><td class=\"column-4\">Zieudor \u00c9ditions<\/td>\n<\/tr>\n<tr class=\"row-8\">\n\t<td class=\"column-1\"><\/td><td class=\"column-2\">Revue L'\u00c9chapp\u00e9e Belle<\/td><td class=\"column-3\">Mont\u00e9r\u00e9gie<\/td><td class=\"column-4\"><\/td>\n<\/tr>\n<\/tbody>\n<\/table>\n\n","protected":false},"excerpt":{"rendered":"<p>&nbsp; &nbsp; &nbsp; &nbsp; &nbsp; &nbsp; &nbsp; &nbsp; &nbsp; &nbsp; &nbsp; &nbsp; &nbsp; &nbsp; &nbsp; D\u00e9marche La peinture, moyen d\u2019expression, de communication, la possibilit\u00e9 d\u2019exprimer la joie, la tendresse, la complicit\u00e9 l\u2019amour, et ceci par une image. Tant de sentiments sont transmis par le geste, par la posture d\u2019un corps, par le regard. Gr\u00e2ce \u00e0 &#8230; <\/p>\n<p class=\"read-more-container\"><a title=\"Suzanne Molleur\" class=\"read-more button\" href=\"https:\/\/aapars.com\/suzanne-molleur\/#more-30\" aria-label=\"En savoir plus sur Suzanne Molleur\">Lire plus<\/a><\/p>\n","protected":false},"author":4495,"featured_media":0,"parent":0,"menu_order":0,"comment_status":"closed","ping_status":"closed","template":"","meta":{"_s2mail":"yes","ngg_post_thumbnail":0,"iawp_total_views":30,"footnotes":""},"class_list":["post-30","page","type-page","status-publish"],"yoast_head":"<!-- This site is optimized with the Yoast SEO plugin v27.3 - https:\/\/yoast.com\/product\/yoast-seo-wordpress\/ -->\n<title>Suzanne Molleur | Un site de la galerie virtuelle de l&#039;AAPARS<\/title>\n<meta name=\"description\" content=\"&nbsp; &nbsp; &nbsp; &nbsp; &nbsp; &nbsp; &nbsp; &nbsp; &nbsp; &nbsp; &nbsp; &nbsp; &nbsp; &nbsp; &nbsp; D\u00e9marche La peinture, moyen d\u2019expression, de\" \/>\n<meta name=\"robots\" content=\"index, follow, max-snippet:-1, max-image-preview:large, max-video-preview:-1\" \/>\n<link rel=\"canonical\" href=\"https:\/\/aapars.com\/suzanne-molleur\/\" \/>\n<meta property=\"og:locale\" content=\"fr_FR\" \/>\n<meta property=\"og:type\" content=\"article\" \/>\n<meta property=\"og:title\" content=\"Suzanne Molleur | Un site de la galerie virtuelle de l&#039;AAPARS\" \/>\n<meta property=\"og:description\" content=\"&nbsp; &nbsp; &nbsp; &nbsp; &nbsp; &nbsp; &nbsp; &nbsp; &nbsp; &nbsp; &nbsp; &nbsp; &nbsp; &nbsp; &nbsp; D\u00e9marche La peinture, moyen d\u2019expression, de\" \/>\n<meta property=\"og:url\" content=\"https:\/\/aapars.com\/suzanne-molleur\/\" \/>\n<meta property=\"og:site_name\" content=\"Suzanne Molleur\" \/>\n<meta property=\"article:modified_time\" content=\"2026-03-18T17:08:44+00:00\" \/>\n<meta property=\"og:image\" content=\"https:\/\/aapars.com\/suzanne-molleur\/wp-content\/blogs.dir\/340\/files\/2026\/02\/1000002139.jpg\" \/>\n\t<meta property=\"og:image:width\" content=\"1433\" \/>\n\t<meta property=\"og:image:height\" content=\"2048\" \/>\n\t<meta property=\"og:image:type\" content=\"image\/jpeg\" \/>\n<meta name=\"twitter:label1\" content=\"Dur\u00e9e de lecture estim\u00e9e\" \/>\n\t<meta name=\"twitter:data1\" content=\"2 minutes\" \/>\n<script type=\"application\/ld+json\" class=\"yoast-schema-graph\">{\"@context\":\"https:\\\/\\\/schema.org\",\"@graph\":[{\"@type\":\"WebPage\",\"@id\":\"https:\\\/\\\/aapars.com\\\/suzanne-molleur\\\/\",\"url\":\"https:\\\/\\\/aapars.com\\\/suzanne-molleur\\\/\",\"name\":\"Suzanne Molleur | Un site de la galerie virtuelle de l&#039;AAPARS\",\"isPartOf\":{\"@id\":\"https:\\\/\\\/aapars.com\\\/suzanne-molleur\\\/#website\"},\"primaryImageOfPage\":{\"@id\":\"https:\\\/\\\/aapars.com\\\/suzanne-molleur\\\/#primaryimage\"},\"image\":{\"@id\":\"https:\\\/\\\/aapars.com\\\/suzanne-molleur\\\/#primaryimage\"},\"thumbnailUrl\":\"https:\\\/\\\/aapars.com\\\/suzanne-molleur\\\/wp-content\\\/blogs.dir\\\/340\\\/files\\\/2026\\\/02\\\/1000002139-210x300.jpg\",\"datePublished\":\"2010-10-03T05:11:36+00:00\",\"dateModified\":\"2026-03-18T17:08:44+00:00\",\"description\":\"&nbsp; &nbsp; &nbsp; &nbsp; &nbsp; &nbsp; &nbsp; &nbsp; &nbsp; &nbsp; &nbsp; &nbsp; &nbsp; &nbsp; &nbsp; D\u00e9marche La peinture, moyen d\u2019expression, de\",\"breadcrumb\":{\"@id\":\"https:\\\/\\\/aapars.com\\\/suzanne-molleur\\\/#breadcrumb\"},\"inLanguage\":\"fr-FR\",\"potentialAction\":[{\"@type\":\"ReadAction\",\"target\":[\"https:\\\/\\\/aapars.com\\\/suzanne-molleur\\\/\"]}]},{\"@type\":\"ImageObject\",\"inLanguage\":\"fr-FR\",\"@id\":\"https:\\\/\\\/aapars.com\\\/suzanne-molleur\\\/#primaryimage\",\"url\":\"https:\\\/\\\/aapars.com\\\/suzanne-molleur\\\/wp-content\\\/blogs.dir\\\/340\\\/files\\\/2026\\\/02\\\/1000002139.jpg\",\"contentUrl\":\"https:\\\/\\\/aapars.com\\\/suzanne-molleur\\\/wp-content\\\/blogs.dir\\\/340\\\/files\\\/2026\\\/02\\\/1000002139.jpg\",\"width\":1433,\"height\":2048},{\"@type\":\"BreadcrumbList\",\"@id\":\"https:\\\/\\\/aapars.com\\\/suzanne-molleur\\\/#breadcrumb\",\"itemListElement\":[{\"@type\":\"ListItem\",\"position\":1,\"name\":\"Accueil\",\"item\":\"https:\\\/\\\/aapars.com\\\/suzanne-molleur\\\/\"},{\"@type\":\"ListItem\",\"position\":2,\"name\":\"Suzanne Molleur\"}]},{\"@type\":\"WebSite\",\"@id\":\"https:\\\/\\\/aapars.com\\\/suzanne-molleur\\\/#website\",\"url\":\"https:\\\/\\\/aapars.com\\\/suzanne-molleur\\\/\",\"name\":\"Suzanne Molleur\",\"description\":\"Un site de la galerie virtuelle de l&#039;AAPARS\",\"publisher\":{\"@id\":\"https:\\\/\\\/aapars.com\\\/suzanne-molleur\\\/#\\\/schema\\\/person\\\/67e727643cc38d6d0d58bde5c504a2f5\"},\"potentialAction\":[{\"@type\":\"SearchAction\",\"target\":{\"@type\":\"EntryPoint\",\"urlTemplate\":\"https:\\\/\\\/aapars.com\\\/suzanne-molleur\\\/?s={search_term_string}\"},\"query-input\":{\"@type\":\"PropertyValueSpecification\",\"valueRequired\":true,\"valueName\":\"search_term_string\"}}],\"inLanguage\":\"fr-FR\"},{\"@type\":[\"Person\",\"Organization\"],\"@id\":\"https:\\\/\\\/aapars.com\\\/suzanne-molleur\\\/#\\\/schema\\\/person\\\/67e727643cc38d6d0d58bde5c504a2f5\",\"name\":\"Jean Test\",\"image\":{\"@type\":\"ImageObject\",\"inLanguage\":\"fr-FR\",\"@id\":\"https:\\\/\\\/aapars.com\\\/suzanne-molleur\\\/wp-content\\\/blogs.dir\\\/340\\\/files\\\/2026\\\/02\\\/logo-aapars-@2x.png\",\"url\":\"https:\\\/\\\/aapars.com\\\/suzanne-molleur\\\/wp-content\\\/blogs.dir\\\/340\\\/files\\\/2026\\\/02\\\/logo-aapars-@2x.png\",\"contentUrl\":\"https:\\\/\\\/aapars.com\\\/suzanne-molleur\\\/wp-content\\\/blogs.dir\\\/340\\\/files\\\/2026\\\/02\\\/logo-aapars-@2x.png\",\"width\":560,\"height\":306,\"caption\":\"Jean Test\"},\"logo\":{\"@id\":\"https:\\\/\\\/aapars.com\\\/suzanne-molleur\\\/wp-content\\\/blogs.dir\\\/340\\\/files\\\/2026\\\/02\\\/logo-aapars-@2x.png\"}}]}<\/script>\n<!-- \/ Yoast SEO plugin. -->","yoast_head_json":{"title":"Suzanne Molleur | Un site de la galerie virtuelle de l&#039;AAPARS","description":"&nbsp; &nbsp; &nbsp; &nbsp; &nbsp; &nbsp; &nbsp; &nbsp; &nbsp; &nbsp; &nbsp; &nbsp; &nbsp; &nbsp; &nbsp; D\u00e9marche La peinture, moyen d\u2019expression, de","robots":{"index":"index","follow":"follow","max-snippet":"max-snippet:-1","max-image-preview":"max-image-preview:large","max-video-preview":"max-video-preview:-1"},"canonical":"https:\/\/aapars.com\/suzanne-molleur\/","og_locale":"fr_FR","og_type":"article","og_title":"Suzanne Molleur | Un site de la galerie virtuelle de l&#039;AAPARS","og_description":"&nbsp; &nbsp; &nbsp; &nbsp; &nbsp; &nbsp; &nbsp; &nbsp; &nbsp; &nbsp; &nbsp; &nbsp; &nbsp; &nbsp; &nbsp; D\u00e9marche La peinture, moyen d\u2019expression, de","og_url":"https:\/\/aapars.com\/suzanne-molleur\/","og_site_name":"Suzanne Molleur","article_modified_time":"2026-03-18T17:08:44+00:00","og_image":[{"width":1433,"height":2048,"url":"https:\/\/aapars.com\/suzanne-molleur\/wp-content\/blogs.dir\/340\/files\/2026\/02\/1000002139.jpg","type":"image\/jpeg"}],"twitter_misc":{"Dur\u00e9e de lecture estim\u00e9e":"2 minutes"},"schema":{"@context":"https:\/\/schema.org","@graph":[{"@type":"WebPage","@id":"https:\/\/aapars.com\/suzanne-molleur\/","url":"https:\/\/aapars.com\/suzanne-molleur\/","name":"Suzanne Molleur | Un site de la galerie virtuelle de l&#039;AAPARS","isPartOf":{"@id":"https:\/\/aapars.com\/suzanne-molleur\/#website"},"primaryImageOfPage":{"@id":"https:\/\/aapars.com\/suzanne-molleur\/#primaryimage"},"image":{"@id":"https:\/\/aapars.com\/suzanne-molleur\/#primaryimage"},"thumbnailUrl":"https:\/\/aapars.com\/suzanne-molleur\/wp-content\/blogs.dir\/340\/files\/2026\/02\/1000002139-210x300.jpg","datePublished":"2010-10-03T05:11:36+00:00","dateModified":"2026-03-18T17:08:44+00:00","description":"&nbsp; &nbsp; &nbsp; &nbsp; &nbsp; &nbsp; &nbsp; &nbsp; &nbsp; &nbsp; &nbsp; &nbsp; &nbsp; &nbsp; &nbsp; D\u00e9marche La peinture, moyen d\u2019expression, de","breadcrumb":{"@id":"https:\/\/aapars.com\/suzanne-molleur\/#breadcrumb"},"inLanguage":"fr-FR","potentialAction":[{"@type":"ReadAction","target":["https:\/\/aapars.com\/suzanne-molleur\/"]}]},{"@type":"ImageObject","inLanguage":"fr-FR","@id":"https:\/\/aapars.com\/suzanne-molleur\/#primaryimage","url":"https:\/\/aapars.com\/suzanne-molleur\/wp-content\/blogs.dir\/340\/files\/2026\/02\/1000002139.jpg","contentUrl":"https:\/\/aapars.com\/suzanne-molleur\/wp-content\/blogs.dir\/340\/files\/2026\/02\/1000002139.jpg","width":1433,"height":2048},{"@type":"BreadcrumbList","@id":"https:\/\/aapars.com\/suzanne-molleur\/#breadcrumb","itemListElement":[{"@type":"ListItem","position":1,"name":"Accueil","item":"https:\/\/aapars.com\/suzanne-molleur\/"},{"@type":"ListItem","position":2,"name":"Suzanne Molleur"}]},{"@type":"WebSite","@id":"https:\/\/aapars.com\/suzanne-molleur\/#website","url":"https:\/\/aapars.com\/suzanne-molleur\/","name":"Suzanne Molleur","description":"Un site de la galerie virtuelle de l&#039;AAPARS","publisher":{"@id":"https:\/\/aapars.com\/suzanne-molleur\/#\/schema\/person\/67e727643cc38d6d0d58bde5c504a2f5"},"potentialAction":[{"@type":"SearchAction","target":{"@type":"EntryPoint","urlTemplate":"https:\/\/aapars.com\/suzanne-molleur\/?s={search_term_string}"},"query-input":{"@type":"PropertyValueSpecification","valueRequired":true,"valueName":"search_term_string"}}],"inLanguage":"fr-FR"},{"@type":["Person","Organization"],"@id":"https:\/\/aapars.com\/suzanne-molleur\/#\/schema\/person\/67e727643cc38d6d0d58bde5c504a2f5","name":"Jean Test","image":{"@type":"ImageObject","inLanguage":"fr-FR","@id":"https:\/\/aapars.com\/suzanne-molleur\/wp-content\/blogs.dir\/340\/files\/2026\/02\/logo-aapars-@2x.png","url":"https:\/\/aapars.com\/suzanne-molleur\/wp-content\/blogs.dir\/340\/files\/2026\/02\/logo-aapars-@2x.png","contentUrl":"https:\/\/aapars.com\/suzanne-molleur\/wp-content\/blogs.dir\/340\/files\/2026\/02\/logo-aapars-@2x.png","width":560,"height":306,"caption":"Jean Test"},"logo":{"@id":"https:\/\/aapars.com\/suzanne-molleur\/wp-content\/blogs.dir\/340\/files\/2026\/02\/logo-aapars-@2x.png"}}]}},"_links":{"self":[{"href":"https:\/\/aapars.com\/suzanne-molleur\/wp-json\/wp\/v2\/pages\/30","targetHints":{"allow":["GET"]}}],"collection":[{"href":"https:\/\/aapars.com\/suzanne-molleur\/wp-json\/wp\/v2\/pages"}],"about":[{"href":"https:\/\/aapars.com\/suzanne-molleur\/wp-json\/wp\/v2\/types\/page"}],"author":[{"embeddable":true,"href":"https:\/\/aapars.com\/suzanne-molleur\/wp-json\/wp\/v2\/users\/4495"}],"replies":[{"embeddable":true,"href":"https:\/\/aapars.com\/suzanne-molleur\/wp-json\/wp\/v2\/comments?post=30"}],"version-history":[{"count":11,"href":"https:\/\/aapars.com\/suzanne-molleur\/wp-json\/wp\/v2\/pages\/30\/revisions"}],"predecessor-version":[{"id":476,"href":"https:\/\/aapars.com\/suzanne-molleur\/wp-json\/wp\/v2\/pages\/30\/revisions\/476"}],"wp:attachment":[{"href":"https:\/\/aapars.com\/suzanne-molleur\/wp-json\/wp\/v2\/media?parent=30"}],"curies":[{"name":"wp","href":"https:\/\/api.w.org\/{rel}","templated":true}]}}