{"id":2,"date":"2010-10-03T05:11:36","date_gmt":"2010-10-03T09:11:36","guid":{"rendered":"https:\/\/aapars.com\/jacques-landry\/?page_id=2"},"modified":"2024-03-25T13:49:11","modified_gmt":"2024-03-25T17:49:11","slug":"accueil","status":"publish","type":"page","link":"https:\/\/aapars.com\/suzanne-ferland\/","title":{"rendered":"Suzanne Ferland"},"content":{"rendered":"<p>&nbsp;<\/p>\n<figure id=\"attachment_324\" aria-describedby=\"caption-attachment-324\" style=\"width: 338px\" class=\"wp-caption alignnone\"><img loading=\"lazy\" decoding=\"async\" class=\" wp-image-324\" src=\"https:\/\/aapars.com\/suzanne-ferland\/files\/2022\/11\/IMG_1804-535x528.jpg\" alt=\"\" width=\"348\" height=\"363\"\/><figcaption id=\"caption-attachment-324\" class=\"wp-caption-text\">Suzanne Ferland Pastelliste<\/figcaption><\/figure>\n\n<table id=\"tablepress-1\" class=\"tablepress tablepress-id-1\">\n<tbody class=\"row-striping\">\n<tr class=\"row-1\">\n\t<td class=\"column-1\">Technique :<\/td><td class=\"column-2\">Pastel sec<\/td>\n<\/tr>\n<tr class=\"row-2\">\n\t<td class=\"column-1\">Affiliations professionelles :<\/td><td class=\"column-2\">PSEC Soci\u00e9t\u00e9 de pastel de l'Est du Canada<br \/>\nPAC Pastel Artists.Ca<br \/>\nAAPARS Association des artistes peintres de la Rive-Sud<br \/>\nRAVIR Regroupement des artistes vivant en ruralit\u00e9<\/td>\n<\/tr>\n<tr class=\"row-3\">\n\t<td class=\"column-1\">T\u00e9l\u00e9phone :<\/td><td class=\"column-2\">514 572-4553<\/td>\n<\/tr>\n<tr class=\"row-4\">\n\t<td class=\"column-1\">Courriel :<\/td><td class=\"column-2\">ferland.s@hotmail.com<\/td>\n<\/tr>\n<tr class=\"row-5\">\n\t<td class=\"column-1\">Site Internet :<\/td><td class=\"column-2\"><a href=\"https:\/\/facebook.com\/Suzanne-Ferland-Pastelliste-101023098094830\">facebook.com\/Suzanne-Ferland-Pastelliste<\/a><\/td>\n<\/tr>\n<\/tbody>\n<\/table>\n\n<h2>D\u00e9marche<\/h2>\n<p>Tout au long de ma carri\u00e8re, dans le monde de l\u2019\u00e9ducation, et avant dans celui de la danse, j\u2019ai maintes fois eu \u00e0 imaginer, cr\u00e9er, inventer et jouer. L\u2019art a toujours fait partie de ma vie. Au fil du temps, l\u2019art visuel s\u2019est int\u00e9gr\u00e9 activement dans mon quotidien \u00e0 travers diff\u00e9rents m\u00e9diums. Avec le temps, le crayon et le pinceau ont laiss\u00e9 place au pastel sec qui a capt\u00e9 toute mon attention. Cours, ateliers, stages, explorations et recherches personnelles ont contribu\u00e9 \u00e0 d\u00e9velopper la passion qui m\u2019habite maintenant pour ce m\u00e9dium que j\u2019adore.<\/p>\n<p>Mes tableaux sont inspir\u00e9s de la nature qui m\u2019entoure. Ils sont tant\u00f4t r\u00e9alistes, tant\u00f4t impressionnistes, toujours empreints de ma sensibilit\u00e9. C\u2019est particuli\u00e8rement l\u2019atmosph\u00e8re qui se d\u00e9gage du paysage qui m\u2019attire et que je cherche \u00e0 transmettre. Les arbres, imparfaits, solitaires, touffus ou d\u00e9nud\u00e9s, les ombres dansantes, la neige bleut\u00e9e et la chaleur des ocres en automne, les merveilleux verts printaniers et le vent dans les champs, l\u2019eau et le ciel, deviennent les vedettes que je mets en sc\u00e8ne!<br \/>\nJe tente, au fur et \u00e0 mesure de ma cr\u00e9ation, de rendre sur papier toute l\u2019\u00e9motion ressentie, l\u2019ambiance du moment, la lumi\u00e8re toujours fascinante.<\/p>\n<p>Je me sens privil\u00e9gi\u00e9e de pouvoir partager ma passion avec les gens rencontr\u00e9s lors de diff\u00e9rents \u00e9v\u00e9nements. Je participe \u00e0 des expositions organis\u00e9es par les associations dont je suis membre soit physiquement ou virtuellement et \u00e0 quelques symposiums au Qu\u00e9bec.<\/p>\n<h2>Formation<\/h2>\n\n<table id=\"tablepress-2\" class=\"tablepress tablepress-id-2\">\n<thead>\n<tr class=\"row-1\">\n\t<th class=\"column-1\">1992<\/th><th class=\"column-2\">Centre culturel de Cartierville<br \/>\n<\/th><th class=\"column-3\">Cours de peinture \u00e0 l'huile<\/th>\n<\/tr>\n<\/thead>\n<tbody class=\"row-striping\">\n<tr class=\"row-2\">\n\t<td class=\"column-1\">1993-1996<\/td><td class=\"column-2\">Centre culturel de Cariterville<br \/>\nJohanna Nash<\/td><td class=\"column-3\">Cours de dessin et de mod\u00e8le vivant<\/td>\n<\/tr>\n<tr class=\"row-3\">\n\t<td class=\"column-1\">1996-1998<\/td><td class=\"column-2\">Centre culturel de Cartierville<br \/>\nSuzanne Marinier<\/td><td class=\"column-3\">Cours d'aquarelle<\/td>\n<\/tr>\n<tr class=\"row-4\">\n\t<td class=\"column-1\">2007-2012<\/td><td class=\"column-2\">Centre culturel de Cartierville<br \/>\nJohanne Pouliot<\/td><td class=\"column-3\">Cours de pastel sec<\/td>\n<\/tr>\n<tr class=\"row-5\">\n\t<td class=\"column-1\">2012-2014<\/td><td class=\"column-2\">Cours \u00e0 Sorel-Tracy<br \/>\nSuzanne Godbout Pastelliste<\/td><td class=\"column-3\">Cours de pastel sec<\/td>\n<\/tr>\n<tr class=\"row-6\">\n\t<td class=\"column-1\">2014-2019<\/td><td class=\"column-2\">Cours \u00e0 l'Atelier Galerie d'Art de Victoriaville<br \/>\nSuzanne Godbout<\/td><td class=\"column-3\">Cours de pastel sec<\/td>\n<\/tr>\n<tr class=\"row-7\">\n\t<td class=\"column-1\">2018<\/td><td class=\"column-2\">Stage avec Liz Haywood-Sullivan <br \/>\nMontr\u00e9al<\/td><td class=\"column-3\">Cours de pastel sec<\/td>\n<\/tr>\n<tr class=\"row-8\">\n\t<td class=\"column-1\">2019<\/td><td class=\"column-2\">Stage en Normandie<br \/>\nSuzanne Godbout <\/td><td class=\"column-3\">Cours de pastel sec et \u00e9changes avec des pastellistes fran\u00e7ais<\/td>\n<\/tr>\n<tr class=\"row-9\">\n\t<td class=\"column-1\">2020<\/td><td class=\"column-2\">Cours virtuel <br \/>\nGroupe Ignity<br \/>\nGail Sibley<\/td><td class=\"column-3\">Cours de pastel sec<\/td>\n<\/tr>\n<tr class=\"row-10\">\n\t<td class=\"column-1\">2021<\/td><td class=\"column-2\">Cours virtuel<br \/>\nblog de Jacob Aguilar<\/td><td class=\"column-3\">Cours de pastel sec<\/td>\n<\/tr>\n<\/tbody>\n<\/table>\n\n<h2>Expositions<\/h2>\n\n<table id=\"tablepress-3\" class=\"tablepress tablepress-id-3\">\n<thead>\n<tr class=\"row-1\">\n\t<th class=\"column-1\">1992-2012<\/th><th class=\"column-2\">Expositions collectives <\/th><th class=\"column-3\">Centre culturel de Cartierville<\/th>\n<\/tr>\n<\/thead>\n<tbody class=\"row-striping\">\n<tr class=\"row-2\">\n\t<td class=\"column-1\">2017<\/td><td class=\"column-2\">Exposition collective <\/td><td class=\"column-3\">Atelier Galerie d'art de Victoriaville<\/td>\n<\/tr>\n<tr class=\"row-3\">\n\t<td class=\"column-1\">2018  Juin-Septembre<\/td><td class=\"column-2\">Exposition collective <\/td><td class=\"column-3\">H\u00f4tel des Postes, Mus\u00e9e Laurier, Victoriaville<\/td>\n<\/tr>\n<tr class=\"row-4\">\n\t<td class=\"column-1\">2018 Septembre<\/td><td class=\"column-2\">Symposium des arts de Danville (artistes locaux)<\/td><td class=\"column-3\">Danville<\/td>\n<\/tr>\n<tr class=\"row-5\">\n\t<td class=\"column-1\">2018 Octobre<\/td><td class=\"column-2\">Exposition collective<\/td><td class=\"column-3\">Atelier Galerie d'art de Victoriaville<\/td>\n<\/tr>\n<tr class=\"row-6\">\n\t<td class=\"column-1\">2018 Octobre<\/td><td class=\"column-2\">Exposition collective PSEC<\/td><td class=\"column-3\">Montr\u00e9al<\/td>\n<\/tr>\n<tr class=\"row-7\">\n\t<td class=\"column-1\">2019 F\u00e9vrier et Mars<\/td><td class=\"column-2\">Exposition solo<\/td><td class=\"column-3\">H\u00f4pital de Val-des-Sources<\/td>\n<\/tr>\n<tr class=\"row-8\">\n\t<td class=\"column-1\">2019 Ao\u00fbt 31<\/td><td class=\"column-2\">Exposition ext\u00e9rieure<br \/>\nSymposium des arts de Danville<\/td><td class=\"column-3\">Danville<\/td>\n<\/tr>\n<tr class=\"row-9\">\n\t<td class=\"column-1\">2020 D\u00e9cembre et Janvier<\/td><td class=\"column-2\">Exposition solo<\/td><td class=\"column-3\">H\u00f4pital de Val-des-Sources<\/td>\n<\/tr>\n<tr class=\"row-10\">\n\t<td class=\"column-1\">2020 Novembre et D\u00e9cembre<\/td><td class=\"column-2\">Exposition virtuelle collective <br \/>\n<\/td><td class=\"column-3\">Mus\u00e9e des beaux-arts de St-Hilaire<\/td>\n<\/tr>\n<tr class=\"row-11\">\n\t<td class=\"column-1\">2021   15 F\u00e9vrier au 8 mars<\/td><td class=\"column-2\">Exposition collective<\/td><td class=\"column-3\">Mus\u00e9e des beaux-arts de St-Hilaire<\/td>\n<\/tr>\n<tr class=\"row-12\">\n\t<td class=\"column-1\">2021   3 au 6 Septembre<\/td><td class=\"column-2\">Symposium des arts de Danville <\/td><td class=\"column-3\">Danville<\/td>\n<\/tr>\n<tr class=\"row-13\">\n\t<td class=\"column-1\">2021   30-31 octobre<\/td><td class=\"column-2\">Week End Couleurs et Saveurs<\/td><td class=\"column-3\">Rosem\u00e8re<\/td>\n<\/tr>\n<tr class=\"row-14\">\n\t<td class=\"column-1\">2021   7 novembre au 23 janvier 2022<\/td><td class=\"column-2\">Exposition collective de RAVIR<\/td><td class=\"column-3\">Au P'tit Bonheur de St-Camille<\/td>\n<\/tr>\n<tr class=\"row-15\">\n\t<td class=\"column-1\">2022  17 au 25 juillet<\/td><td class=\"column-2\">Symposium du Kamouraska<\/td><td class=\"column-3\">Kamouraska pavillon St-Denis-de-la-Bouteillerie<\/td>\n<\/tr>\n<tr class=\"row-16\">\n\t<td class=\"column-1\">2022  2 au 5 septembre<\/td><td class=\"column-2\">Symposium des arts de Danville<\/td><td class=\"column-3\">Danville<\/td>\n<\/tr>\n<tr class=\"row-17\">\n\t<td class=\"column-1\">2022  2 au 15 septembre<\/td><td class=\"column-2\">Exposition collective <\/td><td class=\"column-3\">Atelier Galerie d'art de Victoriaville<\/td>\n<\/tr>\n<tr class=\"row-18\">\n\t<td class=\"column-1\">2022  1er au 31 d\u00e9cembre<\/td><td class=\"column-2\">Exposition en duo<\/td><td class=\"column-3\">Caf\u00e9 Farniente Victoriaville<\/td>\n<\/tr>\n<\/tbody>\n<\/table>\n\n<h2>Galeries<\/h2>\n\n<table id=\"tablepress-4\" class=\"tablepress tablepress-id-4\">\n<thead>\n<tr class=\"row-1\">\n\t<th class=\"column-1\">PSEC Soci\u00e9t\u00e9 de Pastel de l'Est du Canada<\/th><th class=\"column-2\">Galerie virtuelle<\/th>\n<\/tr>\n<\/thead>\n<tbody class=\"row-striping\">\n<tr class=\"row-2\">\n\t<td class=\"column-1\">PAC  Pastel Artist.Ca <\/td><td class=\"column-2\">Galerie virtuelle<\/td>\n<\/tr>\n<tr class=\"row-3\">\n\t<td class=\"column-1\">AAPARS  Association des artistes peintres de la Rive-Sud<\/td><td class=\"column-2\">Galerie virtuelle<\/td>\n<\/tr>\n<\/tbody>\n<\/table>\n\n<h2>M\u00e9dias<\/h2>\n\n<table id=\"tablepress-7\" class=\"tablepress tablepress-id-7\">\n<thead>\n<tr class=\"row-1\">\n\t<th class=\"column-1\">2021<\/th><th class=\"column-2\">La vie en couleurs pastel<\/th><th class=\"column-3\">Mireille Fr\u00e9geau<\/th><th class=\"column-4\">Actualit\u00e9s l'\u00c9tincelle<\/th>\n<\/tr>\n<\/thead>\n<tbody class=\"row-striping\">\n<\/tbody>\n<\/table>\n\n","protected":false},"excerpt":{"rendered":"<p>&nbsp; D\u00e9marche Tout au long de ma carri\u00e8re, dans le monde de l\u2019\u00e9ducation, et avant dans celui de la danse, j\u2019ai maintes fois eu \u00e0 imaginer, cr\u00e9er, inventer et jouer. L\u2019art a toujours fait partie de ma vie. Au fil du temps, l\u2019art visuel s\u2019est int\u00e9gr\u00e9 activement dans mon quotidien \u00e0 travers diff\u00e9rents m\u00e9diums. Avec &#8230; <\/p>\n<p class=\"read-more-container\"><a title=\"Suzanne Ferland\" class=\"read-more button\" href=\"https:\/\/aapars.com\/suzanne-ferland\/#more-2\" aria-label=\"En savoir plus sur Suzanne Ferland\">Lire plus<\/a><\/p>\n","protected":false},"author":3577,"featured_media":0,"parent":0,"menu_order":0,"comment_status":"closed","ping_status":"closed","template":"","meta":{"_s2mail":"yes","ngg_post_thumbnail":0,"iawp_total_views":185,"footnotes":""},"class_list":["post-2","page","type-page","status-publish"],"yoast_head":"<!-- This site is optimized with the Yoast SEO plugin v27.3 - https:\/\/yoast.com\/product\/yoast-seo-wordpress\/ -->\n<title>Suzanne Ferland | Un site de la galerie virtuelle de l&#039;AAPARS<\/title>\n<meta name=\"description\" content=\"&nbsp; D\u00e9marche Tout au long de ma carri\u00e8re, dans le monde de l\u2019\u00e9ducation, et avant dans celui de la danse, j\u2019ai maintes fois eu \u00e0 imaginer, cr\u00e9er,\" \/>\n<meta name=\"robots\" content=\"index, follow, max-snippet:-1, max-image-preview:large, max-video-preview:-1\" \/>\n<link rel=\"canonical\" href=\"https:\/\/aapars.com\/suzanne-ferland\/\" \/>\n<meta property=\"og:locale\" content=\"fr_FR\" \/>\n<meta property=\"og:type\" content=\"article\" \/>\n<meta property=\"og:title\" content=\"Suzanne Ferland | Un site de la galerie virtuelle de l&#039;AAPARS\" \/>\n<meta property=\"og:description\" content=\"&nbsp; D\u00e9marche Tout au long de ma carri\u00e8re, dans le monde de l\u2019\u00e9ducation, et avant dans celui de la danse, j\u2019ai maintes fois eu \u00e0 imaginer, cr\u00e9er,\" \/>\n<meta property=\"og:url\" content=\"https:\/\/aapars.com\/suzanne-ferland\/\" \/>\n<meta property=\"og:site_name\" content=\"Suzanne Ferland\" \/>\n<meta property=\"article:modified_time\" content=\"2024-03-25T17:49:11+00:00\" \/>\n<meta property=\"og:image\" content=\"https:\/\/aapars.com\/suzanne-ferland\/files\/2022\/11\/IMG_1804-535x528.jpg\" \/>\n<meta name=\"twitter:label1\" content=\"Dur\u00e9e de lecture estim\u00e9e\" \/>\n\t<meta name=\"twitter:data1\" content=\"2 minutes\" \/>\n<script type=\"application\/ld+json\" class=\"yoast-schema-graph\">{\"@context\":\"https:\\\/\\\/schema.org\",\"@graph\":[{\"@type\":\"WebPage\",\"@id\":\"https:\\\/\\\/aapars.com\\\/suzanne-ferland\\\/\",\"url\":\"https:\\\/\\\/aapars.com\\\/suzanne-ferland\\\/\",\"name\":\"Suzanne Ferland | Un site de la galerie virtuelle de l&#039;AAPARS\",\"isPartOf\":{\"@id\":\"https:\\\/\\\/aapars.com\\\/suzanne-ferland\\\/#website\"},\"primaryImageOfPage\":{\"@id\":\"https:\\\/\\\/aapars.com\\\/suzanne-ferland\\\/#primaryimage\"},\"image\":{\"@id\":\"https:\\\/\\\/aapars.com\\\/suzanne-ferland\\\/#primaryimage\"},\"thumbnailUrl\":\"https:\\\/\\\/aapars.com\\\/suzanne-ferland\\\/files\\\/2022\\\/11\\\/IMG_1804-535x528.jpg\",\"datePublished\":\"2010-10-03T09:11:36+00:00\",\"dateModified\":\"2024-03-25T17:49:11+00:00\",\"description\":\"&nbsp; D\u00e9marche Tout au long de ma carri\u00e8re, dans le monde de l\u2019\u00e9ducation, et avant dans celui de la danse, j\u2019ai maintes fois eu \u00e0 imaginer, cr\u00e9er,\",\"breadcrumb\":{\"@id\":\"https:\\\/\\\/aapars.com\\\/suzanne-ferland\\\/#breadcrumb\"},\"inLanguage\":\"fr-FR\",\"potentialAction\":[{\"@type\":\"ReadAction\",\"target\":[\"https:\\\/\\\/aapars.com\\\/suzanne-ferland\\\/\"]}]},{\"@type\":\"ImageObject\",\"inLanguage\":\"fr-FR\",\"@id\":\"https:\\\/\\\/aapars.com\\\/suzanne-ferland\\\/#primaryimage\",\"url\":\"https:\\\/\\\/aapars.com\\\/suzanne-ferland\\\/files\\\/2022\\\/11\\\/IMG_1804.jpg\",\"contentUrl\":\"https:\\\/\\\/aapars.com\\\/suzanne-ferland\\\/files\\\/2022\\\/11\\\/IMG_1804.jpg\",\"width\":2076,\"height\":2048,\"caption\":\"Suzanne Ferland Pastelliste\"},{\"@type\":\"BreadcrumbList\",\"@id\":\"https:\\\/\\\/aapars.com\\\/suzanne-ferland\\\/#breadcrumb\",\"itemListElement\":[{\"@type\":\"ListItem\",\"position\":1,\"name\":\"Accueil\",\"item\":\"https:\\\/\\\/aapars.com\\\/suzanne-ferland\\\/\"},{\"@type\":\"ListItem\",\"position\":2,\"name\":\"Suzanne Ferland\"}]},{\"@type\":\"WebSite\",\"@id\":\"https:\\\/\\\/aapars.com\\\/suzanne-ferland\\\/#website\",\"url\":\"https:\\\/\\\/aapars.com\\\/suzanne-ferland\\\/\",\"name\":\"Suzanne Ferland\",\"description\":\"Un site de la galerie virtuelle de l&#039;AAPARS\",\"publisher\":{\"@id\":\"https:\\\/\\\/aapars.com\\\/suzanne-ferland\\\/#\\\/schema\\\/person\\\/67e727643cc38d6d0d58bde5c504a2f5\"},\"potentialAction\":[{\"@type\":\"SearchAction\",\"target\":{\"@type\":\"EntryPoint\",\"urlTemplate\":\"https:\\\/\\\/aapars.com\\\/suzanne-ferland\\\/?s={search_term_string}\"},\"query-input\":{\"@type\":\"PropertyValueSpecification\",\"valueRequired\":true,\"valueName\":\"search_term_string\"}}],\"inLanguage\":\"fr-FR\"},{\"@type\":[\"Person\",\"Organization\"],\"@id\":\"https:\\\/\\\/aapars.com\\\/suzanne-ferland\\\/#\\\/schema\\\/person\\\/67e727643cc38d6d0d58bde5c504a2f5\",\"name\":\"Jean Test\",\"image\":{\"@type\":\"ImageObject\",\"inLanguage\":\"fr-FR\",\"@id\":\"https:\\\/\\\/aapars.com\\\/suzanne-ferland\\\/files\\\/2012\\\/04\\\/logo-aapars-@2x.png\",\"url\":\"https:\\\/\\\/aapars.com\\\/suzanne-ferland\\\/files\\\/2012\\\/04\\\/logo-aapars-@2x.png\",\"contentUrl\":\"https:\\\/\\\/aapars.com\\\/suzanne-ferland\\\/files\\\/2012\\\/04\\\/logo-aapars-@2x.png\",\"width\":560,\"height\":306,\"caption\":\"Jean Test\"},\"logo\":{\"@id\":\"https:\\\/\\\/aapars.com\\\/suzanne-ferland\\\/files\\\/2012\\\/04\\\/logo-aapars-@2x.png\"}}]}<\/script>\n<!-- \/ Yoast SEO plugin. -->","yoast_head_json":{"title":"Suzanne Ferland | Un site de la galerie virtuelle de l&#039;AAPARS","description":"&nbsp; D\u00e9marche Tout au long de ma carri\u00e8re, dans le monde de l\u2019\u00e9ducation, et avant dans celui de la danse, j\u2019ai maintes fois eu \u00e0 imaginer, cr\u00e9er,","robots":{"index":"index","follow":"follow","max-snippet":"max-snippet:-1","max-image-preview":"max-image-preview:large","max-video-preview":"max-video-preview:-1"},"canonical":"https:\/\/aapars.com\/suzanne-ferland\/","og_locale":"fr_FR","og_type":"article","og_title":"Suzanne Ferland | Un site de la galerie virtuelle de l&#039;AAPARS","og_description":"&nbsp; D\u00e9marche Tout au long de ma carri\u00e8re, dans le monde de l\u2019\u00e9ducation, et avant dans celui de la danse, j\u2019ai maintes fois eu \u00e0 imaginer, cr\u00e9er,","og_url":"https:\/\/aapars.com\/suzanne-ferland\/","og_site_name":"Suzanne Ferland","article_modified_time":"2024-03-25T17:49:11+00:00","og_image":[{"url":"https:\/\/aapars.com\/suzanne-ferland\/files\/2022\/11\/IMG_1804-535x528.jpg","type":"","width":"","height":""}],"twitter_misc":{"Dur\u00e9e de lecture estim\u00e9e":"2 minutes"},"schema":{"@context":"https:\/\/schema.org","@graph":[{"@type":"WebPage","@id":"https:\/\/aapars.com\/suzanne-ferland\/","url":"https:\/\/aapars.com\/suzanne-ferland\/","name":"Suzanne Ferland | Un site de la galerie virtuelle de l&#039;AAPARS","isPartOf":{"@id":"https:\/\/aapars.com\/suzanne-ferland\/#website"},"primaryImageOfPage":{"@id":"https:\/\/aapars.com\/suzanne-ferland\/#primaryimage"},"image":{"@id":"https:\/\/aapars.com\/suzanne-ferland\/#primaryimage"},"thumbnailUrl":"https:\/\/aapars.com\/suzanne-ferland\/files\/2022\/11\/IMG_1804-535x528.jpg","datePublished":"2010-10-03T09:11:36+00:00","dateModified":"2024-03-25T17:49:11+00:00","description":"&nbsp; D\u00e9marche Tout au long de ma carri\u00e8re, dans le monde de l\u2019\u00e9ducation, et avant dans celui de la danse, j\u2019ai maintes fois eu \u00e0 imaginer, cr\u00e9er,","breadcrumb":{"@id":"https:\/\/aapars.com\/suzanne-ferland\/#breadcrumb"},"inLanguage":"fr-FR","potentialAction":[{"@type":"ReadAction","target":["https:\/\/aapars.com\/suzanne-ferland\/"]}]},{"@type":"ImageObject","inLanguage":"fr-FR","@id":"https:\/\/aapars.com\/suzanne-ferland\/#primaryimage","url":"https:\/\/aapars.com\/suzanne-ferland\/files\/2022\/11\/IMG_1804.jpg","contentUrl":"https:\/\/aapars.com\/suzanne-ferland\/files\/2022\/11\/IMG_1804.jpg","width":2076,"height":2048,"caption":"Suzanne Ferland Pastelliste"},{"@type":"BreadcrumbList","@id":"https:\/\/aapars.com\/suzanne-ferland\/#breadcrumb","itemListElement":[{"@type":"ListItem","position":1,"name":"Accueil","item":"https:\/\/aapars.com\/suzanne-ferland\/"},{"@type":"ListItem","position":2,"name":"Suzanne Ferland"}]},{"@type":"WebSite","@id":"https:\/\/aapars.com\/suzanne-ferland\/#website","url":"https:\/\/aapars.com\/suzanne-ferland\/","name":"Suzanne Ferland","description":"Un site de la galerie virtuelle de l&#039;AAPARS","publisher":{"@id":"https:\/\/aapars.com\/suzanne-ferland\/#\/schema\/person\/67e727643cc38d6d0d58bde5c504a2f5"},"potentialAction":[{"@type":"SearchAction","target":{"@type":"EntryPoint","urlTemplate":"https:\/\/aapars.com\/suzanne-ferland\/?s={search_term_string}"},"query-input":{"@type":"PropertyValueSpecification","valueRequired":true,"valueName":"search_term_string"}}],"inLanguage":"fr-FR"},{"@type":["Person","Organization"],"@id":"https:\/\/aapars.com\/suzanne-ferland\/#\/schema\/person\/67e727643cc38d6d0d58bde5c504a2f5","name":"Jean Test","image":{"@type":"ImageObject","inLanguage":"fr-FR","@id":"https:\/\/aapars.com\/suzanne-ferland\/files\/2012\/04\/logo-aapars-@2x.png","url":"https:\/\/aapars.com\/suzanne-ferland\/files\/2012\/04\/logo-aapars-@2x.png","contentUrl":"https:\/\/aapars.com\/suzanne-ferland\/files\/2012\/04\/logo-aapars-@2x.png","width":560,"height":306,"caption":"Jean Test"},"logo":{"@id":"https:\/\/aapars.com\/suzanne-ferland\/files\/2012\/04\/logo-aapars-@2x.png"}}]}},"_links":{"self":[{"href":"https:\/\/aapars.com\/suzanne-ferland\/wp-json\/wp\/v2\/pages\/2","targetHints":{"allow":["GET"]}}],"collection":[{"href":"https:\/\/aapars.com\/suzanne-ferland\/wp-json\/wp\/v2\/pages"}],"about":[{"href":"https:\/\/aapars.com\/suzanne-ferland\/wp-json\/wp\/v2\/types\/page"}],"author":[{"embeddable":true,"href":"https:\/\/aapars.com\/suzanne-ferland\/wp-json\/wp\/v2\/users\/3577"}],"replies":[{"embeddable":true,"href":"https:\/\/aapars.com\/suzanne-ferland\/wp-json\/wp\/v2\/comments?post=2"}],"version-history":[{"count":2,"href":"https:\/\/aapars.com\/suzanne-ferland\/wp-json\/wp\/v2\/pages\/2\/revisions"}],"predecessor-version":[{"id":352,"href":"https:\/\/aapars.com\/suzanne-ferland\/wp-json\/wp\/v2\/pages\/2\/revisions\/352"}],"wp:attachment":[{"href":"https:\/\/aapars.com\/suzanne-ferland\/wp-json\/wp\/v2\/media?parent=2"}],"curies":[{"name":"wp","href":"https:\/\/api.w.org\/{rel}","templated":true}]}}