{"id":4,"date":"2010-10-03T14:04:32","date_gmt":"2010-10-03T18:04:32","guid":{"rendered":"https:\/\/aapars.com\/renee-ruel\/"},"modified":"2023-01-25T20:58:12","modified_gmt":"2023-01-26T01:58:12","slug":"portfolio","status":"publish","type":"page","link":"https:\/\/aapars.com\/renee-ruel\/portfolio\/","title":{"rendered":"Portfolio"},"content":{"rendered":"<h3>Nos for\u00eats<\/h3>\nngg_shortcode_0_placeholder\n<h3>Paysages<\/h3>\nngg_shortcode_1_placeholder\n<h3>Personnages<\/h3>\nngg_shortcode_2_placeholder\n<h3>Souvenirs d&#8217;Afrique<\/h3>\nngg_shortcode_3_placeholder\n<h3>Au fond des mers<\/h3>\nngg_shortcode_4_placeholder\n<h3>Mes amis les animaux<\/h3>\nngg_shortcode_5_placeholder\n<h3>Des fleurs<\/h3>\nngg_shortcode_6_placeholder\n","protected":false},"excerpt":{"rendered":"<p>Nos for\u00eats Paysages Personnages Souvenirs d&#8217;Afrique Au fond des mers Mes amis les animaux Des fleurs<\/p>\n","protected":false},"author":3339,"featured_media":0,"parent":0,"menu_order":1,"comment_status":"closed","ping_status":"closed","template":"","meta":{"_s2mail":"yes","ngg_post_thumbnail":0,"iawp_total_views":101,"footnotes":""},"class_list":["post-4","page","type-page","status-publish"],"yoast_head":"<!-- This site is optimized with the Yoast SEO plugin v27.5 - https:\/\/yoast.com\/product\/yoast-seo-wordpress\/ -->\n<title>Portfolio | Ren\u00e9e Ruel | Un site de la galerie virtuelle de l&#039;AAPARS<\/title>\n<meta name=\"description\" content=\"Nos for\u00eats  Paysages  Personnages  Souvenirs d&#039;Afrique  Au fond des mers  Mes amis les animaux  Des fleurs\" \/>\n<meta name=\"robots\" content=\"index, follow, max-snippet:-1, max-image-preview:large, max-video-preview:-1\" \/>\n<link rel=\"canonical\" href=\"https:\/\/aapars.com\/renee-ruel\/portfolio\/\" \/>\n<meta property=\"og:locale\" content=\"fr_FR\" \/>\n<meta property=\"og:type\" content=\"article\" \/>\n<meta property=\"og:title\" content=\"Portfolio | Ren\u00e9e Ruel | Un site de la galerie virtuelle de l&#039;AAPARS\" \/>\n<meta property=\"og:description\" content=\"Nos for\u00eats  Paysages  Personnages  Souvenirs d&#039;Afrique  Au fond des mers  Mes amis les animaux  Des fleurs\" \/>\n<meta property=\"og:url\" content=\"https:\/\/aapars.com\/renee-ruel\/portfolio\/\" \/>\n<meta property=\"og:site_name\" content=\"Ren\u00e9e Ruel\" \/>\n<meta property=\"article:modified_time\" content=\"2023-01-26T01:58:12+00:00\" \/>\n<meta name=\"twitter:label1\" content=\"Dur\u00e9e de lecture estim\u00e9e\" \/>\n\t<meta name=\"twitter:data1\" content=\"1 minute\" \/>\n<script type=\"application\/ld+json\" class=\"yoast-schema-graph\">{\"@context\":\"https:\\\/\\\/schema.org\",\"@graph\":[{\"@type\":\"WebPage\",\"@id\":\"https:\\\/\\\/aapars.com\\\/renee-ruel\\\/portfolio\\\/\",\"url\":\"https:\\\/\\\/aapars.com\\\/renee-ruel\\\/portfolio\\\/\",\"name\":\"Portfolio | Ren\u00e9e Ruel | Un site de la galerie virtuelle de l&#039;AAPARS\",\"isPartOf\":{\"@id\":\"https:\\\/\\\/aapars.com\\\/renee-ruel\\\/#website\"},\"datePublished\":\"2010-10-03T18:04:32+00:00\",\"dateModified\":\"2023-01-26T01:58:12+00:00\",\"description\":\"Nos for\u00eats Paysages Personnages Souvenirs d'Afrique Au fond des mers Mes amis les animaux Des fleurs\",\"breadcrumb\":{\"@id\":\"https:\\\/\\\/aapars.com\\\/renee-ruel\\\/portfolio\\\/#breadcrumb\"},\"inLanguage\":\"fr-FR\",\"potentialAction\":[{\"@type\":\"ReadAction\",\"target\":[\"https:\\\/\\\/aapars.com\\\/renee-ruel\\\/portfolio\\\/\"]}]},{\"@type\":\"BreadcrumbList\",\"@id\":\"https:\\\/\\\/aapars.com\\\/renee-ruel\\\/portfolio\\\/#breadcrumb\",\"itemListElement\":[{\"@type\":\"ListItem\",\"position\":1,\"name\":\"Accueil\",\"item\":\"https:\\\/\\\/aapars.com\\\/renee-ruel\\\/\"},{\"@type\":\"ListItem\",\"position\":2,\"name\":\"Portfolio\"}]},{\"@type\":\"WebSite\",\"@id\":\"https:\\\/\\\/aapars.com\\\/renee-ruel\\\/#website\",\"url\":\"https:\\\/\\\/aapars.com\\\/renee-ruel\\\/\",\"name\":\"Ren\u00e9e Ruel\",\"description\":\"Un site de la galerie virtuelle de l&#039;AAPARS\",\"publisher\":{\"@id\":\"https:\\\/\\\/aapars.com\\\/renee-ruel\\\/#\\\/schema\\\/person\\\/67e727643cc38d6d0d58bde5c504a2f5\"},\"potentialAction\":[{\"@type\":\"SearchAction\",\"target\":{\"@type\":\"EntryPoint\",\"urlTemplate\":\"https:\\\/\\\/aapars.com\\\/renee-ruel\\\/?s={search_term_string}\"},\"query-input\":{\"@type\":\"PropertyValueSpecification\",\"valueRequired\":true,\"valueName\":\"search_term_string\"}}],\"inLanguage\":\"fr-FR\"},{\"@type\":[\"Person\",\"Organization\"],\"@id\":\"https:\\\/\\\/aapars.com\\\/renee-ruel\\\/#\\\/schema\\\/person\\\/67e727643cc38d6d0d58bde5c504a2f5\",\"name\":\"Jean Test\",\"image\":{\"@type\":\"ImageObject\",\"inLanguage\":\"fr-FR\",\"@id\":\"https:\\\/\\\/aapars.com\\\/renee-ruel\\\/files\\\/2012\\\/04\\\/logo-aapars-@2x.png\",\"url\":\"https:\\\/\\\/aapars.com\\\/renee-ruel\\\/files\\\/2012\\\/04\\\/logo-aapars-@2x.png\",\"contentUrl\":\"https:\\\/\\\/aapars.com\\\/renee-ruel\\\/files\\\/2012\\\/04\\\/logo-aapars-@2x.png\",\"width\":560,\"height\":306,\"caption\":\"Jean Test\"},\"logo\":{\"@id\":\"https:\\\/\\\/aapars.com\\\/renee-ruel\\\/files\\\/2012\\\/04\\\/logo-aapars-@2x.png\"}}]}<\/script>\n<!-- \/ Yoast SEO plugin. -->","yoast_head_json":{"title":"Portfolio | Ren\u00e9e Ruel | Un site de la galerie virtuelle de l&#039;AAPARS","description":"Nos for\u00eats  Paysages  Personnages  Souvenirs d'Afrique  Au fond des mers  Mes amis les animaux  Des fleurs","robots":{"index":"index","follow":"follow","max-snippet":"max-snippet:-1","max-image-preview":"max-image-preview:large","max-video-preview":"max-video-preview:-1"},"canonical":"https:\/\/aapars.com\/renee-ruel\/portfolio\/","og_locale":"fr_FR","og_type":"article","og_title":"Portfolio | Ren\u00e9e Ruel | Un site de la galerie virtuelle de l&#039;AAPARS","og_description":"Nos for\u00eats  Paysages  Personnages  Souvenirs d'Afrique  Au fond des mers  Mes amis les animaux  Des fleurs","og_url":"https:\/\/aapars.com\/renee-ruel\/portfolio\/","og_site_name":"Ren\u00e9e Ruel","article_modified_time":"2023-01-26T01:58:12+00:00","twitter_misc":{"Dur\u00e9e de lecture estim\u00e9e":"1 minute"},"schema":{"@context":"https:\/\/schema.org","@graph":[{"@type":"WebPage","@id":"https:\/\/aapars.com\/renee-ruel\/portfolio\/","url":"https:\/\/aapars.com\/renee-ruel\/portfolio\/","name":"Portfolio | Ren\u00e9e Ruel | Un site de la galerie virtuelle de l&#039;AAPARS","isPartOf":{"@id":"https:\/\/aapars.com\/renee-ruel\/#website"},"datePublished":"2010-10-03T18:04:32+00:00","dateModified":"2023-01-26T01:58:12+00:00","description":"Nos for\u00eats Paysages Personnages Souvenirs d'Afrique Au fond des mers Mes amis les animaux Des fleurs","breadcrumb":{"@id":"https:\/\/aapars.com\/renee-ruel\/portfolio\/#breadcrumb"},"inLanguage":"fr-FR","potentialAction":[{"@type":"ReadAction","target":["https:\/\/aapars.com\/renee-ruel\/portfolio\/"]}]},{"@type":"BreadcrumbList","@id":"https:\/\/aapars.com\/renee-ruel\/portfolio\/#breadcrumb","itemListElement":[{"@type":"ListItem","position":1,"name":"Accueil","item":"https:\/\/aapars.com\/renee-ruel\/"},{"@type":"ListItem","position":2,"name":"Portfolio"}]},{"@type":"WebSite","@id":"https:\/\/aapars.com\/renee-ruel\/#website","url":"https:\/\/aapars.com\/renee-ruel\/","name":"Ren\u00e9e Ruel","description":"Un site de la galerie virtuelle de l&#039;AAPARS","publisher":{"@id":"https:\/\/aapars.com\/renee-ruel\/#\/schema\/person\/67e727643cc38d6d0d58bde5c504a2f5"},"potentialAction":[{"@type":"SearchAction","target":{"@type":"EntryPoint","urlTemplate":"https:\/\/aapars.com\/renee-ruel\/?s={search_term_string}"},"query-input":{"@type":"PropertyValueSpecification","valueRequired":true,"valueName":"search_term_string"}}],"inLanguage":"fr-FR"},{"@type":["Person","Organization"],"@id":"https:\/\/aapars.com\/renee-ruel\/#\/schema\/person\/67e727643cc38d6d0d58bde5c504a2f5","name":"Jean Test","image":{"@type":"ImageObject","inLanguage":"fr-FR","@id":"https:\/\/aapars.com\/renee-ruel\/files\/2012\/04\/logo-aapars-@2x.png","url":"https:\/\/aapars.com\/renee-ruel\/files\/2012\/04\/logo-aapars-@2x.png","contentUrl":"https:\/\/aapars.com\/renee-ruel\/files\/2012\/04\/logo-aapars-@2x.png","width":560,"height":306,"caption":"Jean Test"},"logo":{"@id":"https:\/\/aapars.com\/renee-ruel\/files\/2012\/04\/logo-aapars-@2x.png"}}]}},"_links":{"self":[{"href":"https:\/\/aapars.com\/renee-ruel\/wp-json\/wp\/v2\/pages\/4","targetHints":{"allow":["GET"]}}],"collection":[{"href":"https:\/\/aapars.com\/renee-ruel\/wp-json\/wp\/v2\/pages"}],"about":[{"href":"https:\/\/aapars.com\/renee-ruel\/wp-json\/wp\/v2\/types\/page"}],"author":[{"embeddable":true,"href":"https:\/\/aapars.com\/renee-ruel\/wp-json\/wp\/v2\/users\/3339"}],"replies":[{"embeddable":true,"href":"https:\/\/aapars.com\/renee-ruel\/wp-json\/wp\/v2\/comments?post=4"}],"version-history":[{"count":1,"href":"https:\/\/aapars.com\/renee-ruel\/wp-json\/wp\/v2\/pages\/4\/revisions"}],"predecessor-version":[{"id":416,"href":"https:\/\/aapars.com\/renee-ruel\/wp-json\/wp\/v2\/pages\/4\/revisions\/416"}],"wp:attachment":[{"href":"https:\/\/aapars.com\/renee-ruel\/wp-json\/wp\/v2\/media?parent=4"}],"curies":[{"name":"wp","href":"https:\/\/api.w.org\/{rel}","templated":true}]}}