{"id":2,"date":"2010-10-03T05:11:36","date_gmt":"2010-10-03T09:11:36","guid":{"rendered":"https:\/\/aapars.com\/jacques-landry\/?page_id=2"},"modified":"2024-03-25T14:25:56","modified_gmt":"2024-03-25T18:25:56","slug":"accueil","status":"publish","type":"page","link":"https:\/\/aapars.com\/renee-ruel\/","title":{"rendered":"Ren\u00e9e Ruel"},"content":{"rendered":"<p><img loading=\"lazy\" decoding=\"async\" class=\"alignnone size-full wp-image-286\" src=\"https:\/\/aapars.com\/renee-ruel\/files\/2022\/04\/ReneeRuel-1.jpg\" alt=\"Ren\u00e9e Ruel\" width=\"171\" height=\"194\"\/><\/p>\n\n<table id=\"tablepress-1\" class=\"tablepress tablepress-id-1\">\n<tbody class=\"row-striping\">\n<tr class=\"row-1\">\n\t<td class=\"column-1\">Technique :<\/td><td class=\"column-2\">Huile et acrylique<\/td>\n<\/tr>\n<tr class=\"row-2\">\n\t<td class=\"column-1\">Affiliations professionelles :<\/td><td class=\"column-2\">AAPARS<\/td>\n<\/tr>\n<tr class=\"row-3\">\n\t<td class=\"column-1\">T\u00e9l\u00e9phone :<\/td><td class=\"column-2\">450-349-0477<\/td>\n<\/tr>\n<tr class=\"row-4\">\n\t<td class=\"column-1\">Courriel :<\/td><td class=\"column-2\"><a href=\"mailto:renee.ruel@sympatico.ca\">renee.ruel@sympatico.ca<\/a><\/td>\n<\/tr>\n<tr class=\"row-5\">\n\t<td class=\"column-1\">Site Internet :<\/td><td class=\"column-2\"><\/td>\n<\/tr>\n<\/tbody>\n<\/table>\n<!-- #tablepress-1 from cache -->\n<h2>D\u00e9marche<\/h2>\n<p><span style=\"font-size: 16px;font-style: normal\">La peinture me permet d\u2019explorer mon c\u00f4t\u00e9 cr\u00e9atif. C\u2019est pour moi avant tout un moyen de relaxer, le temps de m\u2019arr\u00eater. J&#8217;aime explorer diff\u00e9rentes techniques, mais j&#8217;ai toutefois une pr\u00e9f\u00e9rence pour l&#8217;huile et l&#8217;acrylique. <\/span>Je m\u2019inspire de souvenirs et de photos prises lors de mes voyages \u00e0 l\u2019\u00e9tranger&nbsp;et au Qu\u00e9bec : la photo \u00e9tant aussi un autre de mes loisirs. J\u2019utilise le plus souvent l\u2019huile ou l\u2019acrylique comme m\u00e9dium, selon le type de rendu que je d\u00e9sire donner.<\/p>\n<h2>Formation<\/h2>\n\n<table id=\"tablepress-2\" class=\"tablepress tablepress-id-2\">\n<thead>\n<tr class=\"row-1\">\n\t<th class=\"column-1\">Ann\u00e9e<\/th><th class=\"column-2\">Institution\/Professeur<\/th><th class=\"column-3\">Programme<\/th>\n<\/tr>\n<\/thead>\n<tbody class=\"row-striping\">\n<tr class=\"row-2\">\n\t<td class=\"column-1\">2021<\/td><td class=\"column-2\">Lucie Michel<\/td><td class=\"column-3\">Paysages simplifi\u00e9s<\/td>\n<\/tr>\n<tr class=\"row-3\">\n\t<td class=\"column-1\">2020<\/td><td class=\"column-2\">Lucie Michel<\/td><td class=\"column-3\">Dessin Corps Humain simplifi\u00e9<\/td>\n<\/tr>\n<tr class=\"row-4\">\n\t<td class=\"column-1\">2019<\/td><td class=\"column-2\">MBAM<\/td><td class=\"column-3\">Tenue d'un carnet de dessin au quotidien<\/td>\n<\/tr>\n<tr class=\"row-5\">\n\t<td class=\"column-1\">2019<\/td><td class=\"column-2\">Andrea Marquis<\/td><td class=\"column-3\">Acrylique<\/td>\n<\/tr>\n<tr class=\"row-6\">\n\t<td class=\"column-1\">2018<\/td><td class=\"column-2\">MBAM<\/td><td class=\"column-3\">Principes fondamentaux du dessin classique<\/td>\n<\/tr>\n<tr class=\"row-7\">\n\t<td class=\"column-1\">2018<\/td><td class=\"column-2\">MBAM<\/td><td class=\"column-3\">Crayons de couleur et pastels<\/td>\n<\/tr>\n<tr class=\"row-8\">\n\t<td class=\"column-1\">2018<\/td><td class=\"column-2\">Ljubomir Ivankovic<\/td><td class=\"column-3\">Peinture \u00e0 l'huile<\/td>\n<\/tr>\n<tr class=\"row-9\">\n\t<td class=\"column-1\">2018<\/td><td class=\"column-2\">Lucie Michel<\/td><td class=\"column-3\">Cire froide et huile<\/td>\n<\/tr>\n<tr class=\"row-10\">\n\t<td class=\"column-1\">2014<\/td><td class=\"column-2\">\u00c9laine Despins<\/td><td class=\"column-3\">R\u00e9soudre le myst\u00e8re de la couleur chair<\/td>\n<\/tr>\n<tr class=\"row-11\">\n\t<td class=\"column-1\">2014<\/td><td class=\"column-2\">Antoine Bittar<\/td><td class=\"column-3\">Impressionisme<\/td>\n<\/tr>\n<tr class=\"row-12\">\n\t<td class=\"column-1\">2012<\/td><td class=\"column-2\">Ren\u00e9e Dion<\/td><td class=\"column-3\">Aquarelle - Fleurs en \u00e9mergence<\/td>\n<\/tr>\n<tr class=\"row-13\">\n\t<td class=\"column-1\">2010 et 2021<\/td><td class=\"column-2\">Gaetane Dion<\/td><td class=\"column-3\">B\u00e2tons \u00e0 l'huile<\/td>\n<\/tr>\n<tr class=\"row-14\">\n\t<td class=\"column-1\">1992-1994<\/td><td class=\"column-2\">Jean-Pierre Neveu<\/td><td class=\"column-3\">Peinture \u00e0 l'huile<\/td>\n<\/tr>\n<tr class=\"row-15\">\n\t<td class=\"column-1\">1990<\/td><td class=\"column-2\">Marcelle Fortier<\/td><td class=\"column-3\">Dessins et peinture<\/td>\n<\/tr>\n<\/tbody>\n<\/table>\n<!-- #tablepress-2 from cache -->\n<h2>Expositions<\/h2>\n\n<table id=\"tablepress-3\" class=\"tablepress tablepress-id-3 tbody-has-connected-cells\">\n<thead>\n<tr class=\"row-1\">\n\t<th class=\"column-1\">Ann\u00e9e<\/th><th class=\"column-2\">Nom<\/th><th class=\"column-3\">Endroit<\/th>\n<\/tr>\n<\/thead>\n<tbody class=\"row-striping\">\n<tr class=\"row-2\">\n\t<td colspan=\"3\" class=\"column-1\">Collectives<\/td>\n<\/tr>\n<tr class=\"row-3\">\n\t<td class=\"column-1\">2024<\/td><td class=\"column-2\">La galerie du lac<\/td><td class=\"column-3\">Venise-en-Qu\u00e9bec<\/td>\n<\/tr>\n<tr class=\"row-4\">\n\t<td class=\"column-1\">2024<\/td><td class=\"column-2\">La rencontre des arts<\/td><td class=\"column-3\">St-L\u00e9onard NB<\/td>\n<\/tr>\n<tr class=\"row-5\">\n\t<td class=\"column-1\">2022<\/td><td class=\"column-2\">De la couleur contre la douleur (Artistes de coeur)<\/td><td class=\"column-3\">St-Lambert<\/td>\n<\/tr>\n<tr class=\"row-6\">\n\t<td class=\"column-1\">2022<\/td><td class=\"column-2\">Expo Galerie (AAPARS)<\/td><td class=\"column-3\">Boucherville<\/td>\n<\/tr>\n<tr class=\"row-7\">\n\t<td class=\"column-1\">2021<\/td><td class=\"column-2\">L'art en libert\u00e9 (AAPARS)<\/td><td class=\"column-3\">La Prairie<\/td>\n<\/tr>\n<tr class=\"row-8\">\n\t<td class=\"column-1\">2021<\/td><td class=\"column-2\">CDA + grand que nature (AAPARS)<\/td><td class=\"column-3\">St-Bruno-de-Montarville<\/td>\n<\/tr>\n<tr class=\"row-9\">\n\t<td class=\"column-1\">2019<\/td><td class=\"column-2\">Centre d'Art de Sabrevois<\/td><td class=\"column-3\">Ste-Anne-de-Sabrevois<\/td>\n<\/tr>\n<tr class=\"row-10\">\n\t<td class=\"column-1\">2018, 2021, 2023, 2024<\/td><td class=\"column-2\">Symposium de Waterloo<\/td><td class=\"column-3\">Waterloo<\/td>\n<\/tr>\n<tr class=\"row-11\">\n\t<td class=\"column-1\">2016, 2017<\/td><td class=\"column-2\">Symposium de la Fondation H\u00e9l\u00e8ne Sentenne<\/td><td class=\"column-3\">Candiac<\/td>\n<\/tr>\n<tr class=\"row-12\">\n\t<td class=\"column-1\">2015<\/td><td class=\"column-2\">Symposium du Village historique de Val-Jalbert<\/td><td class=\"column-3\">Val Jalbert<\/td>\n<\/tr>\n<tr class=\"row-13\">\n\t<td class=\"column-1\">2014<\/td><td class=\"column-2\">Les Arts \u00e0 l'Horizon <\/td><td class=\"column-3\">Sorel<\/td>\n<\/tr>\n<tr class=\"row-14\">\n\t<td class=\"column-1\">2011, 2013<\/td><td class=\"column-2\">Symposium de peinture des fleurs et des jardins<\/td><td class=\"column-3\">Ste-Anne de la P\u00e9rade<\/td>\n<\/tr>\n<\/tbody>\n<\/table>\n<!-- #tablepress-3 from cache -->\n<h2>Collections<\/h2>\n\n<table id=\"tablepress-6\" class=\"tablepress tablepress-id-6\">\n<thead>\n<tr class=\"row-1\">\n\t<th class=\"column-1\">Cat\u00e9gorie<\/th><th class=\"column-2\">Nom du lieu<\/th><th class=\"column-3\">Ville<\/th>\n<\/tr>\n<\/thead>\n<tbody class=\"row-striping\">\n<tr class=\"row-2\">\n\t<td class=\"column-1\">Centre de lutte contre le cancer<\/td><td class=\"column-2\">CSSS HRR<\/td><td class=\"column-3\">Saint-Jean-sur-Richelieu<\/td>\n<\/tr>\n<\/tbody>\n<\/table>\n<!-- #tablepress-6 from cache -->\n<h2>M\u00e9dias<\/h2>\n\n<table id=\"tablepress-7\" class=\"tablepress tablepress-id-7\">\n<thead>\n<tr class=\"row-1\">\n\t<th class=\"column-1\">Ann\u00e9e<\/th><th class=\"column-2\">Titre<\/th><th class=\"column-3\">Auteur<\/th><th class=\"column-4\">Source<\/th>\n<\/tr>\n<\/thead>\n<tbody class=\"row-striping\">\n<tr class=\"row-2\">\n\t<td class=\"column-1\">2020<\/td><td class=\"column-2\">Revue Magazin'Art<\/td><td class=\"column-3\"><\/td><td class=\"column-4\"><\/td>\n<\/tr>\n<tr class=\"row-3\">\n\t<td class=\"column-1\">2020<\/td><td class=\"column-2\">Agenda Plumes et Pinceaux<\/td><td class=\"column-3\"><\/td><td class=\"column-4\">Zyeudor Editions<\/td>\n<\/tr>\n<\/tbody>\n<\/table>\n<!-- #tablepress-7 from cache -->\n","protected":false},"excerpt":{"rendered":"<p>D\u00e9marche La peinture me permet d\u2019explorer mon c\u00f4t\u00e9 cr\u00e9atif. C\u2019est pour moi avant tout un moyen de relaxer, le temps de m\u2019arr\u00eater. J&#8217;aime explorer diff\u00e9rentes techniques, mais j&#8217;ai toutefois une pr\u00e9f\u00e9rence pour l&#8217;huile et l&#8217;acrylique. Je m\u2019inspire de souvenirs et de photos prises lors de mes voyages \u00e0 l\u2019\u00e9tranger&nbsp;et au Qu\u00e9bec : la photo \u00e9tant &#8230; <\/p>\n<p class=\"read-more-container\"><a title=\"Ren\u00e9e Ruel\" class=\"read-more button\" href=\"https:\/\/aapars.com\/renee-ruel\/#more-2\" aria-label=\"En savoir plus sur Ren\u00e9e Ruel\">Lire plus<\/a><\/p>\n","protected":false},"author":3339,"featured_media":0,"parent":0,"menu_order":0,"comment_status":"closed","ping_status":"closed","template":"","meta":{"_s2mail":"yes","ngg_post_thumbnail":0,"iawp_total_views":186,"footnotes":""},"class_list":["post-2","page","type-page","status-publish"],"yoast_head":"<!-- This site is optimized with the Yoast SEO plugin v27.5 - https:\/\/yoast.com\/product\/yoast-seo-wordpress\/ -->\n<title>Ren\u00e9e Ruel | Un site de la galerie virtuelle de l&#039;AAPARS<\/title>\n<meta name=\"description\" content=\"D\u00e9marche La peinture me permet d\u2019explorer mon c\u00f4t\u00e9 cr\u00e9atif. C\u2019est pour moi avant tout un moyen de relaxer, le temps de m\u2019arr\u00eater. J&#039;aime explorer\" \/>\n<meta name=\"robots\" content=\"index, follow, max-snippet:-1, max-image-preview:large, max-video-preview:-1\" \/>\n<link rel=\"canonical\" href=\"https:\/\/aapars.com\/renee-ruel\/\" \/>\n<meta property=\"og:locale\" content=\"fr_FR\" \/>\n<meta property=\"og:type\" content=\"article\" \/>\n<meta property=\"og:title\" content=\"Ren\u00e9e Ruel | Un site de la galerie virtuelle de l&#039;AAPARS\" \/>\n<meta property=\"og:description\" content=\"D\u00e9marche La peinture me permet d\u2019explorer mon c\u00f4t\u00e9 cr\u00e9atif. C\u2019est pour moi avant tout un moyen de relaxer, le temps de m\u2019arr\u00eater. J&#039;aime explorer\" \/>\n<meta property=\"og:url\" content=\"https:\/\/aapars.com\/renee-ruel\/\" \/>\n<meta property=\"og:site_name\" content=\"Ren\u00e9e Ruel\" \/>\n<meta property=\"article:modified_time\" content=\"2024-03-25T18:25:56+00:00\" \/>\n<meta property=\"og:image\" content=\"https:\/\/aapars.com\/renee-ruel\/files\/2022\/04\/ReneeRuel-1.jpg\" \/>\n<meta name=\"twitter:label1\" content=\"Dur\u00e9e de lecture estim\u00e9e\" \/>\n\t<meta name=\"twitter:data1\" content=\"1 minute\" \/>\n<script type=\"application\/ld+json\" class=\"yoast-schema-graph\">{\"@context\":\"https:\\\/\\\/schema.org\",\"@graph\":[{\"@type\":\"WebPage\",\"@id\":\"https:\\\/\\\/aapars.com\\\/renee-ruel\\\/\",\"url\":\"https:\\\/\\\/aapars.com\\\/renee-ruel\\\/\",\"name\":\"Ren\u00e9e Ruel | Un site de la galerie virtuelle de l&#039;AAPARS\",\"isPartOf\":{\"@id\":\"https:\\\/\\\/aapars.com\\\/renee-ruel\\\/#website\"},\"primaryImageOfPage\":{\"@id\":\"https:\\\/\\\/aapars.com\\\/renee-ruel\\\/#primaryimage\"},\"image\":{\"@id\":\"https:\\\/\\\/aapars.com\\\/renee-ruel\\\/#primaryimage\"},\"thumbnailUrl\":\"https:\\\/\\\/aapars.com\\\/renee-ruel\\\/files\\\/2022\\\/04\\\/ReneeRuel-1.jpg\",\"datePublished\":\"2010-10-03T09:11:36+00:00\",\"dateModified\":\"2024-03-25T18:25:56+00:00\",\"description\":\"D\u00e9marche La peinture me permet d\u2019explorer mon c\u00f4t\u00e9 cr\u00e9atif. C\u2019est pour moi avant tout un moyen de relaxer, le temps de m\u2019arr\u00eater. J'aime explorer\",\"breadcrumb\":{\"@id\":\"https:\\\/\\\/aapars.com\\\/renee-ruel\\\/#breadcrumb\"},\"inLanguage\":\"fr-FR\",\"potentialAction\":[{\"@type\":\"ReadAction\",\"target\":[\"https:\\\/\\\/aapars.com\\\/renee-ruel\\\/\"]}]},{\"@type\":\"ImageObject\",\"inLanguage\":\"fr-FR\",\"@id\":\"https:\\\/\\\/aapars.com\\\/renee-ruel\\\/#primaryimage\",\"url\":\"https:\\\/\\\/aapars.com\\\/renee-ruel\\\/files\\\/2022\\\/04\\\/ReneeRuel-1.jpg\",\"contentUrl\":\"https:\\\/\\\/aapars.com\\\/renee-ruel\\\/files\\\/2022\\\/04\\\/ReneeRuel-1.jpg\",\"width\":171,\"height\":194,\"caption\":\"Ren\u00e9e Ruel\"},{\"@type\":\"BreadcrumbList\",\"@id\":\"https:\\\/\\\/aapars.com\\\/renee-ruel\\\/#breadcrumb\",\"itemListElement\":[{\"@type\":\"ListItem\",\"position\":1,\"name\":\"Accueil\",\"item\":\"https:\\\/\\\/aapars.com\\\/renee-ruel\\\/\"},{\"@type\":\"ListItem\",\"position\":2,\"name\":\"Ren\u00e9e Ruel\"}]},{\"@type\":\"WebSite\",\"@id\":\"https:\\\/\\\/aapars.com\\\/renee-ruel\\\/#website\",\"url\":\"https:\\\/\\\/aapars.com\\\/renee-ruel\\\/\",\"name\":\"Ren\u00e9e Ruel\",\"description\":\"Un site de la galerie virtuelle de l&#039;AAPARS\",\"publisher\":{\"@id\":\"https:\\\/\\\/aapars.com\\\/renee-ruel\\\/#\\\/schema\\\/person\\\/67e727643cc38d6d0d58bde5c504a2f5\"},\"potentialAction\":[{\"@type\":\"SearchAction\",\"target\":{\"@type\":\"EntryPoint\",\"urlTemplate\":\"https:\\\/\\\/aapars.com\\\/renee-ruel\\\/?s={search_term_string}\"},\"query-input\":{\"@type\":\"PropertyValueSpecification\",\"valueRequired\":true,\"valueName\":\"search_term_string\"}}],\"inLanguage\":\"fr-FR\"},{\"@type\":[\"Person\",\"Organization\"],\"@id\":\"https:\\\/\\\/aapars.com\\\/renee-ruel\\\/#\\\/schema\\\/person\\\/67e727643cc38d6d0d58bde5c504a2f5\",\"name\":\"Jean Test\",\"image\":{\"@type\":\"ImageObject\",\"inLanguage\":\"fr-FR\",\"@id\":\"https:\\\/\\\/aapars.com\\\/renee-ruel\\\/files\\\/2012\\\/04\\\/logo-aapars-@2x.png\",\"url\":\"https:\\\/\\\/aapars.com\\\/renee-ruel\\\/files\\\/2012\\\/04\\\/logo-aapars-@2x.png\",\"contentUrl\":\"https:\\\/\\\/aapars.com\\\/renee-ruel\\\/files\\\/2012\\\/04\\\/logo-aapars-@2x.png\",\"width\":560,\"height\":306,\"caption\":\"Jean Test\"},\"logo\":{\"@id\":\"https:\\\/\\\/aapars.com\\\/renee-ruel\\\/files\\\/2012\\\/04\\\/logo-aapars-@2x.png\"}}]}<\/script>\n<!-- \/ Yoast SEO plugin. -->","yoast_head_json":{"title":"Ren\u00e9e Ruel | Un site de la galerie virtuelle de l&#039;AAPARS","description":"D\u00e9marche La peinture me permet d\u2019explorer mon c\u00f4t\u00e9 cr\u00e9atif. C\u2019est pour moi avant tout un moyen de relaxer, le temps de m\u2019arr\u00eater. J'aime explorer","robots":{"index":"index","follow":"follow","max-snippet":"max-snippet:-1","max-image-preview":"max-image-preview:large","max-video-preview":"max-video-preview:-1"},"canonical":"https:\/\/aapars.com\/renee-ruel\/","og_locale":"fr_FR","og_type":"article","og_title":"Ren\u00e9e Ruel | Un site de la galerie virtuelle de l&#039;AAPARS","og_description":"D\u00e9marche La peinture me permet d\u2019explorer mon c\u00f4t\u00e9 cr\u00e9atif. C\u2019est pour moi avant tout un moyen de relaxer, le temps de m\u2019arr\u00eater. J'aime explorer","og_url":"https:\/\/aapars.com\/renee-ruel\/","og_site_name":"Ren\u00e9e Ruel","article_modified_time":"2024-03-25T18:25:56+00:00","og_image":[{"url":"https:\/\/aapars.com\/renee-ruel\/files\/2022\/04\/ReneeRuel-1.jpg","type":"","width":"","height":""}],"twitter_misc":{"Dur\u00e9e de lecture estim\u00e9e":"1 minute"},"schema":{"@context":"https:\/\/schema.org","@graph":[{"@type":"WebPage","@id":"https:\/\/aapars.com\/renee-ruel\/","url":"https:\/\/aapars.com\/renee-ruel\/","name":"Ren\u00e9e Ruel | Un site de la galerie virtuelle de l&#039;AAPARS","isPartOf":{"@id":"https:\/\/aapars.com\/renee-ruel\/#website"},"primaryImageOfPage":{"@id":"https:\/\/aapars.com\/renee-ruel\/#primaryimage"},"image":{"@id":"https:\/\/aapars.com\/renee-ruel\/#primaryimage"},"thumbnailUrl":"https:\/\/aapars.com\/renee-ruel\/files\/2022\/04\/ReneeRuel-1.jpg","datePublished":"2010-10-03T09:11:36+00:00","dateModified":"2024-03-25T18:25:56+00:00","description":"D\u00e9marche La peinture me permet d\u2019explorer mon c\u00f4t\u00e9 cr\u00e9atif. C\u2019est pour moi avant tout un moyen de relaxer, le temps de m\u2019arr\u00eater. J'aime explorer","breadcrumb":{"@id":"https:\/\/aapars.com\/renee-ruel\/#breadcrumb"},"inLanguage":"fr-FR","potentialAction":[{"@type":"ReadAction","target":["https:\/\/aapars.com\/renee-ruel\/"]}]},{"@type":"ImageObject","inLanguage":"fr-FR","@id":"https:\/\/aapars.com\/renee-ruel\/#primaryimage","url":"https:\/\/aapars.com\/renee-ruel\/files\/2022\/04\/ReneeRuel-1.jpg","contentUrl":"https:\/\/aapars.com\/renee-ruel\/files\/2022\/04\/ReneeRuel-1.jpg","width":171,"height":194,"caption":"Ren\u00e9e Ruel"},{"@type":"BreadcrumbList","@id":"https:\/\/aapars.com\/renee-ruel\/#breadcrumb","itemListElement":[{"@type":"ListItem","position":1,"name":"Accueil","item":"https:\/\/aapars.com\/renee-ruel\/"},{"@type":"ListItem","position":2,"name":"Ren\u00e9e Ruel"}]},{"@type":"WebSite","@id":"https:\/\/aapars.com\/renee-ruel\/#website","url":"https:\/\/aapars.com\/renee-ruel\/","name":"Ren\u00e9e Ruel","description":"Un site de la galerie virtuelle de l&#039;AAPARS","publisher":{"@id":"https:\/\/aapars.com\/renee-ruel\/#\/schema\/person\/67e727643cc38d6d0d58bde5c504a2f5"},"potentialAction":[{"@type":"SearchAction","target":{"@type":"EntryPoint","urlTemplate":"https:\/\/aapars.com\/renee-ruel\/?s={search_term_string}"},"query-input":{"@type":"PropertyValueSpecification","valueRequired":true,"valueName":"search_term_string"}}],"inLanguage":"fr-FR"},{"@type":["Person","Organization"],"@id":"https:\/\/aapars.com\/renee-ruel\/#\/schema\/person\/67e727643cc38d6d0d58bde5c504a2f5","name":"Jean Test","image":{"@type":"ImageObject","inLanguage":"fr-FR","@id":"https:\/\/aapars.com\/renee-ruel\/files\/2012\/04\/logo-aapars-@2x.png","url":"https:\/\/aapars.com\/renee-ruel\/files\/2012\/04\/logo-aapars-@2x.png","contentUrl":"https:\/\/aapars.com\/renee-ruel\/files\/2012\/04\/logo-aapars-@2x.png","width":560,"height":306,"caption":"Jean Test"},"logo":{"@id":"https:\/\/aapars.com\/renee-ruel\/files\/2012\/04\/logo-aapars-@2x.png"}}]}},"_links":{"self":[{"href":"https:\/\/aapars.com\/renee-ruel\/wp-json\/wp\/v2\/pages\/2","targetHints":{"allow":["GET"]}}],"collection":[{"href":"https:\/\/aapars.com\/renee-ruel\/wp-json\/wp\/v2\/pages"}],"about":[{"href":"https:\/\/aapars.com\/renee-ruel\/wp-json\/wp\/v2\/types\/page"}],"author":[{"embeddable":true,"href":"https:\/\/aapars.com\/renee-ruel\/wp-json\/wp\/v2\/users\/3339"}],"replies":[{"embeddable":true,"href":"https:\/\/aapars.com\/renee-ruel\/wp-json\/wp\/v2\/comments?post=2"}],"version-history":[{"count":3,"href":"https:\/\/aapars.com\/renee-ruel\/wp-json\/wp\/v2\/pages\/2\/revisions"}],"predecessor-version":[{"id":424,"href":"https:\/\/aapars.com\/renee-ruel\/wp-json\/wp\/v2\/pages\/2\/revisions\/424"}],"wp:attachment":[{"href":"https:\/\/aapars.com\/renee-ruel\/wp-json\/wp\/v2\/media?parent=2"}],"curies":[{"name":"wp","href":"https:\/\/api.w.org\/{rel}","templated":true}]}}