{"id":7,"date":"2010-10-03T14:04:32","date_gmt":"2010-10-03T18:04:32","guid":{"rendered":"https:\/\/aapars.com\/site-gabarit\/"},"modified":"2021-05-23T13:29:46","modified_gmt":"2021-05-23T17:29:46","slug":"portfolio","status":"publish","type":"page","link":"https:\/\/aapars.com\/renee-bellavance\/portfolio\/","title":{"rendered":"Portfolio"},"content":{"rendered":"<h2>2016<\/h2>\nngg_shortcode_0_placeholder\n<h2>2015<\/h2>\nngg_shortcode_1_placeholder\n<h2>2014 Oct &#8211; Nov &#8211; Dec<\/h2>\nngg_shortcode_2_placeholder\n<h2>2014 Juillet &#8211; Ao\u00fbt &#8211; Sept<\/h2>\nngg_shortcode_3_placeholder\n<h2>2014 Apr &#8211; Mai &#8211; Juin<\/h2>\nngg_shortcode_4_placeholder\n<h2>2014 Jan &#8211; F\u00e9v &#8211; Mars<\/h2>\nngg_shortcode_5_placeholder\n<h2>2013 Oct &#8211; Nov &#8211; Dec<\/h2>\nngg_shortcode_6_placeholder\n<h2>2013 Juil &#8211; Ao\u00fbt &#8211; Sept<\/h2>\nngg_shortcode_7_placeholder\n<h2>2013 Avril &#8211; Mai &#8211; Juin<\/h2>\nngg_shortcode_8_placeholder\n<h2>2013 Jan &#8211; F\u00e9v &#8211; Mars<\/h2>\nngg_shortcode_9_placeholder\n<h2>2012 Oct &#8211; Nov &#8211; Dec<\/h2>\nngg_shortcode_10_placeholder\n<h2>2012 Juillet &#8211; Ao\u00fbt &#8211; Sept<\/h2>\nngg_shortcode_11_placeholder\n<h2>2012 Avril &#8211; Mai &#8211; Juin<\/h2>\nngg_shortcode_12_placeholder\n<h2>2012 Janvier &#8211; F\u00e9vrier &#8211; Mars<\/h2>\nngg_shortcode_13_placeholder\n<h2>2011 Octobre &#8211; Novembre &#8211; Decembre<\/h2>\nngg_shortcode_14_placeholder\n<h2>2011 Juillet &#8211; Aout &#8211; Septembre<\/h2>\nngg_shortcode_15_placeholder\n<h2>2011 Avril &#8211; Mai &#8211; Juin<\/h2>\nngg_shortcode_16_placeholder\n<h2>2011 Janvier &#8211; Fevrier &#8211; Mars<\/h2>\nngg_shortcode_17_placeholder\n<h2>&nbsp;<\/h2>\n<h2>&nbsp;<\/h2>\n<h2>&nbsp;<\/h2>\n<p>&nbsp;<\/p>\n","protected":false},"excerpt":{"rendered":"<p>2016 2015 2014 Oct &#8211; Nov &#8211; Dec 2014 Juillet &#8211; Ao\u00fbt &#8211; Sept 2014 Apr &#8211; Mai &#8211; Juin 2014 Jan &#8211; F\u00e9v &#8211; Mars 2013 Oct &#8211; Nov &#8211; Dec 2013 Juil &#8211; Ao\u00fbt &#8211; Sept 2013 Avril &#8211; Mai &#8211; Juin 2013 Jan &#8211; F\u00e9v &#8211; Mars 2012 Oct &#8211; Nov &#8211; &#8230; <\/p>\n<p class=\"read-more-container\"><a title=\"Portfolio\" class=\"read-more button\" href=\"https:\/\/aapars.com\/renee-bellavance\/portfolio\/#more-7\" aria-label=\"En savoir plus sur Portfolio\">Lire plus<\/a><\/p>\n","protected":false},"author":172,"featured_media":0,"parent":0,"menu_order":1,"comment_status":"closed","ping_status":"closed","template":"","meta":{"_s2mail":"yes","ngg_post_thumbnail":0,"iawp_total_views":131,"footnotes":""},"class_list":["post-7","page","type-page","status-publish"],"yoast_head":"<!-- This site is optimized with the Yoast SEO plugin v27.3 - https:\/\/yoast.com\/product\/yoast-seo-wordpress\/ -->\n<title>Portfolio - Ren\u00e9e Bellavance - Un site de la galerie virtuelle de l\u2019AAPARS<\/title>\n<meta name=\"description\" content=\"2016 2015 2014 Oct - Nov - Dec 2014 Juillet - Ao\u00fbt - Sept 2014 Apr - Mai - Juin 2014 Jan - F\u00e9v - Mars 2013 Oct - Nov - Dec 2013 Juil - Ao\u00fbt - Sept 2013\" \/>\n<meta name=\"robots\" content=\"index, follow, max-snippet:-1, max-image-preview:large, max-video-preview:-1\" \/>\n<link rel=\"canonical\" href=\"https:\/\/aapars.com\/renee-bellavance\/portfolio\/\" \/>\n<meta property=\"og:locale\" content=\"fr_FR\" \/>\n<meta property=\"og:type\" content=\"article\" \/>\n<meta property=\"og:title\" content=\"Portfolio - Ren\u00e9e Bellavance - Un site de la galerie virtuelle de l\u2019AAPARS\" \/>\n<meta property=\"og:description\" content=\"2016 2015 2014 Oct - Nov - Dec 2014 Juillet - Ao\u00fbt - Sept 2014 Apr - Mai - Juin 2014 Jan - F\u00e9v - Mars 2013 Oct - Nov - Dec 2013 Juil - Ao\u00fbt - Sept 2013\" \/>\n<meta property=\"og:url\" content=\"https:\/\/aapars.com\/renee-bellavance\/portfolio\/\" \/>\n<meta property=\"og:site_name\" content=\"Ren\u00e9e Bellavance\" \/>\n<meta property=\"article:modified_time\" content=\"2021-05-23T17:29:46+00:00\" \/>\n<meta name=\"twitter:label1\" content=\"Dur\u00e9e de lecture estim\u00e9e\" \/>\n\t<meta name=\"twitter:data1\" content=\"1 minute\" \/>\n<script type=\"application\/ld+json\" class=\"yoast-schema-graph\">{\"@context\":\"https:\\\/\\\/schema.org\",\"@graph\":[{\"@type\":\"WebPage\",\"@id\":\"https:\\\/\\\/aapars.com\\\/renee-bellavance\\\/portfolio\\\/\",\"url\":\"https:\\\/\\\/aapars.com\\\/renee-bellavance\\\/portfolio\\\/\",\"name\":\"Portfolio - Ren\u00e9e Bellavance - Un site de la galerie virtuelle de l\u2019AAPARS\",\"isPartOf\":{\"@id\":\"https:\\\/\\\/aapars.com\\\/renee-bellavance\\\/#website\"},\"datePublished\":\"2010-10-03T18:04:32+00:00\",\"dateModified\":\"2021-05-23T17:29:46+00:00\",\"description\":\"2016 2015 2014 Oct - Nov - Dec 2014 Juillet - Ao\u00fbt - Sept 2014 Apr - Mai - Juin 2014 Jan - F\u00e9v - Mars 2013 Oct - Nov - Dec 2013 Juil - Ao\u00fbt - Sept 2013\",\"breadcrumb\":{\"@id\":\"https:\\\/\\\/aapars.com\\\/renee-bellavance\\\/portfolio\\\/#breadcrumb\"},\"inLanguage\":\"fr-FR\",\"potentialAction\":[{\"@type\":\"ReadAction\",\"target\":[\"https:\\\/\\\/aapars.com\\\/renee-bellavance\\\/portfolio\\\/\"]}]},{\"@type\":\"BreadcrumbList\",\"@id\":\"https:\\\/\\\/aapars.com\\\/renee-bellavance\\\/portfolio\\\/#breadcrumb\",\"itemListElement\":[{\"@type\":\"ListItem\",\"position\":1,\"name\":\"Accueil\",\"item\":\"https:\\\/\\\/aapars.com\\\/renee-bellavance\\\/\"},{\"@type\":\"ListItem\",\"position\":2,\"name\":\"Portfolio\"}]},{\"@type\":\"WebSite\",\"@id\":\"https:\\\/\\\/aapars.com\\\/renee-bellavance\\\/#website\",\"url\":\"https:\\\/\\\/aapars.com\\\/renee-bellavance\\\/\",\"name\":\"Ren\u00e9e Bellavance\",\"description\":\"Un site de la galerie virtuelle de l\u2019AAPARS\",\"publisher\":{\"@id\":\"https:\\\/\\\/aapars.com\\\/renee-bellavance\\\/#organization\"},\"potentialAction\":[{\"@type\":\"SearchAction\",\"target\":{\"@type\":\"EntryPoint\",\"urlTemplate\":\"https:\\\/\\\/aapars.com\\\/renee-bellavance\\\/?s={search_term_string}\"},\"query-input\":{\"@type\":\"PropertyValueSpecification\",\"valueRequired\":true,\"valueName\":\"search_term_string\"}}],\"inLanguage\":\"fr-FR\"},{\"@type\":\"Organization\",\"@id\":\"https:\\\/\\\/aapars.com\\\/renee-bellavance\\\/#organization\",\"name\":\"Ren\u00e9e Bellavance\",\"url\":\"https:\\\/\\\/aapars.com\\\/renee-bellavance\\\/\",\"logo\":{\"@type\":\"ImageObject\",\"inLanguage\":\"fr-FR\",\"@id\":\"https:\\\/\\\/aapars.com\\\/renee-bellavance\\\/#\\\/schema\\\/logo\\\/image\\\/\",\"url\":\"https:\\\/\\\/aapars.com\\\/renee-bellavance\\\/files\\\/2021\\\/05\\\/logo-aapars-@2x.png\",\"contentUrl\":\"https:\\\/\\\/aapars.com\\\/renee-bellavance\\\/files\\\/2021\\\/05\\\/logo-aapars-@2x.png\",\"width\":560,\"height\":306,\"caption\":\"Ren\u00e9e Bellavance\"},\"image\":{\"@id\":\"https:\\\/\\\/aapars.com\\\/renee-bellavance\\\/#\\\/schema\\\/logo\\\/image\\\/\"}}]}<\/script>\n<!-- \/ Yoast SEO plugin. -->","yoast_head_json":{"title":"Portfolio - Ren\u00e9e Bellavance - Un site de la galerie virtuelle de l\u2019AAPARS","description":"2016 2015 2014 Oct - Nov - Dec 2014 Juillet - Ao\u00fbt - Sept 2014 Apr - Mai - Juin 2014 Jan - F\u00e9v - Mars 2013 Oct - Nov - Dec 2013 Juil - Ao\u00fbt - Sept 2013","robots":{"index":"index","follow":"follow","max-snippet":"max-snippet:-1","max-image-preview":"max-image-preview:large","max-video-preview":"max-video-preview:-1"},"canonical":"https:\/\/aapars.com\/renee-bellavance\/portfolio\/","og_locale":"fr_FR","og_type":"article","og_title":"Portfolio - Ren\u00e9e Bellavance - Un site de la galerie virtuelle de l\u2019AAPARS","og_description":"2016 2015 2014 Oct - Nov - Dec 2014 Juillet - Ao\u00fbt - Sept 2014 Apr - Mai - Juin 2014 Jan - F\u00e9v - Mars 2013 Oct - Nov - Dec 2013 Juil - Ao\u00fbt - Sept 2013","og_url":"https:\/\/aapars.com\/renee-bellavance\/portfolio\/","og_site_name":"Ren\u00e9e Bellavance","article_modified_time":"2021-05-23T17:29:46+00:00","twitter_misc":{"Dur\u00e9e de lecture estim\u00e9e":"1 minute"},"schema":{"@context":"https:\/\/schema.org","@graph":[{"@type":"WebPage","@id":"https:\/\/aapars.com\/renee-bellavance\/portfolio\/","url":"https:\/\/aapars.com\/renee-bellavance\/portfolio\/","name":"Portfolio - Ren\u00e9e Bellavance - Un site de la galerie virtuelle de l\u2019AAPARS","isPartOf":{"@id":"https:\/\/aapars.com\/renee-bellavance\/#website"},"datePublished":"2010-10-03T18:04:32+00:00","dateModified":"2021-05-23T17:29:46+00:00","description":"2016 2015 2014 Oct - Nov - Dec 2014 Juillet - Ao\u00fbt - Sept 2014 Apr - Mai - Juin 2014 Jan - F\u00e9v - Mars 2013 Oct - Nov - Dec 2013 Juil - Ao\u00fbt - Sept 2013","breadcrumb":{"@id":"https:\/\/aapars.com\/renee-bellavance\/portfolio\/#breadcrumb"},"inLanguage":"fr-FR","potentialAction":[{"@type":"ReadAction","target":["https:\/\/aapars.com\/renee-bellavance\/portfolio\/"]}]},{"@type":"BreadcrumbList","@id":"https:\/\/aapars.com\/renee-bellavance\/portfolio\/#breadcrumb","itemListElement":[{"@type":"ListItem","position":1,"name":"Accueil","item":"https:\/\/aapars.com\/renee-bellavance\/"},{"@type":"ListItem","position":2,"name":"Portfolio"}]},{"@type":"WebSite","@id":"https:\/\/aapars.com\/renee-bellavance\/#website","url":"https:\/\/aapars.com\/renee-bellavance\/","name":"Ren\u00e9e Bellavance","description":"Un site de la galerie virtuelle de l\u2019AAPARS","publisher":{"@id":"https:\/\/aapars.com\/renee-bellavance\/#organization"},"potentialAction":[{"@type":"SearchAction","target":{"@type":"EntryPoint","urlTemplate":"https:\/\/aapars.com\/renee-bellavance\/?s={search_term_string}"},"query-input":{"@type":"PropertyValueSpecification","valueRequired":true,"valueName":"search_term_string"}}],"inLanguage":"fr-FR"},{"@type":"Organization","@id":"https:\/\/aapars.com\/renee-bellavance\/#organization","name":"Ren\u00e9e Bellavance","url":"https:\/\/aapars.com\/renee-bellavance\/","logo":{"@type":"ImageObject","inLanguage":"fr-FR","@id":"https:\/\/aapars.com\/renee-bellavance\/#\/schema\/logo\/image\/","url":"https:\/\/aapars.com\/renee-bellavance\/files\/2021\/05\/logo-aapars-@2x.png","contentUrl":"https:\/\/aapars.com\/renee-bellavance\/files\/2021\/05\/logo-aapars-@2x.png","width":560,"height":306,"caption":"Ren\u00e9e Bellavance"},"image":{"@id":"https:\/\/aapars.com\/renee-bellavance\/#\/schema\/logo\/image\/"}}]}},"_links":{"self":[{"href":"https:\/\/aapars.com\/renee-bellavance\/wp-json\/wp\/v2\/pages\/7","targetHints":{"allow":["GET"]}}],"collection":[{"href":"https:\/\/aapars.com\/renee-bellavance\/wp-json\/wp\/v2\/pages"}],"about":[{"href":"https:\/\/aapars.com\/renee-bellavance\/wp-json\/wp\/v2\/types\/page"}],"author":[{"embeddable":true,"href":"https:\/\/aapars.com\/renee-bellavance\/wp-json\/wp\/v2\/users\/172"}],"replies":[{"embeddable":true,"href":"https:\/\/aapars.com\/renee-bellavance\/wp-json\/wp\/v2\/comments?post=7"}],"version-history":[{"count":0,"href":"https:\/\/aapars.com\/renee-bellavance\/wp-json\/wp\/v2\/pages\/7\/revisions"}],"wp:attachment":[{"href":"https:\/\/aapars.com\/renee-bellavance\/wp-json\/wp\/v2\/media?parent=7"}],"curies":[{"name":"wp","href":"https:\/\/api.w.org\/{rel}","templated":true}]}}