{"id":2,"date":"2010-10-03T05:11:36","date_gmt":"2010-10-03T05:11:36","guid":{"rendered":"https:\/\/aapars.com\/jacques-landry\/?page_id=2"},"modified":"2025-08-02T12:34:26","modified_gmt":"2025-08-02T16:34:26","slug":"profil","status":"publish","type":"page","link":"https:\/\/aapars.com\/raymonde-dubord\/","title":{"rendered":"Raymonde Dubord"},"content":{"rendered":"<p><a href=\"https:\/\/aapars.com\/raymonde-dubord\/files\/2015\/10\/Raymonde2-e1443716207100.jpg\"><img loading=\"lazy\" decoding=\"async\" class=\"alignnone size-full wp-image-74\" src=\"https:\/\/aapars.com\/raymonde-dubord\/files\/2015\/10\/Raymonde2-e1443716207100.jpg\" alt=\"Raymonde Dubord\" width=\"150\" height=\"150\"\/><\/a><\/p>\n\n<table id=\"tablepress-1\" class=\"tablepress tablepress-id-1\">\n<tbody class=\"row-striping\">\n<tr class=\"row-1\">\n\t<td class=\"column-1\">Technique :<\/td><td class=\"column-2\">Acrylique, aquarelle, pastel, fusain, techniques mixtes<\/td>\n<\/tr>\n<tr class=\"row-2\">\n\t<td class=\"column-1\">Affiliations professionnelles :<\/td><td class=\"column-2\">AAPL<br \/>\nAAPARS <br \/>\nGroupe Brosse Art 2008 - 2010<\/td>\n<\/tr>\n<tr class=\"row-3\">\n\t<td class=\"column-1\">T\u00e9l\u00e9phone :<\/td><td class=\"column-2\">514-499-3191<\/td>\n<\/tr>\n<tr class=\"row-4\">\n\t<td class=\"column-1\">Courriel :<\/td><td class=\"column-2\">&lt;a <a href=\"mailto:rayeva76@gmail.com\">rayeva76@gmail.com<\/td>\n<\/tr>\n<\/tbody>\n<\/table>\n<!-- #tablepress-1 from cache -->\n<h2>D\u00e9marche<\/h2>\n<p>N\u00e9e dans la r\u00e9gion de la Beauce, sur une ferme o\u00f9 d\u00e9bordent les montages et les for\u00eats multicolores. C\u2019est d\u2019ailleurs l\u00e0, dans cette campagne, que mon amour pour la nature s\u2019est d\u00e9velopp\u00e9 et c\u2019est aussi l\u00e0 qu\u2019est n\u00e9 mon univers de cr\u00e9ativit\u00e9. Depuis cette tendre enfance colorier, dessiner, fabriquer, sculpter ont toujours fait partie de ma vie. Autodidacte&nbsp;et passionn\u00e9e, en 2003, je commence \u00e0 jouer avec l\u2019eau et les pigments. J\u2019ai cr\u00e9\u00e9 plusieurs aquarelles de diff\u00e9rents sujets. Maintenant, je touche \u00e0 plusieurs m\u00e9diums et je suis toujours aussi \u00e9tonn\u00e9e de voir o\u00f9 cette passion m\u2019am\u00e8ne. Je suis une femme passionn\u00e9e, tr\u00e8s active et en constante \u00e9volution. Suite \u00e0 plusieurs d\u00e9monstrations, ateliers et formations j\u2019arrive \u00e0 trouver des formes et des couleurs de plus en plus harmonieuses. Je suis attir\u00e9e autant par le portrait que les paysages et les natures mortes. J\u2019aime cr\u00e9er de l\u2019atmosph\u00e8re pour donner vie au sujet.<\/p>\n<h2>Formation<\/h2>\n\n<table id=\"tablepress-2\" class=\"tablepress tablepress-id-2\">\n<thead>\n<tr class=\"row-1\">\n\t<th class=\"column-1\">Ann\u00e9e<\/th><th class=\"column-2\">Formateur<\/th><th class=\"column-3\">Programme<\/th>\n<\/tr>\n<\/thead>\n<tbody class=\"row-striping\">\n<tr class=\"row-2\">\n\t<td class=\"column-1\">2017<\/td><td class=\"column-2\">C\u00e9line Girard<\/td><td class=\"column-3\">Atelier - abstrait<\/td>\n<\/tr>\n<tr class=\"row-3\">\n\t<td class=\"column-1\">2017<\/td><td class=\"column-2\">Isabelle Sauvineau<\/td><td class=\"column-3\">Atelier - acrylique<\/td>\n<\/tr>\n<tr class=\"row-4\">\n\t<td class=\"column-1\">2017<\/td><td class=\"column-2\">France Malo<\/td><td class=\"column-3\">Ateliers, encre noir \u00e0 gris et m\u00e9lange des couleurs<\/td>\n<\/tr>\n<tr class=\"row-5\">\n\t<td class=\"column-1\">2016<\/td><td class=\"column-2\">Francine Leroux<\/td><td class=\"column-3\">Atelier - encre, aquarelle et acrylique<\/td>\n<\/tr>\n<tr class=\"row-6\">\n\t<td class=\"column-1\">2015-2016<\/td><td class=\"column-2\">. Andr\u00e9 Pijet<\/td><td class=\"column-3\">. Ateliers de mod\u00e8les vivants<\/td>\n<\/tr>\n<tr class=\"row-7\">\n\t<td class=\"column-1\">2015<br \/>\n2011-2015<\/td><td class=\"column-2\">L'AAPARS<br \/>\nL'AAPARS<br \/>\nChantal St-Pierre<br \/>\nAndr\u00e9 Pijet<br \/>\n<br \/>\n<\/td><td class=\"column-3\">. Ateliers de mod\u00e8les vivants<br \/>\n. Assistance aux expos\u00e9s techniques<br \/>\n. Transfert d'image<br \/>\n. Ateliers de mod\u00e8les vivants<\/td>\n<\/tr>\n<tr class=\"row-8\">\n\t<td class=\"column-1\">2014<\/td><td class=\"column-2\">. Francine Leroux<br \/>\n. Ga\u00ebtane Dion<br \/>\n. Jacques Cl\u00e9ment<br \/>\n. Jacques Cl\u00e9ment<br \/>\n. Nicole Dub\u00e9<\/td><td class=\"column-3\">. Atelier de marouflage<br \/>\n. Atelier de cr\u00e9ation de personnages<br \/>\n. Peindre sur le motif <br \/>\n. Ateliers de mod\u00e8les vivants<br \/>\n. Atelier de formation \u00e0 l'acrylique<\/td>\n<\/tr>\n<tr class=\"row-9\">\n\t<td class=\"column-1\">2011-2014<\/td><td class=\"column-2\">. L'AAPRS<\/td><td class=\"column-3\">. Ateliers de mod\u00e8les vivants<\/td>\n<\/tr>\n<tr class=\"row-10\">\n\t<td class=\"column-1\">2009<\/td><td class=\"column-2\">.  La Maison des Arts Rive-Sud<\/td><td class=\"column-3\">. Ateliers de mod\u00e8les vivants<\/td>\n<\/tr>\n<tr class=\"row-11\">\n\t<td class=\"column-1\">2008-2007<\/td><td class=\"column-2\">. Ir\u00e8ne Hall\u00e9<br \/>\n. Lise St-Cyr<br \/>\n. Barbara Simmons<br \/>\n. Ir\u00e8ne Hall\u00e9<br \/>\n<\/td><td class=\"column-3\">. Atelier d'aquarelle<br \/>\n. Atelier d'aquarelle <br \/>\n. Atelier d'aquarelle <br \/>\n. Atelier d'aquarelle<\/td>\n<\/tr>\n<tr class=\"row-12\">\n\t<td class=\"column-1\">2006<\/td><td class=\"column-2\">. Chantal St-Pierre<br \/>\n. Lise St-Cyr<\/td><td class=\"column-3\">. Atelier d'aquarelle <br \/>\n. Atelier d'aquarelle <\/td>\n<\/tr>\n<tr class=\"row-13\">\n\t<td class=\"column-1\">2005<\/td><td class=\"column-2\">. Nicole Foreman<br \/>\n. Gis\u00e8le Lavall\u00e9e<\/td><td class=\"column-3\">. Atelier d'aquarelle<br \/>\n. Atelier d'aquarelle<\/td>\n<\/tr>\n<tr class=\"row-14\">\n\t<td class=\"column-1\">2004<\/td><td class=\"column-2\">.  Gis\u00e8le Lavall\u00e9e<br \/>\n. Jacques H\u00e9bert<br \/>\n<\/td><td class=\"column-3\">. Atelier  d'aquarelle<br \/>\n. Atelier  d'aquarelle <\/td>\n<\/tr>\n<tr class=\"row-15\">\n\t<td class=\"column-1\">2003<\/td><td class=\"column-2\">.  Denise Racette<\/td><td class=\"column-3\">. Atelier  d'aquarelle <\/td>\n<\/tr>\n<\/tbody>\n<\/table>\n<!-- #tablepress-2 from cache -->\n<h2>Expositions<\/h2>\n\n<table id=\"tablepress-3\" class=\"tablepress tablepress-id-3\">\n<thead>\n<tr class=\"row-1\">\n\t<th class=\"column-1\">2024<\/th><th class=\"column-2\">CAPSH<\/th><th class=\"column-3\">Parc St-Hubert<\/th>\n<\/tr>\n<\/thead>\n<tbody class=\"row-striping\">\n<tr class=\"row-2\">\n\t<td class=\"column-1\">2024<\/td><td class=\"column-2\">L'Art \u00e0 l'Ile<\/td><td class=\"column-3\">Ile des Soeurs<\/td>\n<\/tr>\n<tr class=\"row-3\">\n\t<td class=\"column-1\">2024<\/td><td class=\"column-2\">CAPSH<\/td><td class=\"column-3\">Parc M. Chartrand<\/td>\n<\/tr>\n<tr class=\"row-4\">\n\t<td class=\"column-1\">2024<\/td><td class=\"column-2\">CAPSH<\/td><td class=\"column-3\">Carrefour Longueuil<\/td>\n<\/tr>\n<tr class=\"row-5\">\n\t<td class=\"column-1\"><\/td><td class=\"column-2\"><\/td><td class=\"column-3\"><\/td>\n<\/tr>\n<tr class=\"row-6\">\n\t<td class=\"column-1\">2023<\/td><td class=\"column-2\">CAPSH<\/td><td class=\"column-3\">Biblioth\u00e8que Raymond L\u00e9vesque St-Hubert<\/td>\n<\/tr>\n<tr class=\"row-7\">\n\t<td class=\"column-1\">2023<\/td><td class=\"column-2\">AAPARS<\/td><td class=\"column-3\">La Prairie<\/td>\n<\/tr>\n<tr class=\"row-8\">\n\t<td class=\"column-1\">2023<\/td><td class=\"column-2\">Expo-concours <\/td><td class=\"column-3\">La Prairie<\/td>\n<\/tr>\n<tr class=\"row-9\">\n\t<td class=\"column-1\">2023<\/td><td class=\"column-2\">Biblioth\u00e8que<\/td><td class=\"column-3\">Ste-Julie<\/td>\n<\/tr>\n<tr class=\"row-10\">\n\t<td class=\"column-1\"><\/td><td class=\"column-2\"><\/td><td class=\"column-3\"><\/td>\n<\/tr>\n<tr class=\"row-11\">\n\t<td class=\"column-1\">2022<\/td><td class=\"column-2\">AAPARS Expo Concours<\/td><td class=\"column-3\">La Prairie<\/td>\n<\/tr>\n<tr class=\"row-12\">\n\t<td class=\"column-1\">2022<\/td><td class=\"column-2\">AAPARS Expo Concours<\/td><td class=\"column-3\">Boucherville<\/td>\n<\/tr>\n<tr class=\"row-13\">\n\t<td class=\"column-1\">2022<\/td><td class=\"column-2\">CAPSH<\/td><td class=\"column-3\">Centre Culturel J-Ferron. Longueuil<\/td>\n<\/tr>\n<tr class=\"row-14\">\n\t<td class=\"column-1\">2022<\/td><td class=\"column-2\">Expo Cnoncours<\/td><td class=\"column-3\">La Prairie<\/td>\n<\/tr>\n<tr class=\"row-15\">\n\t<td class=\"column-1\">2022<\/td><td class=\"column-2\">Expo Concours<\/td><td class=\"column-3\">Centre Socio Culturel Brossard<\/td>\n<\/tr>\n<tr class=\"row-16\">\n\t<td class=\"column-1\"><\/td><td class=\"column-2\"><\/td><td class=\"column-3\"><\/td>\n<\/tr>\n<tr class=\"row-17\">\n\t<td class=\"column-1\">2021<\/td><td class=\"column-2\">CAPSH<\/td><td class=\"column-3\"> Parc M. Chartrand Longueui<\/td>\n<\/tr>\n<tr class=\"row-18\">\n\t<td class=\"column-1\">2021<\/td><td class=\"column-2\">Expo Concours<\/td><td class=\"column-3\">La Prairie<\/td>\n<\/tr>\n<tr class=\"row-19\">\n\t<td class=\"column-1\">2021<\/td><td class=\"column-2\">Expo CAPS<\/td><td class=\"column-3\">Longueuil<\/td>\n<\/tr>\n<tr class=\"row-20\">\n\t<td class=\"column-1\">2021<\/td><td class=\"column-2\">Expo Concours<\/td><td class=\"column-3\">Centre Socio Culturel Brossard<\/td>\n<\/tr>\n<tr class=\"row-21\">\n\t<td class=\"column-1\">2021<\/td><td class=\"column-2\">AAPARS Expo Concours<\/td><td class=\"column-3\">La Prairie<\/td>\n<\/tr>\n<tr class=\"row-22\">\n\t<td class=\"column-1\"><\/td><td class=\"column-2\"><\/td><td class=\"column-3\"><\/td>\n<\/tr>\n<tr class=\"row-23\">\n\t<td class=\"column-1\">2019<\/td><td class=\"column-2\">Expo Printani\u00e8re<br \/>\n<\/td><td class=\"column-3\">Parc Michel Chartrand Longueuil<\/td>\n<\/tr>\n<\/tbody>\n<\/table>\n<!-- #tablepress-3 from cache -->\n","protected":false},"excerpt":{"rendered":"<p>D\u00e9marche N\u00e9e dans la r\u00e9gion de la Beauce, sur une ferme o\u00f9 d\u00e9bordent les montages et les for\u00eats multicolores. C\u2019est d\u2019ailleurs l\u00e0, dans cette campagne, que mon amour pour la nature s\u2019est d\u00e9velopp\u00e9 et c\u2019est aussi l\u00e0 qu\u2019est n\u00e9 mon univers de cr\u00e9ativit\u00e9. Depuis cette tendre enfance colorier, dessiner, fabriquer, sculpter ont toujours fait partie &#8230; <\/p>\n<p class=\"read-more-container\"><a title=\"Raymonde Dubord\" class=\"read-more button\" href=\"https:\/\/aapars.com\/raymonde-dubord\/#more-2\" aria-label=\"En savoir plus sur Raymonde Dubord\">Lire plus<\/a><\/p>\n","protected":false},"author":595,"featured_media":0,"parent":0,"menu_order":0,"comment_status":"closed","ping_status":"closed","template":"","meta":{"_s2mail":"yes","ngg_post_thumbnail":0,"iawp_total_views":163,"footnotes":""},"class_list":["post-2","page","type-page","status-publish"],"yoast_head":"<!-- This site is optimized with the Yoast SEO plugin v27.3 - https:\/\/yoast.com\/product\/yoast-seo-wordpress\/ -->\n<title>Raymonde Dubord - Raymonde Dubord - Un site de la galerie virtuelle de l&#039;AAPARS<\/title>\n<meta name=\"description\" content=\"D\u00e9marche N\u00e9e dans la r\u00e9gion de la Beauce, sur une ferme o\u00f9 d\u00e9bordent les montages et les for\u00eats multicolores. C\u2019est d\u2019ailleurs l\u00e0, dans cette campagne,\" \/>\n<meta name=\"robots\" content=\"index, follow, max-snippet:-1, max-image-preview:large, max-video-preview:-1\" \/>\n<link rel=\"canonical\" href=\"https:\/\/aapars.com\/raymonde-dubord\/\" \/>\n<meta property=\"og:locale\" content=\"fr_FR\" \/>\n<meta property=\"og:type\" content=\"article\" \/>\n<meta property=\"og:title\" content=\"Raymonde Dubord - Raymonde Dubord - Un site de la galerie virtuelle de l&#039;AAPARS\" \/>\n<meta property=\"og:description\" content=\"D\u00e9marche N\u00e9e dans la r\u00e9gion de la Beauce, sur une ferme o\u00f9 d\u00e9bordent les montages et les for\u00eats multicolores. C\u2019est d\u2019ailleurs l\u00e0, dans cette campagne,\" \/>\n<meta property=\"og:url\" content=\"https:\/\/aapars.com\/raymonde-dubord\/\" \/>\n<meta property=\"og:site_name\" content=\"Raymonde Dubord\" \/>\n<meta property=\"article:modified_time\" content=\"2025-08-02T16:34:26+00:00\" \/>\n<meta property=\"og:image\" content=\"https:\/\/aapars.com\/raymonde-dubord\/files\/2015\/10\/Raymonde2-e1443716207100.jpg\" \/>\n\t<meta property=\"og:image:width\" content=\"150\" \/>\n\t<meta property=\"og:image:height\" content=\"150\" \/>\n\t<meta property=\"og:image:type\" content=\"image\/jpeg\" \/>\n<meta name=\"twitter:label1\" content=\"Dur\u00e9e de lecture estim\u00e9e\" \/>\n\t<meta name=\"twitter:data1\" content=\"2 minutes\" \/>\n<script type=\"application\/ld+json\" class=\"yoast-schema-graph\">{\"@context\":\"https:\\\/\\\/schema.org\",\"@graph\":[{\"@type\":\"WebPage\",\"@id\":\"https:\\\/\\\/aapars.com\\\/raymonde-dubord\\\/\",\"url\":\"https:\\\/\\\/aapars.com\\\/raymonde-dubord\\\/\",\"name\":\"Raymonde Dubord - Raymonde Dubord - Un site de la galerie virtuelle de l&#039;AAPARS\",\"isPartOf\":{\"@id\":\"https:\\\/\\\/aapars.com\\\/raymonde-dubord\\\/#website\"},\"primaryImageOfPage\":{\"@id\":\"https:\\\/\\\/aapars.com\\\/raymonde-dubord\\\/#primaryimage\"},\"image\":{\"@id\":\"https:\\\/\\\/aapars.com\\\/raymonde-dubord\\\/#primaryimage\"},\"thumbnailUrl\":\"https:\\\/\\\/aapars.com\\\/raymonde-dubord\\\/files\\\/2015\\\/10\\\/Raymonde2-e1443716207100.jpg\",\"datePublished\":\"2010-10-03T05:11:36+00:00\",\"dateModified\":\"2025-08-02T16:34:26+00:00\",\"description\":\"D\u00e9marche N\u00e9e dans la r\u00e9gion de la Beauce, sur une ferme o\u00f9 d\u00e9bordent les montages et les for\u00eats multicolores. C\u2019est d\u2019ailleurs l\u00e0, dans cette campagne,\",\"breadcrumb\":{\"@id\":\"https:\\\/\\\/aapars.com\\\/raymonde-dubord\\\/#breadcrumb\"},\"inLanguage\":\"fr-FR\",\"potentialAction\":[{\"@type\":\"ReadAction\",\"target\":[\"https:\\\/\\\/aapars.com\\\/raymonde-dubord\\\/\"]}]},{\"@type\":\"ImageObject\",\"inLanguage\":\"fr-FR\",\"@id\":\"https:\\\/\\\/aapars.com\\\/raymonde-dubord\\\/#primaryimage\",\"url\":\"https:\\\/\\\/aapars.com\\\/raymonde-dubord\\\/files\\\/2015\\\/10\\\/Raymonde2-e1443716207100.jpg\",\"contentUrl\":\"https:\\\/\\\/aapars.com\\\/raymonde-dubord\\\/files\\\/2015\\\/10\\\/Raymonde2-e1443716207100.jpg\",\"width\":150,\"height\":150,\"caption\":\"Raymonde Dubord\"},{\"@type\":\"BreadcrumbList\",\"@id\":\"https:\\\/\\\/aapars.com\\\/raymonde-dubord\\\/#breadcrumb\",\"itemListElement\":[{\"@type\":\"ListItem\",\"position\":1,\"name\":\"Accueil\",\"item\":\"https:\\\/\\\/aapars.com\\\/raymonde-dubord\\\/\"},{\"@type\":\"ListItem\",\"position\":2,\"name\":\"Raymonde Dubord\"}]},{\"@type\":\"WebSite\",\"@id\":\"https:\\\/\\\/aapars.com\\\/raymonde-dubord\\\/#website\",\"url\":\"https:\\\/\\\/aapars.com\\\/raymonde-dubord\\\/\",\"name\":\"Raymonde Dubord\",\"description\":\"Un site de la galerie virtuelle de l&#039;AAPARS\",\"publisher\":{\"@id\":\"https:\\\/\\\/aapars.com\\\/raymonde-dubord\\\/#organization\"},\"potentialAction\":[{\"@type\":\"SearchAction\",\"target\":{\"@type\":\"EntryPoint\",\"urlTemplate\":\"https:\\\/\\\/aapars.com\\\/raymonde-dubord\\\/?s={search_term_string}\"},\"query-input\":{\"@type\":\"PropertyValueSpecification\",\"valueRequired\":true,\"valueName\":\"search_term_string\"}}],\"inLanguage\":\"fr-FR\"},{\"@type\":\"Organization\",\"@id\":\"https:\\\/\\\/aapars.com\\\/raymonde-dubord\\\/#organization\",\"name\":\"Raymonde Dubord\",\"url\":\"https:\\\/\\\/aapars.com\\\/raymonde-dubord\\\/\",\"logo\":{\"@type\":\"ImageObject\",\"inLanguage\":\"fr-FR\",\"@id\":\"https:\\\/\\\/aapars.com\\\/raymonde-dubord\\\/#\\\/schema\\\/logo\\\/image\\\/\",\"url\":\"https:\\\/\\\/aapars.com\\\/raymonde-dubord\\\/files\\\/2012\\\/04\\\/logo-aapars-@2x.png\",\"contentUrl\":\"https:\\\/\\\/aapars.com\\\/raymonde-dubord\\\/files\\\/2012\\\/04\\\/logo-aapars-@2x.png\",\"width\":560,\"height\":306,\"caption\":\"Raymonde Dubord\"},\"image\":{\"@id\":\"https:\\\/\\\/aapars.com\\\/raymonde-dubord\\\/#\\\/schema\\\/logo\\\/image\\\/\"}}]}<\/script>\n<!-- \/ Yoast SEO plugin. -->","yoast_head_json":{"title":"Raymonde Dubord - Raymonde Dubord - Un site de la galerie virtuelle de l&#039;AAPARS","description":"D\u00e9marche N\u00e9e dans la r\u00e9gion de la Beauce, sur une ferme o\u00f9 d\u00e9bordent les montages et les for\u00eats multicolores. C\u2019est d\u2019ailleurs l\u00e0, dans cette campagne,","robots":{"index":"index","follow":"follow","max-snippet":"max-snippet:-1","max-image-preview":"max-image-preview:large","max-video-preview":"max-video-preview:-1"},"canonical":"https:\/\/aapars.com\/raymonde-dubord\/","og_locale":"fr_FR","og_type":"article","og_title":"Raymonde Dubord - Raymonde Dubord - Un site de la galerie virtuelle de l&#039;AAPARS","og_description":"D\u00e9marche N\u00e9e dans la r\u00e9gion de la Beauce, sur une ferme o\u00f9 d\u00e9bordent les montages et les for\u00eats multicolores. C\u2019est d\u2019ailleurs l\u00e0, dans cette campagne,","og_url":"https:\/\/aapars.com\/raymonde-dubord\/","og_site_name":"Raymonde Dubord","article_modified_time":"2025-08-02T16:34:26+00:00","og_image":[{"width":150,"height":150,"url":"https:\/\/aapars.com\/raymonde-dubord\/files\/2015\/10\/Raymonde2-e1443716207100.jpg","type":"image\/jpeg"}],"twitter_misc":{"Dur\u00e9e de lecture estim\u00e9e":"2 minutes"},"schema":{"@context":"https:\/\/schema.org","@graph":[{"@type":"WebPage","@id":"https:\/\/aapars.com\/raymonde-dubord\/","url":"https:\/\/aapars.com\/raymonde-dubord\/","name":"Raymonde Dubord - Raymonde Dubord - Un site de la galerie virtuelle de l&#039;AAPARS","isPartOf":{"@id":"https:\/\/aapars.com\/raymonde-dubord\/#website"},"primaryImageOfPage":{"@id":"https:\/\/aapars.com\/raymonde-dubord\/#primaryimage"},"image":{"@id":"https:\/\/aapars.com\/raymonde-dubord\/#primaryimage"},"thumbnailUrl":"https:\/\/aapars.com\/raymonde-dubord\/files\/2015\/10\/Raymonde2-e1443716207100.jpg","datePublished":"2010-10-03T05:11:36+00:00","dateModified":"2025-08-02T16:34:26+00:00","description":"D\u00e9marche N\u00e9e dans la r\u00e9gion de la Beauce, sur une ferme o\u00f9 d\u00e9bordent les montages et les for\u00eats multicolores. C\u2019est d\u2019ailleurs l\u00e0, dans cette campagne,","breadcrumb":{"@id":"https:\/\/aapars.com\/raymonde-dubord\/#breadcrumb"},"inLanguage":"fr-FR","potentialAction":[{"@type":"ReadAction","target":["https:\/\/aapars.com\/raymonde-dubord\/"]}]},{"@type":"ImageObject","inLanguage":"fr-FR","@id":"https:\/\/aapars.com\/raymonde-dubord\/#primaryimage","url":"https:\/\/aapars.com\/raymonde-dubord\/files\/2015\/10\/Raymonde2-e1443716207100.jpg","contentUrl":"https:\/\/aapars.com\/raymonde-dubord\/files\/2015\/10\/Raymonde2-e1443716207100.jpg","width":150,"height":150,"caption":"Raymonde Dubord"},{"@type":"BreadcrumbList","@id":"https:\/\/aapars.com\/raymonde-dubord\/#breadcrumb","itemListElement":[{"@type":"ListItem","position":1,"name":"Accueil","item":"https:\/\/aapars.com\/raymonde-dubord\/"},{"@type":"ListItem","position":2,"name":"Raymonde Dubord"}]},{"@type":"WebSite","@id":"https:\/\/aapars.com\/raymonde-dubord\/#website","url":"https:\/\/aapars.com\/raymonde-dubord\/","name":"Raymonde Dubord","description":"Un site de la galerie virtuelle de l&#039;AAPARS","publisher":{"@id":"https:\/\/aapars.com\/raymonde-dubord\/#organization"},"potentialAction":[{"@type":"SearchAction","target":{"@type":"EntryPoint","urlTemplate":"https:\/\/aapars.com\/raymonde-dubord\/?s={search_term_string}"},"query-input":{"@type":"PropertyValueSpecification","valueRequired":true,"valueName":"search_term_string"}}],"inLanguage":"fr-FR"},{"@type":"Organization","@id":"https:\/\/aapars.com\/raymonde-dubord\/#organization","name":"Raymonde Dubord","url":"https:\/\/aapars.com\/raymonde-dubord\/","logo":{"@type":"ImageObject","inLanguage":"fr-FR","@id":"https:\/\/aapars.com\/raymonde-dubord\/#\/schema\/logo\/image\/","url":"https:\/\/aapars.com\/raymonde-dubord\/files\/2012\/04\/logo-aapars-@2x.png","contentUrl":"https:\/\/aapars.com\/raymonde-dubord\/files\/2012\/04\/logo-aapars-@2x.png","width":560,"height":306,"caption":"Raymonde Dubord"},"image":{"@id":"https:\/\/aapars.com\/raymonde-dubord\/#\/schema\/logo\/image\/"}}]}},"_links":{"self":[{"href":"https:\/\/aapars.com\/raymonde-dubord\/wp-json\/wp\/v2\/pages\/2","targetHints":{"allow":["GET"]}}],"collection":[{"href":"https:\/\/aapars.com\/raymonde-dubord\/wp-json\/wp\/v2\/pages"}],"about":[{"href":"https:\/\/aapars.com\/raymonde-dubord\/wp-json\/wp\/v2\/types\/page"}],"author":[{"embeddable":true,"href":"https:\/\/aapars.com\/raymonde-dubord\/wp-json\/wp\/v2\/users\/595"}],"replies":[{"embeddable":true,"href":"https:\/\/aapars.com\/raymonde-dubord\/wp-json\/wp\/v2\/comments?post=2"}],"version-history":[{"count":3,"href":"https:\/\/aapars.com\/raymonde-dubord\/wp-json\/wp\/v2\/pages\/2\/revisions"}],"predecessor-version":[{"id":838,"href":"https:\/\/aapars.com\/raymonde-dubord\/wp-json\/wp\/v2\/pages\/2\/revisions\/838"}],"wp:attachment":[{"href":"https:\/\/aapars.com\/raymonde-dubord\/wp-json\/wp\/v2\/media?parent=2"}],"curies":[{"name":"wp","href":"https:\/\/api.w.org\/{rel}","templated":true}]}}