{"id":6,"date":"2010-10-03T05:11:36","date_gmt":"2010-10-03T05:11:36","guid":{"rendered":"https:\/\/aapars.com\/jacques-landry\/?page_id=2"},"modified":"2023-10-22T16:16:51","modified_gmt":"2023-10-22T20:16:51","slug":"profil","status":"publish","type":"page","link":"https:\/\/aapars.com\/pyerrette-campbell\/","title":{"rendered":"Pyerrette Campbell"},"content":{"rendered":"<p><img loading=\"lazy\" decoding=\"async\" src=\"https:\/\/aapars.com\/pyerrette-campbell\/files\/2023\/10\/photo-artiste-2023-200x200.jpg\" alt=\"\" width=\"200\" height=\"200\" class=\"alignnone size-thumbnail wp-image-294\" srcset=\"https:\/\/aapars.com\/pyerrette-campbell\/files\/2023\/10\/photo-artiste-2023-200x200.jpg 200w, https:\/\/aapars.com\/pyerrette-campbell\/files\/2023\/10\/photo-artiste-2023-535x535.jpg 535w, https:\/\/aapars.com\/pyerrette-campbell\/files\/2023\/10\/photo-artiste-2023.jpg 600w\" sizes=\"auto, (max-width: 200px) 100vw, 200px\" \/><\/p>\n\n<table id=\"tablepress-1\" class=\"tablepress tablepress-id-1\">\n<tbody class=\"row-striping\">\n<tr class=\"row-1\">\n\t<td class=\"column-1\">Technique :<\/td><td class=\"column-2\">Aquarelle, aquarelle et encre, pastel sec, acrylique<\/td>\n<\/tr>\n<tr class=\"row-2\">\n\t<td class=\"column-1\">Affiliations professionelles :<\/td><td class=\"column-2\">AAPARS<\/td>\n<\/tr>\n<tr class=\"row-3\">\n\t<td class=\"column-1\">T\u00e9l\u00e9phone :<\/td><td class=\"column-2\">450-467-0688<\/td>\n<\/tr>\n<tr class=\"row-4\">\n\t<td class=\"column-1\">Courriel :<\/td><td class=\"column-2\"><a href=\"mailto:campbell.pyerrette@yahoo.ca\" target=\"_blank\" rel=\"noopener\">campbell.pyerrette@yahoo.ca<\/a><\/td>\n<\/tr>\n<\/tbody>\n<\/table>\n<!-- #tablepress-1 from cache -->\n<h2>D\u00e9marche<\/h2>\n<p>Depuis longtemps, l\u2019art sous toutes ses formes m\u2019attire et me fait vibrer. Autodidacte durant plusieurs ann\u00e9es, je me suis adonn\u00e9e \u00e0 l\u2019aquarelle. J\u2019aime beaucoup ce m\u00e9dium pour sa transparence et son c\u00f4t\u00e9 impr\u00e9visible. Il y a deux ans, j\u2019ai eu le d\u00e9sir d\u2019apprendre de nouveaux m\u00e9diums. J\u2019ai suivi une formation en pastel sec et en acrylique. \u00c0 travers celles-ci, j\u2019ai appris \u00e0 faire du portrait, des personnages.<\/p>\n<p>Pr\u00e9sentement, mon sujet de pr\u00e9dilection, ce sont les enfants. J\u2019ai \u0153uvr\u00e9 aupr\u00e8s d\u2019eux durant plusieurs ann\u00e9es. Ils m\u2019ont beaucoup apport\u00e9 par leur candeur, leur spontan\u00e9it\u00e9. Comme je constate qu\u2019ils sont tr\u00e8s pr\u00e8s de leur essence premi\u00e8re, j\u2019ai d\u00e9cid\u00e9 de leur ajouter des ailes. Je passe un moment de pur bonheur en fa\u00e7onnant ces personnages.<\/p>\n<h2>Formation<\/h2>\n\n<table id=\"tablepress-2\" class=\"tablepress tablepress-id-2\">\n<thead>\n<tr class=\"row-1\">\n\t<th class=\"column-1\">Ann\u00e9e<\/th><th class=\"column-2\">Institution\/Professeur<\/th><th class=\"column-3\">Programme<\/th>\n<\/tr>\n<\/thead>\n<tbody class=\"row-striping\">\n<tr class=\"row-2\">\n\t<td class=\"column-1\">1990-1996<\/td><td class=\"column-2\">C\u00e9gep de Saint-Hyacinthe<\/td><td class=\"column-3\">D\u00e9coration int\u00e9rieure -<br \/>\nDessin, couleurs, aquarelle<\/td>\n<\/tr>\n<tr class=\"row-3\">\n\t<td class=\"column-1\">1994-1995<\/td><td class=\"column-2\">Beaux-Arts de Saint-Hyacinthe, Claire Morin<\/td><td class=\"column-3\">Dessin, fusain<\/td>\n<\/tr>\n<tr class=\"row-4\">\n\t<td class=\"column-1\">2006-2007<\/td><td class=\"column-2\">Pierrette Voghel<\/td><td class=\"column-3\">Aquarelle, encre<\/td>\n<\/tr>\n<tr class=\"row-5\">\n\t<td class=\"column-1\">2009-2010<\/td><td class=\"column-2\">France Malo<\/td><td class=\"column-3\">Aquarelle, dessin<\/td>\n<\/tr>\n<tr class=\"row-6\">\n\t<td class=\"column-1\">2014-2015<\/td><td class=\"column-2\">UQAM<\/td><td class=\"column-3\">Couleur et dessin 1<\/td>\n<\/tr>\n<tr class=\"row-7\">\n\t<td class=\"column-1\">2015-2017<\/td><td class=\"column-2\">Johanne Doucet<\/td><td class=\"column-3\">Pastel sec, acrylique<\/td>\n<\/tr>\n<\/tbody>\n<\/table>\n<!-- #tablepress-2 from cache -->\n<h2>Expositions<\/h2>\n\n<table id=\"tablepress-3\" class=\"tablepress tablepress-id-3 tbody-has-connected-cells\">\n<thead>\n<tr class=\"row-1\">\n\t<th class=\"column-1\">Ann\u00e9e<\/th><th class=\"column-2\">Nom<\/th><th class=\"column-3\">Endroit<\/th>\n<\/tr>\n<\/thead>\n<tbody class=\"row-striping\">\n<tr class=\"row-2\">\n\t<td colspan=\"3\" class=\"column-1\">Individuelles<\/td>\n<\/tr>\n<tr class=\"row-3\">\n\t<td class=\"column-1\">2007<\/td><td class=\"column-2\">Ambiances<\/td><td class=\"column-3\">Bureau du tourisme de Saint-Hyacinthe<\/td>\n<\/tr>\n<tr class=\"row-4\">\n\t<td class=\"column-1\">2017<\/td><td class=\"column-2\">Personnages sous plusieurs formes ...<\/td><td class=\"column-3\">Restaurant Le Caf\u00e9 du Vieux-Beloeil<\/td>\n<\/tr>\n<tr class=\"row-5\">\n\t<td class=\"column-1\">2018<\/td><td class=\"column-2\">Personnages sous diff\u00e9rentes formes<\/td><td class=\"column-3\">Biblioth\u00e8que Sainte-Rosalie, Saint-Hyacinthe<\/td>\n<\/tr>\n<tr class=\"row-6\">\n\t<td class=\"column-1\">2018<\/td><td class=\"column-2\">Personnages sous diff\u00e9rentes formes<\/td><td class=\"column-3\">Biblioth\u00e8que T.-A.-St-Germain, Saint-Hyacinthe<\/td>\n<\/tr>\n<tr class=\"row-7\">\n\t<td colspan=\"3\" class=\"column-1\">Collectives<\/td>\n<\/tr>\n<tr class=\"row-8\">\n\t<td class=\"column-1\">2007<\/td><td class=\"column-2\">La m\u00e9moire<\/td><td class=\"column-3\">Mus\u00e9e d'art de St-Hilaire<\/td>\n<\/tr>\n<tr class=\"row-9\">\n\t<td class=\"column-1\">2010<\/td><td class=\"column-2\">T'aimes ta pomme<\/td><td class=\"column-3\">Atelier de France Malo<\/td>\n<\/tr>\n<tr class=\"row-10\">\n\t<td class=\"column-1\">2010<\/td><td class=\"column-2\">L'espace et le temps<\/td><td class=\"column-3\">Mus\u00e9e d'art de St-Hilaire<\/td>\n<\/tr>\n<tr class=\"row-11\">\n\t<td class=\"column-1\">2011<\/td><td class=\"column-2\">Exposition Printani\u00e8re<\/td><td class=\"column-3\">Pavillon Jordi-Bonet, Mont-Saint-Hilaire<\/td>\n<\/tr>\n<tr class=\"row-12\">\n\t<td class=\"column-1\">2016<\/td><td class=\"column-2\">Le salon des arts visuels de Brossard<\/td><td class=\"column-3\">Centre socioculturel, Brossard<\/td>\n<\/tr>\n<tr class=\"row-13\">\n\t<td class=\"column-1\">2018<\/td><td class=\"column-2\">Exposition Printani\u00e8re<\/td><td class=\"column-3\">Pavillon Jordi-Bonet, Mont-Saint-Hilaire<\/td>\n<\/tr>\n<tr class=\"row-14\">\n\t<td class=\"column-1\">2018<\/td><td class=\"column-2\">Exposition Concours Automnale<\/td><td class=\"column-3\">Centre Marcel-Dulude, Saint-Bruno-de-Montarville<\/td>\n<\/tr>\n<tr class=\"row-15\">\n\t<td class=\"column-1\">2019<\/td><td class=\"column-2\">Biennale les Cr\u00e9ateurs de Paix 2019<\/td><td class=\"column-3\">\u00c9comus\u00e9e du fier monde, Montr\u00e9al<\/td>\n<\/tr>\n<\/tbody>\n<\/table>\n<!-- #tablepress-3 from cache -->\n","protected":false},"excerpt":{"rendered":"<p>D\u00e9marche Depuis longtemps, l\u2019art sous toutes ses formes m\u2019attire et me fait vibrer. Autodidacte durant plusieurs ann\u00e9es, je me suis adonn\u00e9e \u00e0 l\u2019aquarelle. J\u2019aime beaucoup ce m\u00e9dium pour sa transparence et son c\u00f4t\u00e9 impr\u00e9visible. Il y a deux ans, j\u2019ai eu le d\u00e9sir d\u2019apprendre de nouveaux m\u00e9diums. J\u2019ai suivi une formation en pastel sec et &#8230; <\/p>\n<p class=\"read-more-container\"><a title=\"Pyerrette Campbell\" class=\"read-more button\" href=\"https:\/\/aapars.com\/pyerrette-campbell\/#more-6\" aria-label=\"En savoir plus sur Pyerrette Campbell\">Lire plus<\/a><\/p>\n","protected":false},"author":440,"featured_media":0,"parent":0,"menu_order":0,"comment_status":"closed","ping_status":"closed","template":"","meta":{"_s2mail":"yes","ngg_post_thumbnail":0,"iawp_total_views":65,"footnotes":""},"class_list":["post-6","page","type-page","status-publish"],"yoast_head":"<!-- This site is optimized with the Yoast SEO plugin v27.3 - https:\/\/yoast.com\/product\/yoast-seo-wordpress\/ -->\n<title>Pyerrette Campbell - Pyerrette Campbell - Un site de la galerie virtuelle de l\u2019AAPARS<\/title>\n<meta name=\"description\" content=\"D\u00e9marche Depuis longtemps, l\u2019art sous toutes ses formes m\u2019attire et me fait vibrer. Autodidacte durant plusieurs ann\u00e9es, je me suis adonn\u00e9e \u00e0 l\u2019aquarelle.\" \/>\n<meta name=\"robots\" content=\"index, follow, max-snippet:-1, max-image-preview:large, max-video-preview:-1\" \/>\n<link rel=\"canonical\" href=\"https:\/\/aapars.com\/pyerrette-campbell\/\" \/>\n<meta property=\"og:locale\" content=\"fr_FR\" \/>\n<meta property=\"og:type\" content=\"article\" \/>\n<meta property=\"og:title\" content=\"Pyerrette Campbell - Pyerrette Campbell - Un site de la galerie virtuelle de l\u2019AAPARS\" \/>\n<meta property=\"og:description\" content=\"D\u00e9marche Depuis longtemps, l\u2019art sous toutes ses formes m\u2019attire et me fait vibrer. Autodidacte durant plusieurs ann\u00e9es, je me suis adonn\u00e9e \u00e0 l\u2019aquarelle.\" \/>\n<meta property=\"og:url\" content=\"https:\/\/aapars.com\/pyerrette-campbell\/\" \/>\n<meta property=\"og:site_name\" content=\"Pyerrette Campbell\" \/>\n<meta property=\"article:modified_time\" content=\"2023-10-22T20:16:51+00:00\" \/>\n<meta property=\"og:image\" content=\"https:\/\/aapars.com\/pyerrette-campbell\/files\/2023\/10\/photo-artiste-2023-200x200.jpg\" \/>\n<meta name=\"twitter:label1\" content=\"Dur\u00e9e de lecture estim\u00e9e\" \/>\n\t<meta name=\"twitter:data1\" content=\"1 minute\" \/>\n<script type=\"application\/ld+json\" class=\"yoast-schema-graph\">{\"@context\":\"https:\\\/\\\/schema.org\",\"@graph\":[{\"@type\":\"WebPage\",\"@id\":\"https:\\\/\\\/aapars.com\\\/pyerrette-campbell\\\/\",\"url\":\"https:\\\/\\\/aapars.com\\\/pyerrette-campbell\\\/\",\"name\":\"Pyerrette Campbell - Pyerrette Campbell - Un site de la galerie virtuelle de l\u2019AAPARS\",\"isPartOf\":{\"@id\":\"https:\\\/\\\/aapars.com\\\/pyerrette-campbell\\\/#website\"},\"primaryImageOfPage\":{\"@id\":\"https:\\\/\\\/aapars.com\\\/pyerrette-campbell\\\/#primaryimage\"},\"image\":{\"@id\":\"https:\\\/\\\/aapars.com\\\/pyerrette-campbell\\\/#primaryimage\"},\"thumbnailUrl\":\"https:\\\/\\\/aapars.com\\\/pyerrette-campbell\\\/files\\\/2023\\\/10\\\/photo-artiste-2023-200x200.jpg\",\"datePublished\":\"2010-10-03T05:11:36+00:00\",\"dateModified\":\"2023-10-22T20:16:51+00:00\",\"description\":\"D\u00e9marche Depuis longtemps, l\u2019art sous toutes ses formes m\u2019attire et me fait vibrer. Autodidacte durant plusieurs ann\u00e9es, je me suis adonn\u00e9e \u00e0 l\u2019aquarelle.\",\"breadcrumb\":{\"@id\":\"https:\\\/\\\/aapars.com\\\/pyerrette-campbell\\\/#breadcrumb\"},\"inLanguage\":\"fr-FR\",\"potentialAction\":[{\"@type\":\"ReadAction\",\"target\":[\"https:\\\/\\\/aapars.com\\\/pyerrette-campbell\\\/\"]}]},{\"@type\":\"ImageObject\",\"inLanguage\":\"fr-FR\",\"@id\":\"https:\\\/\\\/aapars.com\\\/pyerrette-campbell\\\/#primaryimage\",\"url\":\"https:\\\/\\\/aapars.com\\\/pyerrette-campbell\\\/files\\\/2023\\\/10\\\/photo-artiste-2023.jpg\",\"contentUrl\":\"https:\\\/\\\/aapars.com\\\/pyerrette-campbell\\\/files\\\/2023\\\/10\\\/photo-artiste-2023.jpg\",\"width\":600,\"height\":600},{\"@type\":\"BreadcrumbList\",\"@id\":\"https:\\\/\\\/aapars.com\\\/pyerrette-campbell\\\/#breadcrumb\",\"itemListElement\":[{\"@type\":\"ListItem\",\"position\":1,\"name\":\"Accueil\",\"item\":\"https:\\\/\\\/aapars.com\\\/pyerrette-campbell\\\/\"},{\"@type\":\"ListItem\",\"position\":2,\"name\":\"Pyerrette Campbell\"}]},{\"@type\":\"WebSite\",\"@id\":\"https:\\\/\\\/aapars.com\\\/pyerrette-campbell\\\/#website\",\"url\":\"https:\\\/\\\/aapars.com\\\/pyerrette-campbell\\\/\",\"name\":\"Pyerrette Campbell\",\"description\":\"Un site de la galerie virtuelle de l\u2019AAPARS\",\"publisher\":{\"@id\":\"https:\\\/\\\/aapars.com\\\/pyerrette-campbell\\\/#organization\"},\"potentialAction\":[{\"@type\":\"SearchAction\",\"target\":{\"@type\":\"EntryPoint\",\"urlTemplate\":\"https:\\\/\\\/aapars.com\\\/pyerrette-campbell\\\/?s={search_term_string}\"},\"query-input\":{\"@type\":\"PropertyValueSpecification\",\"valueRequired\":true,\"valueName\":\"search_term_string\"}}],\"inLanguage\":\"fr-FR\"},{\"@type\":\"Organization\",\"@id\":\"https:\\\/\\\/aapars.com\\\/pyerrette-campbell\\\/#organization\",\"name\":\"Pyerrette Campbell\",\"url\":\"https:\\\/\\\/aapars.com\\\/pyerrette-campbell\\\/\",\"logo\":{\"@type\":\"ImageObject\",\"inLanguage\":\"fr-FR\",\"@id\":\"https:\\\/\\\/aapars.com\\\/pyerrette-campbell\\\/#\\\/schema\\\/logo\\\/image\\\/\",\"url\":\"https:\\\/\\\/aapars.com\\\/pyerrette-campbell\\\/files\\\/2012\\\/04\\\/logo-aapars-@2x.png\",\"contentUrl\":\"https:\\\/\\\/aapars.com\\\/pyerrette-campbell\\\/files\\\/2012\\\/04\\\/logo-aapars-@2x.png\",\"width\":560,\"height\":306,\"caption\":\"Pyerrette Campbell\"},\"image\":{\"@id\":\"https:\\\/\\\/aapars.com\\\/pyerrette-campbell\\\/#\\\/schema\\\/logo\\\/image\\\/\"}}]}<\/script>\n<!-- \/ Yoast SEO plugin. -->","yoast_head_json":{"title":"Pyerrette Campbell - Pyerrette Campbell - Un site de la galerie virtuelle de l\u2019AAPARS","description":"D\u00e9marche Depuis longtemps, l\u2019art sous toutes ses formes m\u2019attire et me fait vibrer. Autodidacte durant plusieurs ann\u00e9es, je me suis adonn\u00e9e \u00e0 l\u2019aquarelle.","robots":{"index":"index","follow":"follow","max-snippet":"max-snippet:-1","max-image-preview":"max-image-preview:large","max-video-preview":"max-video-preview:-1"},"canonical":"https:\/\/aapars.com\/pyerrette-campbell\/","og_locale":"fr_FR","og_type":"article","og_title":"Pyerrette Campbell - Pyerrette Campbell - Un site de la galerie virtuelle de l\u2019AAPARS","og_description":"D\u00e9marche Depuis longtemps, l\u2019art sous toutes ses formes m\u2019attire et me fait vibrer. Autodidacte durant plusieurs ann\u00e9es, je me suis adonn\u00e9e \u00e0 l\u2019aquarelle.","og_url":"https:\/\/aapars.com\/pyerrette-campbell\/","og_site_name":"Pyerrette Campbell","article_modified_time":"2023-10-22T20:16:51+00:00","og_image":[{"url":"https:\/\/aapars.com\/pyerrette-campbell\/files\/2023\/10\/photo-artiste-2023-200x200.jpg","type":"","width":"","height":""}],"twitter_misc":{"Dur\u00e9e de lecture estim\u00e9e":"1 minute"},"schema":{"@context":"https:\/\/schema.org","@graph":[{"@type":"WebPage","@id":"https:\/\/aapars.com\/pyerrette-campbell\/","url":"https:\/\/aapars.com\/pyerrette-campbell\/","name":"Pyerrette Campbell - Pyerrette Campbell - Un site de la galerie virtuelle de l\u2019AAPARS","isPartOf":{"@id":"https:\/\/aapars.com\/pyerrette-campbell\/#website"},"primaryImageOfPage":{"@id":"https:\/\/aapars.com\/pyerrette-campbell\/#primaryimage"},"image":{"@id":"https:\/\/aapars.com\/pyerrette-campbell\/#primaryimage"},"thumbnailUrl":"https:\/\/aapars.com\/pyerrette-campbell\/files\/2023\/10\/photo-artiste-2023-200x200.jpg","datePublished":"2010-10-03T05:11:36+00:00","dateModified":"2023-10-22T20:16:51+00:00","description":"D\u00e9marche Depuis longtemps, l\u2019art sous toutes ses formes m\u2019attire et me fait vibrer. Autodidacte durant plusieurs ann\u00e9es, je me suis adonn\u00e9e \u00e0 l\u2019aquarelle.","breadcrumb":{"@id":"https:\/\/aapars.com\/pyerrette-campbell\/#breadcrumb"},"inLanguage":"fr-FR","potentialAction":[{"@type":"ReadAction","target":["https:\/\/aapars.com\/pyerrette-campbell\/"]}]},{"@type":"ImageObject","inLanguage":"fr-FR","@id":"https:\/\/aapars.com\/pyerrette-campbell\/#primaryimage","url":"https:\/\/aapars.com\/pyerrette-campbell\/files\/2023\/10\/photo-artiste-2023.jpg","contentUrl":"https:\/\/aapars.com\/pyerrette-campbell\/files\/2023\/10\/photo-artiste-2023.jpg","width":600,"height":600},{"@type":"BreadcrumbList","@id":"https:\/\/aapars.com\/pyerrette-campbell\/#breadcrumb","itemListElement":[{"@type":"ListItem","position":1,"name":"Accueil","item":"https:\/\/aapars.com\/pyerrette-campbell\/"},{"@type":"ListItem","position":2,"name":"Pyerrette Campbell"}]},{"@type":"WebSite","@id":"https:\/\/aapars.com\/pyerrette-campbell\/#website","url":"https:\/\/aapars.com\/pyerrette-campbell\/","name":"Pyerrette Campbell","description":"Un site de la galerie virtuelle de l\u2019AAPARS","publisher":{"@id":"https:\/\/aapars.com\/pyerrette-campbell\/#organization"},"potentialAction":[{"@type":"SearchAction","target":{"@type":"EntryPoint","urlTemplate":"https:\/\/aapars.com\/pyerrette-campbell\/?s={search_term_string}"},"query-input":{"@type":"PropertyValueSpecification","valueRequired":true,"valueName":"search_term_string"}}],"inLanguage":"fr-FR"},{"@type":"Organization","@id":"https:\/\/aapars.com\/pyerrette-campbell\/#organization","name":"Pyerrette Campbell","url":"https:\/\/aapars.com\/pyerrette-campbell\/","logo":{"@type":"ImageObject","inLanguage":"fr-FR","@id":"https:\/\/aapars.com\/pyerrette-campbell\/#\/schema\/logo\/image\/","url":"https:\/\/aapars.com\/pyerrette-campbell\/files\/2012\/04\/logo-aapars-@2x.png","contentUrl":"https:\/\/aapars.com\/pyerrette-campbell\/files\/2012\/04\/logo-aapars-@2x.png","width":560,"height":306,"caption":"Pyerrette Campbell"},"image":{"@id":"https:\/\/aapars.com\/pyerrette-campbell\/#\/schema\/logo\/image\/"}}]}},"_links":{"self":[{"href":"https:\/\/aapars.com\/pyerrette-campbell\/wp-json\/wp\/v2\/pages\/6","targetHints":{"allow":["GET"]}}],"collection":[{"href":"https:\/\/aapars.com\/pyerrette-campbell\/wp-json\/wp\/v2\/pages"}],"about":[{"href":"https:\/\/aapars.com\/pyerrette-campbell\/wp-json\/wp\/v2\/types\/page"}],"author":[{"embeddable":true,"href":"https:\/\/aapars.com\/pyerrette-campbell\/wp-json\/wp\/v2\/users\/440"}],"replies":[{"embeddable":true,"href":"https:\/\/aapars.com\/pyerrette-campbell\/wp-json\/wp\/v2\/comments?post=6"}],"version-history":[{"count":3,"href":"https:\/\/aapars.com\/pyerrette-campbell\/wp-json\/wp\/v2\/pages\/6\/revisions"}],"predecessor-version":[{"id":296,"href":"https:\/\/aapars.com\/pyerrette-campbell\/wp-json\/wp\/v2\/pages\/6\/revisions\/296"}],"wp:attachment":[{"href":"https:\/\/aapars.com\/pyerrette-campbell\/wp-json\/wp\/v2\/media?parent=6"}],"curies":[{"name":"wp","href":"https:\/\/api.w.org\/{rel}","templated":true}]}}