{"id":2,"date":"2010-10-03T05:11:36","date_gmt":"2010-10-03T09:11:36","guid":{"rendered":"https:\/\/aapars.com\/jacques-landry\/?page_id=2"},"modified":"2024-03-26T09:50:25","modified_gmt":"2024-03-26T13:50:25","slug":"accueil","status":"publish","type":"page","link":"https:\/\/aapars.com\/nicole-daignault\/","title":{"rendered":"Nicole Daignault"},"content":{"rendered":"<p><img loading=\"lazy\" decoding=\"async\" class=\"alignnone size-full wp-image-64\" src=\"https:\/\/aapars.com\/nicole-daignault\/files\/2021\/02\/Nicole-Daignault-2017.jpg\" alt=\"\" width=\"240\" height=\"240\" \/><\/p>\n\n<table id=\"tablepress-1\" class=\"tablepress tablepress-id-1\">\n<tbody class=\"row-striping\">\n<tr class=\"row-1\">\n\t<td class=\"column-1\">Technique :<\/td><td class=\"column-2\">Huile <\/td>\n<\/tr>\n<tr class=\"row-2\">\n\t<td class=\"column-1\">Affiliations professionelles :<\/td><td class=\"column-2\">APAARS<\/td>\n<\/tr>\n<tr class=\"row-3\">\n\t<td class=\"column-1\">T\u00e9l\u00e9phone :<\/td><td class=\"column-2\">450-802-7533<\/td>\n<\/tr>\n<tr class=\"row-4\">\n\t<td class=\"column-1\">Courriel :<\/td><td class=\"column-2\"><a href=\"mailto:nicoledaignault@hotmail.com\">nicoledaignault@hotmail.com<\/td>\n<\/tr>\n<tr class=\"row-5\">\n\t<td class=\"column-1\">Site Internet :<\/td><td class=\"column-2\"><a href=\"http:\/\/www.nicoledaignault.com\">www.nicoledaignault.com<\/a><\/td>\n<\/tr>\n<\/tbody>\n<\/table>\n<!-- #tablepress-1 from cache -->\n<h2>D\u00e9marche<\/h2>\n<p>Je m\u2019inspire de mes photographies pour r\u00e9aliser mes croquis, en majorit\u00e9 au fusain directement sur ma toile. Le travail de cr\u00e9ation d\u00e9bute d\u00e8s le premier d\u00e9clic de la cam\u00e9ra.\u00a0 Je vois d\u00e9j\u00e0 na\u00eetre des images dans mon esprit.<\/p>\n<p>J\u2019exprime mon art par la repr\u00e9sentation d\u2019objets de la vie quotidienne. J\u2019essai de saisir et transmettre l\u2019\u00e9motion du moment. Mes \u0153uvres \u00e9voquent pour certains spectateurs des souvenirs d\u2019enfance.\u00a0 Chaque fois, c\u2019est un d\u00e9fi et un plaisir d\u2019exprimer ce que mes th\u00e8mes, aussi diversifi\u00e9s soient-ils, paysages, animaux ou enfants me communiquent. Mon travail d\u2019artiste que l\u2019on qualifie de figuratif, refl\u00e8te tout l\u2019enthousiasme que me procurent mes sujets, guidant passionn\u00e9ment d\u2019une saison \u00e0 l\u2019autre mes compositions et ma palette de couleurs.<\/p>\n<p>Ce sont des sujets in\u00e9puisables qui donnent \u00e0 mes tableaux, en majorit\u00e9 peints \u00e0 l\u2019huile, des couleurs \u00e9clatantes et une sensation de joie de vivre communicative.<\/p>\n<p><strong>Artist Statement<\/strong><\/p>\n<p>My photographs are my source of inspiration to sketch, mostly in charcoal, directly on canvas. From the first moment the picture is taken I see images coming to life in my mind.<\/p>\n<p>My art consists of representing objects of my daily life. I aim to communicate the feeling of the moment. Each time, it is a challenge and a great satisfaction to represent what my themes, be it landscapes, animals or children, convey. I am often told that my paintings evoque memories of youth.<\/p>\n<p>My compositions, my choice of color, and my artist style, which one qualifies as figurative, reflect my passion for those subjects throughout the seasons. I find a continued source of creativity in those inexhaustible subjects which impart bright colors and an infectious feeling of \u201cjoie de vivre\u201d to my paintings, mostly done in oils.<\/p>\n<p>&nbsp;<\/p>\n<h2>Formation<\/h2>\n\n<table id=\"tablepress-2\" class=\"tablepress tablepress-id-2\">\n<thead>\n<tr class=\"row-1\">\n\t<th class=\"column-1\">Ann\u00e9e<\/th><th class=\"column-2\">Institution\/Professeur<\/th><th class=\"column-3\">Programme<\/th>\n<\/tr>\n<\/thead>\n<tbody class=\"row-striping\">\n<tr class=\"row-2\">\n\t<td class=\"column-1\">2006 \u00e0 2012<\/td><td class=\"column-2\">Universit\u00e9 Bishops<\/td><td class=\"column-3\">Certificat en arts visuels, 30h chaque <br \/>\nTh\u00e9orie et pratique des couleurs, Dessin 1,11, Peinture 1, 11, Gravure, <br \/>\nPhoto num\u00e9rique,<br \/>\nSculpture, <br \/>\nHistoire de l'arts 1,11 <\/td>\n<\/tr>\n<tr class=\"row-3\">\n\t<td class=\"column-1\">2015<\/td><td class=\"column-2\">Suzanne Godbout<\/td><td class=\"column-3\">pastel sec 30hrs  <\/td>\n<\/tr>\n<tr class=\"row-4\">\n\t<td class=\"column-1\">2007<\/td><td class=\"column-2\">Centre des Arts Visuels de Montr\u00e9al Mary Haynes  <\/td><td class=\"column-3\">Dessin de mod\u00e8le vivant, la forme humaine <\/td>\n<\/tr>\n<tr class=\"row-5\">\n\t<td class=\"column-1\"><\/td><td class=\"column-2\"><\/td><td class=\"column-3\"><\/td>\n<\/tr>\n<\/tbody>\n<\/table>\n<!-- #tablepress-2 from cache -->\n<p>&nbsp;<\/p>\n<h2>Expositions<\/h2>\n\n<table id=\"tablepress-3\" class=\"tablepress tablepress-id-3 tbody-has-connected-cells\">\n<thead>\n<tr class=\"row-1\">\n\t<th class=\"column-1\">Ann\u00e9e<\/th><th class=\"column-2\">Nom<\/th><th class=\"column-3\">Endroit<\/th>\n<\/tr>\n<\/thead>\n<tbody class=\"row-striping\">\n<tr class=\"row-2\">\n\t<td colspan=\"3\" class=\"column-1\">Individuelles<\/td>\n<\/tr>\n<tr class=\"row-3\">\n\t<td class=\"column-1\">2016<\/td><td class=\"column-2\">Salle Alfred Langevin <\/td><td class=\"column-3\">L'Artmonie de la vie duo <\/td>\n<\/tr>\n<tr class=\"row-4\">\n\t<td colspan=\"3\" class=\"column-1\">Collectives<\/td>\n<\/tr>\n<tr class=\"row-5\">\n\t<td class=\"column-1\">2021-18<\/td><td class=\"column-2\">Stewart Hall <\/td><td class=\"column-3\">Collection de l'arthot\u00e8que <\/td>\n<\/tr>\n<tr class=\"row-6\">\n\t<td class=\"column-1\">2014<\/td><td class=\"column-2\">Steward Hall <\/td><td class=\"column-3\">Pastel mati\u00e8re Lumineuse avec l'Association du pastel l'est du Canada<\/td>\n<\/tr>\n<tr class=\"row-7\">\n\t<td class=\"column-1\">2019<\/td><td class=\"column-2\">Eposition Guy Godin, dessin<\/td><td class=\"column-3\">Iles Perrot <\/td>\n<\/tr>\n<tr class=\"row-8\">\n\t<td class=\"column-1\">2017<\/td><td class=\"column-2\">Reauseau Art Spontan\u00e9<\/td><td class=\"column-3\">C\u00e9gep de Salaberry-de-Valleyfield <\/td>\n<\/tr>\n<tr class=\"row-9\">\n\t<td class=\"column-1\">2005 \u00e0 2015<\/td><td class=\"column-2\">Galerie du coin <\/td><td class=\"column-3\">Salaberry-de-Valleyfield<\/td>\n<\/tr>\n<tr class=\"row-10\">\n\t<td class=\"column-1\">2009-07-06<\/td><td class=\"column-2\">Universit\u00e9 Bishops exposition collective, cam\u00e9ra num\u00e9rique, gravure,couleurs, <\/td><td class=\"column-3\">Campus Knowltonde Bishops, <\/td>\n<\/tr>\n<tr class=\"row-11\">\n\t<td class=\"column-1\">2014-13-06-05<\/td><td class=\"column-2\">Salon des arts visuels <\/td><td class=\"column-3\">Centre Sociaux culturel de Brossard <\/td>\n<\/tr>\n<tr class=\"row-12\">\n\t<td class=\"column-1\">1999 \u00e0 2018<\/td><td class=\"column-2\">Fraicheurs Printani\u00e8re Expo-concours <\/td><td class=\"column-3\">Chalet du parc Delpha Sauv\u00e9 Salaberry-de-Valleyfield <\/td>\n<\/tr>\n<tr class=\"row-13\">\n\t<td class=\"column-1\">2017-11-05-04<\/td><td class=\"column-2\">Le rendez-vous des artistes <\/td><td class=\"column-3\">St-L\u00e9onard, Nouveau Brunswick<\/td>\n<\/tr>\n<tr class=\"row-14\">\n\t<td class=\"column-1\">2003 \u00e0 2019<\/td><td class=\"column-2\">Festival des Arts<\/td><td class=\"column-3\">Salaberry-de-Valleyfield <\/td>\n<\/tr>\n<tr class=\"row-15\">\n\t<td class=\"column-1\">2019<\/td><td class=\"column-2\">Expo-concours  Automnale, APAARS <\/td><td class=\"column-3\">Centre Marcel-Dulude St-Bruno-de-Montarville<\/td>\n<\/tr>\n<tr class=\"row-16\">\n\t<td class=\"column-1\">2019<\/td><td class=\"column-2\">Plaisirs d'artistes <\/td><td class=\"column-3\">March\u00e9 Bonsecourt, Montr\u00e9al<\/td>\n<\/tr>\n<\/tbody>\n<\/table>\n<!-- #tablepress-3 from cache -->\n<h2>Galeries<\/h2>\n\n<table id=\"tablepress-4\" class=\"tablepress tablepress-id-4\">\n<thead>\n<tr class=\"row-1\">\n\t<th class=\"column-1\">Nom de la galerie<\/th><th class=\"column-2\">Lieu<\/th>\n<\/tr>\n<\/thead>\n<tbody class=\"row-striping\">\n<tr class=\"row-2\">\n\t<td class=\"column-1\">Galerie Van Dyck<\/td><td class=\"column-2\">Rigaud<\/td>\n<\/tr>\n<tr class=\"row-3\">\n\t<td class=\"column-1\">Galerie In Vivo<\/td><td class=\"column-2\">Montr\u00e9al <\/td>\n<\/tr>\n<tr class=\"row-4\">\n\t<td class=\"column-1\">Galerie du coin <\/td><td class=\"column-2\">Salabery-de-Valleyfield <\/td>\n<\/tr>\n<tr class=\"row-5\">\n\t<td class=\"column-1\"><\/td><td class=\"column-2\"><\/td>\n<\/tr>\n<\/tbody>\n<\/table>\n<!-- #tablepress-4 from cache -->\n<h2>Reconnaissances<\/h2>\n\n<table id=\"tablepress-5\" class=\"tablepress tablepress-id-5\">\n<thead>\n<tr class=\"row-1\">\n\t<th class=\"column-1\">Ann\u00e9e<\/th><th class=\"column-2\">Nom<\/th><th class=\"column-3\">Endroit de remise<\/th>\n<\/tr>\n<\/thead>\n<tbody class=\"row-striping\">\n<tr class=\"row-2\">\n\t<td class=\"column-1\">22017<\/td><td class=\"column-2\">Expo-Concours prix toute cat\u00e9gorie <\/td><td class=\"column-3\">Salaberry-de-Valleyfield <\/td>\n<\/tr>\n<tr class=\"row-3\">\n\t<td class=\"column-1\">2014<\/td><td class=\"column-2\"><br \/>\nExpo-Concours <\/td><td class=\"column-3\">2e prix semi-professionel, Salaberry-de-Valleyfield<\/td>\n<\/tr>\n<tr class=\"row-4\">\n\t<td class=\"column-1\">2013<\/td><td class=\"column-2\">Expo-Concours Mention d'honneur <\/td><td class=\"column-3\">Club nautique Salaberry-de-Valleyield<\/td>\n<\/tr>\n<tr class=\"row-5\">\n\t<td class=\"column-1\">2003<\/td><td class=\"column-2\">Expo-Concours Mention d'honneur <\/td><td class=\"column-3\">Salaberry-de-Valleyfield <\/td>\n<\/tr>\n<\/tbody>\n<\/table>\n<!-- #tablepress-5 from cache -->\n<h2>Collections<\/h2>\n\n<table id=\"tablepress-6\" class=\"tablepress tablepress-id-6\">\n<thead>\n<tr class=\"row-1\">\n\t<th class=\"column-1\">Cat\u00e9gorie<\/th><th class=\"column-2\">Nom du lieu<\/th><th class=\"column-3\">Ville<\/th>\n<\/tr>\n<\/thead>\n<tbody class=\"row-striping\">\n<tr class=\"row-2\">\n\t<td class=\"column-1\">2021<\/td><td class=\"column-2\">Stewart Hall<\/td><td class=\"column-3\">Pointe Claire<\/td>\n<\/tr>\n<tr class=\"row-3\">\n\t<td class=\"column-1\">2013<\/td><td class=\"column-2\">Ville de Salaberry-de-Valleyfield <\/td><td class=\"column-3\">Salaberry-de-Valleyfield<\/td>\n<\/tr>\n<tr class=\"row-4\">\n\t<td class=\"column-1\">Exemple<\/td><td class=\"column-2\">Exemple<\/td><td class=\"column-3\">Exemple<\/td>\n<\/tr>\n<tr class=\"row-5\">\n\t<td class=\"column-1\">Exemple<\/td><td class=\"column-2\">Exemple<\/td><td class=\"column-3\">Exemple<\/td>\n<\/tr>\n<\/tbody>\n<\/table>\n<!-- #tablepress-6 from cache -->\n<h2>M\u00e9dias<\/h2>\n\n<table id=\"tablepress-7\" class=\"tablepress tablepress-id-7\">\n<thead>\n<tr class=\"row-1\">\n\t<th class=\"column-1\">Ann\u00e9e<\/th><th class=\"column-2\">Titre<\/th><th class=\"column-3\">Auteur<\/th><th class=\"column-4\">Source<\/th>\n<\/tr>\n<\/thead>\n<tbody class=\"row-striping\">\n<tr class=\"row-2\">\n\t<td class=\"column-1\">2021<\/td><td class=\"column-2\">Magazin'Art <\/td><td class=\"column-3\"><\/td><td class=\"column-4\"><\/td>\n<\/tr>\n<tr class=\"row-3\">\n\t<td class=\"column-1\">2014<\/td><td class=\"column-2\">Journal St-Francois <\/td><td class=\"column-3\"><\/td><td class=\"column-4\">Prag Ru\u00e9e vers l'arts <\/td>\n<\/tr>\n<tr class=\"row-4\">\n\t<td class=\"column-1\">2012<\/td><td class=\"column-2\">Les collections Histoire du Qu\u00e9bec <\/td><td class=\"column-3\">Soci\u00e9t\u00e9 Historique de St-Anicet<\/td><td class=\"column-4\">Saint-Anicet d'hier \u00e0 aujourd'hui<\/td>\n<\/tr>\n<tr class=\"row-5\">\n\t<td class=\"column-1\"><\/td><td class=\"column-2\"><\/td><td class=\"column-3\"><\/td><td class=\"column-4\"><\/td>\n<\/tr>\n<\/tbody>\n<\/table>\n<!-- #tablepress-7 from cache -->\n<p>&nbsp;<\/p>\n<input class=\"fooboxshare_post_id\" type=\"hidden\" value=\"2\"\/>","protected":false},"excerpt":{"rendered":"<p>D\u00e9marche Je m\u2019inspire de mes photographies pour r\u00e9aliser mes croquis, en majorit\u00e9 au fusain directement sur ma toile. Le travail de cr\u00e9ation d\u00e9bute d\u00e8s le premier d\u00e9clic de la cam\u00e9ra.\u00a0 Je vois d\u00e9j\u00e0 na\u00eetre des images dans mon esprit. J\u2019exprime mon art par la repr\u00e9sentation d\u2019objets de la vie quotidienne. J\u2019essai de saisir et transmettre &#8230; <\/p>\n<p class=\"read-more-container\"><a title=\"Nicole Daignault\" class=\"read-more button\" href=\"https:\/\/aapars.com\/nicole-daignault\/#more-2\" aria-label=\"En savoir plus sur Nicole Daignault\">Lire plus<\/a><\/p>\n","protected":false},"author":3448,"featured_media":0,"parent":0,"menu_order":0,"comment_status":"closed","ping_status":"closed","template":"","meta":{"_s2mail":"yes","ngg_post_thumbnail":0,"iawp_total_views":97,"footnotes":""},"class_list":["post-2","page","type-page","status-publish"],"yoast_head":"<!-- This site is optimized with the Yoast SEO plugin v27.5 - https:\/\/yoast.com\/product\/yoast-seo-wordpress\/ -->\n<title>Nicole Daignault - Nicole Daignault - Un site de la galerie virtuelle de l&#039;AAPARS<\/title>\n<meta name=\"description\" content=\"D\u00e9marche Je m\u2019inspire de mes photographies pour r\u00e9aliser mes croquis, en majorit\u00e9 au fusain directement sur ma toile. Le travail de cr\u00e9ation d\u00e9bute d\u00e8s le\" \/>\n<meta name=\"robots\" content=\"index, follow, max-snippet:-1, max-image-preview:large, max-video-preview:-1\" \/>\n<link rel=\"canonical\" href=\"https:\/\/aapars.com\/nicole-daignault\/\" \/>\n<meta property=\"og:locale\" content=\"fr_FR\" \/>\n<meta property=\"og:type\" content=\"article\" \/>\n<meta property=\"og:title\" content=\"Nicole Daignault - Nicole Daignault - Un site de la galerie virtuelle de l&#039;AAPARS\" \/>\n<meta property=\"og:description\" content=\"D\u00e9marche Je m\u2019inspire de mes photographies pour r\u00e9aliser mes croquis, en majorit\u00e9 au fusain directement sur ma toile. Le travail de cr\u00e9ation d\u00e9bute d\u00e8s le\" \/>\n<meta property=\"og:url\" content=\"https:\/\/aapars.com\/nicole-daignault\/\" \/>\n<meta property=\"og:site_name\" content=\"Nicole Daignault\" \/>\n<meta property=\"article:modified_time\" content=\"2024-03-26T13:50:25+00:00\" \/>\n<meta property=\"og:image\" content=\"https:\/\/aapars.com\/nicole-daignault\/files\/2021\/02\/Nicole-Daignault-2017.jpg\" \/>\n<meta name=\"twitter:label1\" content=\"Dur\u00e9e de lecture estim\u00e9e\" \/>\n\t<meta name=\"twitter:data1\" content=\"2 minutes\" \/>\n<script type=\"application\/ld+json\" class=\"yoast-schema-graph\">{\"@context\":\"https:\\\/\\\/schema.org\",\"@graph\":[{\"@type\":\"WebPage\",\"@id\":\"https:\\\/\\\/aapars.com\\\/nicole-daignault\\\/\",\"url\":\"https:\\\/\\\/aapars.com\\\/nicole-daignault\\\/\",\"name\":\"Nicole Daignault - Nicole Daignault - Un site de la galerie virtuelle de l&#039;AAPARS\",\"isPartOf\":{\"@id\":\"https:\\\/\\\/aapars.com\\\/nicole-daignault\\\/#website\"},\"primaryImageOfPage\":{\"@id\":\"https:\\\/\\\/aapars.com\\\/nicole-daignault\\\/#primaryimage\"},\"image\":{\"@id\":\"https:\\\/\\\/aapars.com\\\/nicole-daignault\\\/#primaryimage\"},\"thumbnailUrl\":\"https:\\\/\\\/aapars.com\\\/nicole-daignault\\\/files\\\/2021\\\/02\\\/Nicole-Daignault-2017.jpg\",\"datePublished\":\"2010-10-03T09:11:36+00:00\",\"dateModified\":\"2024-03-26T13:50:25+00:00\",\"description\":\"D\u00e9marche Je m\u2019inspire de mes photographies pour r\u00e9aliser mes croquis, en majorit\u00e9 au fusain directement sur ma toile. Le travail de cr\u00e9ation d\u00e9bute d\u00e8s le\",\"breadcrumb\":{\"@id\":\"https:\\\/\\\/aapars.com\\\/nicole-daignault\\\/#breadcrumb\"},\"inLanguage\":\"fr-FR\",\"potentialAction\":[{\"@type\":\"ReadAction\",\"target\":[\"https:\\\/\\\/aapars.com\\\/nicole-daignault\\\/\"]}]},{\"@type\":\"ImageObject\",\"inLanguage\":\"fr-FR\",\"@id\":\"https:\\\/\\\/aapars.com\\\/nicole-daignault\\\/#primaryimage\",\"url\":\"https:\\\/\\\/aapars.com\\\/nicole-daignault\\\/files\\\/2021\\\/02\\\/Nicole-Daignault-2017.jpg\",\"contentUrl\":\"https:\\\/\\\/aapars.com\\\/nicole-daignault\\\/files\\\/2021\\\/02\\\/Nicole-Daignault-2017.jpg\"},{\"@type\":\"BreadcrumbList\",\"@id\":\"https:\\\/\\\/aapars.com\\\/nicole-daignault\\\/#breadcrumb\",\"itemListElement\":[{\"@type\":\"ListItem\",\"position\":1,\"name\":\"Accueil\",\"item\":\"https:\\\/\\\/aapars.com\\\/nicole-daignault\\\/\"},{\"@type\":\"ListItem\",\"position\":2,\"name\":\"Nicole Daignault\"}]},{\"@type\":\"WebSite\",\"@id\":\"https:\\\/\\\/aapars.com\\\/nicole-daignault\\\/#website\",\"url\":\"https:\\\/\\\/aapars.com\\\/nicole-daignault\\\/\",\"name\":\"Nicole Daignault\",\"description\":\"Un site de la galerie virtuelle de l&#039;AAPARS\",\"publisher\":{\"@id\":\"https:\\\/\\\/aapars.com\\\/nicole-daignault\\\/#organization\"},\"potentialAction\":[{\"@type\":\"SearchAction\",\"target\":{\"@type\":\"EntryPoint\",\"urlTemplate\":\"https:\\\/\\\/aapars.com\\\/nicole-daignault\\\/?s={search_term_string}\"},\"query-input\":{\"@type\":\"PropertyValueSpecification\",\"valueRequired\":true,\"valueName\":\"search_term_string\"}}],\"inLanguage\":\"fr-FR\"},{\"@type\":\"Organization\",\"@id\":\"https:\\\/\\\/aapars.com\\\/nicole-daignault\\\/#organization\",\"name\":\"Nicole Daignault\",\"url\":\"https:\\\/\\\/aapars.com\\\/nicole-daignault\\\/\",\"logo\":{\"@type\":\"ImageObject\",\"inLanguage\":\"fr-FR\",\"@id\":\"https:\\\/\\\/aapars.com\\\/nicole-daignault\\\/#\\\/schema\\\/logo\\\/image\\\/\",\"url\":\"https:\\\/\\\/aapars.com\\\/nicole-daignault\\\/files\\\/2012\\\/04\\\/logo-aapars-@2x.png\",\"contentUrl\":\"https:\\\/\\\/aapars.com\\\/nicole-daignault\\\/files\\\/2012\\\/04\\\/logo-aapars-@2x.png\",\"width\":560,\"height\":306,\"caption\":\"Nicole Daignault\"},\"image\":{\"@id\":\"https:\\\/\\\/aapars.com\\\/nicole-daignault\\\/#\\\/schema\\\/logo\\\/image\\\/\"}}]}<\/script>\n<!-- \/ Yoast SEO plugin. -->","yoast_head_json":{"title":"Nicole Daignault - Nicole Daignault - Un site de la galerie virtuelle de l&#039;AAPARS","description":"D\u00e9marche Je m\u2019inspire de mes photographies pour r\u00e9aliser mes croquis, en majorit\u00e9 au fusain directement sur ma toile. Le travail de cr\u00e9ation d\u00e9bute d\u00e8s le","robots":{"index":"index","follow":"follow","max-snippet":"max-snippet:-1","max-image-preview":"max-image-preview:large","max-video-preview":"max-video-preview:-1"},"canonical":"https:\/\/aapars.com\/nicole-daignault\/","og_locale":"fr_FR","og_type":"article","og_title":"Nicole Daignault - Nicole Daignault - Un site de la galerie virtuelle de l&#039;AAPARS","og_description":"D\u00e9marche Je m\u2019inspire de mes photographies pour r\u00e9aliser mes croquis, en majorit\u00e9 au fusain directement sur ma toile. Le travail de cr\u00e9ation d\u00e9bute d\u00e8s le","og_url":"https:\/\/aapars.com\/nicole-daignault\/","og_site_name":"Nicole Daignault","article_modified_time":"2024-03-26T13:50:25+00:00","og_image":[{"url":"https:\/\/aapars.com\/nicole-daignault\/files\/2021\/02\/Nicole-Daignault-2017.jpg","type":"","width":"","height":""}],"twitter_misc":{"Dur\u00e9e de lecture estim\u00e9e":"2 minutes"},"schema":{"@context":"https:\/\/schema.org","@graph":[{"@type":"WebPage","@id":"https:\/\/aapars.com\/nicole-daignault\/","url":"https:\/\/aapars.com\/nicole-daignault\/","name":"Nicole Daignault - Nicole Daignault - Un site de la galerie virtuelle de l&#039;AAPARS","isPartOf":{"@id":"https:\/\/aapars.com\/nicole-daignault\/#website"},"primaryImageOfPage":{"@id":"https:\/\/aapars.com\/nicole-daignault\/#primaryimage"},"image":{"@id":"https:\/\/aapars.com\/nicole-daignault\/#primaryimage"},"thumbnailUrl":"https:\/\/aapars.com\/nicole-daignault\/files\/2021\/02\/Nicole-Daignault-2017.jpg","datePublished":"2010-10-03T09:11:36+00:00","dateModified":"2024-03-26T13:50:25+00:00","description":"D\u00e9marche Je m\u2019inspire de mes photographies pour r\u00e9aliser mes croquis, en majorit\u00e9 au fusain directement sur ma toile. Le travail de cr\u00e9ation d\u00e9bute d\u00e8s le","breadcrumb":{"@id":"https:\/\/aapars.com\/nicole-daignault\/#breadcrumb"},"inLanguage":"fr-FR","potentialAction":[{"@type":"ReadAction","target":["https:\/\/aapars.com\/nicole-daignault\/"]}]},{"@type":"ImageObject","inLanguage":"fr-FR","@id":"https:\/\/aapars.com\/nicole-daignault\/#primaryimage","url":"https:\/\/aapars.com\/nicole-daignault\/files\/2021\/02\/Nicole-Daignault-2017.jpg","contentUrl":"https:\/\/aapars.com\/nicole-daignault\/files\/2021\/02\/Nicole-Daignault-2017.jpg"},{"@type":"BreadcrumbList","@id":"https:\/\/aapars.com\/nicole-daignault\/#breadcrumb","itemListElement":[{"@type":"ListItem","position":1,"name":"Accueil","item":"https:\/\/aapars.com\/nicole-daignault\/"},{"@type":"ListItem","position":2,"name":"Nicole Daignault"}]},{"@type":"WebSite","@id":"https:\/\/aapars.com\/nicole-daignault\/#website","url":"https:\/\/aapars.com\/nicole-daignault\/","name":"Nicole Daignault","description":"Un site de la galerie virtuelle de l&#039;AAPARS","publisher":{"@id":"https:\/\/aapars.com\/nicole-daignault\/#organization"},"potentialAction":[{"@type":"SearchAction","target":{"@type":"EntryPoint","urlTemplate":"https:\/\/aapars.com\/nicole-daignault\/?s={search_term_string}"},"query-input":{"@type":"PropertyValueSpecification","valueRequired":true,"valueName":"search_term_string"}}],"inLanguage":"fr-FR"},{"@type":"Organization","@id":"https:\/\/aapars.com\/nicole-daignault\/#organization","name":"Nicole Daignault","url":"https:\/\/aapars.com\/nicole-daignault\/","logo":{"@type":"ImageObject","inLanguage":"fr-FR","@id":"https:\/\/aapars.com\/nicole-daignault\/#\/schema\/logo\/image\/","url":"https:\/\/aapars.com\/nicole-daignault\/files\/2012\/04\/logo-aapars-@2x.png","contentUrl":"https:\/\/aapars.com\/nicole-daignault\/files\/2012\/04\/logo-aapars-@2x.png","width":560,"height":306,"caption":"Nicole Daignault"},"image":{"@id":"https:\/\/aapars.com\/nicole-daignault\/#\/schema\/logo\/image\/"}}]}},"_links":{"self":[{"href":"https:\/\/aapars.com\/nicole-daignault\/wp-json\/wp\/v2\/pages\/2","targetHints":{"allow":["GET"]}}],"collection":[{"href":"https:\/\/aapars.com\/nicole-daignault\/wp-json\/wp\/v2\/pages"}],"about":[{"href":"https:\/\/aapars.com\/nicole-daignault\/wp-json\/wp\/v2\/types\/page"}],"author":[{"embeddable":true,"href":"https:\/\/aapars.com\/nicole-daignault\/wp-json\/wp\/v2\/users\/3448"}],"replies":[{"embeddable":true,"href":"https:\/\/aapars.com\/nicole-daignault\/wp-json\/wp\/v2\/comments?post=2"}],"version-history":[{"count":1,"href":"https:\/\/aapars.com\/nicole-daignault\/wp-json\/wp\/v2\/pages\/2\/revisions"}],"predecessor-version":[{"id":281,"href":"https:\/\/aapars.com\/nicole-daignault\/wp-json\/wp\/v2\/pages\/2\/revisions\/281"}],"wp:attachment":[{"href":"https:\/\/aapars.com\/nicole-daignault\/wp-json\/wp\/v2\/media?parent=2"}],"curies":[{"name":"wp","href":"https:\/\/api.w.org\/{rel}","templated":true}]}}