{"id":2,"date":"2010-10-03T05:11:36","date_gmt":"2010-10-03T05:11:36","guid":{"rendered":"https:\/\/aapars.com\/jacques-landry\/?page_id=2"},"modified":"2024-03-26T10:59:50","modified_gmt":"2024-03-26T14:59:50","slug":"accueil","status":"publish","type":"page","link":"https:\/\/aapars.com\/nancy-morin-gravel\/","title":{"rendered":"Nancy Morin Gravel"},"content":{"rendered":"<p>&nbsp;<\/p>\n<p><img loading=\"lazy\" decoding=\"async\" class=\"alignnone wp-image-63 size-medium\" src=\"https:\/\/aapars.com\/nancy-morin-gravel\/files\/2018\/12\/DSC_0061-2-535x356.jpg\" alt=\"\" width=\"535\" height=\"356\" srcset=\"https:\/\/aapars.com\/nancy-morin-gravel\/files\/2018\/12\/DSC_0061-2-535x356.jpg 535w, https:\/\/aapars.com\/nancy-morin-gravel\/files\/2018\/12\/DSC_0061-2-1024x681.jpg 1024w, https:\/\/aapars.com\/nancy-morin-gravel\/files\/2018\/12\/DSC_0061-2-768x511.jpg 768w, https:\/\/aapars.com\/nancy-morin-gravel\/files\/2018\/12\/DSC_0061-2-1536x1021.jpg 1536w, https:\/\/aapars.com\/nancy-morin-gravel\/files\/2018\/12\/DSC_0061-2.jpg 1540w\" sizes=\"auto, (max-width: 535px) 100vw, 535px\" \/>\n<table id=\"tablepress-1\" class=\"tablepress tablepress-id-1\">\n<tbody class=\"row-striping\">\n<tr class=\"row-1\">\n\t<td class=\"column-1\">Technique : <\/td><td class=\"column-2\">Acrylique-Huile-Aquarelle<\/td>\n<\/tr>\n<tr class=\"row-2\">\n\t<td class=\"column-1\">Affiliations professionelles : <\/td><td class=\"column-2\">AAPARS; AAPCM et Eau-Vive AMCQ<\/td>\n<\/tr>\n<tr class=\"row-3\">\n\t<td class=\"column-1\">T\u00e9l\u00e9phone : <\/td><td class=\"column-2\">418-328-4602<\/td>\n<\/tr>\n<tr class=\"row-4\">\n\t<td class=\"column-1\">Courriel : <\/td><td class=\"column-2\"><a href=\"mailto:morin-gravel@globetrotter.net\">morin-gravel@globetrotter.net<\/a><\/td>\n<\/tr>\n<tr class=\"row-5\">\n\t<td class=\"column-1\">Site Internet :<\/td><td class=\"column-2\"><a href=\"https:\/\/aapars.com\/nancy-morin-gravel\/\">aapars.com\/nancy-morin-gravel\/<\/a><\/td>\n<\/tr>\n<\/tbody>\n<\/table>\n<!-- #tablepress-1 from cache --><\/p>\n<h2>D\u00e9marche<\/h2>\n<p>Le voyage a toujours \u00e9t\u00e9 pour moi une source d&#8217;inspiration. La distance parcourue est secondaire car la beaut\u00e9 se cache souvent sous nos yeux.<\/p>\n<p>Tous mes sens sont sollicit\u00e9s. Je suis constamment \u00e0 la recherche de l&#8217;originalit\u00e9, de la particularit\u00e9 intrins\u00e8que du sujet qui me fera tressaillir. J&#8217;accroche mon regard tant\u00f4t sur un objet, tant\u00f4t sur un paysage ou sur les gens que je croise.<\/p>\n<p>En tant qu&#8217;artiste en art visuel, le mot VOIR prend tout son sens.<\/p>\n<p>Je transpose le VOIR par l&#8217;\u00e9motion ressentie. Je modifie le langage pictural en omettant les d\u00e9tails superflus. Je vous pr\u00e9sente l&#8217;essence m\u00eame du sujet et son histoire \u00e0 raconter.<\/p>\n<p>Le support se modifie selon le m\u00e9dium que j&#8217;utilise. Je privil\u00e9gie l&#8217;huile, l&#8217;acrylique et l&#8217;aquarelle. La photographie rapport\u00e9e me sert d&#8217;inspiration et de support pour bien exposer mon propos.<\/p>\n<p>Ma d\u00e9marche s&#8217;inscrit dans le mouvement dit &#8220;figuratif&#8221; qui tend vers l&#8217;expressionnisme.<\/p>\n<h2>Formation<\/h2>\n\n<table id=\"tablepress-2\" class=\"tablepress tablepress-id-2\">\n<thead>\n<tr class=\"row-1\">\n\t<th class=\"column-1\">Ann\u00e9e<\/th><th class=\"column-2\">Institution\/Professeur<\/th><th class=\"column-3\">Programme<\/th>\n<\/tr>\n<\/thead>\n<tbody class=\"row-striping\">\n<tr class=\"row-2\">\n\t<td class=\"column-1\">1995<\/td><td class=\"column-2\">UQTR(Universit\u00e9 du Qu\u00e9bec \u00e0 Trois-Rivi\u00e8res)<\/td><td class=\"column-3\">Certificat en Arts Plastiques et Dipl\u00f4me<\/td>\n<\/tr>\n<\/tbody>\n<\/table>\n<!-- #tablepress-2 from cache -->\n<h2>Expositions<\/h2>\n\n<table id=\"tablepress-3\" class=\"tablepress tablepress-id-3 tbody-has-connected-cells\">\n<thead>\n<tr class=\"row-1\">\n\t<th class=\"column-1\">Ann\u00e9e<\/th><th class=\"column-2\">Nom<\/th><th class=\"column-3\">Endroit<\/th>\n<\/tr>\n<\/thead>\n<tbody class=\"row-striping\">\n<tr class=\"row-2\">\n\t<td colspan=\"3\" class=\"column-1\">Individuelles<\/td>\n<\/tr>\n<tr class=\"row-3\">\n\t<td class=\"column-1\">2018<\/td><td class=\"column-2\">Salle Clair-Obscur en solo<\/td><td class=\"column-3\">Galerie d'Art de Grand-M\u00e8re<\/td>\n<\/tr>\n<tr class=\"row-4\">\n\t<td colspan=\"3\" class=\"column-1\">Collectives<\/td>\n<\/tr>\n<tr class=\"row-5\">\n\t<td class=\"column-1\">2018<\/td><td class=\"column-2\">Exposition Concours Automnale AAPARS<\/td><td class=\"column-3\">St-Bruno-de-Montarville<\/td>\n<\/tr>\n<tr class=\"row-6\">\n\t<td class=\"column-1\">2017<\/td><td class=\"column-2\">L'Eau Vive de l'AMCQ aquarellistes<\/td><td class=\"column-3\">Moulin seigneurial de Pointe-du-Lac<\/td>\n<\/tr>\n<tr class=\"row-7\">\n\t<td class=\"column-1\">2012<\/td><td class=\"column-2\">Aquarellistes de la Mauricie et du Centre du Qu\u00e9bec<\/td><td class=\"column-3\">UQTR<\/td>\n<\/tr>\n<tr class=\"row-8\">\n\t<td class=\"column-1\">2012<\/td><td class=\"column-2\">Galerie d'art du Presbyt\u00e8re de Champlain<\/td><td class=\"column-3\">Champlain, QC<\/td>\n<\/tr>\n<tr class=\"row-9\">\n\t<td class=\"column-1\">2008<\/td><td class=\"column-2\">Maison Rodolphe Duguay<\/td><td class=\"column-3\">Nicolet, QC<\/td>\n<\/tr>\n<tr class=\"row-10\">\n\t<td colspan=\"3\" class=\"column-1\">Symposiums<\/td>\n<\/tr>\n<tr class=\"row-11\">\n\t<td class=\"column-1\">2018<\/td><td class=\"column-2\">Symposium de St-\u00c9lie-de-Caxton<\/td><td class=\"column-3\">St-\u00c9lie-de-Caxton, QC<\/td>\n<\/tr>\n<tr class=\"row-12\">\n\t<td class=\"column-1\">2017<\/td><td class=\"column-2\">Symposium d'Avant les F\u00eates<\/td><td class=\"column-3\">Trois-Rivi\u00e8res, QC<\/td>\n<\/tr>\n<tr class=\"row-13\">\n\t<td class=\"column-1\">2017<\/td><td class=\"column-2\">Symposium d'arts visuels de Trois-Rivi\u00e8res(N-D-du-Cap)<\/td><td class=\"column-3\">Trois-Rivi\u00e8res, QC<\/td>\n<\/tr>\n<tr class=\"row-14\">\n\t<td class=\"column-1\">2010<\/td><td class=\"column-2\">Symposium des fleurs et des jardins<\/td><td class=\"column-3\">Ste-Anne-de-la-P\u00e9rade, QC<\/td>\n<\/tr>\n<tr class=\"row-15\">\n\t<td class=\"column-1\">2009<\/td><td class=\"column-2\">Symposium de peinture du Parc des Chenaux<\/td><td class=\"column-3\">Trois-Rivi\u00e8res, QC<\/td>\n<\/tr>\n<\/tbody>\n<\/table>\n<!-- #tablepress-3 from cache -->\n<h2>Galeries<\/h2>\n\n<table id=\"tablepress-4\" class=\"tablepress tablepress-id-4\">\n<thead>\n<tr class=\"row-1\">\n\t<th class=\"column-1\">Nom de la galerie<\/th><th class=\"column-2\">Lieu<\/th>\n<\/tr>\n<\/thead>\n<tbody class=\"row-striping\">\n<tr class=\"row-2\">\n\t<td class=\"column-1\">Galerie d'art de Grand-M\u00e8re<\/td><td class=\"column-2\">Shawinigan(Grand-M\u00e8re), QC<\/td>\n<\/tr>\n<\/tbody>\n<\/table>\n<!-- #tablepress-4 from cache -->\n<h2>Reconnaissances<\/h2>\n\n<table id=\"tablepress-5\" class=\"tablepress tablepress-id-5\">\n<thead>\n<tr class=\"row-1\">\n\t<th class=\"column-1\">Ann\u00e9e<\/th><th class=\"column-2\">Nom<\/th><th class=\"column-3\">Endroit de remise<\/th>\n<\/tr>\n<\/thead>\n<tbody class=\"row-striping\">\n<tr class=\"row-2\">\n\t<td class=\"column-1\">2010<\/td><td class=\"column-2\">Coup de c\u0153ur du public<\/td><td class=\"column-3\">St-Prosper de Champlain, QC<\/td>\n<\/tr>\n<\/tbody>\n<\/table>\n<!-- #tablepress-5 from cache -->\n<h2>M\u00e9dias<\/h2>\n\n<table id=\"tablepress-7\" class=\"tablepress tablepress-id-7\">\n<thead>\n<tr class=\"row-1\">\n\t<th class=\"column-1\">Ann\u00e9e<\/th><th class=\"column-2\">Titre<\/th><th class=\"column-3\">Auteur<\/th><th class=\"column-4\">Source<\/th>\n<\/tr>\n<\/thead>\n<tbody class=\"row-striping\">\n<tr class=\"row-2\">\n\t<td class=\"column-1\">2011<\/td><td class=\"column-2\">Nancy Morin Gravel, une amoureuse de la nature<\/td><td class=\"column-3\">Marie-Pier Lemaire, agente culturelle, MRC des Chenaux<\/td><td class=\"column-4\">Le Bulletin des Chenaux<\/td>\n<\/tr>\n<\/tbody>\n<\/table>\n<!-- #tablepress-7 from cache -->\n<p>&nbsp;<\/p>\n","protected":false},"excerpt":{"rendered":"<p>&nbsp; D\u00e9marche Le voyage a toujours \u00e9t\u00e9 pour moi une source d&#8217;inspiration. La distance parcourue est secondaire car la beaut\u00e9 se cache souvent sous nos yeux. Tous mes sens sont sollicit\u00e9s. Je suis constamment \u00e0 la recherche de l&#8217;originalit\u00e9, de la particularit\u00e9 intrins\u00e8que du sujet qui me fera tressaillir. J&#8217;accroche mon regard tant\u00f4t sur un &#8230; <\/p>\n<p class=\"read-more-container\"><a title=\"Nancy Morin Gravel\" class=\"read-more button\" href=\"https:\/\/aapars.com\/nancy-morin-gravel\/#more-2\" aria-label=\"En savoir plus sur Nancy Morin Gravel\">Lire plus<\/a><\/p>\n","protected":false},"author":3241,"featured_media":0,"parent":0,"menu_order":0,"comment_status":"closed","ping_status":"closed","template":"","meta":{"_s2mail":"yes","ngg_post_thumbnail":0,"iawp_total_views":101,"footnotes":""},"class_list":["post-2","page","type-page","status-publish"],"yoast_head":"<!-- This site is optimized with the Yoast SEO plugin v27.5 - https:\/\/yoast.com\/product\/yoast-seo-wordpress\/ -->\n<title>Nancy Morin Gravel - Nancy Morin Gravel - Un site de la galerie virtuelle de l&#039;AAPARS<\/title>\n<meta name=\"description\" content=\"&nbsp; D\u00e9marche Le voyage a toujours \u00e9t\u00e9 pour moi une source d&#039;inspiration. La distance parcourue est secondaire car la beaut\u00e9 se cache souvent sous nos\" \/>\n<meta name=\"robots\" content=\"index, follow, max-snippet:-1, max-image-preview:large, max-video-preview:-1\" \/>\n<link rel=\"canonical\" href=\"https:\/\/aapars.com\/nancy-morin-gravel\/\" \/>\n<meta property=\"og:locale\" content=\"fr_FR\" \/>\n<meta property=\"og:type\" content=\"article\" \/>\n<meta property=\"og:title\" content=\"Nancy Morin Gravel - Nancy Morin Gravel - Un site de la galerie virtuelle de l&#039;AAPARS\" \/>\n<meta property=\"og:description\" content=\"&nbsp; D\u00e9marche Le voyage a toujours \u00e9t\u00e9 pour moi une source d&#039;inspiration. La distance parcourue est secondaire car la beaut\u00e9 se cache souvent sous nos\" \/>\n<meta property=\"og:url\" content=\"https:\/\/aapars.com\/nancy-morin-gravel\/\" \/>\n<meta property=\"og:site_name\" content=\"Nancy Morin Gravel\" \/>\n<meta property=\"article:modified_time\" content=\"2024-03-26T14:59:50+00:00\" \/>\n<meta property=\"og:image\" content=\"https:\/\/aapars.com\/nancy-morin-gravel\/files\/2018\/12\/DSC_0061-2-535x356.jpg\" \/>\n<meta name=\"twitter:label1\" content=\"Dur\u00e9e de lecture estim\u00e9e\" \/>\n\t<meta name=\"twitter:data1\" content=\"1 minute\" \/>\n<script type=\"application\/ld+json\" class=\"yoast-schema-graph\">{\"@context\":\"https:\\\/\\\/schema.org\",\"@graph\":[{\"@type\":\"WebPage\",\"@id\":\"https:\\\/\\\/aapars.com\\\/nancy-morin-gravel\\\/\",\"url\":\"https:\\\/\\\/aapars.com\\\/nancy-morin-gravel\\\/\",\"name\":\"Nancy Morin Gravel - Nancy Morin Gravel - Un site de la galerie virtuelle de l&#039;AAPARS\",\"isPartOf\":{\"@id\":\"https:\\\/\\\/aapars.com\\\/nancy-morin-gravel\\\/#website\"},\"primaryImageOfPage\":{\"@id\":\"https:\\\/\\\/aapars.com\\\/nancy-morin-gravel\\\/#primaryimage\"},\"image\":{\"@id\":\"https:\\\/\\\/aapars.com\\\/nancy-morin-gravel\\\/#primaryimage\"},\"thumbnailUrl\":\"https:\\\/\\\/aapars.com\\\/nancy-morin-gravel\\\/files\\\/2018\\\/12\\\/DSC_0061-2-535x356.jpg\",\"datePublished\":\"2010-10-03T05:11:36+00:00\",\"dateModified\":\"2024-03-26T14:59:50+00:00\",\"description\":\"&nbsp; D\u00e9marche Le voyage a toujours \u00e9t\u00e9 pour moi une source d'inspiration. La distance parcourue est secondaire car la beaut\u00e9 se cache souvent sous nos\",\"breadcrumb\":{\"@id\":\"https:\\\/\\\/aapars.com\\\/nancy-morin-gravel\\\/#breadcrumb\"},\"inLanguage\":\"fr-FR\",\"potentialAction\":[{\"@type\":\"ReadAction\",\"target\":[\"https:\\\/\\\/aapars.com\\\/nancy-morin-gravel\\\/\"]}]},{\"@type\":\"ImageObject\",\"inLanguage\":\"fr-FR\",\"@id\":\"https:\\\/\\\/aapars.com\\\/nancy-morin-gravel\\\/#primaryimage\",\"url\":\"https:\\\/\\\/aapars.com\\\/nancy-morin-gravel\\\/files\\\/2018\\\/12\\\/DSC_0061-2.jpg\",\"contentUrl\":\"https:\\\/\\\/aapars.com\\\/nancy-morin-gravel\\\/files\\\/2018\\\/12\\\/DSC_0061-2.jpg\",\"width\":1540,\"height\":1024,\"caption\":\"Nancy Morin Gravel\"},{\"@type\":\"BreadcrumbList\",\"@id\":\"https:\\\/\\\/aapars.com\\\/nancy-morin-gravel\\\/#breadcrumb\",\"itemListElement\":[{\"@type\":\"ListItem\",\"position\":1,\"name\":\"Accueil\",\"item\":\"https:\\\/\\\/aapars.com\\\/nancy-morin-gravel\\\/\"},{\"@type\":\"ListItem\",\"position\":2,\"name\":\"Nancy Morin Gravel\"}]},{\"@type\":\"WebSite\",\"@id\":\"https:\\\/\\\/aapars.com\\\/nancy-morin-gravel\\\/#website\",\"url\":\"https:\\\/\\\/aapars.com\\\/nancy-morin-gravel\\\/\",\"name\":\"Nancy Morin Gravel\",\"description\":\"Un site de la galerie virtuelle de l&#039;AAPARS\",\"publisher\":{\"@id\":\"https:\\\/\\\/aapars.com\\\/nancy-morin-gravel\\\/#organization\"},\"potentialAction\":[{\"@type\":\"SearchAction\",\"target\":{\"@type\":\"EntryPoint\",\"urlTemplate\":\"https:\\\/\\\/aapars.com\\\/nancy-morin-gravel\\\/?s={search_term_string}\"},\"query-input\":{\"@type\":\"PropertyValueSpecification\",\"valueRequired\":true,\"valueName\":\"search_term_string\"}}],\"inLanguage\":\"fr-FR\"},{\"@type\":\"Organization\",\"@id\":\"https:\\\/\\\/aapars.com\\\/nancy-morin-gravel\\\/#organization\",\"name\":\"Nancy Morin Gravel\",\"url\":\"https:\\\/\\\/aapars.com\\\/nancy-morin-gravel\\\/\",\"logo\":{\"@type\":\"ImageObject\",\"inLanguage\":\"fr-FR\",\"@id\":\"https:\\\/\\\/aapars.com\\\/nancy-morin-gravel\\\/#\\\/schema\\\/logo\\\/image\\\/\",\"url\":\"https:\\\/\\\/aapars.com\\\/nancy-morin-gravel\\\/files\\\/2012\\\/04\\\/logo-aapars-@2x.png\",\"contentUrl\":\"https:\\\/\\\/aapars.com\\\/nancy-morin-gravel\\\/files\\\/2012\\\/04\\\/logo-aapars-@2x.png\",\"width\":560,\"height\":306,\"caption\":\"Nancy Morin Gravel\"},\"image\":{\"@id\":\"https:\\\/\\\/aapars.com\\\/nancy-morin-gravel\\\/#\\\/schema\\\/logo\\\/image\\\/\"}}]}<\/script>\n<!-- \/ Yoast SEO plugin. -->","yoast_head_json":{"title":"Nancy Morin Gravel - Nancy Morin Gravel - Un site de la galerie virtuelle de l&#039;AAPARS","description":"&nbsp; D\u00e9marche Le voyage a toujours \u00e9t\u00e9 pour moi une source d'inspiration. La distance parcourue est secondaire car la beaut\u00e9 se cache souvent sous nos","robots":{"index":"index","follow":"follow","max-snippet":"max-snippet:-1","max-image-preview":"max-image-preview:large","max-video-preview":"max-video-preview:-1"},"canonical":"https:\/\/aapars.com\/nancy-morin-gravel\/","og_locale":"fr_FR","og_type":"article","og_title":"Nancy Morin Gravel - Nancy Morin Gravel - Un site de la galerie virtuelle de l&#039;AAPARS","og_description":"&nbsp; D\u00e9marche Le voyage a toujours \u00e9t\u00e9 pour moi une source d'inspiration. La distance parcourue est secondaire car la beaut\u00e9 se cache souvent sous nos","og_url":"https:\/\/aapars.com\/nancy-morin-gravel\/","og_site_name":"Nancy Morin Gravel","article_modified_time":"2024-03-26T14:59:50+00:00","og_image":[{"url":"https:\/\/aapars.com\/nancy-morin-gravel\/files\/2018\/12\/DSC_0061-2-535x356.jpg","type":"","width":"","height":""}],"twitter_misc":{"Dur\u00e9e de lecture estim\u00e9e":"1 minute"},"schema":{"@context":"https:\/\/schema.org","@graph":[{"@type":"WebPage","@id":"https:\/\/aapars.com\/nancy-morin-gravel\/","url":"https:\/\/aapars.com\/nancy-morin-gravel\/","name":"Nancy Morin Gravel - Nancy Morin Gravel - Un site de la galerie virtuelle de l&#039;AAPARS","isPartOf":{"@id":"https:\/\/aapars.com\/nancy-morin-gravel\/#website"},"primaryImageOfPage":{"@id":"https:\/\/aapars.com\/nancy-morin-gravel\/#primaryimage"},"image":{"@id":"https:\/\/aapars.com\/nancy-morin-gravel\/#primaryimage"},"thumbnailUrl":"https:\/\/aapars.com\/nancy-morin-gravel\/files\/2018\/12\/DSC_0061-2-535x356.jpg","datePublished":"2010-10-03T05:11:36+00:00","dateModified":"2024-03-26T14:59:50+00:00","description":"&nbsp; D\u00e9marche Le voyage a toujours \u00e9t\u00e9 pour moi une source d'inspiration. La distance parcourue est secondaire car la beaut\u00e9 se cache souvent sous nos","breadcrumb":{"@id":"https:\/\/aapars.com\/nancy-morin-gravel\/#breadcrumb"},"inLanguage":"fr-FR","potentialAction":[{"@type":"ReadAction","target":["https:\/\/aapars.com\/nancy-morin-gravel\/"]}]},{"@type":"ImageObject","inLanguage":"fr-FR","@id":"https:\/\/aapars.com\/nancy-morin-gravel\/#primaryimage","url":"https:\/\/aapars.com\/nancy-morin-gravel\/files\/2018\/12\/DSC_0061-2.jpg","contentUrl":"https:\/\/aapars.com\/nancy-morin-gravel\/files\/2018\/12\/DSC_0061-2.jpg","width":1540,"height":1024,"caption":"Nancy Morin Gravel"},{"@type":"BreadcrumbList","@id":"https:\/\/aapars.com\/nancy-morin-gravel\/#breadcrumb","itemListElement":[{"@type":"ListItem","position":1,"name":"Accueil","item":"https:\/\/aapars.com\/nancy-morin-gravel\/"},{"@type":"ListItem","position":2,"name":"Nancy Morin Gravel"}]},{"@type":"WebSite","@id":"https:\/\/aapars.com\/nancy-morin-gravel\/#website","url":"https:\/\/aapars.com\/nancy-morin-gravel\/","name":"Nancy Morin Gravel","description":"Un site de la galerie virtuelle de l&#039;AAPARS","publisher":{"@id":"https:\/\/aapars.com\/nancy-morin-gravel\/#organization"},"potentialAction":[{"@type":"SearchAction","target":{"@type":"EntryPoint","urlTemplate":"https:\/\/aapars.com\/nancy-morin-gravel\/?s={search_term_string}"},"query-input":{"@type":"PropertyValueSpecification","valueRequired":true,"valueName":"search_term_string"}}],"inLanguage":"fr-FR"},{"@type":"Organization","@id":"https:\/\/aapars.com\/nancy-morin-gravel\/#organization","name":"Nancy Morin Gravel","url":"https:\/\/aapars.com\/nancy-morin-gravel\/","logo":{"@type":"ImageObject","inLanguage":"fr-FR","@id":"https:\/\/aapars.com\/nancy-morin-gravel\/#\/schema\/logo\/image\/","url":"https:\/\/aapars.com\/nancy-morin-gravel\/files\/2012\/04\/logo-aapars-@2x.png","contentUrl":"https:\/\/aapars.com\/nancy-morin-gravel\/files\/2012\/04\/logo-aapars-@2x.png","width":560,"height":306,"caption":"Nancy Morin Gravel"},"image":{"@id":"https:\/\/aapars.com\/nancy-morin-gravel\/#\/schema\/logo\/image\/"}}]}},"_links":{"self":[{"href":"https:\/\/aapars.com\/nancy-morin-gravel\/wp-json\/wp\/v2\/pages\/2","targetHints":{"allow":["GET"]}}],"collection":[{"href":"https:\/\/aapars.com\/nancy-morin-gravel\/wp-json\/wp\/v2\/pages"}],"about":[{"href":"https:\/\/aapars.com\/nancy-morin-gravel\/wp-json\/wp\/v2\/types\/page"}],"author":[{"embeddable":true,"href":"https:\/\/aapars.com\/nancy-morin-gravel\/wp-json\/wp\/v2\/users\/3241"}],"replies":[{"embeddable":true,"href":"https:\/\/aapars.com\/nancy-morin-gravel\/wp-json\/wp\/v2\/comments?post=2"}],"version-history":[{"count":1,"href":"https:\/\/aapars.com\/nancy-morin-gravel\/wp-json\/wp\/v2\/pages\/2\/revisions"}],"predecessor-version":[{"id":274,"href":"https:\/\/aapars.com\/nancy-morin-gravel\/wp-json\/wp\/v2\/pages\/2\/revisions\/274"}],"wp:attachment":[{"href":"https:\/\/aapars.com\/nancy-morin-gravel\/wp-json\/wp\/v2\/media?parent=2"}],"curies":[{"name":"wp","href":"https:\/\/api.w.org\/{rel}","templated":true}]}}