{"id":12,"date":"2010-10-03T05:11:36","date_gmt":"2010-10-03T05:11:36","guid":{"rendered":"https:\/\/aapars.com\/jacques-landry\/?page_id=2"},"modified":"2021-05-23T13:49:25","modified_gmt":"2021-05-23T17:49:25","slug":"profil","status":"publish","type":"page","link":"https:\/\/aapars.com\/myrtha-pelletier\/","title":{"rendered":"Myrtha Pelletier"},"content":{"rendered":"<p><a href=\"https:\/\/aapars.com\/myrtha-pelletier\/files\/2010\/10\/IMG_4105-001-e1378860150175.jpg\"><img loading=\"lazy\" decoding=\"async\" class=\"alignnone size-full wp-image-56\" src=\"https:\/\/aapars.com\/myrtha-pelletier\/files\/2010\/10\/IMG_4105-001-e1378860150175.jpg\" alt=\"IMG_4105-001\" width=\"150\" height=\"206\" \/><\/a><\/p>\n\n<table id=\"tablepress-1\" class=\"tablepress tablepress-id-1\">\n<tbody class=\"row-striping\">\n<tr class=\"row-1\">\n\t<td class=\"column-1\">Technique:<\/td><td class=\"column-2\">Acrylique sur toile<\/td>\n<\/tr>\n<tr class=\"row-2\">\n\t<td class=\"column-1\">Affiliation professionnelle:<\/td><td class=\"column-2\">AAPARS<\/td>\n<\/tr>\n<tr class=\"row-3\">\n\t<td class=\"column-1\">T\u00e9l\u00e9phone : <\/td><td class=\"column-2\">514-984-5516<\/td>\n<\/tr>\n<tr class=\"row-4\">\n\t<td class=\"column-1\">Courriel :<\/td><td class=\"column-2\"><a href=\"mailto:myrthapelletier@hotmail.com\" target=\"_blank\" rel=\"noopener\">myrthapelletier@hotmail.com<\/a><\/td>\n<\/tr>\n<tr class=\"row-5\">\n\t<td class=\"column-1\">Site Internet :<\/td><td class=\"column-2\"><a href=\"http:\/\/www.Myrtha.ca\" target=\"_blank\" rel=\"noopener\">www.Myrtha.ca<\/a><\/td>\n<\/tr>\n<\/tbody>\n<\/table>\n<!-- #tablepress-1 from cache -->\n<h2>D\u00e9marche<\/h2>\n<p>N\u00e9e \u00e0 L\u00e9vis, Qu\u00e9bec, Myrtha Pelletier a habit\u00e9 dans diff\u00e9rentes provinces du Canada avant d\u2019\u00e9lire domicile \u00e0 Boucherville en banlieue de Montr\u00e9al.<\/p>\n<p>Elle d\u00e9finit son style comme \u00a0contemporain, dans la nouvelle tradition tr\u00e8s valoris\u00e9e de notre \u00e8re postmoderne, issue d\u2019une tradition de renaissance du sens de l\u2019art contemporain.<\/p>\n<p>Son style distinctif \u00e9merge d\u2019une dynamique intensive d\u00e9velopp\u00e9e sur deux longues d\u00e9cennies. Elle capte des moments de la vie \u00e0 partir de ses propres exp\u00e9riences, dans des milieux urbains, ou dans la danse ou la musique, qu\u2019elle peint avec \u00e9motion, romantisme, joie de vivre et mouvement.<\/p>\n<p>Elle fait ses d\u00e9buts en cours priv\u00e9s, peignant \u00e0 l\u2019huile sur toile, o\u00f9 elle s\u2019applique s\u00e9rieusement au r\u00e9alisme. Apr\u00e8s une d\u00e9cennie \u00e0 travailler avec l\u2019aquarelle, l\u2019encre de chine et m\u00eame le caf\u00e9, en cours priv\u00e9s, elle d\u00e9veloppe une habilet\u00e9 \u00e0 travailler plus rapidement puisque ces pigments s\u00e8chent vite! C\u2019est dans une \u00e9tude autodidacte intense avec l\u2019acrylique, qu\u2019elle acquiert enfin son \u00e9lan de dynamisme et de spontan\u00e9it\u00e9. Myrtha d\u00e9laisse ainsi l\u2019art du r\u00e9alisme pour le figuratif o\u00f9 pour elle, <i>\u00ab\u00a0L\u2019improvisation requiert exp\u00e9rience et maturit\u00e9; on br\u00fble rarement les \u00e9tapes<\/i>\u00a0\u00bb.<\/p>\n<p>Son proc\u00e9d\u00e9 cr\u00e9atif \u00e9merge de la formation de couleurs vibrantes, intenses et transparentes, d\u00e9pos\u00e9es \u00e0 la spatule sur fond sombre. La r\u00e9miniscence de citadins qu\u2019elle a c\u00f4toy\u00e9, de danseurs et musiciens l\u2019inspire \u00e0 les intensifier sur toile, en les traduisant en sc\u00e8nes parfois tourbillonnantes, parfois apaisantes. \u00ab\u00a0<i>Chaque toile est un d\u00e9fi impulsif qui d\u00e9bute avec une id\u00e9e, un lieu, des gens, que je marie avec des couleurs et mouvements intenses, o\u00f9 je laisse aussi place au hasard<\/i>\u00a0\u00bb.<\/p>\n<h2>Formation<\/h2>\n\n<table id=\"tablepress-2\" class=\"tablepress tablepress-id-2\">\n<thead>\n<tr class=\"row-1\">\n\t<th class=\"column-1\"> Ann\u00e9e<\/th><th class=\"column-2\"> Institution<\/th><th class=\"column-3\"> Cours<\/th>\n<\/tr>\n<\/thead>\n<tbody class=\"row-striping\">\n<tr class=\"row-2\">\n\t<td class=\"column-1\">2004-06<\/td><td class=\"column-2\">P. Voghel, St-Hilaire<br \/>\nA. Massicotte Longueil<\/td><td class=\"column-3\">Encre de chine, aquar. <br \/>\nAquarelle et caf\u00e9<\/td>\n<\/tr>\n<tr class=\"row-3\">\n\t<td class=\"column-1\">1995-2002<br \/>\n<br \/>\n<\/td><td class=\"column-2\">Y. Bouthillier Ateliers Arts visuels, Bchvl. <br \/>\nJ. H\u00e9bert, Verdun<br \/>\nM. Domingue, Bchvl<\/td><td class=\"column-3\">Aquarelle<br \/>\n<br \/>\nAquarelle<br \/>\nAquarelle<\/td>\n<\/tr>\n<tr class=\"row-4\">\n\t<td class=\"column-1\">1986-90<\/td><td class=\"column-2\">R. Brillon, Bchvl.<\/td><td class=\"column-3\">Huile sur toile<\/td>\n<\/tr>\n<\/tbody>\n<\/table>\n<!-- #tablepress-2 from cache -->\n<h2>Expositions<\/h2>\n\n<table id=\"tablepress-3\" class=\"tablepress tablepress-id-3\">\n<thead>\n<tr class=\"row-1\">\n\t<th class=\"column-1\">Ann\u00e9e<\/th><th class=\"column-2\">Nom<\/th><th class=\"column-3\">Endroit<\/th>\n<\/tr>\n<\/thead>\n<tbody class=\"row-striping\">\n<tr class=\"row-2\">\n\t<td class=\"column-1\">Individuelle<\/td><td class=\"column-2\"><\/td><td class=\"column-3\"><\/td>\n<\/tr>\n<tr class=\"row-3\">\n\t<td class=\"column-1\">2013<\/td><td class=\"column-2\">Clinique Hauts-Bois <br \/>\nTocaDanse<br \/>\nBureaux de la CAQ<\/td><td class=\"column-3\">Sainte-Julie<br \/>\nBoucherville<br \/>\nBoucherville<\/td>\n<\/tr>\n<tr class=\"row-4\">\n\t<td class=\"column-1\">2013 duo<br \/>\n2013 duo<\/td><td class=\"column-2\">Restaurant Le Spot<br \/>\nGalerie Varennes<\/td><td class=\"column-3\">Boucherville<br \/>\nVarennes, Qc<\/td>\n<\/tr>\n<tr class=\"row-5\">\n\t<td class=\"column-1\">Collectives<\/td><td class=\"column-2\"><\/td><td class=\"column-3\"><\/td>\n<\/tr>\n<tr class=\"row-6\">\n\t<td class=\"column-1\">2013 <br \/>\n2013<br \/>\n<br \/>\n2013<\/td><td class=\"column-2\">Expo AAPARS<br \/>\nSymposium Arts et Jardins<br \/>\nAteliers des arts visuels<br \/>\nGalerie 500<\/td><td class=\"column-3\">Saint-Bruno<br \/>\nBoucherville<br \/>\n<br \/>\nBoucherville<\/td>\n<\/tr>\n<tr class=\"row-7\">\n\t<td class=\"column-1\">2011-12 <br \/>\n2010-11<\/td><td class=\"column-2\">Galerie 500<br \/>\nGalerie sur ma galerie <\/td><td class=\"column-3\">Boucherville<br \/>\nBoucherville<\/td>\n<\/tr>\n<tr class=\"row-8\">\n\t<td class=\"column-1\">1996-97<\/td><td class=\"column-2\">Salon des m\u00e9tiers d'arts<\/td><td class=\"column-3\">Boucherville<\/td>\n<\/tr>\n<\/tbody>\n<\/table>\n<!-- #tablepress-3 from cache -->\n<h2>Galeries<\/h2>\n\n<table id=\"tablepress-4\" class=\"tablepress tablepress-id-4\">\n<thead>\n<tr class=\"row-1\">\n\t<th class=\"column-1\">Nom<\/th><th class=\"column-2\">Endroit<\/th>\n<\/tr>\n<\/thead>\n<tbody class=\"row-striping\">\n<tr class=\"row-2\">\n\t<td class=\"column-1\">Galerie 500<\/td><td class=\"column-2\">Boucherville<\/td>\n<\/tr>\n<\/tbody>\n<\/table>\n<!-- #tablepress-4 from cache -->\n<h2>Reconnaissances<\/h2>\n\n<table id=\"tablepress-5\" class=\"tablepress tablepress-id-5\">\n<thead>\n<tr class=\"row-1\">\n\t<th class=\"column-1\">Ann\u00e9e<\/th><th class=\"column-2\">Nom<\/th><th class=\"column-3\">Endroit de remise<\/th>\n<\/tr>\n<\/thead>\n<tbody class=\"row-striping\">\n<tr class=\"row-2\">\n\t<td class=\"column-1\">2013<\/td><td class=\"column-2\">Coup de coeur du public<\/td><td class=\"column-3\">Symposium Arts et jardins, Boucherville<\/td>\n<\/tr>\n<\/tbody>\n<\/table>\n<!-- #tablepress-5 from cache -->\n<h2><span style=\"font-size: 1.5em;\">M\u00e9dias<\/span><\/h2>\n\n<table id=\"tablepress-7\" class=\"tablepress tablepress-id-7\">\n<thead>\n<tr class=\"row-1\">\n\t<th class=\"column-1\">Ann\u00e9e<\/th><th class=\"column-2\">Titre<\/th><th class=\"column-3\">Auteur<\/th><th class=\"column-4\">Source<\/th>\n<\/tr>\n<\/thead>\n<tbody class=\"row-striping\">\n<tr class=\"row-2\">\n\t<td class=\"column-1\">2013.08.07<\/td><td class=\"column-2\">Myrtha Pelletier \u00e0 l'honneur au bureau de Nathalie Roy - <br \/>\nExposition au bureau de circonscription.<\/td><td class=\"column-3\">La CAQ Montarville<\/td><td class=\"column-4\">La Seigneurie de Bchvl.<\/td>\n<\/tr>\n<tr class=\"row-3\">\n\t<td class=\"column-1\">2013.07.10<\/td><td class=\"column-2\">Symposium Arts et Jardins, 8000 visiteurs...<\/td><td class=\"column-3\">Daniel Hart<\/td><td class=\"column-4\">Journal La Rel\u00e8ve, Bchvl.<\/td>\n<\/tr>\n<tr class=\"row-4\">\n\t<td class=\"column-1\">2013<\/td><td class=\"column-2\">Les toiles de l'artiste-peintre Myrtha Pelletier entrent au bureau de Montarville<\/td><td class=\"column-3\">La CAQ Montarville<\/td><td class=\"column-4\">Journal de St-Bruno<\/td>\n<\/tr>\n<tr class=\"row-5\">\n\t<td class=\"column-1\">2012<\/td><td class=\"column-2\">Exposition Galerie 500<\/td><td class=\"column-3\">Ateliers Arts visuels<\/td><td class=\"column-4\">Carnet culturel Boucherville<\/td>\n<\/tr>\n<\/tbody>\n<\/table>\n<!-- #tablepress-7 from cache -->\n<h2><\/h2>\n","protected":false},"excerpt":{"rendered":"<p>D\u00e9marche N\u00e9e \u00e0 L\u00e9vis, Qu\u00e9bec, Myrtha Pelletier a habit\u00e9 dans diff\u00e9rentes provinces du Canada avant d\u2019\u00e9lire domicile \u00e0 Boucherville en banlieue de Montr\u00e9al. Elle d\u00e9finit son style comme \u00a0contemporain, dans la nouvelle tradition tr\u00e8s valoris\u00e9e de notre \u00e8re postmoderne, issue d\u2019une tradition de renaissance du sens de l\u2019art contemporain. Son style distinctif \u00e9merge d\u2019une dynamique &#8230; <\/p>\n<p class=\"read-more-container\"><a title=\"Myrtha Pelletier\" class=\"read-more button\" href=\"https:\/\/aapars.com\/myrtha-pelletier\/#more-12\" aria-label=\"En savoir plus sur Myrtha Pelletier\">Lire plus<\/a><\/p>\n","protected":false},"author":538,"featured_media":0,"parent":0,"menu_order":0,"comment_status":"closed","ping_status":"closed","template":"","meta":{"_s2mail":"yes","ngg_post_thumbnail":0,"iawp_total_views":110,"footnotes":""},"class_list":["post-12","page","type-page","status-publish"],"yoast_head":"<!-- This site is optimized with the Yoast SEO plugin v27.3 - https:\/\/yoast.com\/product\/yoast-seo-wordpress\/ -->\n<title>Myrtha Pelletier - Myrtha Pelletier - Un site de la galerie virtuelle de l\u2019AAPARS<\/title>\n<meta name=\"description\" content=\"D\u00e9marche N\u00e9e \u00e0 L\u00e9vis, Qu\u00e9bec, Myrtha Pelletier a habit\u00e9 dans diff\u00e9rentes provinces du Canada avant d\u2019\u00e9lire domicile \u00e0 Boucherville en banlieue de\" \/>\n<meta name=\"robots\" content=\"index, follow, max-snippet:-1, max-image-preview:large, max-video-preview:-1\" \/>\n<link rel=\"canonical\" href=\"https:\/\/aapars.com\/myrtha-pelletier\/\" \/>\n<meta property=\"og:locale\" content=\"fr_FR\" \/>\n<meta property=\"og:type\" content=\"article\" \/>\n<meta property=\"og:title\" content=\"Myrtha Pelletier - Myrtha Pelletier - Un site de la galerie virtuelle de l\u2019AAPARS\" \/>\n<meta property=\"og:description\" content=\"D\u00e9marche N\u00e9e \u00e0 L\u00e9vis, Qu\u00e9bec, Myrtha Pelletier a habit\u00e9 dans diff\u00e9rentes provinces du Canada avant d\u2019\u00e9lire domicile \u00e0 Boucherville en banlieue de\" \/>\n<meta property=\"og:url\" content=\"https:\/\/aapars.com\/myrtha-pelletier\/\" \/>\n<meta property=\"og:site_name\" content=\"Myrtha Pelletier\" \/>\n<meta property=\"article:modified_time\" content=\"2021-05-23T17:49:25+00:00\" \/>\n<meta property=\"og:image\" content=\"https:\/\/aapars.com\/myrtha-pelletier\/files\/2010\/10\/IMG_4105-001-e1378860150175.jpg\" \/>\n<meta name=\"twitter:label1\" content=\"Dur\u00e9e de lecture estim\u00e9e\" \/>\n\t<meta name=\"twitter:data1\" content=\"2 minutes\" \/>\n<script type=\"application\/ld+json\" class=\"yoast-schema-graph\">{\"@context\":\"https:\\\/\\\/schema.org\",\"@graph\":[{\"@type\":\"WebPage\",\"@id\":\"https:\\\/\\\/aapars.com\\\/myrtha-pelletier\\\/\",\"url\":\"https:\\\/\\\/aapars.com\\\/myrtha-pelletier\\\/\",\"name\":\"Myrtha Pelletier - Myrtha Pelletier - Un site de la galerie virtuelle de l\u2019AAPARS\",\"isPartOf\":{\"@id\":\"https:\\\/\\\/aapars.com\\\/myrtha-pelletier\\\/#website\"},\"primaryImageOfPage\":{\"@id\":\"https:\\\/\\\/aapars.com\\\/myrtha-pelletier\\\/#primaryimage\"},\"image\":{\"@id\":\"https:\\\/\\\/aapars.com\\\/myrtha-pelletier\\\/#primaryimage\"},\"thumbnailUrl\":\"https:\\\/\\\/aapars.com\\\/myrtha-pelletier\\\/files\\\/2010\\\/10\\\/IMG_4105-001-e1378860150175.jpg\",\"datePublished\":\"2010-10-03T05:11:36+00:00\",\"dateModified\":\"2021-05-23T17:49:25+00:00\",\"description\":\"D\u00e9marche N\u00e9e \u00e0 L\u00e9vis, Qu\u00e9bec, Myrtha Pelletier a habit\u00e9 dans diff\u00e9rentes provinces du Canada avant d\u2019\u00e9lire domicile \u00e0 Boucherville en banlieue de\",\"breadcrumb\":{\"@id\":\"https:\\\/\\\/aapars.com\\\/myrtha-pelletier\\\/#breadcrumb\"},\"inLanguage\":\"fr-FR\",\"potentialAction\":[{\"@type\":\"ReadAction\",\"target\":[\"https:\\\/\\\/aapars.com\\\/myrtha-pelletier\\\/\"]}]},{\"@type\":\"ImageObject\",\"inLanguage\":\"fr-FR\",\"@id\":\"https:\\\/\\\/aapars.com\\\/myrtha-pelletier\\\/#primaryimage\",\"url\":\"https:\\\/\\\/aapars.com\\\/myrtha-pelletier\\\/files\\\/2010\\\/10\\\/IMG_4105-001-e1378860150175.jpg\",\"contentUrl\":\"https:\\\/\\\/aapars.com\\\/myrtha-pelletier\\\/files\\\/2010\\\/10\\\/IMG_4105-001-e1378860150175.jpg\",\"width\":150,\"height\":206},{\"@type\":\"BreadcrumbList\",\"@id\":\"https:\\\/\\\/aapars.com\\\/myrtha-pelletier\\\/#breadcrumb\",\"itemListElement\":[{\"@type\":\"ListItem\",\"position\":1,\"name\":\"Accueil\",\"item\":\"https:\\\/\\\/aapars.com\\\/myrtha-pelletier\\\/\"},{\"@type\":\"ListItem\",\"position\":2,\"name\":\"Myrtha Pelletier\"}]},{\"@type\":\"WebSite\",\"@id\":\"https:\\\/\\\/aapars.com\\\/myrtha-pelletier\\\/#website\",\"url\":\"https:\\\/\\\/aapars.com\\\/myrtha-pelletier\\\/\",\"name\":\"Myrtha Pelletier\",\"description\":\"Un site de la galerie virtuelle de l\u2019AAPARS\",\"publisher\":{\"@id\":\"https:\\\/\\\/aapars.com\\\/myrtha-pelletier\\\/#organization\"},\"potentialAction\":[{\"@type\":\"SearchAction\",\"target\":{\"@type\":\"EntryPoint\",\"urlTemplate\":\"https:\\\/\\\/aapars.com\\\/myrtha-pelletier\\\/?s={search_term_string}\"},\"query-input\":{\"@type\":\"PropertyValueSpecification\",\"valueRequired\":true,\"valueName\":\"search_term_string\"}}],\"inLanguage\":\"fr-FR\"},{\"@type\":\"Organization\",\"@id\":\"https:\\\/\\\/aapars.com\\\/myrtha-pelletier\\\/#organization\",\"name\":\"Myrtha Pelletier\",\"url\":\"https:\\\/\\\/aapars.com\\\/myrtha-pelletier\\\/\",\"logo\":{\"@type\":\"ImageObject\",\"inLanguage\":\"fr-FR\",\"@id\":\"https:\\\/\\\/aapars.com\\\/myrtha-pelletier\\\/#\\\/schema\\\/logo\\\/image\\\/\",\"url\":\"https:\\\/\\\/aapars.com\\\/myrtha-pelletier\\\/files\\\/2012\\\/04\\\/logo-aapars-@2x.png\",\"contentUrl\":\"https:\\\/\\\/aapars.com\\\/myrtha-pelletier\\\/files\\\/2012\\\/04\\\/logo-aapars-@2x.png\",\"width\":560,\"height\":306,\"caption\":\"Myrtha Pelletier\"},\"image\":{\"@id\":\"https:\\\/\\\/aapars.com\\\/myrtha-pelletier\\\/#\\\/schema\\\/logo\\\/image\\\/\"}}]}<\/script>\n<!-- \/ Yoast SEO plugin. -->","yoast_head_json":{"title":"Myrtha Pelletier - Myrtha Pelletier - Un site de la galerie virtuelle de l\u2019AAPARS","description":"D\u00e9marche N\u00e9e \u00e0 L\u00e9vis, Qu\u00e9bec, Myrtha Pelletier a habit\u00e9 dans diff\u00e9rentes provinces du Canada avant d\u2019\u00e9lire domicile \u00e0 Boucherville en banlieue de","robots":{"index":"index","follow":"follow","max-snippet":"max-snippet:-1","max-image-preview":"max-image-preview:large","max-video-preview":"max-video-preview:-1"},"canonical":"https:\/\/aapars.com\/myrtha-pelletier\/","og_locale":"fr_FR","og_type":"article","og_title":"Myrtha Pelletier - Myrtha Pelletier - Un site de la galerie virtuelle de l\u2019AAPARS","og_description":"D\u00e9marche N\u00e9e \u00e0 L\u00e9vis, Qu\u00e9bec, Myrtha Pelletier a habit\u00e9 dans diff\u00e9rentes provinces du Canada avant d\u2019\u00e9lire domicile \u00e0 Boucherville en banlieue de","og_url":"https:\/\/aapars.com\/myrtha-pelletier\/","og_site_name":"Myrtha Pelletier","article_modified_time":"2021-05-23T17:49:25+00:00","og_image":[{"url":"https:\/\/aapars.com\/myrtha-pelletier\/files\/2010\/10\/IMG_4105-001-e1378860150175.jpg","type":"","width":"","height":""}],"twitter_misc":{"Dur\u00e9e de lecture estim\u00e9e":"2 minutes"},"schema":{"@context":"https:\/\/schema.org","@graph":[{"@type":"WebPage","@id":"https:\/\/aapars.com\/myrtha-pelletier\/","url":"https:\/\/aapars.com\/myrtha-pelletier\/","name":"Myrtha Pelletier - Myrtha Pelletier - Un site de la galerie virtuelle de l\u2019AAPARS","isPartOf":{"@id":"https:\/\/aapars.com\/myrtha-pelletier\/#website"},"primaryImageOfPage":{"@id":"https:\/\/aapars.com\/myrtha-pelletier\/#primaryimage"},"image":{"@id":"https:\/\/aapars.com\/myrtha-pelletier\/#primaryimage"},"thumbnailUrl":"https:\/\/aapars.com\/myrtha-pelletier\/files\/2010\/10\/IMG_4105-001-e1378860150175.jpg","datePublished":"2010-10-03T05:11:36+00:00","dateModified":"2021-05-23T17:49:25+00:00","description":"D\u00e9marche N\u00e9e \u00e0 L\u00e9vis, Qu\u00e9bec, Myrtha Pelletier a habit\u00e9 dans diff\u00e9rentes provinces du Canada avant d\u2019\u00e9lire domicile \u00e0 Boucherville en banlieue de","breadcrumb":{"@id":"https:\/\/aapars.com\/myrtha-pelletier\/#breadcrumb"},"inLanguage":"fr-FR","potentialAction":[{"@type":"ReadAction","target":["https:\/\/aapars.com\/myrtha-pelletier\/"]}]},{"@type":"ImageObject","inLanguage":"fr-FR","@id":"https:\/\/aapars.com\/myrtha-pelletier\/#primaryimage","url":"https:\/\/aapars.com\/myrtha-pelletier\/files\/2010\/10\/IMG_4105-001-e1378860150175.jpg","contentUrl":"https:\/\/aapars.com\/myrtha-pelletier\/files\/2010\/10\/IMG_4105-001-e1378860150175.jpg","width":150,"height":206},{"@type":"BreadcrumbList","@id":"https:\/\/aapars.com\/myrtha-pelletier\/#breadcrumb","itemListElement":[{"@type":"ListItem","position":1,"name":"Accueil","item":"https:\/\/aapars.com\/myrtha-pelletier\/"},{"@type":"ListItem","position":2,"name":"Myrtha Pelletier"}]},{"@type":"WebSite","@id":"https:\/\/aapars.com\/myrtha-pelletier\/#website","url":"https:\/\/aapars.com\/myrtha-pelletier\/","name":"Myrtha Pelletier","description":"Un site de la galerie virtuelle de l\u2019AAPARS","publisher":{"@id":"https:\/\/aapars.com\/myrtha-pelletier\/#organization"},"potentialAction":[{"@type":"SearchAction","target":{"@type":"EntryPoint","urlTemplate":"https:\/\/aapars.com\/myrtha-pelletier\/?s={search_term_string}"},"query-input":{"@type":"PropertyValueSpecification","valueRequired":true,"valueName":"search_term_string"}}],"inLanguage":"fr-FR"},{"@type":"Organization","@id":"https:\/\/aapars.com\/myrtha-pelletier\/#organization","name":"Myrtha Pelletier","url":"https:\/\/aapars.com\/myrtha-pelletier\/","logo":{"@type":"ImageObject","inLanguage":"fr-FR","@id":"https:\/\/aapars.com\/myrtha-pelletier\/#\/schema\/logo\/image\/","url":"https:\/\/aapars.com\/myrtha-pelletier\/files\/2012\/04\/logo-aapars-@2x.png","contentUrl":"https:\/\/aapars.com\/myrtha-pelletier\/files\/2012\/04\/logo-aapars-@2x.png","width":560,"height":306,"caption":"Myrtha Pelletier"},"image":{"@id":"https:\/\/aapars.com\/myrtha-pelletier\/#\/schema\/logo\/image\/"}}]}},"_links":{"self":[{"href":"https:\/\/aapars.com\/myrtha-pelletier\/wp-json\/wp\/v2\/pages\/12","targetHints":{"allow":["GET"]}}],"collection":[{"href":"https:\/\/aapars.com\/myrtha-pelletier\/wp-json\/wp\/v2\/pages"}],"about":[{"href":"https:\/\/aapars.com\/myrtha-pelletier\/wp-json\/wp\/v2\/types\/page"}],"author":[{"embeddable":true,"href":"https:\/\/aapars.com\/myrtha-pelletier\/wp-json\/wp\/v2\/users\/538"}],"replies":[{"embeddable":true,"href":"https:\/\/aapars.com\/myrtha-pelletier\/wp-json\/wp\/v2\/comments?post=12"}],"version-history":[{"count":0,"href":"https:\/\/aapars.com\/myrtha-pelletier\/wp-json\/wp\/v2\/pages\/12\/revisions"}],"wp:attachment":[{"href":"https:\/\/aapars.com\/myrtha-pelletier\/wp-json\/wp\/v2\/media?parent=12"}],"curies":[{"name":"wp","href":"https:\/\/api.w.org\/{rel}","templated":true}]}}