{"id":14,"date":"2010-10-03T14:04:32","date_gmt":"2010-10-03T18:04:32","guid":{"rendered":"https:\/\/aapars.com\/site-gabarit\/"},"modified":"2023-08-19T22:25:15","modified_gmt":"2023-08-20T02:25:15","slug":"portfolio","status":"publish","type":"page","link":"https:\/\/aapars.com\/monique-cote\/portfolio\/","title":{"rendered":"Portfolio"},"content":{"rendered":"<h2>Les roses<\/h2>\nngg_shortcode_0_placeholder\n<h2>Marguerites du cap<\/h2>\nngg_shortcode_1_placeholder\n<h2>Hibiscus<\/h2>\nngg_shortcode_2_placeholder\n<h2>Fleurs<\/h2>\nngg_shortcode_3_placeholder\n","protected":false},"excerpt":{"rendered":"<p>Les roses Marguerites du cap Hibiscus Fleurs<\/p>\n","protected":false},"author":558,"featured_media":0,"parent":0,"menu_order":1,"comment_status":"closed","ping_status":"closed","template":"","meta":{"_s2mail":"yes","ngg_post_thumbnail":0,"iawp_total_views":101,"footnotes":""},"class_list":["post-14","page","type-page","status-publish"],"yoast_head":"<!-- This site is optimized with the Yoast SEO plugin v27.5 - https:\/\/yoast.com\/product\/yoast-seo-wordpress\/ -->\n<title>Portfolio - Monique C\u00f4t\u00e9 - Un site de la galerie virtuelle de l&#039;AAPARS<\/title>\n<meta name=\"description\" content=\"Les roses  Marguerites du cap  Hibiscus  Fleurs\" \/>\n<meta name=\"robots\" content=\"index, follow, max-snippet:-1, max-image-preview:large, max-video-preview:-1\" \/>\n<link rel=\"canonical\" href=\"https:\/\/aapars.com\/monique-cote\/portfolio\/\" \/>\n<meta property=\"og:locale\" content=\"fr_FR\" \/>\n<meta property=\"og:type\" content=\"article\" \/>\n<meta property=\"og:title\" content=\"Portfolio - Monique C\u00f4t\u00e9 - Un site de la galerie virtuelle de l&#039;AAPARS\" \/>\n<meta property=\"og:description\" content=\"Les roses  Marguerites du cap  Hibiscus  Fleurs\" \/>\n<meta property=\"og:url\" content=\"https:\/\/aapars.com\/monique-cote\/portfolio\/\" \/>\n<meta property=\"og:site_name\" content=\"Monique C\u00f4t\u00e9\" \/>\n<meta property=\"article:modified_time\" content=\"2023-08-20T02:25:15+00:00\" \/>\n<meta name=\"twitter:label1\" content=\"Dur\u00e9e de lecture estim\u00e9e\" \/>\n\t<meta name=\"twitter:data1\" content=\"1 minute\" \/>\n<script type=\"application\/ld+json\" class=\"yoast-schema-graph\">{\"@context\":\"https:\\\/\\\/schema.org\",\"@graph\":[{\"@type\":\"WebPage\",\"@id\":\"https:\\\/\\\/aapars.com\\\/monique-cote\\\/portfolio\\\/\",\"url\":\"https:\\\/\\\/aapars.com\\\/monique-cote\\\/portfolio\\\/\",\"name\":\"Portfolio - Monique C\u00f4t\u00e9 - Un site de la galerie virtuelle de l&#039;AAPARS\",\"isPartOf\":{\"@id\":\"https:\\\/\\\/aapars.com\\\/monique-cote\\\/#website\"},\"datePublished\":\"2010-10-03T18:04:32+00:00\",\"dateModified\":\"2023-08-20T02:25:15+00:00\",\"description\":\"Les roses Marguerites du cap Hibiscus Fleurs\",\"breadcrumb\":{\"@id\":\"https:\\\/\\\/aapars.com\\\/monique-cote\\\/portfolio\\\/#breadcrumb\"},\"inLanguage\":\"fr-FR\",\"potentialAction\":[{\"@type\":\"ReadAction\",\"target\":[\"https:\\\/\\\/aapars.com\\\/monique-cote\\\/portfolio\\\/\"]}]},{\"@type\":\"BreadcrumbList\",\"@id\":\"https:\\\/\\\/aapars.com\\\/monique-cote\\\/portfolio\\\/#breadcrumb\",\"itemListElement\":[{\"@type\":\"ListItem\",\"position\":1,\"name\":\"Accueil\",\"item\":\"https:\\\/\\\/aapars.com\\\/monique-cote\\\/\"},{\"@type\":\"ListItem\",\"position\":2,\"name\":\"Portfolio\"}]},{\"@type\":\"WebSite\",\"@id\":\"https:\\\/\\\/aapars.com\\\/monique-cote\\\/#website\",\"url\":\"https:\\\/\\\/aapars.com\\\/monique-cote\\\/\",\"name\":\"Monique C\u00f4t\u00e9\",\"description\":\"Un site de la galerie virtuelle de l&#039;AAPARS\",\"publisher\":{\"@id\":\"https:\\\/\\\/aapars.com\\\/monique-cote\\\/#organization\"},\"potentialAction\":[{\"@type\":\"SearchAction\",\"target\":{\"@type\":\"EntryPoint\",\"urlTemplate\":\"https:\\\/\\\/aapars.com\\\/monique-cote\\\/?s={search_term_string}\"},\"query-input\":{\"@type\":\"PropertyValueSpecification\",\"valueRequired\":true,\"valueName\":\"search_term_string\"}}],\"inLanguage\":\"fr-FR\"},{\"@type\":\"Organization\",\"@id\":\"https:\\\/\\\/aapars.com\\\/monique-cote\\\/#organization\",\"name\":\"Monique C\u00f4t\u00e9\",\"url\":\"https:\\\/\\\/aapars.com\\\/monique-cote\\\/\",\"logo\":{\"@type\":\"ImageObject\",\"inLanguage\":\"fr-FR\",\"@id\":\"https:\\\/\\\/aapars.com\\\/monique-cote\\\/#\\\/schema\\\/logo\\\/image\\\/\",\"url\":\"https:\\\/\\\/aapars.com\\\/monique-cote\\\/files\\\/2012\\\/04\\\/logo-aapars-@2x.png\",\"contentUrl\":\"https:\\\/\\\/aapars.com\\\/monique-cote\\\/files\\\/2012\\\/04\\\/logo-aapars-@2x.png\",\"width\":560,\"height\":306,\"caption\":\"Monique C\u00f4t\u00e9\"},\"image\":{\"@id\":\"https:\\\/\\\/aapars.com\\\/monique-cote\\\/#\\\/schema\\\/logo\\\/image\\\/\"}}]}<\/script>\n<!-- \/ Yoast SEO plugin. -->","yoast_head_json":{"title":"Portfolio - Monique C\u00f4t\u00e9 - Un site de la galerie virtuelle de l&#039;AAPARS","description":"Les roses  Marguerites du cap  Hibiscus  Fleurs","robots":{"index":"index","follow":"follow","max-snippet":"max-snippet:-1","max-image-preview":"max-image-preview:large","max-video-preview":"max-video-preview:-1"},"canonical":"https:\/\/aapars.com\/monique-cote\/portfolio\/","og_locale":"fr_FR","og_type":"article","og_title":"Portfolio - Monique C\u00f4t\u00e9 - Un site de la galerie virtuelle de l&#039;AAPARS","og_description":"Les roses  Marguerites du cap  Hibiscus  Fleurs","og_url":"https:\/\/aapars.com\/monique-cote\/portfolio\/","og_site_name":"Monique C\u00f4t\u00e9","article_modified_time":"2023-08-20T02:25:15+00:00","twitter_misc":{"Dur\u00e9e de lecture estim\u00e9e":"1 minute"},"schema":{"@context":"https:\/\/schema.org","@graph":[{"@type":"WebPage","@id":"https:\/\/aapars.com\/monique-cote\/portfolio\/","url":"https:\/\/aapars.com\/monique-cote\/portfolio\/","name":"Portfolio - Monique C\u00f4t\u00e9 - Un site de la galerie virtuelle de l&#039;AAPARS","isPartOf":{"@id":"https:\/\/aapars.com\/monique-cote\/#website"},"datePublished":"2010-10-03T18:04:32+00:00","dateModified":"2023-08-20T02:25:15+00:00","description":"Les roses Marguerites du cap Hibiscus Fleurs","breadcrumb":{"@id":"https:\/\/aapars.com\/monique-cote\/portfolio\/#breadcrumb"},"inLanguage":"fr-FR","potentialAction":[{"@type":"ReadAction","target":["https:\/\/aapars.com\/monique-cote\/portfolio\/"]}]},{"@type":"BreadcrumbList","@id":"https:\/\/aapars.com\/monique-cote\/portfolio\/#breadcrumb","itemListElement":[{"@type":"ListItem","position":1,"name":"Accueil","item":"https:\/\/aapars.com\/monique-cote\/"},{"@type":"ListItem","position":2,"name":"Portfolio"}]},{"@type":"WebSite","@id":"https:\/\/aapars.com\/monique-cote\/#website","url":"https:\/\/aapars.com\/monique-cote\/","name":"Monique C\u00f4t\u00e9","description":"Un site de la galerie virtuelle de l&#039;AAPARS","publisher":{"@id":"https:\/\/aapars.com\/monique-cote\/#organization"},"potentialAction":[{"@type":"SearchAction","target":{"@type":"EntryPoint","urlTemplate":"https:\/\/aapars.com\/monique-cote\/?s={search_term_string}"},"query-input":{"@type":"PropertyValueSpecification","valueRequired":true,"valueName":"search_term_string"}}],"inLanguage":"fr-FR"},{"@type":"Organization","@id":"https:\/\/aapars.com\/monique-cote\/#organization","name":"Monique C\u00f4t\u00e9","url":"https:\/\/aapars.com\/monique-cote\/","logo":{"@type":"ImageObject","inLanguage":"fr-FR","@id":"https:\/\/aapars.com\/monique-cote\/#\/schema\/logo\/image\/","url":"https:\/\/aapars.com\/monique-cote\/files\/2012\/04\/logo-aapars-@2x.png","contentUrl":"https:\/\/aapars.com\/monique-cote\/files\/2012\/04\/logo-aapars-@2x.png","width":560,"height":306,"caption":"Monique C\u00f4t\u00e9"},"image":{"@id":"https:\/\/aapars.com\/monique-cote\/#\/schema\/logo\/image\/"}}]}},"_links":{"self":[{"href":"https:\/\/aapars.com\/monique-cote\/wp-json\/wp\/v2\/pages\/14","targetHints":{"allow":["GET"]}}],"collection":[{"href":"https:\/\/aapars.com\/monique-cote\/wp-json\/wp\/v2\/pages"}],"about":[{"href":"https:\/\/aapars.com\/monique-cote\/wp-json\/wp\/v2\/types\/page"}],"author":[{"embeddable":true,"href":"https:\/\/aapars.com\/monique-cote\/wp-json\/wp\/v2\/users\/558"}],"replies":[{"embeddable":true,"href":"https:\/\/aapars.com\/monique-cote\/wp-json\/wp\/v2\/comments?post=14"}],"version-history":[{"count":3,"href":"https:\/\/aapars.com\/monique-cote\/wp-json\/wp\/v2\/pages\/14\/revisions"}],"predecessor-version":[{"id":337,"href":"https:\/\/aapars.com\/monique-cote\/wp-json\/wp\/v2\/pages\/14\/revisions\/337"}],"wp:attachment":[{"href":"https:\/\/aapars.com\/monique-cote\/wp-json\/wp\/v2\/media?parent=14"}],"curies":[{"name":"wp","href":"https:\/\/api.w.org\/{rel}","templated":true}]}}