{"id":348,"date":"2022-09-13T11:50:30","date_gmt":"2022-09-13T15:50:30","guid":{"rendered":"https:\/\/aapars.com\/mona-josee-lachance\/coquelicot\/"},"modified":"2024-03-25T14:17:34","modified_gmt":"2024-03-25T18:17:34","slug":"portfolio","status":"publish","type":"page","link":"https:\/\/aapars.com\/mona-josee-lachance\/portfolio\/","title":{"rendered":"Portfolio"},"content":{"rendered":"ngg_shortcode_0_placeholder\n","protected":false},"excerpt":{"rendered":"","protected":false},"author":2524,"featured_media":0,"parent":0,"menu_order":200,"comment_status":"closed","ping_status":"closed","template":"","meta":{"_s2mail":"","ngg_post_thumbnail":0,"iawp_total_views":60,"footnotes":""},"class_list":["post-348","page","type-page","status-publish"],"yoast_head":"<!-- This site is optimized with the Yoast SEO plugin v27.5 - https:\/\/yoast.com\/product\/yoast-seo-wordpress\/ -->\n<title>Portfolio | Mona Jos\u00e9e Lachance | Un site de la galerie virtuelle de l&#039;AAPARS<\/title>\n<meta name=\"robots\" content=\"index, follow, max-snippet:-1, max-image-preview:large, max-video-preview:-1\" \/>\n<link rel=\"canonical\" href=\"https:\/\/aapars.com\/mona-josee-lachance\/portfolio\/\" \/>\n<meta property=\"og:locale\" content=\"fr_FR\" \/>\n<meta property=\"og:type\" content=\"article\" \/>\n<meta property=\"og:title\" content=\"Portfolio | Mona Jos\u00e9e Lachance | Un site de la galerie virtuelle de l&#039;AAPARS\" \/>\n<meta property=\"og:url\" content=\"https:\/\/aapars.com\/mona-josee-lachance\/portfolio\/\" \/>\n<meta property=\"og:site_name\" content=\"Mona Jos\u00e9e Lachance\" \/>\n<meta property=\"article:modified_time\" content=\"2024-03-25T18:17:34+00:00\" \/>\n<meta name=\"twitter:label1\" content=\"Dur\u00e9e de lecture estim\u00e9e\" \/>\n\t<meta name=\"twitter:data1\" content=\"3 minutes\" \/>\n<script type=\"application\/ld+json\" class=\"yoast-schema-graph\">{\"@context\":\"https:\\\/\\\/schema.org\",\"@graph\":[{\"@type\":\"WebPage\",\"@id\":\"https:\\\/\\\/aapars.com\\\/mona-josee-lachance\\\/portfolio\\\/\",\"url\":\"https:\\\/\\\/aapars.com\\\/mona-josee-lachance\\\/portfolio\\\/\",\"name\":\"Portfolio | Mona Jos\u00e9e Lachance | Un site de la galerie virtuelle de l&#039;AAPARS\",\"isPartOf\":{\"@id\":\"https:\\\/\\\/aapars.com\\\/mona-josee-lachance\\\/#website\"},\"datePublished\":\"2022-09-13T15:50:30+00:00\",\"dateModified\":\"2024-03-25T18:17:34+00:00\",\"breadcrumb\":{\"@id\":\"https:\\\/\\\/aapars.com\\\/mona-josee-lachance\\\/portfolio\\\/#breadcrumb\"},\"inLanguage\":\"fr-FR\",\"potentialAction\":[{\"@type\":\"ReadAction\",\"target\":[\"https:\\\/\\\/aapars.com\\\/mona-josee-lachance\\\/portfolio\\\/\"]}]},{\"@type\":\"BreadcrumbList\",\"@id\":\"https:\\\/\\\/aapars.com\\\/mona-josee-lachance\\\/portfolio\\\/#breadcrumb\",\"itemListElement\":[{\"@type\":\"ListItem\",\"position\":1,\"name\":\"Accueil\",\"item\":\"https:\\\/\\\/aapars.com\\\/mona-josee-lachance\\\/\"},{\"@type\":\"ListItem\",\"position\":2,\"name\":\"Portfolio\"}]},{\"@type\":\"WebSite\",\"@id\":\"https:\\\/\\\/aapars.com\\\/mona-josee-lachance\\\/#website\",\"url\":\"https:\\\/\\\/aapars.com\\\/mona-josee-lachance\\\/\",\"name\":\"Mona Jos\u00e9e Lachance\",\"description\":\"Un site de la galerie virtuelle de l&#039;AAPARS\",\"publisher\":{\"@id\":\"https:\\\/\\\/aapars.com\\\/mona-josee-lachance\\\/#\\\/schema\\\/person\\\/67e727643cc38d6d0d58bde5c504a2f5\"},\"potentialAction\":[{\"@type\":\"SearchAction\",\"target\":{\"@type\":\"EntryPoint\",\"urlTemplate\":\"https:\\\/\\\/aapars.com\\\/mona-josee-lachance\\\/?s={search_term_string}\"},\"query-input\":{\"@type\":\"PropertyValueSpecification\",\"valueRequired\":true,\"valueName\":\"search_term_string\"}}],\"inLanguage\":\"fr-FR\"},{\"@type\":[\"Person\",\"Organization\"],\"@id\":\"https:\\\/\\\/aapars.com\\\/mona-josee-lachance\\\/#\\\/schema\\\/person\\\/67e727643cc38d6d0d58bde5c504a2f5\",\"name\":\"Jean Test\",\"image\":{\"@type\":\"ImageObject\",\"inLanguage\":\"fr-FR\",\"@id\":\"https:\\\/\\\/aapars.com\\\/mona-josee-lachance\\\/files\\\/2022\\\/10\\\/logo-aapars.png\",\"url\":\"https:\\\/\\\/aapars.com\\\/mona-josee-lachance\\\/files\\\/2022\\\/10\\\/logo-aapars.png\",\"contentUrl\":\"https:\\\/\\\/aapars.com\\\/mona-josee-lachance\\\/files\\\/2022\\\/10\\\/logo-aapars.png\",\"width\":280,\"height\":153,\"caption\":\"Jean Test\"},\"logo\":{\"@id\":\"https:\\\/\\\/aapars.com\\\/mona-josee-lachance\\\/files\\\/2022\\\/10\\\/logo-aapars.png\"}}]}<\/script>\n<!-- \/ Yoast SEO plugin. -->","yoast_head_json":{"title":"Portfolio | Mona Jos\u00e9e Lachance | Un site de la galerie virtuelle de l&#039;AAPARS","robots":{"index":"index","follow":"follow","max-snippet":"max-snippet:-1","max-image-preview":"max-image-preview:large","max-video-preview":"max-video-preview:-1"},"canonical":"https:\/\/aapars.com\/mona-josee-lachance\/portfolio\/","og_locale":"fr_FR","og_type":"article","og_title":"Portfolio | Mona Jos\u00e9e Lachance | Un site de la galerie virtuelle de l&#039;AAPARS","og_url":"https:\/\/aapars.com\/mona-josee-lachance\/portfolio\/","og_site_name":"Mona Jos\u00e9e Lachance","article_modified_time":"2024-03-25T18:17:34+00:00","twitter_misc":{"Dur\u00e9e de lecture estim\u00e9e":"3 minutes"},"schema":{"@context":"https:\/\/schema.org","@graph":[{"@type":"WebPage","@id":"https:\/\/aapars.com\/mona-josee-lachance\/portfolio\/","url":"https:\/\/aapars.com\/mona-josee-lachance\/portfolio\/","name":"Portfolio | Mona Jos\u00e9e Lachance | Un site de la galerie virtuelle de l&#039;AAPARS","isPartOf":{"@id":"https:\/\/aapars.com\/mona-josee-lachance\/#website"},"datePublished":"2022-09-13T15:50:30+00:00","dateModified":"2024-03-25T18:17:34+00:00","breadcrumb":{"@id":"https:\/\/aapars.com\/mona-josee-lachance\/portfolio\/#breadcrumb"},"inLanguage":"fr-FR","potentialAction":[{"@type":"ReadAction","target":["https:\/\/aapars.com\/mona-josee-lachance\/portfolio\/"]}]},{"@type":"BreadcrumbList","@id":"https:\/\/aapars.com\/mona-josee-lachance\/portfolio\/#breadcrumb","itemListElement":[{"@type":"ListItem","position":1,"name":"Accueil","item":"https:\/\/aapars.com\/mona-josee-lachance\/"},{"@type":"ListItem","position":2,"name":"Portfolio"}]},{"@type":"WebSite","@id":"https:\/\/aapars.com\/mona-josee-lachance\/#website","url":"https:\/\/aapars.com\/mona-josee-lachance\/","name":"Mona Jos\u00e9e Lachance","description":"Un site de la galerie virtuelle de l&#039;AAPARS","publisher":{"@id":"https:\/\/aapars.com\/mona-josee-lachance\/#\/schema\/person\/67e727643cc38d6d0d58bde5c504a2f5"},"potentialAction":[{"@type":"SearchAction","target":{"@type":"EntryPoint","urlTemplate":"https:\/\/aapars.com\/mona-josee-lachance\/?s={search_term_string}"},"query-input":{"@type":"PropertyValueSpecification","valueRequired":true,"valueName":"search_term_string"}}],"inLanguage":"fr-FR"},{"@type":["Person","Organization"],"@id":"https:\/\/aapars.com\/mona-josee-lachance\/#\/schema\/person\/67e727643cc38d6d0d58bde5c504a2f5","name":"Jean Test","image":{"@type":"ImageObject","inLanguage":"fr-FR","@id":"https:\/\/aapars.com\/mona-josee-lachance\/files\/2022\/10\/logo-aapars.png","url":"https:\/\/aapars.com\/mona-josee-lachance\/files\/2022\/10\/logo-aapars.png","contentUrl":"https:\/\/aapars.com\/mona-josee-lachance\/files\/2022\/10\/logo-aapars.png","width":280,"height":153,"caption":"Jean Test"},"logo":{"@id":"https:\/\/aapars.com\/mona-josee-lachance\/files\/2022\/10\/logo-aapars.png"}}]}},"_links":{"self":[{"href":"https:\/\/aapars.com\/mona-josee-lachance\/wp-json\/wp\/v2\/pages\/348","targetHints":{"allow":["GET"]}}],"collection":[{"href":"https:\/\/aapars.com\/mona-josee-lachance\/wp-json\/wp\/v2\/pages"}],"about":[{"href":"https:\/\/aapars.com\/mona-josee-lachance\/wp-json\/wp\/v2\/types\/page"}],"author":[{"embeddable":true,"href":"https:\/\/aapars.com\/mona-josee-lachance\/wp-json\/wp\/v2\/users\/2524"}],"replies":[{"embeddable":true,"href":"https:\/\/aapars.com\/mona-josee-lachance\/wp-json\/wp\/v2\/comments?post=348"}],"version-history":[{"count":6,"href":"https:\/\/aapars.com\/mona-josee-lachance\/wp-json\/wp\/v2\/pages\/348\/revisions"}],"predecessor-version":[{"id":742,"href":"https:\/\/aapars.com\/mona-josee-lachance\/wp-json\/wp\/v2\/pages\/348\/revisions\/742"}],"wp:attachment":[{"href":"https:\/\/aapars.com\/mona-josee-lachance\/wp-json\/wp\/v2\/media?parent=348"}],"curies":[{"name":"wp","href":"https:\/\/api.w.org\/{rel}","templated":true}]}}