{"id":2,"date":"2010-10-03T05:11:36","date_gmt":"2010-10-03T09:11:36","guid":{"rendered":"https:\/\/aapars.com\/jacques-landry\/?page_id=2"},"modified":"2026-03-23T09:43:01","modified_gmt":"2026-03-23T13:43:01","slug":"accueil","status":"publish","type":"page","link":"https:\/\/aapars.com\/mona-josee-lachance\/","title":{"rendered":"Mona Jos\u00e9e Lachance"},"content":{"rendered":"<p>&nbsp;<\/p>\n<figure id=\"attachment_761\" aria-describedby=\"caption-attachment-761\" style=\"width: 525px\" class=\"wp-caption alignnone\"><img loading=\"lazy\" decoding=\"async\" class=\"size-medium wp-image-761\" src=\"https:\/\/aapars.com\/mona-josee-lachance\/files\/2026\/03\/IMG_9570-535x803.jpeg\" alt=\"\" width=\"535\" height=\"803\" srcset=\"https:\/\/aapars.com\/mona-josee-lachance\/files\/2026\/03\/IMG_9570-535x803.jpeg 535w, https:\/\/aapars.com\/mona-josee-lachance\/files\/2026\/03\/IMG_9570-682x1024.jpeg 682w, https:\/\/aapars.com\/mona-josee-lachance\/files\/2026\/03\/IMG_9570-768x1153.jpeg 768w, https:\/\/aapars.com\/mona-josee-lachance\/files\/2026\/03\/IMG_9570-1023x1536.jpeg 1023w, https:\/\/aapars.com\/mona-josee-lachance\/files\/2026\/03\/IMG_9570.jpeg 1170w\" sizes=\"auto, (max-width: 535px) 100vw, 535px\" \/><figcaption id=\"caption-attachment-761\" class=\"wp-caption-text\">Screenshot<\/figcaption><\/figure>\n<h2>Identification<\/h2>\n<p>Technique:&nbsp; Techniques mixtes&nbsp;<\/p>\n<p>Affiliation professionnelle : AAPARS<\/p>\n<p>T\u00e9l\u00e9phone: 514-918-7296<\/p>\n<p>Courriel: monajosee@hotmail.com<\/p>\n<p>Site Web: mona-artistepeintre.com<\/p>\n<h2>&nbsp;<\/h2>\n<h2>D\u00e9marche<\/h2>\n<p>Je viens de la r\u00e9gion du Saguenay- Lac St-Jean. Plus pr\u00e9cis\u00e9ment de St-F\u00e9licien. Je suis une artiste peintre passionn\u00e9e et autodidacte. Toutes mes toiles abstraites n\u2019ont aucun pinceau. Pendant plus de 15 ans, j\u2019ai utilis\u00e9 l\u2019huile pour d\u00e9couvrir en 2015, l\u2019acrylique. L\u2019acrylique me permet de me connecter davantage \u00e0 mes passions et \u00e0 mes \u00e9motions. J\u2019ai c\u00e9d\u00e9 la place \u00e0 mes petits villages pour me connecter \u00e0 mes \u00e9motions dans l\u2019abstrait. En 2020, pendant la COVID-19, j\u2019ai ressorti mes pinceaux pour ma collection : les pierres d\u2019Aaron. \u00c9meraude, Ruby, Am\u00e9thyste et Saphir ont vu le jour. L\u2019abstrait et le figuratif sont maintenant ma nouvelle orientation dans mon art. Je fais davantage du gros format. Ce qui me rejoint totalement dans cette p\u00e9riode de ma vie. J\u2019utilise MonA comme nom d\u2019artiste. On reconnait mes toiles gr\u00e2ce \u00e0 leurs textures, aux couleurs et \u00e0 leurs caract\u00e9ristiques uniques.<\/p>\n<h2>Expositions<\/h2>\n<p>\u25aa Moisson -Montr\u00e9al : Toile mise aux ench\u00e8res au 19 i\u00e8me Tournois de golf&nbsp; pour la fondation de l\u2019organisme (2022)<\/p>\n<p><strong>\u25aa EXPO GALERIE AAPARS MARS 2018<\/strong><br \/>\nPr\u00e9sentation de quatre \u0153uvres uniques dans le style abstrait et contemporain. Le m\u00e9dium utilis\u00e9 est l\u2019acrylique.<\/p>\n<p><strong>\u25aa EXPOSITION-PALM SPRING-CALIFORNIE \/ THE ART PALM SPRINGS FEVRIER 2017<\/strong><br \/>\nExposition de grande envergure en Californie, \u00e0 Palm Spring. Plusieurs galeries et artistes y exposaient leurs \u0153uvres. Pr\u00e9sentation de quatre toiles uniques \u00e0 grand format. Show international, The Art Palm Springs Fair is the Official Contemporary &amp; Modern Art Exhibit.<\/p>\n<p><strong>\u25aa VERNISSAGE \/ MJLABERGE GALERIE-BOUCHERVILLE MAI 2016<\/strong><br \/>\n\u0152uvres uniques et de style contemporain. Six toiles ont \u00e9t\u00e9 expos\u00e9es dans les couleurs de bleu, mauve et cuivre. Le m\u00e9dium utilis\u00e9 est l&#8217;acrylique. Les toiles sont de tr\u00e8s gros formats et de tr\u00e8s bonnes qualit\u00e9s.<\/p>\n<p><strong>\u25aa VERNISSAGE \/ MJLABERGE GALERIE-BOUCHERVILLE &#8211; DECEMBRE 2016<\/strong><br \/>\nPr\u00e9sentation du premier vernissage. Exposition de six toiles uniques \u00e0 grands formats. Le m\u00e9dium utilis\u00e9 est l&#8217;acrylique ainsi que du ciment et du pouring sur des toiles de tr\u00e8s grande qualit\u00e9.<\/p>\n<h2>Autres informations<\/h2>\n<p>Site Web: https:\/\/mona-artistepeintre.com<\/p>\n","protected":false},"excerpt":{"rendered":"<p>&nbsp; Identification Technique:&nbsp; Techniques mixtes&nbsp; Affiliation professionnelle : AAPARS T\u00e9l\u00e9phone: 514-918-7296 Courriel: monajosee@hotmail.com Site Web: mona-artistepeintre.com &nbsp; D\u00e9marche Je viens de la r\u00e9gion du Saguenay- Lac St-Jean. Plus pr\u00e9cis\u00e9ment de St-F\u00e9licien. Je suis une artiste peintre passionn\u00e9e et autodidacte. Toutes mes toiles abstraites n\u2019ont aucun pinceau. Pendant plus de 15 ans, j\u2019ai utilis\u00e9 l\u2019huile pour &#8230; <\/p>\n<p class=\"read-more-container\"><a title=\"Mona Jos\u00e9e Lachance\" class=\"read-more button\" href=\"https:\/\/aapars.com\/mona-josee-lachance\/#more-2\" aria-label=\"En savoir plus sur Mona Jos\u00e9e Lachance\">Lire plus<\/a><\/p>\n","protected":false},"author":2524,"featured_media":0,"parent":0,"menu_order":100,"comment_status":"closed","ping_status":"closed","template":"","meta":{"_s2mail":"yes","ngg_post_thumbnail":0,"iawp_total_views":99,"footnotes":""},"class_list":["post-2","page","type-page","status-publish"],"yoast_head":"<!-- This site is optimized with the Yoast SEO plugin v27.3 - https:\/\/yoast.com\/product\/yoast-seo-wordpress\/ -->\n<title>Mona Jos\u00e9e Lachance | Un site de la galerie virtuelle de l&#039;AAPARS<\/title>\n<meta name=\"description\" content=\"&nbsp; Identification Technique:&nbsp; Techniques mixtes&nbsp; Affiliation professionnelle : AAPARS T\u00e9l\u00e9phone: 514-918-7296 Courriel:\" \/>\n<meta name=\"robots\" content=\"index, follow, max-snippet:-1, max-image-preview:large, max-video-preview:-1\" \/>\n<link rel=\"canonical\" href=\"https:\/\/aapars.com\/mona-josee-lachance\/\" \/>\n<meta property=\"og:locale\" content=\"fr_FR\" \/>\n<meta property=\"og:type\" content=\"article\" \/>\n<meta property=\"og:title\" content=\"Mona Jos\u00e9e Lachance | Un site de la galerie virtuelle de l&#039;AAPARS\" \/>\n<meta property=\"og:description\" content=\"&nbsp; Identification Technique:&nbsp; Techniques mixtes&nbsp; Affiliation professionnelle : AAPARS T\u00e9l\u00e9phone: 514-918-7296 Courriel:\" \/>\n<meta property=\"og:url\" content=\"https:\/\/aapars.com\/mona-josee-lachance\/\" \/>\n<meta property=\"og:site_name\" content=\"Mona Jos\u00e9e Lachance\" \/>\n<meta property=\"article:modified_time\" content=\"2026-03-23T13:43:01+00:00\" \/>\n<meta property=\"og:image\" content=\"https:\/\/aapars.com\/mona-josee-lachance\/files\/2026\/03\/IMG_9570.jpeg\" \/>\n\t<meta property=\"og:image:width\" content=\"1170\" \/>\n\t<meta property=\"og:image:height\" content=\"1757\" \/>\n\t<meta property=\"og:image:type\" content=\"image\/jpeg\" \/>\n<meta name=\"twitter:label1\" content=\"Dur\u00e9e de lecture estim\u00e9e\" \/>\n\t<meta name=\"twitter:data1\" content=\"2 minutes\" \/>\n<script type=\"application\/ld+json\" class=\"yoast-schema-graph\">{\"@context\":\"https:\\\/\\\/schema.org\",\"@graph\":[{\"@type\":\"WebPage\",\"@id\":\"https:\\\/\\\/aapars.com\\\/mona-josee-lachance\\\/\",\"url\":\"https:\\\/\\\/aapars.com\\\/mona-josee-lachance\\\/\",\"name\":\"Mona Jos\u00e9e Lachance | Un site de la galerie virtuelle de l&#039;AAPARS\",\"isPartOf\":{\"@id\":\"https:\\\/\\\/aapars.com\\\/mona-josee-lachance\\\/#website\"},\"primaryImageOfPage\":{\"@id\":\"https:\\\/\\\/aapars.com\\\/mona-josee-lachance\\\/#primaryimage\"},\"image\":{\"@id\":\"https:\\\/\\\/aapars.com\\\/mona-josee-lachance\\\/#primaryimage\"},\"thumbnailUrl\":\"https:\\\/\\\/aapars.com\\\/mona-josee-lachance\\\/files\\\/2026\\\/03\\\/IMG_9570-535x803.jpeg\",\"datePublished\":\"2010-10-03T09:11:36+00:00\",\"dateModified\":\"2026-03-23T13:43:01+00:00\",\"description\":\"&nbsp; Identification Technique:&nbsp; Techniques mixtes&nbsp; Affiliation professionnelle : AAPARS T\u00e9l\u00e9phone: 514-918-7296 Courriel:\",\"breadcrumb\":{\"@id\":\"https:\\\/\\\/aapars.com\\\/mona-josee-lachance\\\/#breadcrumb\"},\"inLanguage\":\"fr-FR\",\"potentialAction\":[{\"@type\":\"ReadAction\",\"target\":[\"https:\\\/\\\/aapars.com\\\/mona-josee-lachance\\\/\"]}]},{\"@type\":\"ImageObject\",\"inLanguage\":\"fr-FR\",\"@id\":\"https:\\\/\\\/aapars.com\\\/mona-josee-lachance\\\/#primaryimage\",\"url\":\"https:\\\/\\\/aapars.com\\\/mona-josee-lachance\\\/files\\\/2026\\\/03\\\/IMG_9570.jpeg\",\"contentUrl\":\"https:\\\/\\\/aapars.com\\\/mona-josee-lachance\\\/files\\\/2026\\\/03\\\/IMG_9570.jpeg\",\"width\":1170,\"height\":1757,\"caption\":\"Screenshot\"},{\"@type\":\"BreadcrumbList\",\"@id\":\"https:\\\/\\\/aapars.com\\\/mona-josee-lachance\\\/#breadcrumb\",\"itemListElement\":[{\"@type\":\"ListItem\",\"position\":1,\"name\":\"Accueil\",\"item\":\"https:\\\/\\\/aapars.com\\\/mona-josee-lachance\\\/\"},{\"@type\":\"ListItem\",\"position\":2,\"name\":\"Mona Jos\u00e9e Lachance\"}]},{\"@type\":\"WebSite\",\"@id\":\"https:\\\/\\\/aapars.com\\\/mona-josee-lachance\\\/#website\",\"url\":\"https:\\\/\\\/aapars.com\\\/mona-josee-lachance\\\/\",\"name\":\"Mona Jos\u00e9e Lachance\",\"description\":\"Un site de la galerie virtuelle de l&#039;AAPARS\",\"publisher\":{\"@id\":\"https:\\\/\\\/aapars.com\\\/mona-josee-lachance\\\/#\\\/schema\\\/person\\\/67e727643cc38d6d0d58bde5c504a2f5\"},\"potentialAction\":[{\"@type\":\"SearchAction\",\"target\":{\"@type\":\"EntryPoint\",\"urlTemplate\":\"https:\\\/\\\/aapars.com\\\/mona-josee-lachance\\\/?s={search_term_string}\"},\"query-input\":{\"@type\":\"PropertyValueSpecification\",\"valueRequired\":true,\"valueName\":\"search_term_string\"}}],\"inLanguage\":\"fr-FR\"},{\"@type\":[\"Person\",\"Organization\"],\"@id\":\"https:\\\/\\\/aapars.com\\\/mona-josee-lachance\\\/#\\\/schema\\\/person\\\/67e727643cc38d6d0d58bde5c504a2f5\",\"name\":\"Jean Test\",\"image\":{\"@type\":\"ImageObject\",\"inLanguage\":\"fr-FR\",\"@id\":\"https:\\\/\\\/aapars.com\\\/mona-josee-lachance\\\/files\\\/2022\\\/10\\\/logo-aapars.png\",\"url\":\"https:\\\/\\\/aapars.com\\\/mona-josee-lachance\\\/files\\\/2022\\\/10\\\/logo-aapars.png\",\"contentUrl\":\"https:\\\/\\\/aapars.com\\\/mona-josee-lachance\\\/files\\\/2022\\\/10\\\/logo-aapars.png\",\"width\":280,\"height\":153,\"caption\":\"Jean Test\"},\"logo\":{\"@id\":\"https:\\\/\\\/aapars.com\\\/mona-josee-lachance\\\/files\\\/2022\\\/10\\\/logo-aapars.png\"}}]}<\/script>\n<!-- \/ Yoast SEO plugin. -->","yoast_head_json":{"title":"Mona Jos\u00e9e Lachance | Un site de la galerie virtuelle de l&#039;AAPARS","description":"&nbsp; Identification Technique:&nbsp; Techniques mixtes&nbsp; Affiliation professionnelle : AAPARS T\u00e9l\u00e9phone: 514-918-7296 Courriel:","robots":{"index":"index","follow":"follow","max-snippet":"max-snippet:-1","max-image-preview":"max-image-preview:large","max-video-preview":"max-video-preview:-1"},"canonical":"https:\/\/aapars.com\/mona-josee-lachance\/","og_locale":"fr_FR","og_type":"article","og_title":"Mona Jos\u00e9e Lachance | Un site de la galerie virtuelle de l&#039;AAPARS","og_description":"&nbsp; Identification Technique:&nbsp; Techniques mixtes&nbsp; Affiliation professionnelle : AAPARS T\u00e9l\u00e9phone: 514-918-7296 Courriel:","og_url":"https:\/\/aapars.com\/mona-josee-lachance\/","og_site_name":"Mona Jos\u00e9e Lachance","article_modified_time":"2026-03-23T13:43:01+00:00","og_image":[{"width":1170,"height":1757,"url":"https:\/\/aapars.com\/mona-josee-lachance\/files\/2026\/03\/IMG_9570.jpeg","type":"image\/jpeg"}],"twitter_misc":{"Dur\u00e9e de lecture estim\u00e9e":"2 minutes"},"schema":{"@context":"https:\/\/schema.org","@graph":[{"@type":"WebPage","@id":"https:\/\/aapars.com\/mona-josee-lachance\/","url":"https:\/\/aapars.com\/mona-josee-lachance\/","name":"Mona Jos\u00e9e Lachance | Un site de la galerie virtuelle de l&#039;AAPARS","isPartOf":{"@id":"https:\/\/aapars.com\/mona-josee-lachance\/#website"},"primaryImageOfPage":{"@id":"https:\/\/aapars.com\/mona-josee-lachance\/#primaryimage"},"image":{"@id":"https:\/\/aapars.com\/mona-josee-lachance\/#primaryimage"},"thumbnailUrl":"https:\/\/aapars.com\/mona-josee-lachance\/files\/2026\/03\/IMG_9570-535x803.jpeg","datePublished":"2010-10-03T09:11:36+00:00","dateModified":"2026-03-23T13:43:01+00:00","description":"&nbsp; Identification Technique:&nbsp; Techniques mixtes&nbsp; Affiliation professionnelle : AAPARS T\u00e9l\u00e9phone: 514-918-7296 Courriel:","breadcrumb":{"@id":"https:\/\/aapars.com\/mona-josee-lachance\/#breadcrumb"},"inLanguage":"fr-FR","potentialAction":[{"@type":"ReadAction","target":["https:\/\/aapars.com\/mona-josee-lachance\/"]}]},{"@type":"ImageObject","inLanguage":"fr-FR","@id":"https:\/\/aapars.com\/mona-josee-lachance\/#primaryimage","url":"https:\/\/aapars.com\/mona-josee-lachance\/files\/2026\/03\/IMG_9570.jpeg","contentUrl":"https:\/\/aapars.com\/mona-josee-lachance\/files\/2026\/03\/IMG_9570.jpeg","width":1170,"height":1757,"caption":"Screenshot"},{"@type":"BreadcrumbList","@id":"https:\/\/aapars.com\/mona-josee-lachance\/#breadcrumb","itemListElement":[{"@type":"ListItem","position":1,"name":"Accueil","item":"https:\/\/aapars.com\/mona-josee-lachance\/"},{"@type":"ListItem","position":2,"name":"Mona Jos\u00e9e Lachance"}]},{"@type":"WebSite","@id":"https:\/\/aapars.com\/mona-josee-lachance\/#website","url":"https:\/\/aapars.com\/mona-josee-lachance\/","name":"Mona Jos\u00e9e Lachance","description":"Un site de la galerie virtuelle de l&#039;AAPARS","publisher":{"@id":"https:\/\/aapars.com\/mona-josee-lachance\/#\/schema\/person\/67e727643cc38d6d0d58bde5c504a2f5"},"potentialAction":[{"@type":"SearchAction","target":{"@type":"EntryPoint","urlTemplate":"https:\/\/aapars.com\/mona-josee-lachance\/?s={search_term_string}"},"query-input":{"@type":"PropertyValueSpecification","valueRequired":true,"valueName":"search_term_string"}}],"inLanguage":"fr-FR"},{"@type":["Person","Organization"],"@id":"https:\/\/aapars.com\/mona-josee-lachance\/#\/schema\/person\/67e727643cc38d6d0d58bde5c504a2f5","name":"Jean Test","image":{"@type":"ImageObject","inLanguage":"fr-FR","@id":"https:\/\/aapars.com\/mona-josee-lachance\/files\/2022\/10\/logo-aapars.png","url":"https:\/\/aapars.com\/mona-josee-lachance\/files\/2022\/10\/logo-aapars.png","contentUrl":"https:\/\/aapars.com\/mona-josee-lachance\/files\/2022\/10\/logo-aapars.png","width":280,"height":153,"caption":"Jean Test"},"logo":{"@id":"https:\/\/aapars.com\/mona-josee-lachance\/files\/2022\/10\/logo-aapars.png"}}]}},"_links":{"self":[{"href":"https:\/\/aapars.com\/mona-josee-lachance\/wp-json\/wp\/v2\/pages\/2","targetHints":{"allow":["GET"]}}],"collection":[{"href":"https:\/\/aapars.com\/mona-josee-lachance\/wp-json\/wp\/v2\/pages"}],"about":[{"href":"https:\/\/aapars.com\/mona-josee-lachance\/wp-json\/wp\/v2\/types\/page"}],"author":[{"embeddable":true,"href":"https:\/\/aapars.com\/mona-josee-lachance\/wp-json\/wp\/v2\/users\/2524"}],"replies":[{"embeddable":true,"href":"https:\/\/aapars.com\/mona-josee-lachance\/wp-json\/wp\/v2\/comments?post=2"}],"version-history":[{"count":4,"href":"https:\/\/aapars.com\/mona-josee-lachance\/wp-json\/wp\/v2\/pages\/2\/revisions"}],"predecessor-version":[{"id":763,"href":"https:\/\/aapars.com\/mona-josee-lachance\/wp-json\/wp\/v2\/pages\/2\/revisions\/763"}],"wp:attachment":[{"href":"https:\/\/aapars.com\/mona-josee-lachance\/wp-json\/wp\/v2\/media?parent=2"}],"curies":[{"name":"wp","href":"https:\/\/api.w.org\/{rel}","templated":true}]}}