{"id":30,"date":"2010-10-03T05:11:36","date_gmt":"2010-10-03T05:11:36","guid":{"rendered":"https:\/\/aapars.com\/jacques-landry\/?page_id=2"},"modified":"2026-03-11T09:24:35","modified_gmt":"2026-03-11T13:24:35","slug":"accueil","status":"publish","type":"page","link":"https:\/\/aapars.com\/mireille-molleur\/","title":{"rendered":"Mireille Molleur"},"content":{"rendered":"<p><img loading=\"lazy\" decoding=\"async\" class=\"alignnone wp-image-402 size-medium\" src=\"https:\/\/aapars.com\/mireille-molleur\/files\/2026\/02\/IMG_5358-257x300.jpeg\" alt=\"\" width=\"257\" height=\"300\" srcset=\"https:\/\/aapars.com\/mireille-molleur\/wp-content\/blogs.dir\/339\/files\/2026\/02\/IMG_5358-257x300.jpeg 257w, https:\/\/aapars.com\/mireille-molleur\/wp-content\/blogs.dir\/339\/files\/2026\/02\/IMG_5358-768x898.jpeg 768w, https:\/\/aapars.com\/mireille-molleur\/wp-content\/blogs.dir\/339\/files\/2026\/02\/IMG_5358.jpeg 781w\" sizes=\"auto, (max-width: 257px) 100vw, 257px\" \/><\/p>\n\n<table id=\"tablepress-1\" class=\"tablepress tablepress-id-1\">\n<tbody class=\"row-striping\">\n<tr class=\"row-1\">\n\t<td class=\"column-1\">Technique :<\/td><td class=\"column-2\">acrylique, techniques mixtes<\/td>\n<\/tr>\n<tr class=\"row-2\">\n\t<td class=\"column-1\">Affiliations:<\/td><td class=\"column-2\">Aapars, Arto, Culture Mont\u00e9r\u00e9gie<\/td>\n<\/tr>\n<tr class=\"row-3\">\n\t<td class=\"column-1\">T\u00e9l\u00e9phone :<\/td><td class=\"column-2\">514-703-2155<\/td>\n<\/tr>\n<tr class=\"row-4\">\n\t<td class=\"column-1\">Courriel :<\/td><td class=\"column-2\">mireille.molleur@gmail.com<\/td>\n<\/tr>\n<tr class=\"row-5\">\n\t<td class=\"column-1\">Site Internet :<\/td><td class=\"column-2\">https:\/\/aapars.com\/mireille-molleur<\/td>\n<\/tr>\n<\/tbody>\n<\/table>\n<!-- #tablepress-1 from cache -->\n<h2>D\u00e9marche<\/h2>\n<p>Je d\u00e9finis ma d\u00e9marche par des mots, des gestes et des exp\u00e9riences qui se projettent sur la toile. La fa\u00e7on de penser l\u2019expression de la peinture de Seymour Segal m\u2019a influenc\u00e9 ainsi que le l\u00e2cher prise et l\u2019acceptation des couleurs sur la toile de Tania Lebedeff m\u2019ont amen\u00e9 \u00e0 la mani\u00e8re dont je peins actuellement. Le doute m\u2019habite toujours et me permet d\u2019avancer \u00e0 la vitesse de mon questionnement. Je suis constamment en r\u00e9flexion critique vis-\u00e0-vis ma d\u00e9marche afin de saisir l\u2019\u00e9motion de l\u2019instant qui m\u2019habite et d\u2019accepter que rien ne sera parfait et que le changement est le plus beau cadeau que je puisse m\u2019offrir.<\/p>\n<p>Je vous propose donc un regard \u00e0 travers un amalgame de formes et de couleurs dans un univers semi-figuratif et contemporain permettant de r\u00eaver, de se souvenir. Le TERRITOIRE \u00e9tant le th\u00e8me qui me questionne actuellement. \u00c0 travers le temps pass\u00e9 et pr\u00e9sent, le territoire qu\u2019il soit individuel ou collectif est remis en question, nous le questionnons. Nous cherchons la juste part du temps, du lieu qui nous permet de nous identifier \u00e0 une culture, \u00e0 notre culture, de la connaitre et faire reconnaitre au-del\u00e0 du Territoire.<\/p>\n<p>Peindre est devenu l\u2019essentiel au fil du temps\u2026<\/p>\n<h2>Expositions \u00e0 venir<\/h2>\n<p>Avril 18-19: Aapars&nbsp; Expo Galerie, Boucherville<br \/>\nJuin 27-28 : Symposium des arts visuels de Louiseville<br \/>\nAo\u00fbt 28,29,30: Symposium de Danville<\/p>\n<p><strong>Exposition solo:<br \/>\n<\/strong>4 octobre au 8 novembre : Centre d&#8217;Art Domaine Trinity, Saint-Jean-sur-Richelieu&nbsp;<\/p>\n<h2>Formation<\/h2>\n\n<table id=\"tablepress-2\" class=\"tablepress tablepress-id-2\">\n<thead>\n<tr class=\"row-1\">\n\t<th class=\"column-1\">Ann\u00e9e<\/th><th class=\"column-2\">Institution\/professeur<\/th><th class=\"column-3\">Programme<\/th>\n<\/tr>\n<\/thead>\n<tbody class=\"row-striping\">\n<tr class=\"row-2\">\n\t<td class=\"column-1\">2010,2015-2019<\/td><td class=\"column-2\">Atelier avec Tania Lebedeff, Saint-Hyacinthe<\/td><td class=\"column-3\">ateliers cr\u00e9ativit\u00e9, Tania Lebedeff<\/td>\n<\/tr>\n<tr class=\"row-3\">\n\t<td class=\"column-1\">2004<\/td><td class=\"column-2\">Univ. Bishop, St-Lambert<\/td><td class=\"column-3\">dessin <\/td>\n<\/tr>\n<tr class=\"row-4\">\n\t<td class=\"column-1\">1995-1998<\/td><td class=\"column-2\">UQAM<\/td><td class=\"column-3\">certificat en art plastique<\/td>\n<\/tr>\n<tr class=\"row-5\">\n\t<td class=\"column-1\">2001-2003<\/td><td class=\"column-2\">Centre Saidye Bronfman, Montr\u00e9al<\/td><td class=\"column-3\">atelier cr\u00e9ativit\u00e9 Seymour Seagull<\/td>\n<\/tr>\n<tr class=\"row-6\">\n\t<td class=\"column-1\">2002 \u00e0 2006<\/td><td class=\"column-2\">Atelier mod\u00e8le vivant<\/td><td class=\"column-3\">Boucherville et Saint-Jean-sur-Richelieu<\/td>\n<\/tr>\n<tr class=\"row-7\">\n\t<td class=\"column-1\">1991-1993<\/td><td class=\"column-2\">Dessin portrait en atelier<\/td><td class=\"column-3\">Saint-Jean-sur-Richeliieu, Arnold Flynn<\/td>\n<\/tr>\n<\/tbody>\n<\/table>\n<!-- #tablepress-2 from cache -->\n<h2>Expositions<\/h2>\n\n<table id=\"tablepress-3\" class=\"tablepress tablepress-id-3\">\n<thead>\n<tr class=\"row-1\">\n\t<th class=\"column-1\">Ann\u00e9e<\/th><th class=\"column-2\">Nom<\/th><th class=\"column-3\">Endroit<\/th>\n<\/tr>\n<\/thead>\n<tbody class=\"row-striping\">\n<tr class=\"row-2\">\n\t<td class=\"column-1\">2024<\/td><td class=\"column-2\">Arto La petite galerie<\/td><td class=\"column-3\">Saint-Jean-sur-Richelieu<\/td>\n<\/tr>\n<tr class=\"row-3\">\n\t<td class=\"column-1\">2022 \u00e0 2026<\/td><td class=\"column-2\">Resto Viva Pasta<\/td><td class=\"column-3\">Saint-Jean-sur-Richelieu<\/td>\n<\/tr>\n<tr class=\"row-4\">\n\t<td class=\"column-1\">2020, 2023<\/td><td class=\"column-2\">Galerie Miss Rey<\/td><td class=\"column-3\">Chambly<\/td>\n<\/tr>\n<tr class=\"row-5\">\n\t<td class=\"column-1\">2011, 2017<\/td><td class=\"column-2\">Coll\u00e8ge Militaire Royal<\/td><td class=\"column-3\">Saint-Jean-sur-Richelieu<\/td>\n<\/tr>\n<tr class=\"row-6\">\n\t<td class=\"column-1\">2010<\/td><td class=\"column-2\">Salon rouge,Biblioth\u00e8que<\/td><td class=\"column-3\">secteur Saint-Luc<\/td>\n<\/tr>\n<tr class=\"row-7\">\n\t<td class=\"column-1\">2006, 2009<\/td><td class=\"column-2\">Desjardins, Vall\u00e9e-des-Forts<\/td><td class=\"column-3\">Saint-Jean-sur-Richelieu<\/td>\n<\/tr>\n<tr class=\"row-8\">\n\t<td class=\"column-1\">2007, 2008<\/td><td class=\"column-2\">H\u00f4tel Relais des Gouverneurs<\/td><td class=\"column-3\">Saint-Jean-sur-Richelieu<\/td>\n<\/tr>\n<tr class=\"row-9\">\n\t<td class=\"column-1\">2024<\/td><td class=\"column-2\">Centre d'Art Sabrevois,exposition trio, grands formats <\/td><td class=\"column-3\">Sabrevois<\/td>\n<\/tr>\n<tr class=\"row-10\">\n\t<td class=\"column-1\">2004-2025<\/td><td class=\"column-2\">Symposium Bromont en Art<\/td><td class=\"column-3\">Bromont<\/td>\n<\/tr>\n<tr class=\"row-11\">\n\t<td class=\"column-1\">2011-2024<\/td><td class=\"column-2\">Symposium du Haut-Richelieu, grands formats<\/td><td class=\"column-3\">Saint-Jean-sur-Richelieu<\/td>\n<\/tr>\n<tr class=\"row-12\">\n\t<td class=\"column-1\">2015,2021,2023,2025<\/td><td class=\"column-2\">Symposium de Danville<\/td><td class=\"column-3\">Danville<\/td>\n<\/tr>\n<tr class=\"row-13\">\n\t<td class=\"column-1\">2017 \u00e0 2025<\/td><td class=\"column-2\">Symposium en Arts Visuels<\/td><td class=\"column-3\">Louiseville<\/td>\n<\/tr>\n<tr class=\"row-14\">\n\t<td class=\"column-1\">2001 \u00e0 2025<\/td><td class=\"column-2\">Rencontre des Arts<\/td><td class=\"column-3\">Saint-Jean-sur-Richelieu<\/td>\n<\/tr>\n<tr class=\"row-15\">\n\t<td class=\"column-1\">2014; 2022 \u00e0 2026<\/td><td class=\"column-2\">Aapars<\/td><td class=\"column-3\">Saint-Bruno-de-Montarville<\/td>\n<\/tr>\n<tr class=\"row-16\">\n\t<td class=\"column-1\">2018, 2020 \u00e0 2023<\/td><td class=\"column-2\">44 Art Events<\/td><td class=\"column-3\">Rive-sud et Montr\u00e9al<\/td>\n<\/tr>\n<\/tbody>\n<\/table>\n<!-- #tablepress-3 from cache -->\n<h2>Galeries<\/h2>\n\n<table id=\"tablepress-4\" class=\"tablepress tablepress-id-4\">\n<thead>\n<tr class=\"row-1\">\n\t<th class=\"column-1\">Nom de la galerie<\/th><th class=\"column-2\">Lieu<\/th>\n<\/tr>\n<\/thead>\n<tbody class=\"row-striping\">\n<tr class=\"row-2\">\n\t<td class=\"column-1\">Mael Galerie<\/td><td class=\"column-2\">Montr\u00e9al<\/td>\n<\/tr>\n<\/tbody>\n<\/table>\n<!-- #tablepress-4 from cache -->\n<h2>Reconnaissances<\/h2>\n\n<table id=\"tablepress-5\" class=\"tablepress tablepress-id-5\">\n<thead>\n<tr class=\"row-1\">\n\t<th class=\"column-1\">Ann\u00e9e<\/th><th class=\"column-2\">Nom<\/th><th class=\"column-3\">Endroit de remise<\/th>\n<\/tr>\n<\/thead>\n<tbody class=\"row-striping\">\n<tr class=\"row-2\">\n\t<td class=\"column-1\">2021<\/td><td class=\"column-2\">Pr\u00e9sidente d'honneur <\/td><td class=\"column-3\">Synposium du Haut-Richelieu<\/td>\n<\/tr>\n<tr class=\"row-3\">\n\t<td class=\"column-1\">2012<\/td><td class=\"column-2\">AAPARS,Mention toutes cat\u00e9gories<\/td><td class=\"column-3\">Saint-Bruno-de-Montarville<\/td>\n<\/tr>\n<\/tbody>\n<\/table>\n<!-- #tablepress-5 from cache -->\n<h2>Collections<\/h2>\n\n<table id=\"tablepress-6\" class=\"tablepress tablepress-id-6\">\n<thead>\n<tr class=\"row-1\">\n\t<th class=\"column-1\">Cat\u00e9gorie<\/th><th class=\"column-2\">Nom du lieu<\/th><th class=\"column-3\">Ville<\/th>\n<\/tr>\n<\/thead>\n<tbody class=\"row-striping\">\n<tr class=\"row-2\">\n\t<td class=\"column-1\">2024<\/td><td class=\"column-2\">MSC <\/td><td class=\"column-3\">Montr\u00e9al<\/td>\n<\/tr>\n<tr class=\"row-3\">\n\t<td class=\"column-1\">2021<\/td><td class=\"column-2\">Arto<\/td><td class=\"column-3\">Saint-Jean-sur-Richelieu<\/td>\n<\/tr>\n<tr class=\"row-4\">\n\t<td class=\"column-1\">2017<\/td><td class=\"column-2\">AEM<\/td><td class=\"column-3\">Montr\u00e9al<\/td>\n<\/tr>\n<tr class=\"row-5\">\n\t<td class=\"column-1\">2012-2014<\/td><td class=\"column-2\">Desjardins<\/td><td class=\"column-3\">Saint-Jean-sur-Richelieu<\/td>\n<\/tr>\n<tr class=\"row-6\">\n\t<td class=\"column-1\">2013<\/td><td class=\"column-2\">Maison r\u00e9pit, ACFA<\/td><td class=\"column-3\">Saint-Hyacinthe<\/td>\n<\/tr>\n<tr class=\"row-7\">\n\t<td class=\"column-1\">2012<\/td><td class=\"column-2\">Centre des Ain\u00e9s<\/td><td class=\"column-3\">Saint-Jean-sur-Richelieu<\/td>\n<\/tr>\n<tr class=\"row-8\">\n\t<td class=\"column-1\">2010<\/td><td class=\"column-2\">Centre des Femmes<\/td><td class=\"column-3\">Saint-Jean-sur-Richelieu<\/td>\n<\/tr>\n<\/tbody>\n<\/table>\n<!-- #tablepress-6 from cache -->\n<h2>M\u00e9dias<\/h2>\n\n<table id=\"tablepress-7\" class=\"tablepress tablepress-id-7\">\n<thead>\n<tr class=\"row-1\">\n\t<th class=\"column-1\">Ann\u00e9e<\/th><th class=\"column-2\">Titre<\/th><th class=\"column-3\">Auteur<\/th><th class=\"column-4\">Source<\/th>\n<\/tr>\n<\/thead>\n<tbody class=\"row-striping\">\n<tr class=\"row-2\">\n\t<td class=\"column-1\">2016<\/td><td class=\"column-2\">Magazin'Art <\/td><td class=\"column-3\">no. 112<\/td><td class=\"column-4\"><\/td>\n<\/tr>\n<tr class=\"row-3\">\n\t<td class=\"column-1\">2005<\/td><td class=\"column-2\">Quelqu'un d'autre que soi<\/td><td class=\"column-3\">Micheline Benoit<\/td><td class=\"column-4\"><\/td>\n<\/tr>\n<tr class=\"row-4\">\n\t<td class=\"column-1\">2005<\/td><td class=\"column-2\">La Plume d'Amour, Vingt Ans<\/td><td class=\"column-3\">Exemple<\/td><td class=\"column-4\"><\/td>\n<\/tr>\n<tr class=\"row-5\">\n\t<td class=\"column-1\">2004<\/td><td class=\"column-2\">Ces femmes de nulle part<\/td><td class=\"column-3\">Micheline Benoit<\/td><td class=\"column-4\"><\/td>\n<\/tr>\n<\/tbody>\n<\/table>\n<!-- #tablepress-7 from cache -->\n","protected":false},"excerpt":{"rendered":"<p>D\u00e9marche Je d\u00e9finis ma d\u00e9marche par des mots, des gestes et des exp\u00e9riences qui se projettent sur la toile. La fa\u00e7on de penser l\u2019expression de la peinture de Seymour Segal m\u2019a influenc\u00e9 ainsi que le l\u00e2cher prise et l\u2019acceptation des couleurs sur la toile de Tania Lebedeff m\u2019ont amen\u00e9 \u00e0 la mani\u00e8re dont je peins &#8230; <\/p>\n<p class=\"read-more-container\"><a title=\"Mireille Molleur\" class=\"read-more button\" href=\"https:\/\/aapars.com\/mireille-molleur\/#more-30\" aria-label=\"En savoir plus sur Mireille Molleur\">Lire plus<\/a><\/p>\n","protected":false},"author":3902,"featured_media":0,"parent":0,"menu_order":0,"comment_status":"closed","ping_status":"closed","template":"","meta":{"_s2mail":"yes","ngg_post_thumbnail":0,"iawp_total_views":122,"footnotes":""},"class_list":["post-30","page","type-page","status-publish"],"yoast_head":"<!-- This site is optimized with the Yoast SEO plugin v27.3 - https:\/\/yoast.com\/product\/yoast-seo-wordpress\/ -->\n<title>Mireille Molleur | Un site de la galerie virtuelle de l&#039;AAPARS<\/title>\n<meta name=\"description\" content=\"D\u00e9marche Je d\u00e9finis ma d\u00e9marche par des mots, des gestes et des exp\u00e9riences qui se projettent sur la toile. La fa\u00e7on de penser l\u2019expression de la peinture\" \/>\n<meta name=\"robots\" content=\"index, follow, max-snippet:-1, max-image-preview:large, max-video-preview:-1\" \/>\n<link rel=\"canonical\" href=\"https:\/\/aapars.com\/mireille-molleur\/\" \/>\n<meta property=\"og:locale\" content=\"fr_FR\" \/>\n<meta property=\"og:type\" content=\"article\" \/>\n<meta property=\"og:title\" content=\"Mireille Molleur | Un site de la galerie virtuelle de l&#039;AAPARS\" \/>\n<meta property=\"og:description\" content=\"D\u00e9marche Je d\u00e9finis ma d\u00e9marche par des mots, des gestes et des exp\u00e9riences qui se projettent sur la toile. La fa\u00e7on de penser l\u2019expression de la peinture\" \/>\n<meta property=\"og:url\" content=\"https:\/\/aapars.com\/mireille-molleur\/\" \/>\n<meta property=\"og:site_name\" content=\"Mireille Molleur\" \/>\n<meta property=\"article:modified_time\" content=\"2026-03-11T13:24:35+00:00\" \/>\n<meta property=\"og:image\" content=\"https:\/\/aapars.com\/mireille-molleur\/wp-content\/blogs.dir\/339\/files\/2026\/02\/IMG_5358.jpeg\" \/>\n\t<meta property=\"og:image:width\" content=\"781\" \/>\n\t<meta property=\"og:image:height\" content=\"913\" \/>\n\t<meta property=\"og:image:type\" content=\"image\/jpeg\" \/>\n<meta name=\"twitter:label1\" content=\"Dur\u00e9e de lecture estim\u00e9e\" \/>\n\t<meta name=\"twitter:data1\" content=\"2 minutes\" \/>\n<script type=\"application\/ld+json\" class=\"yoast-schema-graph\">{\"@context\":\"https:\\\/\\\/schema.org\",\"@graph\":[{\"@type\":\"WebPage\",\"@id\":\"https:\\\/\\\/aapars.com\\\/mireille-molleur\\\/\",\"url\":\"https:\\\/\\\/aapars.com\\\/mireille-molleur\\\/\",\"name\":\"Mireille Molleur | Un site de la galerie virtuelle de l&#039;AAPARS\",\"isPartOf\":{\"@id\":\"https:\\\/\\\/aapars.com\\\/mireille-molleur\\\/#website\"},\"primaryImageOfPage\":{\"@id\":\"https:\\\/\\\/aapars.com\\\/mireille-molleur\\\/#primaryimage\"},\"image\":{\"@id\":\"https:\\\/\\\/aapars.com\\\/mireille-molleur\\\/#primaryimage\"},\"thumbnailUrl\":\"https:\\\/\\\/aapars.com\\\/mireille-molleur\\\/files\\\/2026\\\/02\\\/IMG_5358-257x300.jpeg\",\"datePublished\":\"2010-10-03T05:11:36+00:00\",\"dateModified\":\"2026-03-11T13:24:35+00:00\",\"description\":\"D\u00e9marche Je d\u00e9finis ma d\u00e9marche par des mots, des gestes et des exp\u00e9riences qui se projettent sur la toile. La fa\u00e7on de penser l\u2019expression de la peinture\",\"breadcrumb\":{\"@id\":\"https:\\\/\\\/aapars.com\\\/mireille-molleur\\\/#breadcrumb\"},\"inLanguage\":\"fr-FR\",\"potentialAction\":[{\"@type\":\"ReadAction\",\"target\":[\"https:\\\/\\\/aapars.com\\\/mireille-molleur\\\/\"]}]},{\"@type\":\"ImageObject\",\"inLanguage\":\"fr-FR\",\"@id\":\"https:\\\/\\\/aapars.com\\\/mireille-molleur\\\/#primaryimage\",\"url\":\"https:\\\/\\\/aapars.com\\\/mireille-molleur\\\/wp-content\\\/blogs.dir\\\/339\\\/files\\\/2026\\\/02\\\/IMG_5358.jpeg\",\"contentUrl\":\"https:\\\/\\\/aapars.com\\\/mireille-molleur\\\/wp-content\\\/blogs.dir\\\/339\\\/files\\\/2026\\\/02\\\/IMG_5358.jpeg\",\"width\":781,\"height\":913},{\"@type\":\"BreadcrumbList\",\"@id\":\"https:\\\/\\\/aapars.com\\\/mireille-molleur\\\/#breadcrumb\",\"itemListElement\":[{\"@type\":\"ListItem\",\"position\":1,\"name\":\"Accueil\",\"item\":\"https:\\\/\\\/aapars.com\\\/mireille-molleur\\\/\"},{\"@type\":\"ListItem\",\"position\":2,\"name\":\"Mireille Molleur\"}]},{\"@type\":\"WebSite\",\"@id\":\"https:\\\/\\\/aapars.com\\\/mireille-molleur\\\/#website\",\"url\":\"https:\\\/\\\/aapars.com\\\/mireille-molleur\\\/\",\"name\":\"Mireille Molleur\",\"description\":\"Un site de la galerie virtuelle de l&#039;AAPARS\",\"publisher\":{\"@id\":\"https:\\\/\\\/aapars.com\\\/mireille-molleur\\\/#\\\/schema\\\/person\\\/67e727643cc38d6d0d58bde5c504a2f5\"},\"potentialAction\":[{\"@type\":\"SearchAction\",\"target\":{\"@type\":\"EntryPoint\",\"urlTemplate\":\"https:\\\/\\\/aapars.com\\\/mireille-molleur\\\/?s={search_term_string}\"},\"query-input\":{\"@type\":\"PropertyValueSpecification\",\"valueRequired\":true,\"valueName\":\"search_term_string\"}}],\"inLanguage\":\"fr-FR\"},{\"@type\":[\"Person\",\"Organization\"],\"@id\":\"https:\\\/\\\/aapars.com\\\/mireille-molleur\\\/#\\\/schema\\\/person\\\/67e727643cc38d6d0d58bde5c504a2f5\",\"name\":\"Jean Test\",\"image\":{\"@type\":\"ImageObject\",\"inLanguage\":\"fr-FR\",\"@id\":\"https:\\\/\\\/aapars.com\\\/mireille-molleur\\\/wp-content\\\/blogs.dir\\\/339\\\/files\\\/2026\\\/02\\\/logo-aapars-@2x.png\",\"url\":\"https:\\\/\\\/aapars.com\\\/mireille-molleur\\\/wp-content\\\/blogs.dir\\\/339\\\/files\\\/2026\\\/02\\\/logo-aapars-@2x.png\",\"contentUrl\":\"https:\\\/\\\/aapars.com\\\/mireille-molleur\\\/wp-content\\\/blogs.dir\\\/339\\\/files\\\/2026\\\/02\\\/logo-aapars-@2x.png\",\"width\":560,\"height\":306,\"caption\":\"Jean Test\"},\"logo\":{\"@id\":\"https:\\\/\\\/aapars.com\\\/mireille-molleur\\\/wp-content\\\/blogs.dir\\\/339\\\/files\\\/2026\\\/02\\\/logo-aapars-@2x.png\"}}]}<\/script>\n<!-- \/ Yoast SEO plugin. -->","yoast_head_json":{"title":"Mireille Molleur | Un site de la galerie virtuelle de l&#039;AAPARS","description":"D\u00e9marche Je d\u00e9finis ma d\u00e9marche par des mots, des gestes et des exp\u00e9riences qui se projettent sur la toile. La fa\u00e7on de penser l\u2019expression de la peinture","robots":{"index":"index","follow":"follow","max-snippet":"max-snippet:-1","max-image-preview":"max-image-preview:large","max-video-preview":"max-video-preview:-1"},"canonical":"https:\/\/aapars.com\/mireille-molleur\/","og_locale":"fr_FR","og_type":"article","og_title":"Mireille Molleur | Un site de la galerie virtuelle de l&#039;AAPARS","og_description":"D\u00e9marche Je d\u00e9finis ma d\u00e9marche par des mots, des gestes et des exp\u00e9riences qui se projettent sur la toile. La fa\u00e7on de penser l\u2019expression de la peinture","og_url":"https:\/\/aapars.com\/mireille-molleur\/","og_site_name":"Mireille Molleur","article_modified_time":"2026-03-11T13:24:35+00:00","og_image":[{"width":781,"height":913,"url":"https:\/\/aapars.com\/mireille-molleur\/wp-content\/blogs.dir\/339\/files\/2026\/02\/IMG_5358.jpeg","type":"image\/jpeg"}],"twitter_misc":{"Dur\u00e9e de lecture estim\u00e9e":"2 minutes"},"schema":{"@context":"https:\/\/schema.org","@graph":[{"@type":"WebPage","@id":"https:\/\/aapars.com\/mireille-molleur\/","url":"https:\/\/aapars.com\/mireille-molleur\/","name":"Mireille Molleur | Un site de la galerie virtuelle de l&#039;AAPARS","isPartOf":{"@id":"https:\/\/aapars.com\/mireille-molleur\/#website"},"primaryImageOfPage":{"@id":"https:\/\/aapars.com\/mireille-molleur\/#primaryimage"},"image":{"@id":"https:\/\/aapars.com\/mireille-molleur\/#primaryimage"},"thumbnailUrl":"https:\/\/aapars.com\/mireille-molleur\/files\/2026\/02\/IMG_5358-257x300.jpeg","datePublished":"2010-10-03T05:11:36+00:00","dateModified":"2026-03-11T13:24:35+00:00","description":"D\u00e9marche Je d\u00e9finis ma d\u00e9marche par des mots, des gestes et des exp\u00e9riences qui se projettent sur la toile. La fa\u00e7on de penser l\u2019expression de la peinture","breadcrumb":{"@id":"https:\/\/aapars.com\/mireille-molleur\/#breadcrumb"},"inLanguage":"fr-FR","potentialAction":[{"@type":"ReadAction","target":["https:\/\/aapars.com\/mireille-molleur\/"]}]},{"@type":"ImageObject","inLanguage":"fr-FR","@id":"https:\/\/aapars.com\/mireille-molleur\/#primaryimage","url":"https:\/\/aapars.com\/mireille-molleur\/wp-content\/blogs.dir\/339\/files\/2026\/02\/IMG_5358.jpeg","contentUrl":"https:\/\/aapars.com\/mireille-molleur\/wp-content\/blogs.dir\/339\/files\/2026\/02\/IMG_5358.jpeg","width":781,"height":913},{"@type":"BreadcrumbList","@id":"https:\/\/aapars.com\/mireille-molleur\/#breadcrumb","itemListElement":[{"@type":"ListItem","position":1,"name":"Accueil","item":"https:\/\/aapars.com\/mireille-molleur\/"},{"@type":"ListItem","position":2,"name":"Mireille Molleur"}]},{"@type":"WebSite","@id":"https:\/\/aapars.com\/mireille-molleur\/#website","url":"https:\/\/aapars.com\/mireille-molleur\/","name":"Mireille Molleur","description":"Un site de la galerie virtuelle de l&#039;AAPARS","publisher":{"@id":"https:\/\/aapars.com\/mireille-molleur\/#\/schema\/person\/67e727643cc38d6d0d58bde5c504a2f5"},"potentialAction":[{"@type":"SearchAction","target":{"@type":"EntryPoint","urlTemplate":"https:\/\/aapars.com\/mireille-molleur\/?s={search_term_string}"},"query-input":{"@type":"PropertyValueSpecification","valueRequired":true,"valueName":"search_term_string"}}],"inLanguage":"fr-FR"},{"@type":["Person","Organization"],"@id":"https:\/\/aapars.com\/mireille-molleur\/#\/schema\/person\/67e727643cc38d6d0d58bde5c504a2f5","name":"Jean Test","image":{"@type":"ImageObject","inLanguage":"fr-FR","@id":"https:\/\/aapars.com\/mireille-molleur\/wp-content\/blogs.dir\/339\/files\/2026\/02\/logo-aapars-@2x.png","url":"https:\/\/aapars.com\/mireille-molleur\/wp-content\/blogs.dir\/339\/files\/2026\/02\/logo-aapars-@2x.png","contentUrl":"https:\/\/aapars.com\/mireille-molleur\/wp-content\/blogs.dir\/339\/files\/2026\/02\/logo-aapars-@2x.png","width":560,"height":306,"caption":"Jean Test"},"logo":{"@id":"https:\/\/aapars.com\/mireille-molleur\/wp-content\/blogs.dir\/339\/files\/2026\/02\/logo-aapars-@2x.png"}}]}},"_links":{"self":[{"href":"https:\/\/aapars.com\/mireille-molleur\/wp-json\/wp\/v2\/pages\/30","targetHints":{"allow":["GET"]}}],"collection":[{"href":"https:\/\/aapars.com\/mireille-molleur\/wp-json\/wp\/v2\/pages"}],"about":[{"href":"https:\/\/aapars.com\/mireille-molleur\/wp-json\/wp\/v2\/types\/page"}],"author":[{"embeddable":true,"href":"https:\/\/aapars.com\/mireille-molleur\/wp-json\/wp\/v2\/users\/3902"}],"replies":[{"embeddable":true,"href":"https:\/\/aapars.com\/mireille-molleur\/wp-json\/wp\/v2\/comments?post=30"}],"version-history":[{"count":10,"href":"https:\/\/aapars.com\/mireille-molleur\/wp-json\/wp\/v2\/pages\/30\/revisions"}],"predecessor-version":[{"id":500,"href":"https:\/\/aapars.com\/mireille-molleur\/wp-json\/wp\/v2\/pages\/30\/revisions\/500"}],"wp:attachment":[{"href":"https:\/\/aapars.com\/mireille-molleur\/wp-json\/wp\/v2\/media?parent=30"}],"curies":[{"name":"wp","href":"https:\/\/api.w.org\/{rel}","templated":true}]}}