{"id":32,"date":"2010-10-03T05:11:36","date_gmt":"2010-10-03T05:11:36","guid":{"rendered":"https:\/\/aapars.com\/jacques-landry\/?page_id=2"},"modified":"2021-05-23T13:12:29","modified_gmt":"2021-05-23T17:12:29","slug":"profil","status":"publish","type":"page","link":"https:\/\/aapars.com\/michel-chaput\/","title":{"rendered":"Michel Chaput"},"content":{"rendered":"<p><a href=\"https:\/\/aapars.com\/michel-chaput\/files\/2011\/01\/michel_chaput.jpg\"><img loading=\"lazy\" decoding=\"async\" class=\"alignnone size-full wp-image-40\" src=\"https:\/\/aapars.com\/michel-chaput\/files\/2011\/01\/michel_chaput.jpg\" alt=\"Michel Chaput\" width=\"188\" height=\"210\" \/><\/a><\/p>\n\n<table id=\"tablepress-1\" class=\"tablepress tablepress-id-1\">\n<tbody class=\"row-striping\">\n<tr class=\"row-1\">\n\t<td class=\"column-1\">Technique :<\/td><td class=\"column-2\">Acrylique<\/td>\n<\/tr>\n<tr class=\"row-2\">\n\t<td class=\"column-1\">Affiliations professionelles :<\/td><td class=\"column-2\">AAPARS<\/td>\n<\/tr>\n<tr class=\"row-3\">\n\t<td class=\"column-1\">T\u00e9l\u00e9phone :<\/td><td class=\"column-2\">450-926-1953<\/td>\n<\/tr>\n<tr class=\"row-4\">\n\t<td class=\"column-1\">Courriel :<\/td><td class=\"column-2\"> <a href=\"mailto:michel_chaput1@hotmail.com\">michel_chaput1@hotmail.com<\/a><\/td>\n<\/tr>\n<\/tbody>\n<\/table>\n<!-- #tablepress-1 from cache -->\n<h2>D\u00e9marche<\/h2>\n<p style=\"text-align: justify;\">La peinture naturaliste est le style qui me passionne depuis quelques ann\u00e9es. Mon style est donc tr\u00e8s r\u00e9aliste et relativement d\u00e9taill\u00e9. Le but n&#8217;est pas d&#8217;ajouter des d\u00e9tails pour la pr\u00e9cision du sujet mais plut\u00f4t pour donner de la vie au sujet. Par contre certains tableaux seront beaucoup moins d\u00e9taill\u00e9s si le r\u00e9sultat recherch\u00e9 est atteint, soit faire ressortir une impression de calme, de s\u00e9r\u00e9nit\u00e9, de respect et de beaut\u00e9 de la nature.<br \/>\nLe choix du sujet est instinctif et peut d\u00e9buter par le choc d&#8217;une couleur qu&#8217;on penserait impossible a contempler dans la r\u00e9alit\u00e9, surtout aux levers et couchers de soleil. Les sc\u00e8nes de paysage dans la brume sont aussi tr\u00e8s captivants a cr\u00e9er ou a reproduire en ajoutant une touche personnelle.<\/p>\n<h2>Expositions<\/h2>\n\n<table id=\"tablepress-3\" class=\"tablepress tablepress-id-3 tbody-has-connected-cells\">\n<thead>\n<tr class=\"row-1\">\n\t<th class=\"column-1\">Ann\u00e9e<\/th><th class=\"column-2\">Nom<\/th><th class=\"column-3\">Endroit<\/th>\n<\/tr>\n<\/thead>\n<tbody class=\"row-striping\">\n<tr class=\"row-2\">\n\t<td colspan=\"3\" class=\"column-1\">Individuelles<\/td>\n<\/tr>\n<tr class=\"row-3\">\n\t<td class=\"column-1\">2008<\/td><td class=\"column-2\">Campagne enfant soleil(don d'une oeuvre)<\/td><td class=\"column-3\">Varennes (bar Bugsy)<\/td>\n<\/tr>\n<tr class=\"row-4\">\n\t<td class=\"column-1\">2006<\/td><td class=\"column-2\">Bibliotheque municipale<\/td><td class=\"column-3\">Greenfield Park<\/td>\n<\/tr>\n<tr class=\"row-5\">\n\t<td colspan=\"3\" class=\"column-1\">Collectives<\/td>\n<\/tr>\n<tr class=\"row-6\">\n\t<td class=\"column-1\">2008<\/td><td class=\"column-2\">Regard sur l'oie blanche<\/td><td class=\"column-3\">Baie du febvre<\/td>\n<\/tr>\n<tr class=\"row-7\">\n\t<td class=\"column-1\">2008<\/td><td class=\"column-2\">Eco-Salon<\/td><td class=\"column-3\">Trois-Rivi\u00e8res<\/td>\n<\/tr>\n<tr class=\"row-8\">\n\t<td class=\"column-1\">2007\/08<\/td><td class=\"column-2\">Symposium de Bois-des-Filions<\/td><td class=\"column-3\">Bois des Filions<\/td>\n<\/tr>\n<tr class=\"row-9\">\n\t<td class=\"column-1\">2007\/08<\/td><td class=\"column-2\">Val\u00e9d'art<\/td><td class=\"column-3\">Valleyfield<\/td>\n<\/tr>\n<tr class=\"row-10\">\n\t<td class=\"column-1\">2007\/08<\/td><td class=\"column-2\">Canard illimit\u00e9 (don d'une oeuvre)<\/td><td class=\"column-3\">Souper b\u00e9n\u00e9fice Rive-Sud (Longueuil)<\/td>\n<\/tr>\n<tr class=\"row-11\">\n\t<td class=\"column-1\">2006\/07\/08<\/td><td class=\"column-2\">L'Art en f\u00eate<\/td><td class=\"column-3\">St-Hubert<\/td>\n<\/tr>\n<tr class=\"row-12\">\n\t<td class=\"column-1\">2006\/07\/08<\/td><td class=\"column-2\">Festival de Mascouche<\/td><td class=\"column-3\">Mascouche<\/td>\n<\/tr>\n<tr class=\"row-13\">\n\t<td class=\"column-1\">2004\/05\/06\/07\/08<\/td><td class=\"column-2\">Centraide (don d'une oeuvre)<\/td><td class=\"column-3\">Hydro-Quebec, Place Dupuis<\/td>\n<\/tr>\n<\/tbody>\n<\/table>\n<!-- #tablepress-3 from cache -->\n<h2>Reconnaissances<\/h2>\n\n<table id=\"tablepress-5\" class=\"tablepress tablepress-id-5\">\n<thead>\n<tr class=\"row-1\">\n\t<th class=\"column-1\">Ann\u00e9e<\/th><th class=\"column-2\">Nom<\/th><th class=\"column-3\">Endroit de remise<\/th>\n<\/tr>\n<\/thead>\n<tbody class=\"row-striping\">\n<tr class=\"row-2\">\n\t<td class=\"column-1\">2007<\/td><td class=\"column-2\">Premier prix du jury (cat\u00e9gorie amateur)<\/td><td class=\"column-3\">Valleyfield<\/td>\n<\/tr>\n<\/tbody>\n<\/table>\n<!-- #tablepress-5 from cache -->\n","protected":false},"excerpt":{"rendered":"<p>D\u00e9marche La peinture naturaliste est le style qui me passionne depuis quelques ann\u00e9es. Mon style est donc tr\u00e8s r\u00e9aliste et relativement d\u00e9taill\u00e9. Le but n&#8217;est pas d&#8217;ajouter des d\u00e9tails pour la pr\u00e9cision du sujet mais plut\u00f4t pour donner de la vie au sujet. Par contre certains tableaux seront beaucoup moins d\u00e9taill\u00e9s si le r\u00e9sultat recherch\u00e9 &#8230; <\/p>\n<p class=\"read-more-container\"><a title=\"Michel Chaput\" class=\"read-more button\" href=\"https:\/\/aapars.com\/michel-chaput\/#more-32\" aria-label=\"En savoir plus sur Michel Chaput\">Lire plus<\/a><\/p>\n","protected":false},"author":38,"featured_media":0,"parent":0,"menu_order":0,"comment_status":"closed","ping_status":"closed","template":"","meta":{"_s2mail":"","ngg_post_thumbnail":0,"iawp_total_views":105,"footnotes":""},"class_list":["post-32","page","type-page","status-publish"],"yoast_head":"<!-- This site is optimized with the Yoast SEO plugin v27.3 - https:\/\/yoast.com\/product\/yoast-seo-wordpress\/ -->\n<title>Michel Chaput - Michel Chaput - Un site de la galerie virtuelle de l\u2019AAPARS<\/title>\n<meta name=\"description\" content=\"D\u00e9marche La peinture naturaliste est le style qui me passionne depuis quelques ann\u00e9es. Mon style est donc tr\u00e8s r\u00e9aliste et relativement d\u00e9taill\u00e9. Le but\" \/>\n<meta name=\"robots\" content=\"index, follow, max-snippet:-1, max-image-preview:large, max-video-preview:-1\" \/>\n<link rel=\"canonical\" href=\"https:\/\/aapars.com\/michel-chaput\/\" \/>\n<meta property=\"og:locale\" content=\"fr_FR\" \/>\n<meta property=\"og:type\" content=\"article\" \/>\n<meta property=\"og:title\" content=\"Michel Chaput - Michel Chaput - Un site de la galerie virtuelle de l\u2019AAPARS\" \/>\n<meta property=\"og:description\" content=\"D\u00e9marche La peinture naturaliste est le style qui me passionne depuis quelques ann\u00e9es. Mon style est donc tr\u00e8s r\u00e9aliste et relativement d\u00e9taill\u00e9. Le but\" \/>\n<meta property=\"og:url\" content=\"https:\/\/aapars.com\/michel-chaput\/\" \/>\n<meta property=\"og:site_name\" content=\"Michel Chaput\" \/>\n<meta property=\"article:modified_time\" content=\"2021-05-23T17:12:29+00:00\" \/>\n<meta property=\"og:image\" content=\"https:\/\/aapars.com\/michel-chaput\/files\/2011\/01\/michel_chaput.jpg\" \/>\n<meta name=\"twitter:label1\" content=\"Dur\u00e9e de lecture estim\u00e9e\" \/>\n\t<meta name=\"twitter:data1\" content=\"1 minute\" \/>\n<script type=\"application\/ld+json\" class=\"yoast-schema-graph\">{\"@context\":\"https:\\\/\\\/schema.org\",\"@graph\":[{\"@type\":\"WebPage\",\"@id\":\"https:\\\/\\\/aapars.com\\\/michel-chaput\\\/\",\"url\":\"https:\\\/\\\/aapars.com\\\/michel-chaput\\\/\",\"name\":\"Michel Chaput - Michel Chaput - Un site de la galerie virtuelle de l\u2019AAPARS\",\"isPartOf\":{\"@id\":\"https:\\\/\\\/aapars.com\\\/michel-chaput\\\/#website\"},\"primaryImageOfPage\":{\"@id\":\"https:\\\/\\\/aapars.com\\\/michel-chaput\\\/#primaryimage\"},\"image\":{\"@id\":\"https:\\\/\\\/aapars.com\\\/michel-chaput\\\/#primaryimage\"},\"thumbnailUrl\":\"https:\\\/\\\/aapars.com\\\/michel-chaput\\\/files\\\/2011\\\/01\\\/michel_chaput.jpg\",\"datePublished\":\"2010-10-03T05:11:36+00:00\",\"dateModified\":\"2021-05-23T17:12:29+00:00\",\"description\":\"D\u00e9marche La peinture naturaliste est le style qui me passionne depuis quelques ann\u00e9es. Mon style est donc tr\u00e8s r\u00e9aliste et relativement d\u00e9taill\u00e9. Le but\",\"breadcrumb\":{\"@id\":\"https:\\\/\\\/aapars.com\\\/michel-chaput\\\/#breadcrumb\"},\"inLanguage\":\"fr-FR\",\"potentialAction\":[{\"@type\":\"ReadAction\",\"target\":[\"https:\\\/\\\/aapars.com\\\/michel-chaput\\\/\"]}]},{\"@type\":\"ImageObject\",\"inLanguage\":\"fr-FR\",\"@id\":\"https:\\\/\\\/aapars.com\\\/michel-chaput\\\/#primaryimage\",\"url\":\"https:\\\/\\\/aapars.com\\\/michel-chaput\\\/files\\\/2011\\\/01\\\/michel_chaput.jpg\",\"contentUrl\":\"https:\\\/\\\/aapars.com\\\/michel-chaput\\\/files\\\/2011\\\/01\\\/michel_chaput.jpg\",\"width\":188,\"height\":210,\"caption\":\"Michel Chaput\"},{\"@type\":\"BreadcrumbList\",\"@id\":\"https:\\\/\\\/aapars.com\\\/michel-chaput\\\/#breadcrumb\",\"itemListElement\":[{\"@type\":\"ListItem\",\"position\":1,\"name\":\"Accueil\",\"item\":\"https:\\\/\\\/aapars.com\\\/michel-chaput\\\/\"},{\"@type\":\"ListItem\",\"position\":2,\"name\":\"Michel Chaput\"}]},{\"@type\":\"WebSite\",\"@id\":\"https:\\\/\\\/aapars.com\\\/michel-chaput\\\/#website\",\"url\":\"https:\\\/\\\/aapars.com\\\/michel-chaput\\\/\",\"name\":\"Michel Chaput\",\"description\":\"Un site de la galerie virtuelle de l\u2019AAPARS\",\"publisher\":{\"@id\":\"https:\\\/\\\/aapars.com\\\/michel-chaput\\\/#organization\"},\"potentialAction\":[{\"@type\":\"SearchAction\",\"target\":{\"@type\":\"EntryPoint\",\"urlTemplate\":\"https:\\\/\\\/aapars.com\\\/michel-chaput\\\/?s={search_term_string}\"},\"query-input\":{\"@type\":\"PropertyValueSpecification\",\"valueRequired\":true,\"valueName\":\"search_term_string\"}}],\"inLanguage\":\"fr-FR\"},{\"@type\":\"Organization\",\"@id\":\"https:\\\/\\\/aapars.com\\\/michel-chaput\\\/#organization\",\"name\":\"Michel Chaput\",\"url\":\"https:\\\/\\\/aapars.com\\\/michel-chaput\\\/\",\"logo\":{\"@type\":\"ImageObject\",\"inLanguage\":\"fr-FR\",\"@id\":\"https:\\\/\\\/aapars.com\\\/michel-chaput\\\/#\\\/schema\\\/logo\\\/image\\\/\",\"url\":\"https:\\\/\\\/aapars.com\\\/michel-chaput\\\/files\\\/2012\\\/04\\\/logo-aapars-@2x.png\",\"contentUrl\":\"https:\\\/\\\/aapars.com\\\/michel-chaput\\\/files\\\/2012\\\/04\\\/logo-aapars-@2x.png\",\"width\":560,\"height\":306,\"caption\":\"Michel Chaput\"},\"image\":{\"@id\":\"https:\\\/\\\/aapars.com\\\/michel-chaput\\\/#\\\/schema\\\/logo\\\/image\\\/\"}}]}<\/script>\n<!-- \/ Yoast SEO plugin. -->","yoast_head_json":{"title":"Michel Chaput - Michel Chaput - Un site de la galerie virtuelle de l\u2019AAPARS","description":"D\u00e9marche La peinture naturaliste est le style qui me passionne depuis quelques ann\u00e9es. Mon style est donc tr\u00e8s r\u00e9aliste et relativement d\u00e9taill\u00e9. Le but","robots":{"index":"index","follow":"follow","max-snippet":"max-snippet:-1","max-image-preview":"max-image-preview:large","max-video-preview":"max-video-preview:-1"},"canonical":"https:\/\/aapars.com\/michel-chaput\/","og_locale":"fr_FR","og_type":"article","og_title":"Michel Chaput - Michel Chaput - Un site de la galerie virtuelle de l\u2019AAPARS","og_description":"D\u00e9marche La peinture naturaliste est le style qui me passionne depuis quelques ann\u00e9es. Mon style est donc tr\u00e8s r\u00e9aliste et relativement d\u00e9taill\u00e9. Le but","og_url":"https:\/\/aapars.com\/michel-chaput\/","og_site_name":"Michel Chaput","article_modified_time":"2021-05-23T17:12:29+00:00","og_image":[{"url":"https:\/\/aapars.com\/michel-chaput\/files\/2011\/01\/michel_chaput.jpg","type":"","width":"","height":""}],"twitter_misc":{"Dur\u00e9e de lecture estim\u00e9e":"1 minute"},"schema":{"@context":"https:\/\/schema.org","@graph":[{"@type":"WebPage","@id":"https:\/\/aapars.com\/michel-chaput\/","url":"https:\/\/aapars.com\/michel-chaput\/","name":"Michel Chaput - Michel Chaput - Un site de la galerie virtuelle de l\u2019AAPARS","isPartOf":{"@id":"https:\/\/aapars.com\/michel-chaput\/#website"},"primaryImageOfPage":{"@id":"https:\/\/aapars.com\/michel-chaput\/#primaryimage"},"image":{"@id":"https:\/\/aapars.com\/michel-chaput\/#primaryimage"},"thumbnailUrl":"https:\/\/aapars.com\/michel-chaput\/files\/2011\/01\/michel_chaput.jpg","datePublished":"2010-10-03T05:11:36+00:00","dateModified":"2021-05-23T17:12:29+00:00","description":"D\u00e9marche La peinture naturaliste est le style qui me passionne depuis quelques ann\u00e9es. Mon style est donc tr\u00e8s r\u00e9aliste et relativement d\u00e9taill\u00e9. Le but","breadcrumb":{"@id":"https:\/\/aapars.com\/michel-chaput\/#breadcrumb"},"inLanguage":"fr-FR","potentialAction":[{"@type":"ReadAction","target":["https:\/\/aapars.com\/michel-chaput\/"]}]},{"@type":"ImageObject","inLanguage":"fr-FR","@id":"https:\/\/aapars.com\/michel-chaput\/#primaryimage","url":"https:\/\/aapars.com\/michel-chaput\/files\/2011\/01\/michel_chaput.jpg","contentUrl":"https:\/\/aapars.com\/michel-chaput\/files\/2011\/01\/michel_chaput.jpg","width":188,"height":210,"caption":"Michel Chaput"},{"@type":"BreadcrumbList","@id":"https:\/\/aapars.com\/michel-chaput\/#breadcrumb","itemListElement":[{"@type":"ListItem","position":1,"name":"Accueil","item":"https:\/\/aapars.com\/michel-chaput\/"},{"@type":"ListItem","position":2,"name":"Michel Chaput"}]},{"@type":"WebSite","@id":"https:\/\/aapars.com\/michel-chaput\/#website","url":"https:\/\/aapars.com\/michel-chaput\/","name":"Michel Chaput","description":"Un site de la galerie virtuelle de l\u2019AAPARS","publisher":{"@id":"https:\/\/aapars.com\/michel-chaput\/#organization"},"potentialAction":[{"@type":"SearchAction","target":{"@type":"EntryPoint","urlTemplate":"https:\/\/aapars.com\/michel-chaput\/?s={search_term_string}"},"query-input":{"@type":"PropertyValueSpecification","valueRequired":true,"valueName":"search_term_string"}}],"inLanguage":"fr-FR"},{"@type":"Organization","@id":"https:\/\/aapars.com\/michel-chaput\/#organization","name":"Michel Chaput","url":"https:\/\/aapars.com\/michel-chaput\/","logo":{"@type":"ImageObject","inLanguage":"fr-FR","@id":"https:\/\/aapars.com\/michel-chaput\/#\/schema\/logo\/image\/","url":"https:\/\/aapars.com\/michel-chaput\/files\/2012\/04\/logo-aapars-@2x.png","contentUrl":"https:\/\/aapars.com\/michel-chaput\/files\/2012\/04\/logo-aapars-@2x.png","width":560,"height":306,"caption":"Michel Chaput"},"image":{"@id":"https:\/\/aapars.com\/michel-chaput\/#\/schema\/logo\/image\/"}}]}},"_links":{"self":[{"href":"https:\/\/aapars.com\/michel-chaput\/wp-json\/wp\/v2\/pages\/32","targetHints":{"allow":["GET"]}}],"collection":[{"href":"https:\/\/aapars.com\/michel-chaput\/wp-json\/wp\/v2\/pages"}],"about":[{"href":"https:\/\/aapars.com\/michel-chaput\/wp-json\/wp\/v2\/types\/page"}],"author":[{"embeddable":true,"href":"https:\/\/aapars.com\/michel-chaput\/wp-json\/wp\/v2\/users\/38"}],"replies":[{"embeddable":true,"href":"https:\/\/aapars.com\/michel-chaput\/wp-json\/wp\/v2\/comments?post=32"}],"version-history":[{"count":0,"href":"https:\/\/aapars.com\/michel-chaput\/wp-json\/wp\/v2\/pages\/32\/revisions"}],"wp:attachment":[{"href":"https:\/\/aapars.com\/michel-chaput\/wp-json\/wp\/v2\/media?parent=32"}],"curies":[{"name":"wp","href":"https:\/\/api.w.org\/{rel}","templated":true}]}}