{"id":2,"date":"2010-10-03T05:11:36","date_gmt":"2010-10-03T05:11:36","guid":{"rendered":"https:\/\/aapars.com\/jacques-landry\/?page_id=2"},"modified":"2024-03-26T15:15:43","modified_gmt":"2024-03-26T19:15:43","slug":"accueil","status":"publish","type":"page","link":"https:\/\/aapars.com\/martine-lavault\/","title":{"rendered":"Martine Lavault"},"content":{"rendered":"<p><img loading=\"lazy\" decoding=\"async\" class=\"alignnone wp-image-96 size-full\" src=\"https:\/\/aapars.com\/martine-lavault\/files\/2010\/10\/moi_20160917-e1475064057221.jpg\" alt=\"Artiste Peintre\" width=\"150\" height=\"217\" \/><\/p>\n<p><a href=\"https:\/\/aapars.com\/martine-lavault\/files\/2010\/10\/user-icon-e1286135502728.png\"><img \/><\/a><\/p>\n\n<table id=\"tablepress-1\" class=\"tablepress tablepress-id-1\">\n<tbody class=\"row-striping\">\n<tr class=\"row-1\">\n\t<td class=\"column-1\">Technique :<\/td><td class=\"column-2\">Acrylique  <\/td>\n<\/tr>\n<tr class=\"row-2\">\n\t<td class=\"column-1\">Affiliations professionelles :<\/td><td class=\"column-2\">A.A.P.A.R.S<\/td>\n<\/tr>\n<tr class=\"row-3\">\n\t<td class=\"column-1\">T\u00e9l\u00e9phone :<\/td><td class=\"column-2\">514-916-0886<\/td>\n<\/tr>\n<tr class=\"row-4\">\n\t<td class=\"column-1\">Courriel :<\/td><td class=\"column-2\"><a href=\"mailto:martinelavault@hotmail.com\">martinelavault@hotmail.com<\/a><\/td>\n<\/tr>\n<tr class=\"row-5\">\n\t<td class=\"column-1\">Site Internet :<\/td><td class=\"column-2\"> <a href=\"http:\/\/aapars.com\/martine-lavault\">aapars.com\/martine-lavault<\/a><\/td>\n<\/tr>\n<\/tbody>\n<\/table>\n<!-- #tablepress-1 from cache -->\n<h2>D\u00e9marche<\/h2>\n<ol>\n<li>Mon histoire avec la peinture a d\u00e9but\u00e9 en 2002. C\u2019est ma grande fille, Marilyn qui \u00e9tait alors \u00e2g\u00e9e de 16 ans qui m\u2019a amen\u00e9e sur ce nouveau chemin.<br \/>\nAlors qu&#8217;elle \u00e9tait hospitalis\u00e9e, Marilyn a re\u00e7u en cadeau, une peinture \u00e0 num\u00e9ros. Elle m&#8217;a demand\u00e9 de la peindre avec elle. Je me souviens que j&#8217;avais vraiment aim\u00e9 cela ! Puis, \u00e0 l&#8217;occasion de mon anniversaire, Marilyn m\u2019a achet\u00e9 &#8220;un kit de peinture&#8221; (une toile, quelques tubes de peinture et des pinceaux) et j\u2019ai commenc\u00e9 \u00e0 reproduire des cartes postales ou des objets que je voyais. J\u2019aimais beaucoup cela et je passais mes fins de semaine \u00e0 peindre. Puis, en 2003, ma grande fille est d\u00e9c\u00e9d\u00e9e&#8230;.J\u2019ai continu\u00e9 car cela me faisait beaucoup de bien, mais je n\u2019avais pas ce sentiment de fiert\u00e9 comme lorsqu\u2019on cr\u00e9e quelque chose enti\u00e8rement par soi-m\u00eame. Je me suis mise devant une toile blanche et j\u2019ai laiss\u00e9 aller mon imagination, mes \u00e9motions.<br \/>\nC&#8217;est l\u00e0 que j\u2019ai commenc\u00e9 avec l\u2019art abstrait et je me suis vite aper\u00e7ue, que malgr\u00e9 toute la douleur que je ressentais et toute la tristesse qui m\u2019envahissait, mes toiles \u00e9taient tr\u00e8s, tr\u00e8s color\u00e9es.J\u2019ai fait beaucoup d\u2019exp\u00e9riences avec toutes sortes de m\u00e9dium et j\u2019en fais encore aujourd\u2019hui. Ce que j\u2019aime, c\u2019est que je ne sais jamais \u00e0 l\u2019avance comment ma toile va ressortir. Les couleurs qui fusionnent ensemble ont toujours le dernier mot !Ce que j\u2019aime dans cet art, c\u2019est qu\u2019il n\u2019y a pas de limite\u2026.tout est permis.<\/p>\n<h2>Formation<\/h2>\n\n<table id=\"tablepress-2\" class=\"tablepress tablepress-id-2\">\n<thead>\n<tr class=\"row-1\">\n\t<th class=\"column-1\">Ann\u00e9e<\/th><th class=\"column-2\">Institution\/Professeur<\/th><th class=\"column-3\">Programme<\/th>\n<\/tr>\n<\/thead>\n<tbody class=\"row-striping\">\n<tr class=\"row-2\">\n\t<td class=\"column-1\">2005-2006<\/td><td class=\"column-2\">Chantal De Serres<\/td><td class=\"column-3\">Libert\u00e9 en peinture<\/td>\n<\/tr>\n<\/tbody>\n<\/table>\n<!-- #tablepress-2 from cache -->\n<h2>Expositions<\/h2>\n\n<table id=\"tablepress-3\" class=\"tablepress tablepress-id-3\">\n<thead>\n<tr class=\"row-1\">\n\t<th class=\"column-1\">Ann\u00e9e<\/th><th class=\"column-2\">Nom<\/th><th class=\"column-3\">Endroit<\/th>\n<\/tr>\n<\/thead>\n<tbody class=\"row-striping\">\n<tr class=\"row-2\">\n\t<td class=\"column-1\">2012<\/td><td class=\"column-2\">circuit des arts<\/td><td class=\"column-3\">St Bruno<\/td>\n<\/tr>\n<tr class=\"row-3\">\n\t<td class=\"column-1\">2014<\/td><td class=\"column-2\">circuit des arts<\/td><td class=\"column-3\">St Bruno<\/td>\n<\/tr>\n<tr class=\"row-4\">\n\t<td class=\"column-1\">2016<\/td><td class=\"column-2\">circuit des arts<\/td><td class=\"column-3\">St Bruno<\/td>\n<\/tr>\n<\/tbody>\n<\/table>\n<!-- #tablepress-3 from cache -->\n<h2>M\u00e9dias<\/h2>\n<p>\n<table id=\"tablepress-7\" class=\"tablepress tablepress-id-7\">\n<thead>\n<tr class=\"row-1\">\n\t<th class=\"column-1\">Ann\u00e9e<\/th><th class=\"column-2\">Titre<\/th><th class=\"column-3\">Auteur<\/th><th class=\"column-4\">Source<\/th>\n<\/tr>\n<\/thead>\n<tbody class=\"row-striping\">\n<tr class=\"row-2\">\n\t<td class=\"column-1\">7 septembre 2016<\/td><td class=\"column-2\">Journal Les Versants<\/td><td class=\"column-3\">Frank Rodi Jr.<\/td><td class=\"column-4\">Circuit des Arts 17-18 sept 2016<\/td>\n<\/tr>\n<\/tbody>\n<\/table>\n<!-- #tablepress-7 from cache --><\/li>\n<\/ol>\n","protected":false},"excerpt":{"rendered":"<p>D\u00e9marche Mon histoire avec la peinture a d\u00e9but\u00e9 en 2002. C\u2019est ma grande fille, Marilyn qui \u00e9tait alors \u00e2g\u00e9e de 16 ans qui m\u2019a amen\u00e9e sur ce nouveau chemin. Alors qu&#8217;elle \u00e9tait hospitalis\u00e9e, Marilyn a re\u00e7u en cadeau, une peinture \u00e0 num\u00e9ros. Elle m&#8217;a demand\u00e9 de la peindre avec elle. Je me souviens que j&#8217;avais &#8230; <\/p>\n<p class=\"read-more-container\"><a title=\"Martine Lavault\" class=\"read-more button\" href=\"https:\/\/aapars.com\/martine-lavault\/#more-2\" aria-label=\"En savoir plus sur Martine Lavault\">Lire plus<\/a><\/p>\n","protected":false},"author":1114,"featured_media":0,"parent":0,"menu_order":0,"comment_status":"closed","ping_status":"closed","template":"","meta":{"_s2mail":"yes","ngg_post_thumbnail":0,"iawp_total_views":94,"footnotes":""},"class_list":["post-2","page","type-page","status-publish"],"yoast_head":"<!-- This site is optimized with the Yoast SEO plugin v27.5 - https:\/\/yoast.com\/product\/yoast-seo-wordpress\/ -->\n<title>Martine Lavault - Martine Lavault - Un site de la galerie virtuelle de l&#039;AAPARS<\/title>\n<meta name=\"description\" content=\"D\u00e9marche Mon histoire avec la peinture a d\u00e9but\u00e9 en 2002. C\u2019est ma grande fille, Marilyn qui \u00e9tait alors \u00e2g\u00e9e de 16 ans qui m\u2019a amen\u00e9e sur ce nouveau\" \/>\n<meta name=\"robots\" content=\"index, follow, max-snippet:-1, max-image-preview:large, max-video-preview:-1\" \/>\n<link rel=\"canonical\" href=\"https:\/\/aapars.com\/martine-lavault\/\" \/>\n<meta property=\"og:locale\" content=\"fr_FR\" \/>\n<meta property=\"og:type\" content=\"article\" \/>\n<meta property=\"og:title\" content=\"Martine Lavault - Martine Lavault - Un site de la galerie virtuelle de l&#039;AAPARS\" \/>\n<meta property=\"og:description\" content=\"D\u00e9marche Mon histoire avec la peinture a d\u00e9but\u00e9 en 2002. C\u2019est ma grande fille, Marilyn qui \u00e9tait alors \u00e2g\u00e9e de 16 ans qui m\u2019a amen\u00e9e sur ce nouveau\" \/>\n<meta property=\"og:url\" content=\"https:\/\/aapars.com\/martine-lavault\/\" \/>\n<meta property=\"og:site_name\" content=\"Martine Lavault\" \/>\n<meta property=\"article:modified_time\" content=\"2024-03-26T19:15:43+00:00\" \/>\n<meta property=\"og:image\" content=\"https:\/\/aapars.com\/martine-lavault\/files\/2010\/10\/moi_20160917-e1475064057221.jpg\" \/>\n<meta name=\"twitter:label1\" content=\"Dur\u00e9e de lecture estim\u00e9e\" \/>\n\t<meta name=\"twitter:data1\" content=\"1 minute\" \/>\n<script type=\"application\/ld+json\" class=\"yoast-schema-graph\">{\"@context\":\"https:\\\/\\\/schema.org\",\"@graph\":[{\"@type\":\"WebPage\",\"@id\":\"https:\\\/\\\/aapars.com\\\/martine-lavault\\\/\",\"url\":\"https:\\\/\\\/aapars.com\\\/martine-lavault\\\/\",\"name\":\"Martine Lavault - Martine Lavault - Un site de la galerie virtuelle de l&#039;AAPARS\",\"isPartOf\":{\"@id\":\"https:\\\/\\\/aapars.com\\\/martine-lavault\\\/#website\"},\"primaryImageOfPage\":{\"@id\":\"https:\\\/\\\/aapars.com\\\/martine-lavault\\\/#primaryimage\"},\"image\":{\"@id\":\"https:\\\/\\\/aapars.com\\\/martine-lavault\\\/#primaryimage\"},\"thumbnailUrl\":\"https:\\\/\\\/aapars.com\\\/martine-lavault\\\/files\\\/2010\\\/10\\\/moi_20160917-e1475064057221.jpg\",\"datePublished\":\"2010-10-03T05:11:36+00:00\",\"dateModified\":\"2024-03-26T19:15:43+00:00\",\"description\":\"D\u00e9marche Mon histoire avec la peinture a d\u00e9but\u00e9 en 2002. C\u2019est ma grande fille, Marilyn qui \u00e9tait alors \u00e2g\u00e9e de 16 ans qui m\u2019a amen\u00e9e sur ce nouveau\",\"breadcrumb\":{\"@id\":\"https:\\\/\\\/aapars.com\\\/martine-lavault\\\/#breadcrumb\"},\"inLanguage\":\"fr-FR\",\"potentialAction\":[{\"@type\":\"ReadAction\",\"target\":[\"https:\\\/\\\/aapars.com\\\/martine-lavault\\\/\"]}]},{\"@type\":\"ImageObject\",\"inLanguage\":\"fr-FR\",\"@id\":\"https:\\\/\\\/aapars.com\\\/martine-lavault\\\/#primaryimage\",\"url\":\"https:\\\/\\\/aapars.com\\\/martine-lavault\\\/files\\\/2010\\\/10\\\/moi_20160917-e1475064057221.jpg\",\"contentUrl\":\"https:\\\/\\\/aapars.com\\\/martine-lavault\\\/files\\\/2010\\\/10\\\/moi_20160917-e1475064057221.jpg\",\"width\":150,\"height\":217,\"caption\":\"Artiste Peintre\"},{\"@type\":\"BreadcrumbList\",\"@id\":\"https:\\\/\\\/aapars.com\\\/martine-lavault\\\/#breadcrumb\",\"itemListElement\":[{\"@type\":\"ListItem\",\"position\":1,\"name\":\"Accueil\",\"item\":\"https:\\\/\\\/aapars.com\\\/martine-lavault\\\/\"},{\"@type\":\"ListItem\",\"position\":2,\"name\":\"Martine Lavault\"}]},{\"@type\":\"WebSite\",\"@id\":\"https:\\\/\\\/aapars.com\\\/martine-lavault\\\/#website\",\"url\":\"https:\\\/\\\/aapars.com\\\/martine-lavault\\\/\",\"name\":\"Martine Lavault\",\"description\":\"Un site de la galerie virtuelle de l&#039;AAPARS\",\"publisher\":{\"@id\":\"https:\\\/\\\/aapars.com\\\/martine-lavault\\\/#organization\"},\"potentialAction\":[{\"@type\":\"SearchAction\",\"target\":{\"@type\":\"EntryPoint\",\"urlTemplate\":\"https:\\\/\\\/aapars.com\\\/martine-lavault\\\/?s={search_term_string}\"},\"query-input\":{\"@type\":\"PropertyValueSpecification\",\"valueRequired\":true,\"valueName\":\"search_term_string\"}}],\"inLanguage\":\"fr-FR\"},{\"@type\":\"Organization\",\"@id\":\"https:\\\/\\\/aapars.com\\\/martine-lavault\\\/#organization\",\"name\":\"Martine Lavault\",\"url\":\"https:\\\/\\\/aapars.com\\\/martine-lavault\\\/\",\"logo\":{\"@type\":\"ImageObject\",\"inLanguage\":\"fr-FR\",\"@id\":\"https:\\\/\\\/aapars.com\\\/martine-lavault\\\/#\\\/schema\\\/logo\\\/image\\\/\",\"url\":\"https:\\\/\\\/aapars.com\\\/martine-lavault\\\/files\\\/2012\\\/04\\\/logo-aapars-@2x.png\",\"contentUrl\":\"https:\\\/\\\/aapars.com\\\/martine-lavault\\\/files\\\/2012\\\/04\\\/logo-aapars-@2x.png\",\"width\":560,\"height\":306,\"caption\":\"Martine Lavault\"},\"image\":{\"@id\":\"https:\\\/\\\/aapars.com\\\/martine-lavault\\\/#\\\/schema\\\/logo\\\/image\\\/\"}}]}<\/script>\n<!-- \/ Yoast SEO plugin. -->","yoast_head_json":{"title":"Martine Lavault - Martine Lavault - Un site de la galerie virtuelle de l&#039;AAPARS","description":"D\u00e9marche Mon histoire avec la peinture a d\u00e9but\u00e9 en 2002. C\u2019est ma grande fille, Marilyn qui \u00e9tait alors \u00e2g\u00e9e de 16 ans qui m\u2019a amen\u00e9e sur ce nouveau","robots":{"index":"index","follow":"follow","max-snippet":"max-snippet:-1","max-image-preview":"max-image-preview:large","max-video-preview":"max-video-preview:-1"},"canonical":"https:\/\/aapars.com\/martine-lavault\/","og_locale":"fr_FR","og_type":"article","og_title":"Martine Lavault - Martine Lavault - Un site de la galerie virtuelle de l&#039;AAPARS","og_description":"D\u00e9marche Mon histoire avec la peinture a d\u00e9but\u00e9 en 2002. C\u2019est ma grande fille, Marilyn qui \u00e9tait alors \u00e2g\u00e9e de 16 ans qui m\u2019a amen\u00e9e sur ce nouveau","og_url":"https:\/\/aapars.com\/martine-lavault\/","og_site_name":"Martine Lavault","article_modified_time":"2024-03-26T19:15:43+00:00","og_image":[{"url":"https:\/\/aapars.com\/martine-lavault\/files\/2010\/10\/moi_20160917-e1475064057221.jpg","type":"","width":"","height":""}],"twitter_misc":{"Dur\u00e9e de lecture estim\u00e9e":"1 minute"},"schema":{"@context":"https:\/\/schema.org","@graph":[{"@type":"WebPage","@id":"https:\/\/aapars.com\/martine-lavault\/","url":"https:\/\/aapars.com\/martine-lavault\/","name":"Martine Lavault - Martine Lavault - Un site de la galerie virtuelle de l&#039;AAPARS","isPartOf":{"@id":"https:\/\/aapars.com\/martine-lavault\/#website"},"primaryImageOfPage":{"@id":"https:\/\/aapars.com\/martine-lavault\/#primaryimage"},"image":{"@id":"https:\/\/aapars.com\/martine-lavault\/#primaryimage"},"thumbnailUrl":"https:\/\/aapars.com\/martine-lavault\/files\/2010\/10\/moi_20160917-e1475064057221.jpg","datePublished":"2010-10-03T05:11:36+00:00","dateModified":"2024-03-26T19:15:43+00:00","description":"D\u00e9marche Mon histoire avec la peinture a d\u00e9but\u00e9 en 2002. C\u2019est ma grande fille, Marilyn qui \u00e9tait alors \u00e2g\u00e9e de 16 ans qui m\u2019a amen\u00e9e sur ce nouveau","breadcrumb":{"@id":"https:\/\/aapars.com\/martine-lavault\/#breadcrumb"},"inLanguage":"fr-FR","potentialAction":[{"@type":"ReadAction","target":["https:\/\/aapars.com\/martine-lavault\/"]}]},{"@type":"ImageObject","inLanguage":"fr-FR","@id":"https:\/\/aapars.com\/martine-lavault\/#primaryimage","url":"https:\/\/aapars.com\/martine-lavault\/files\/2010\/10\/moi_20160917-e1475064057221.jpg","contentUrl":"https:\/\/aapars.com\/martine-lavault\/files\/2010\/10\/moi_20160917-e1475064057221.jpg","width":150,"height":217,"caption":"Artiste Peintre"},{"@type":"BreadcrumbList","@id":"https:\/\/aapars.com\/martine-lavault\/#breadcrumb","itemListElement":[{"@type":"ListItem","position":1,"name":"Accueil","item":"https:\/\/aapars.com\/martine-lavault\/"},{"@type":"ListItem","position":2,"name":"Martine Lavault"}]},{"@type":"WebSite","@id":"https:\/\/aapars.com\/martine-lavault\/#website","url":"https:\/\/aapars.com\/martine-lavault\/","name":"Martine Lavault","description":"Un site de la galerie virtuelle de l&#039;AAPARS","publisher":{"@id":"https:\/\/aapars.com\/martine-lavault\/#organization"},"potentialAction":[{"@type":"SearchAction","target":{"@type":"EntryPoint","urlTemplate":"https:\/\/aapars.com\/martine-lavault\/?s={search_term_string}"},"query-input":{"@type":"PropertyValueSpecification","valueRequired":true,"valueName":"search_term_string"}}],"inLanguage":"fr-FR"},{"@type":"Organization","@id":"https:\/\/aapars.com\/martine-lavault\/#organization","name":"Martine Lavault","url":"https:\/\/aapars.com\/martine-lavault\/","logo":{"@type":"ImageObject","inLanguage":"fr-FR","@id":"https:\/\/aapars.com\/martine-lavault\/#\/schema\/logo\/image\/","url":"https:\/\/aapars.com\/martine-lavault\/files\/2012\/04\/logo-aapars-@2x.png","contentUrl":"https:\/\/aapars.com\/martine-lavault\/files\/2012\/04\/logo-aapars-@2x.png","width":560,"height":306,"caption":"Martine Lavault"},"image":{"@id":"https:\/\/aapars.com\/martine-lavault\/#\/schema\/logo\/image\/"}}]}},"_links":{"self":[{"href":"https:\/\/aapars.com\/martine-lavault\/wp-json\/wp\/v2\/pages\/2","targetHints":{"allow":["GET"]}}],"collection":[{"href":"https:\/\/aapars.com\/martine-lavault\/wp-json\/wp\/v2\/pages"}],"about":[{"href":"https:\/\/aapars.com\/martine-lavault\/wp-json\/wp\/v2\/types\/page"}],"author":[{"embeddable":true,"href":"https:\/\/aapars.com\/martine-lavault\/wp-json\/wp\/v2\/users\/1114"}],"replies":[{"embeddable":true,"href":"https:\/\/aapars.com\/martine-lavault\/wp-json\/wp\/v2\/comments?post=2"}],"version-history":[{"count":1,"href":"https:\/\/aapars.com\/martine-lavault\/wp-json\/wp\/v2\/pages\/2\/revisions"}],"predecessor-version":[{"id":307,"href":"https:\/\/aapars.com\/martine-lavault\/wp-json\/wp\/v2\/pages\/2\/revisions\/307"}],"wp:attachment":[{"href":"https:\/\/aapars.com\/martine-lavault\/wp-json\/wp\/v2\/media?parent=2"}],"curies":[{"name":"wp","href":"https:\/\/api.w.org\/{rel}","templated":true}]}}