{"id":6,"date":"2010-10-03T05:11:36","date_gmt":"2010-10-03T05:11:36","guid":{"rendered":"https:\/\/aapars.com\/jacques-landry\/?page_id=2"},"modified":"2021-05-23T13:49:42","modified_gmt":"2021-05-23T17:49:42","slug":"profil","status":"publish","type":"page","link":"https:\/\/aapars.com\/marie-anne-grandmont\/","title":{"rendered":"Marie-Anne Grandmont"},"content":{"rendered":"<p><img loading=\"lazy\" decoding=\"async\" class=\"alignnone size-thumbnail wp-image-56\" src=\"https:\/\/aapars.com\/marie-anne-grandmont\/files\/2013\/03\/DSCN0873-2-200x200.jpg\" alt=\"Marie-Anne Grandmont\" width=\"200\" height=\"200\"\/><\/p>\n<h2>&nbsp;<\/h2>\n\n<table id=\"tablepress-1\" class=\"tablepress tablepress-id-1\">\n<tbody class=\"row-striping\">\n<tr class=\"row-1\">\n\t<td class=\"column-1\">Technique :<\/td><td class=\"column-2\">Mixte et Huile<\/td>\n<\/tr>\n<tr class=\"row-2\">\n\t<td class=\"column-1\">Affiliations professionelles :<\/td><td class=\"column-2\">AAPARS - Association des Artistes Peintres Affili\u00e9s de la Rive-Sud <br \/>\n<br \/>\nAAPL - Association des Artistes Peintres de Longueuil <br \/>\n<br \/>\nAIBAQ - Acad\u00e9mie Internationale des Beaux-Arts du Qu\u00e9bec<br \/>\n<\/td>\n<\/tr>\n<tr class=\"row-3\">\n\t<td class=\"column-1\">T\u00e9l\u00e9phone :<\/td><td class=\"column-2\">514-246-0006<\/td>\n<\/tr>\n<tr class=\"row-4\">\n\t<td class=\"column-1\">Courriel :<\/td><td class=\"column-2\"><a href=\"mailto:mag@magfineart.com\">mag@magfineart.com<\/a><\/td>\n<\/tr>\n<tr class=\"row-5\">\n\t<td class=\"column-1\">Site Internet :<\/td><td class=\"column-2\"><a href=\"http:\/\/galerieartconcept.ca\">galerieartconcept.ca<\/a><\/td>\n<\/tr>\n<\/tbody>\n<\/table>\n<!-- #tablepress-1 from cache -->\n<h2>D\u00e9marche<\/h2>\n<p>J\u2019ai fais mes d\u00e9buts dans le&nbsp; domaine de la Haute Couture. Apr\u00e8s mes \u00e9tudes \u00e0 l&#8217;\u00c9cole de Haute Couture Cotnoir Capponi, j\u2019ai \u0153uvr\u00e9 comme styliste pendant plusieurs ann\u00e9es. Malgr\u00e9 toute l&#8217;exp\u00e9rience acquise durant cette p\u00e9riode, je me suis vite rendu compte que quelque chose me manquait.<\/p>\n<p>Gr\u00e2ce \u00e0 une connaissance, je fus introduite \u00e0 l&#8217;Art en 1990 et je me suis mise \u00e0 collectionner les&nbsp; \u0153uvres d&#8217;art. Depuis, ma passion pour l&#8217;art n&#8217;a jamais cess\u00e9 de cro\u00eetre. \u00c0 tel point, que maintenant je peintre \u00e0 mon tour. Mes go\u00fbts et int\u00e9r\u00eats sont tr\u00e8s vari\u00e9s. Mes styles et m\u00e9dium se sont d\u00e9velopp\u00e9s. Cependant, le style mixte reste encore ce que je pr\u00e9f\u00e8re.<\/p>\n<p>J\u2019ai fait mes d\u00e9buts au c\u00f4t\u00e9 de Louise Ruelland, une spatuliste et artiste accomplie qui a g\u00e9n\u00e9reusement partag\u00e9 ses connaissances. J\u2019ai&nbsp; \u00e9galement b\u00e9n\u00e9fici\u00e9 de l&#8217;enseignement de David Roche en ce qui a trait \u00e0 la technique mixte. Mais ce qui m&#8217;a permis de d\u00e9velopper ma propre approche cr\u00e9ative fut ma rencontre avec l&#8217;artiste nomm\u00e9 Popal. \u00c0 partir de ce moment&nbsp; une fusion&nbsp; entre le mixte et l&#8217;huile a pris forme, donnant naissance \u00e0&nbsp; l&#8217;originalit\u00e9 de ma technique.&nbsp; J\u2019ai ensuite continu\u00e9 a me perfectionne au pr\u00eat de L\u2019Acad\u00e9micien et l&#8217;un des plus grands ma\u00eetres de la couleur l&#8217;artiste Gabriel Lavoie.<\/p>\n<p>Pour moi, l&#8217;art est l&#8217;outil de l&#8217;\u00e2me, puisqu&#8217;\u00e0 travers l&#8217;\u0153uvre d&#8217;un artiste, on peut sentir sa couleur int\u00e9rieure, ses \u00e9motions et son cheminement de vie.<\/p>\n<p>Lorsque je peins, je suis \u00e0 l&#8217;\u00e9coute des th\u00e8mes que je travaille, des couleurs que j&#8217;utilise et des outils que j&#8217;emploie puisqu&#8217;ils sont le reflet de mes propres \u00e9tats d&#8217;\u00e2me. Cette \u00e9coute int\u00e9rieure me permet de mieux me conna\u00eetre et de lib\u00e9rer ma spontan\u00e9it\u00e9, pour ainsi laisser place \u00e0 la puret\u00e9 d&#8217;expression.<\/p>\n<p>Quoi que j&#8217;utilise l\u2019acrylique comme base, je termine toujours mes sujet avec une touche a l&#8217;huile, le fait de marier l&#8217;huile et le mixte, ajoute toujours une touche de modernisme. Elles s&#8217;entrecroisent dans un kal\u00e9idoscope de couleur et de forme. J&#8217;aime \u00e0 remplir les yeux des spectateurs de douceur et de beaut\u00e9 et ouvrir leur c\u0153ur \u00e0 ma passion et \u00e0 mon \u00e2me.<\/p>\n<h2>Formation<\/h2>\n\n<table id=\"tablepress-2\" class=\"tablepress tablepress-id-2\">\n<thead>\n<tr class=\"row-1\">\n\t<th class=\"column-1\">Ann\u00e9e\t<\/th><th class=\"column-2\">Institution\/Professeur\t\t\t<\/th><th class=\"column-3\">Programme<\/th>\n<\/tr>\n<\/thead>\n<tbody class=\"row-striping\">\n<tr class=\"row-2\">\n\t<td class=\"column-1\">1979 - 1982<\/td><td class=\"column-2\">\u00c9cole Cotnoir  Capponi\t<\/td><td class=\"column-3\">Coupe a plat\/Couture\/Moulage<\/td>\n<\/tr>\n<tr class=\"row-3\">\n\t<td class=\"column-1\">1985<\/td><td class=\"column-2\">\u00c9cole Pierre Dupuy\t\t\t<br \/>\n\t\t\t\t<br \/>\n<\/td><td class=\"column-3\">Dessin de Mode<br \/>\n<\/td>\n<\/tr>\n<tr class=\"row-4\">\n\t<td class=\"column-1\">2006<\/td><td class=\"column-2\">Artiste David Roches\t\t\t<\/td><td class=\"column-3\">Approche \u00e0 la technique mixte<br \/>\nmedium divers<\/td>\n<\/tr>\n<tr class=\"row-5\">\n\t<td class=\"column-1\">2006-2007<\/td><td class=\"column-2\">Artiste<br \/>\n Louise Ruelland\t\t\t<br \/>\n<\/td><td class=\"column-3\">Spatule\/medium a l\u2019huile<\/td>\n<\/tr>\n<tr class=\"row-6\">\n\t<td class=\"column-1\">2007 - 2008<\/td><td class=\"column-2\">Artiste Popal<br \/>\n<br \/>\n<\/td><td class=\"column-3\">Ombre et Lumi\u00e8re\/medium a l\u2019huile<\/td>\n<\/tr>\n<tr class=\"row-7\">\n\t<td class=\"column-1\">2008 - 2011<\/td><td class=\"column-2\">Acad\u00e9micien <br \/>\nGabriel Lavoie\t\t<\/td><td class=\"column-3\">Couleur\/dessin et composition<br \/>\nmedium \u00e0 l\u2019huile et Acrylique<br \/>\n<br \/>\n<\/td>\n<\/tr>\n<\/tbody>\n<\/table>\n<!-- #tablepress-2 from cache -->\n<h2>Expositions<\/h2>\n\n<table id=\"tablepress-3\" class=\"tablepress tablepress-id-3\">\n<thead>\n<tr class=\"row-1\">\n\t<th class=\"column-1\">Ann\u00e9e\t<\/th><th class=\"column-2\">Nom<\/th><th class=\"column-3\">Endroit<\/th>\n<\/tr>\n<\/thead>\n<tbody class=\"row-striping\">\n<tr class=\"row-2\">\n\t<td class=\"column-1\">2013<\/td><td class=\"column-2\">Broadway Art Gallery<\/td><td class=\"column-3\">Soho, New York<\/td>\n<\/tr>\n<tr class=\"row-3\">\n\t<td class=\"column-1\">2013<\/td><td class=\"column-2\">Concours automnal<\/td><td class=\"column-3\">Saint-Bruno de Montarville<\/td>\n<\/tr>\n<tr class=\"row-4\">\n\t<td class=\"column-1\">2013<\/td><td class=\"column-2\">Symposium Artistes sur le Champs<\/td><td class=\"column-3\">Chambly<\/td>\n<\/tr>\n<\/tbody>\n<\/table>\n<!-- #tablepress-3 from cache -->\n<h2>Galeries<\/h2>\n\n<table id=\"tablepress-4\" class=\"tablepress tablepress-id-4\">\n<thead>\n<tr class=\"row-1\">\n\t<th class=\"column-1\">Nom<\/th><th class=\"column-2\">Lieu<\/th>\n<\/tr>\n<\/thead>\n<tbody class=\"row-striping\">\n<tr class=\"row-2\">\n\t<td class=\"column-1\">Galerie d'art de l'Acad\u00e9mie Internationale de Beaux-arts du Quebec<\/td><td class=\"column-2\">Virtuel<\/td>\n<\/tr>\n<tr class=\"row-3\">\n\t<td class=\"column-1\">Galerie Art Concept<\/td><td class=\"column-2\">Virtuel<\/td>\n<\/tr>\n<tr class=\"row-4\">\n\t<td class=\"column-1\">Galerie d\u2019art de l\u2019Association des Artistes Peintres Affili\u00e9s de la Rive-Sud <\/td><td class=\"column-2\">Virtuel<\/td>\n<\/tr>\n<\/tbody>\n<\/table>\n<!-- #tablepress-4 from cache -->\n<h2>Reconnaissances<\/h2>\n\n<table id=\"tablepress-5\" class=\"tablepress tablepress-id-5\">\n<thead>\n<tr class=\"row-1\">\n\t<th class=\"column-1\">Titre<\/th><th class=\"column-2\">Toile gagnante<\/th><th class=\"column-3\">Prix \/ Mention<\/th>\n<\/tr>\n<\/thead>\n<tbody class=\"row-striping\">\n<\/tbody>\n<\/table>\n<!-- #tablepress-5 from cache -->\n<p>&nbsp;<\/p>\n<h2>Autres informations<\/h2>\n<p>Informations suppl\u00e9mentaires.<\/p>\n","protected":false},"excerpt":{"rendered":"<p>&nbsp; D\u00e9marche J\u2019ai fais mes d\u00e9buts dans le&nbsp; domaine de la Haute Couture. Apr\u00e8s mes \u00e9tudes \u00e0 l&#8217;\u00c9cole de Haute Couture Cotnoir Capponi, j\u2019ai \u0153uvr\u00e9 comme styliste pendant plusieurs ann\u00e9es. Malgr\u00e9 toute l&#8217;exp\u00e9rience acquise durant cette p\u00e9riode, je me suis vite rendu compte que quelque chose me manquait. Gr\u00e2ce \u00e0 une connaissance, je fus introduite &#8230; <\/p>\n<p class=\"read-more-container\"><a title=\"Marie-Anne Grandmont\" class=\"read-more button\" href=\"https:\/\/aapars.com\/marie-anne-grandmont\/#more-6\" aria-label=\"En savoir plus sur Marie-Anne Grandmont\">Lire plus<\/a><\/p>\n","protected":false},"author":505,"featured_media":0,"parent":0,"menu_order":0,"comment_status":"closed","ping_status":"closed","template":"","meta":{"_s2mail":"yes","ngg_post_thumbnail":0,"iawp_total_views":85,"footnotes":""},"class_list":["post-6","page","type-page","status-publish"],"yoast_head":"<!-- This site is optimized with the Yoast SEO plugin v27.3 - https:\/\/yoast.com\/product\/yoast-seo-wordpress\/ -->\n<title>Marie-Anne Grandmont - Marie-Anne Grandmont - Un site de la galerie virtuelle de l\u2019AAPARS<\/title>\n<meta name=\"description\" content=\"&nbsp; D\u00e9marche J\u2019ai fais mes d\u00e9buts dans le&nbsp; domaine de la Haute Couture. Apr\u00e8s mes \u00e9tudes \u00e0 l&#039;\u00c9cole de Haute Couture Cotnoir Capponi, j\u2019ai \u0153uvr\u00e9\" \/>\n<meta name=\"robots\" content=\"index, follow, max-snippet:-1, max-image-preview:large, max-video-preview:-1\" \/>\n<link rel=\"canonical\" href=\"https:\/\/aapars.com\/marie-anne-grandmont\/\" \/>\n<meta property=\"og:locale\" content=\"fr_FR\" \/>\n<meta property=\"og:type\" content=\"article\" \/>\n<meta property=\"og:title\" content=\"Marie-Anne Grandmont - Marie-Anne Grandmont - Un site de la galerie virtuelle de l\u2019AAPARS\" \/>\n<meta property=\"og:description\" content=\"&nbsp; D\u00e9marche J\u2019ai fais mes d\u00e9buts dans le&nbsp; domaine de la Haute Couture. Apr\u00e8s mes \u00e9tudes \u00e0 l&#039;\u00c9cole de Haute Couture Cotnoir Capponi, j\u2019ai \u0153uvr\u00e9\" \/>\n<meta property=\"og:url\" content=\"https:\/\/aapars.com\/marie-anne-grandmont\/\" \/>\n<meta property=\"og:site_name\" content=\"Marie-Anne Grandmont\" \/>\n<meta property=\"article:modified_time\" content=\"2021-05-23T17:49:42+00:00\" \/>\n<meta property=\"og:image\" content=\"https:\/\/aapars.com\/marie-anne-grandmont\/files\/2013\/03\/DSCN0873-2-200x200.jpg\" \/>\n<meta name=\"twitter:label1\" content=\"Dur\u00e9e de lecture estim\u00e9e\" \/>\n\t<meta name=\"twitter:data1\" content=\"2 minutes\" \/>\n<script type=\"application\/ld+json\" class=\"yoast-schema-graph\">{\"@context\":\"https:\\\/\\\/schema.org\",\"@graph\":[{\"@type\":\"WebPage\",\"@id\":\"https:\\\/\\\/aapars.com\\\/marie-anne-grandmont\\\/\",\"url\":\"https:\\\/\\\/aapars.com\\\/marie-anne-grandmont\\\/\",\"name\":\"Marie-Anne Grandmont - Marie-Anne Grandmont - Un site de la galerie virtuelle de l\u2019AAPARS\",\"isPartOf\":{\"@id\":\"https:\\\/\\\/aapars.com\\\/marie-anne-grandmont\\\/#website\"},\"primaryImageOfPage\":{\"@id\":\"https:\\\/\\\/aapars.com\\\/marie-anne-grandmont\\\/#primaryimage\"},\"image\":{\"@id\":\"https:\\\/\\\/aapars.com\\\/marie-anne-grandmont\\\/#primaryimage\"},\"thumbnailUrl\":\"https:\\\/\\\/aapars.com\\\/marie-anne-grandmont\\\/files\\\/2013\\\/03\\\/DSCN0873-2-200x200.jpg\",\"datePublished\":\"2010-10-03T05:11:36+00:00\",\"dateModified\":\"2021-05-23T17:49:42+00:00\",\"description\":\"&nbsp; D\u00e9marche J\u2019ai fais mes d\u00e9buts dans le&nbsp; domaine de la Haute Couture. Apr\u00e8s mes \u00e9tudes \u00e0 l'\u00c9cole de Haute Couture Cotnoir Capponi, j\u2019ai \u0153uvr\u00e9\",\"breadcrumb\":{\"@id\":\"https:\\\/\\\/aapars.com\\\/marie-anne-grandmont\\\/#breadcrumb\"},\"inLanguage\":\"fr-FR\",\"potentialAction\":[{\"@type\":\"ReadAction\",\"target\":[\"https:\\\/\\\/aapars.com\\\/marie-anne-grandmont\\\/\"]}]},{\"@type\":\"ImageObject\",\"inLanguage\":\"fr-FR\",\"@id\":\"https:\\\/\\\/aapars.com\\\/marie-anne-grandmont\\\/#primaryimage\",\"url\":\"https:\\\/\\\/aapars.com\\\/marie-anne-grandmont\\\/files\\\/2013\\\/03\\\/DSCN0873-2-200x200.jpg\",\"contentUrl\":\"https:\\\/\\\/aapars.com\\\/marie-anne-grandmont\\\/files\\\/2013\\\/03\\\/DSCN0873-2-200x200.jpg\"},{\"@type\":\"BreadcrumbList\",\"@id\":\"https:\\\/\\\/aapars.com\\\/marie-anne-grandmont\\\/#breadcrumb\",\"itemListElement\":[{\"@type\":\"ListItem\",\"position\":1,\"name\":\"Accueil\",\"item\":\"https:\\\/\\\/aapars.com\\\/marie-anne-grandmont\\\/\"},{\"@type\":\"ListItem\",\"position\":2,\"name\":\"Marie-Anne Grandmont\"}]},{\"@type\":\"WebSite\",\"@id\":\"https:\\\/\\\/aapars.com\\\/marie-anne-grandmont\\\/#website\",\"url\":\"https:\\\/\\\/aapars.com\\\/marie-anne-grandmont\\\/\",\"name\":\"Marie-Anne Grandmont\",\"description\":\"Un site de la galerie virtuelle de l\u2019AAPARS\",\"publisher\":{\"@id\":\"https:\\\/\\\/aapars.com\\\/marie-anne-grandmont\\\/#organization\"},\"potentialAction\":[{\"@type\":\"SearchAction\",\"target\":{\"@type\":\"EntryPoint\",\"urlTemplate\":\"https:\\\/\\\/aapars.com\\\/marie-anne-grandmont\\\/?s={search_term_string}\"},\"query-input\":{\"@type\":\"PropertyValueSpecification\",\"valueRequired\":true,\"valueName\":\"search_term_string\"}}],\"inLanguage\":\"fr-FR\"},{\"@type\":\"Organization\",\"@id\":\"https:\\\/\\\/aapars.com\\\/marie-anne-grandmont\\\/#organization\",\"name\":\"Marie-Anne Grandmont\",\"url\":\"https:\\\/\\\/aapars.com\\\/marie-anne-grandmont\\\/\",\"logo\":{\"@type\":\"ImageObject\",\"inLanguage\":\"fr-FR\",\"@id\":\"https:\\\/\\\/aapars.com\\\/marie-anne-grandmont\\\/#\\\/schema\\\/logo\\\/image\\\/\",\"url\":\"https:\\\/\\\/aapars.com\\\/marie-anne-grandmont\\\/files\\\/2012\\\/04\\\/logo-aapars-@2x.png\",\"contentUrl\":\"https:\\\/\\\/aapars.com\\\/marie-anne-grandmont\\\/files\\\/2012\\\/04\\\/logo-aapars-@2x.png\",\"width\":560,\"height\":306,\"caption\":\"Marie-Anne Grandmont\"},\"image\":{\"@id\":\"https:\\\/\\\/aapars.com\\\/marie-anne-grandmont\\\/#\\\/schema\\\/logo\\\/image\\\/\"}}]}<\/script>\n<!-- \/ Yoast SEO plugin. -->","yoast_head_json":{"title":"Marie-Anne Grandmont - Marie-Anne Grandmont - Un site de la galerie virtuelle de l\u2019AAPARS","description":"&nbsp; D\u00e9marche J\u2019ai fais mes d\u00e9buts dans le&nbsp; domaine de la Haute Couture. Apr\u00e8s mes \u00e9tudes \u00e0 l'\u00c9cole de Haute Couture Cotnoir Capponi, j\u2019ai \u0153uvr\u00e9","robots":{"index":"index","follow":"follow","max-snippet":"max-snippet:-1","max-image-preview":"max-image-preview:large","max-video-preview":"max-video-preview:-1"},"canonical":"https:\/\/aapars.com\/marie-anne-grandmont\/","og_locale":"fr_FR","og_type":"article","og_title":"Marie-Anne Grandmont - Marie-Anne Grandmont - Un site de la galerie virtuelle de l\u2019AAPARS","og_description":"&nbsp; D\u00e9marche J\u2019ai fais mes d\u00e9buts dans le&nbsp; domaine de la Haute Couture. Apr\u00e8s mes \u00e9tudes \u00e0 l'\u00c9cole de Haute Couture Cotnoir Capponi, j\u2019ai \u0153uvr\u00e9","og_url":"https:\/\/aapars.com\/marie-anne-grandmont\/","og_site_name":"Marie-Anne Grandmont","article_modified_time":"2021-05-23T17:49:42+00:00","og_image":[{"url":"https:\/\/aapars.com\/marie-anne-grandmont\/files\/2013\/03\/DSCN0873-2-200x200.jpg","type":"","width":"","height":""}],"twitter_misc":{"Dur\u00e9e de lecture estim\u00e9e":"2 minutes"},"schema":{"@context":"https:\/\/schema.org","@graph":[{"@type":"WebPage","@id":"https:\/\/aapars.com\/marie-anne-grandmont\/","url":"https:\/\/aapars.com\/marie-anne-grandmont\/","name":"Marie-Anne Grandmont - Marie-Anne Grandmont - Un site de la galerie virtuelle de l\u2019AAPARS","isPartOf":{"@id":"https:\/\/aapars.com\/marie-anne-grandmont\/#website"},"primaryImageOfPage":{"@id":"https:\/\/aapars.com\/marie-anne-grandmont\/#primaryimage"},"image":{"@id":"https:\/\/aapars.com\/marie-anne-grandmont\/#primaryimage"},"thumbnailUrl":"https:\/\/aapars.com\/marie-anne-grandmont\/files\/2013\/03\/DSCN0873-2-200x200.jpg","datePublished":"2010-10-03T05:11:36+00:00","dateModified":"2021-05-23T17:49:42+00:00","description":"&nbsp; D\u00e9marche J\u2019ai fais mes d\u00e9buts dans le&nbsp; domaine de la Haute Couture. Apr\u00e8s mes \u00e9tudes \u00e0 l'\u00c9cole de Haute Couture Cotnoir Capponi, j\u2019ai \u0153uvr\u00e9","breadcrumb":{"@id":"https:\/\/aapars.com\/marie-anne-grandmont\/#breadcrumb"},"inLanguage":"fr-FR","potentialAction":[{"@type":"ReadAction","target":["https:\/\/aapars.com\/marie-anne-grandmont\/"]}]},{"@type":"ImageObject","inLanguage":"fr-FR","@id":"https:\/\/aapars.com\/marie-anne-grandmont\/#primaryimage","url":"https:\/\/aapars.com\/marie-anne-grandmont\/files\/2013\/03\/DSCN0873-2-200x200.jpg","contentUrl":"https:\/\/aapars.com\/marie-anne-grandmont\/files\/2013\/03\/DSCN0873-2-200x200.jpg"},{"@type":"BreadcrumbList","@id":"https:\/\/aapars.com\/marie-anne-grandmont\/#breadcrumb","itemListElement":[{"@type":"ListItem","position":1,"name":"Accueil","item":"https:\/\/aapars.com\/marie-anne-grandmont\/"},{"@type":"ListItem","position":2,"name":"Marie-Anne Grandmont"}]},{"@type":"WebSite","@id":"https:\/\/aapars.com\/marie-anne-grandmont\/#website","url":"https:\/\/aapars.com\/marie-anne-grandmont\/","name":"Marie-Anne Grandmont","description":"Un site de la galerie virtuelle de l\u2019AAPARS","publisher":{"@id":"https:\/\/aapars.com\/marie-anne-grandmont\/#organization"},"potentialAction":[{"@type":"SearchAction","target":{"@type":"EntryPoint","urlTemplate":"https:\/\/aapars.com\/marie-anne-grandmont\/?s={search_term_string}"},"query-input":{"@type":"PropertyValueSpecification","valueRequired":true,"valueName":"search_term_string"}}],"inLanguage":"fr-FR"},{"@type":"Organization","@id":"https:\/\/aapars.com\/marie-anne-grandmont\/#organization","name":"Marie-Anne Grandmont","url":"https:\/\/aapars.com\/marie-anne-grandmont\/","logo":{"@type":"ImageObject","inLanguage":"fr-FR","@id":"https:\/\/aapars.com\/marie-anne-grandmont\/#\/schema\/logo\/image\/","url":"https:\/\/aapars.com\/marie-anne-grandmont\/files\/2012\/04\/logo-aapars-@2x.png","contentUrl":"https:\/\/aapars.com\/marie-anne-grandmont\/files\/2012\/04\/logo-aapars-@2x.png","width":560,"height":306,"caption":"Marie-Anne Grandmont"},"image":{"@id":"https:\/\/aapars.com\/marie-anne-grandmont\/#\/schema\/logo\/image\/"}}]}},"_links":{"self":[{"href":"https:\/\/aapars.com\/marie-anne-grandmont\/wp-json\/wp\/v2\/pages\/6","targetHints":{"allow":["GET"]}}],"collection":[{"href":"https:\/\/aapars.com\/marie-anne-grandmont\/wp-json\/wp\/v2\/pages"}],"about":[{"href":"https:\/\/aapars.com\/marie-anne-grandmont\/wp-json\/wp\/v2\/types\/page"}],"author":[{"embeddable":true,"href":"https:\/\/aapars.com\/marie-anne-grandmont\/wp-json\/wp\/v2\/users\/505"}],"replies":[{"embeddable":true,"href":"https:\/\/aapars.com\/marie-anne-grandmont\/wp-json\/wp\/v2\/comments?post=6"}],"version-history":[{"count":0,"href":"https:\/\/aapars.com\/marie-anne-grandmont\/wp-json\/wp\/v2\/pages\/6\/revisions"}],"wp:attachment":[{"href":"https:\/\/aapars.com\/marie-anne-grandmont\/wp-json\/wp\/v2\/media?parent=6"}],"curies":[{"name":"wp","href":"https:\/\/api.w.org\/{rel}","templated":true}]}}