{"id":2,"date":"2010-10-03T05:11:36","date_gmt":"2010-10-03T05:11:36","guid":{"rendered":"https:\/\/aapars.com\/jacques-landry\/?page_id=2"},"modified":"2024-03-24T16:44:26","modified_gmt":"2024-03-24T20:44:26","slug":"accuel","status":"publish","type":"page","link":"https:\/\/aapars.com\/louise-larouche\/","title":{"rendered":"Louise Larouche"},"content":{"rendered":"<p><img loading=\"lazy\" decoding=\"async\" class=\"alignnone wp-image-358\" src=\"https:\/\/aapars.com\/louise-larouche\/files\/2024\/01\/Louise-535x803.jpg\" alt=\"\" width=\"164\" height=\"661\"\/><\/p>\n<p>&nbsp;<\/p>\n<h2>D\u00e9marche<\/h2>\n<p>Mes \u0153uvres sont travaill\u00e9es exclusivement \u00e0 l&#8217;aquarelle.&nbsp;Je d\u00e9veloppe ainsi un discours tr\u00e8s personnel, qui me donne&nbsp;pleine libert\u00e9. Par la fluidit\u00e9 des couleurs et les effets de ce medium, chaque \u0153uvre puise&nbsp; en moi un discours profond, une intuition d\u2019un moment, une improvisation, ce qui laisse l\u2019observateur ma\u00eetre de percevoir ce c\u00f4t\u00e9 presque mystique.&nbsp;J\u2019exp\u00e9rimente&nbsp;ce m\u00e9dium en lui laissant sa place, sans trop le contr\u00f4ler. Faire chanter l\u2019aquarelle comme je &nbsp;faisais chanter ma fl\u00fbte.<br \/>\nMes inspirations sont nombreuses. La nature en est la source par ses atmosph\u00e8res incroyables, ses formes multiples&nbsp;et&nbsp;ses jeux de couleurs.&nbsp;Les sujets ne manquent guerre; ce qui me passionne particuli\u00e8rement ce sont les instants, les moments croqu\u00e9s sur le vif sans attentes et qui me transportent. Je les dessine assur\u00e9ment. Sc\u00e8nes de voiliers (symbole de libert\u00e9), vieilles granges,&nbsp;paysages d&#8217;hiver&nbsp;et de fleurs, bien entendu, car j&#8217;adore improviser!<br \/>\nJe crois vouloir exprimer par le jeu des fleurs, entre autres,&nbsp;un discours simple mais subtil par la puret\u00e9 et la profondeur des superpositions de couleurs.<br \/>\nSi par mes toiles faites de calme, d&#8217;amour et de bien-\u00eatre, je r\u00e9ussis \u00e0 attirer les personnes sensibles&nbsp;\u00e0 ces qualit\u00e9s,&nbsp;j&#8217;aurai quant \u00e0 moi accompli&nbsp; ce que je dois faire&#8230;en toute humilit\u00e9!<\/p>\n<h2>Formation<\/h2>\n\n<table id=\"tablepress-2\" class=\"tablepress tablepress-id-2\">\n<thead>\n<tr class=\"row-1\">\n\t<th class=\"column-1\">Ann\u00e9e<\/th><th class=\"column-2\">Institution\/Professeur<\/th><th class=\"column-3\">Programme<\/th>\n<\/tr>\n<\/thead>\n<tbody class=\"row-striping\">\n<tr class=\"row-2\">\n\t<td class=\"column-1\">1988 et 2000      <\/td><td class=\"column-2\">Jacques H\u00e9bert<\/td><td class=\"column-3\">Ateliers, Qc<\/td>\n<\/tr>\n<tr class=\"row-3\">\n\t<td class=\"column-1\">1990 et 1997    <\/td><td class=\"column-2\">Frank Webb<\/td><td class=\"column-3\">Ateliers en   C.-B<\/td>\n<\/tr>\n<tr class=\"row-4\">\n\t<td class=\"column-1\"> 1991\t           <\/td><td class=\"column-2\">Christipher Schink<\/td><td class=\"column-3\">Ateliers en   C.-B<\/td>\n<\/tr>\n<tr class=\"row-5\">\n\t<td class=\"column-1\"> 1991\t           <\/td><td class=\"column-2\">Barbara Nechis<\/td><td class=\"column-3\">Ateliers en   C.-B<\/td>\n<\/tr>\n<\/tbody>\n<\/table>\n\n<h2>Expositions<\/h2>\n\n<table id=\"tablepress-3\" class=\"tablepress tablepress-id-3 tbody-has-connected-cells\">\n<thead>\n<tr class=\"row-1\">\n\t<th class=\"column-1\">Ann\u00e9e<\/th><th class=\"column-2\">Nom<\/th><th class=\"column-3\">Endroit<\/th><td class=\"column-4\"><\/td><td class=\"column-5\"><\/td><td class=\"column-6\"><\/td>\n<\/tr>\n<\/thead>\n<tbody class=\"row-striping\">\n<tr class=\"row-2\">\n\t<td colspan=\"3\" class=\"column-1\">Individuelles<\/td><td class=\"column-4\"><\/td><td class=\"column-5\"><\/td><td class=\"column-6\"><\/td>\n<\/tr>\n<tr class=\"row-3\">\n\t<td class=\"column-1\">2023<\/td><td class=\"column-2\">Exposition solo<\/td><td class=\"column-3\">Portes ouvertes, Sherbrooke,Qc<\/td><td class=\"column-4\"><\/td><td class=\"column-5\"><\/td><td class=\"column-6\"><\/td>\n<\/tr>\n<tr class=\"row-4\">\n\t<td class=\"column-1\">2018<\/td><td class=\"column-2\">Exposition solo<\/td><td class=\"column-3\">Centre culturel de Weedon,Qc<\/td><td class=\"column-4\"><\/td><td class=\"column-5\"><\/td><td class=\"column-6\"><\/td>\n<\/tr>\n<tr class=\"row-5\">\n\t<td class=\"column-1\">2018        <\/td><td class=\"column-2\">Exposition solo <\/td><td class=\"column-3\">Coop\u00e9rative fun\u00e9raire de l\u2019Estrie,<\/td><td class=\"column-4\"><\/td><td class=\"column-5\"><\/td><td class=\"column-6\"><\/td>\n<\/tr>\n<tr class=\"row-6\">\n\t<td class=\"column-1\">2015<\/td><td class=\"column-2\">Exposition solo<\/td><td class=\"column-3\">Centre \u00e9questre \u00c9pona, Waterville, QC<\/td><td class=\"column-4\"><\/td><td class=\"column-5\"><\/td><td class=\"column-6\"><\/td>\n<\/tr>\n<tr class=\"row-7\">\n\t<td colspan=\"3\" class=\"column-1\">Collectives<\/td><td class=\"column-4\"><\/td><td class=\"column-5\"><\/td><td class=\"column-6\"><\/td>\n<\/tr>\n<tr class=\"row-8\">\n\t<td class=\"column-1\">2021-2024   <\/td><td class=\"column-2\">Exposition de groupe<\/td><td class=\"column-3\">Maison Aube-Lumi\u00e8re de Sherbrooke,Qc<\/td><td class=\"column-4\"><\/td><td class=\"column-5\"><\/td><td class=\"column-6\"><\/td>\n<\/tr>\n<tr class=\"row-9\">\n\t<td class=\"column-1\">2009-2019<\/td><td class=\"column-2\">Exposition de groupe<\/td><td class=\"column-3\">Soci\u00e9t\u00e9 Canadienne de l\u2019Aquarelle, Qc<\/td><td class=\"column-4\"><\/td><td class=\"column-5\"><\/td><td class=\"column-6\"><\/td>\n<\/tr>\n<tr class=\"row-10\">\n\t<td class=\"column-1\">2013 \u00e0 2018 <\/td><td class=\"column-2\">Exposition de groupe<\/td><td class=\"column-3\">Grand salon des Arts, Sherbrooke, Qc<\/td><td class=\"column-4\"><\/td><td class=\"column-5\"><\/td><td class=\"column-6\"><\/td>\n<\/tr>\n<tr class=\"row-11\">\n\t<td class=\"column-1\">2017         <\/td><td class=\"column-2\">Exposition de groupe<\/td><td class=\"column-3\">Symposium Villages en couleurs, l\u2019Anse-Saint-Jean, Qc<\/td><td class=\"column-4\"><\/td><td class=\"column-5\"><\/td><td class=\"column-6\"><\/td>\n<\/tr>\n<tr class=\"row-12\">\n\t<td class=\"column-1\">2017-18     <\/td><td class=\"column-2\">Exposition de groupe<\/td><td class=\"column-3\">Symposium Victo et ses oies, Victoriaville,Qc<\/td><td class=\"column-4\"><\/td><td class=\"column-5\"><\/td><td class=\"column-6\"><\/td>\n<\/tr>\n<tr class=\"row-13\">\n\t<td class=\"column-1\">2017           <\/td><td class=\"column-2\">Exposition de groupe<\/td><td class=\"column-3\">Bor\u00e9art, Granby,Qc<\/td><td class=\"column-4\"><\/td><td class=\"column-5\"><\/td><td class=\"column-6\"><\/td>\n<\/tr>\n<tr class=\"row-14\">\n\t<td class=\"column-1\">2017         <\/td><td class=\"column-2\">Exposition de groupe<\/td><td class=\"column-3\">Salons de l\u2019aquarelle, SCA, Alma, Niagara-on-the-Lake, ON<\/td><td class=\"column-4\"><\/td><td class=\"column-5\"><\/td><td class=\"column-6\"><\/td>\n<\/tr>\n<tr class=\"row-15\">\n\t<td class=\"column-1\">2013         <\/td><td class=\"column-2\">Exposition de groupe<\/td><td class=\"column-3\">Salle Jan Garemijn du Mus\u00e9e du Beffroi, Bruges, Belgique<\/td><td class=\"column-4\"><\/td><td class=\"column-5\"><\/td><td class=\"column-6\"><\/td>\n<\/tr>\n<tr class=\"row-16\">\n\t<td class=\"column-1\">2006 \u00e0 13<\/td><td class=\"column-2\">Exposition de groupe<\/td><td class=\"column-3\">La Grande Vir\u00e9e Artistique de Sherbrooke,   Qc<\/td><td class=\"column-4\"><\/td><td class=\"column-5\"><\/td><td class=\"column-6\"><\/td>\n<\/tr>\n<tr class=\"row-17\">\n\t<td class=\"column-1\">2007 <\/td><td class=\"column-2\">Exposition de groupe<\/td><td class=\"column-3\">Raymond Chabot Grant Thornton, Sherbrooke, Qc<\/td><td class=\"column-4\"><\/td><td class=\"column-5\"><\/td><td class=\"column-6\"><\/td>\n<\/tr>\n<\/tbody>\n<\/table>\n\n<h2>Galeries<\/h2>\n\n<table id=\"tablepress-4\" class=\"tablepress tablepress-id-4\">\n<thead>\n<tr class=\"row-1\">\n\t<td class=\"column-1\"><\/td><td class=\"column-2\"><\/td><td class=\"column-3\"><\/td><td class=\"column-4\"><\/td>\n<\/tr>\n<\/thead>\n<tbody class=\"row-striping\">\n<tr class=\"row-2\">\n\t<td class=\"column-1\">2013-2014<\/td><td class=\"column-2\">Exposition collective<\/td><td class=\"column-3\">Galerie Artazo, Sherbrooke, Qc<\/td><td class=\"column-4\"><\/td>\n<\/tr>\n<tr class=\"row-3\">\n\t<td class=\"column-1\">2012-13<\/td><td class=\"column-2\">Exposition collective<\/td><td class=\"column-3\">Galerie d\u2019art VIP du Cercle des Artistes peintres du Qu\u00e9bec, Laval, Qc<\/td><td class=\"column-4\"><\/td>\n<\/tr>\n<tr class=\"row-4\">\n\t<td class=\"column-1\">2011<\/td><td class=\"column-2\">Exposition collective<\/td><td class=\"column-3\">Agora Gallery, New York, NY<\/td><td class=\"column-4\"><\/td>\n<\/tr>\n<tr class=\"row-5\">\n\t<td class=\"column-1\">2011<\/td><td class=\"column-2\">Exposition collective<\/td><td class=\"column-3\">Galerie Courtemanche, Magog, Qc<\/td><td class=\"column-4\"><\/td>\n<\/tr>\n<tr class=\"row-6\">\n\t<td class=\"column-1\">2011<\/td><td class=\"column-2\">Exposition collective<\/td><td class=\"column-3\">Galerie La studio, Georgeville, Qc<\/td><td class=\"column-4\"><\/td>\n<\/tr>\n<tr class=\"row-7\">\n\t<td class=\"column-1\">2007-2008<\/td><td class=\"column-2\">Exposition collective<\/td><td class=\"column-3\">Galerie d\u2019Art Yvon Desgagn\u00e9s, Baie Saint-Paul, Qc<\/td><td class=\"column-4\"><\/td>\n<\/tr>\n<\/tbody>\n<\/table>\n\n<h2>Reconnaissances<\/h2>\n\n<table id=\"tablepress-5\" class=\"tablepress tablepress-id-5\">\n<thead>\n<tr class=\"row-1\">\n\t<td class=\"column-1\"><\/td><td class=\"column-2\"><\/td><td class=\"column-3\"><\/td>\n<\/tr>\n<\/thead>\n<tbody class=\"row-striping\">\n<tr class=\"row-2\">\n\t<td class=\"column-1\">2009<\/td><td class=\"column-2\">Membre signataire de la Soci\u00e9t\u00e9 Canadienne de l'Aquarelle<\/td><td class=\"column-3\">Montr\u00e9al, Qc<\/td>\n<\/tr>\n<tr class=\"row-3\">\n\t<td class=\"column-1\">2012<\/td><td class=\"column-2\"> Mus\u00e9e de la marine, 2i\u00e8me prix<\/td><td class=\"column-3\">Roumaine, Constanta, Roumanie<\/td>\n<\/tr>\n<tr class=\"row-4\">\n\t<td class=\"column-1\">2012<\/td><td class=\"column-2\">Gala international des Arts visuels, 2i\u00e8me grand prix<\/td><td class=\"column-3\">Centre culturel Brancusi, Montr\u00e9al, Qc<\/td>\n<\/tr>\n<\/tbody>\n<\/table>\n\n<h2>M\u00e9dias<\/h2>\n\n<table id=\"tablepress-7\" class=\"tablepress tablepress-id-7\">\n<thead>\n<tr class=\"row-1\">\n\t<th class=\"column-1\">Ann\u00e9e<\/th><th class=\"column-2\">Titre<\/th><th class=\"column-3\">Auteur<\/th><th class=\"column-4\">Source<\/th>\n<\/tr>\n<\/thead>\n<tbody class=\"row-striping\">\n<tr class=\"row-2\">\n\t<td class=\"column-1\">2011              <\/td><td class=\"column-2\">International contemporary artist magazine., vol.3<\/td><td class=\"column-3\">Eve Lemonidou<\/td><td class=\"column-4\">ICA Publishing<\/td>\n<\/tr>\n<tr class=\"row-3\">\n\t<td class=\"column-1\">2011<\/td><td class=\"column-2\">Art Spectrum magazine<\/td><td class=\"column-3\">Angela Di Bello<\/td><td class=\"column-4\">Agora Gallery<\/td>\n<\/tr>\n<tr class=\"row-4\">\n\t<td class=\"column-1\"><\/td><td class=\"column-2\"><\/td><td class=\"column-3\"><\/td><td class=\"column-4\"><\/td>\n<\/tr>\n<tr class=\"row-5\">\n\t<td class=\"column-1\"><\/td><td class=\"column-2\"><\/td><td class=\"column-3\"><\/td><td class=\"column-4\"><\/td>\n<\/tr>\n<\/tbody>\n<\/table>\n\n<h2>Autres informations<\/h2>\n<p>L&#8217;achat des \u0153uvres se fait en ligne sur ma boutique en ligne \u00e0 <a href=\"http:\/\/www.llarouche.com\/boutique\">www.llarouche.com\/boutique<\/a>. Les prix inclus les taxes.&nbsp;<\/p>\n","protected":false},"excerpt":{"rendered":"<p>&nbsp; D\u00e9marche Mes \u0153uvres sont travaill\u00e9es exclusivement \u00e0 l&#8217;aquarelle.&nbsp;Je d\u00e9veloppe ainsi un discours tr\u00e8s personnel, qui me donne&nbsp;pleine libert\u00e9. Par la fluidit\u00e9 des couleurs et les effets de ce medium, chaque \u0153uvre puise&nbsp; en moi un discours profond, une intuition d\u2019un moment, une improvisation, ce qui laisse l\u2019observateur ma\u00eetre de percevoir ce c\u00f4t\u00e9 presque mystique.&nbsp;J\u2019exp\u00e9rimente&nbsp;ce &#8230; <\/p>\n<p class=\"read-more-container\"><a title=\"Louise Larouche\" class=\"read-more button\" href=\"https:\/\/aapars.com\/louise-larouche\/#more-2\" aria-label=\"En savoir plus sur Louise Larouche\">Lire plus<\/a><\/p>\n","protected":false},"author":4048,"featured_media":0,"parent":0,"menu_order":0,"comment_status":"closed","ping_status":"closed","template":"","meta":{"_s2mail":"yes","ngg_post_thumbnail":0,"iawp_total_views":85,"footnotes":""},"class_list":["post-2","page","type-page","status-publish"],"yoast_head":"<!-- This site is optimized with the Yoast SEO plugin v27.3 - https:\/\/yoast.com\/product\/yoast-seo-wordpress\/ -->\n<title>Louise Larouche | Un site de la galerie virtuelle de l&#039;AAPARS<\/title>\n<meta name=\"description\" content=\"&nbsp; D\u00e9marche Mes \u0153uvres sont travaill\u00e9es exclusivement \u00e0 l&#039;aquarelle.&nbsp;Je d\u00e9veloppe ainsi un discours tr\u00e8s personnel, qui me donne&nbsp;pleine\" \/>\n<meta name=\"robots\" content=\"index, follow, max-snippet:-1, max-image-preview:large, max-video-preview:-1\" \/>\n<link rel=\"canonical\" href=\"https:\/\/aapars.com\/louise-larouche\/\" \/>\n<meta property=\"og:locale\" content=\"fr_FR\" \/>\n<meta property=\"og:type\" content=\"article\" \/>\n<meta property=\"og:title\" content=\"Louise Larouche | Un site de la galerie virtuelle de l&#039;AAPARS\" \/>\n<meta property=\"og:description\" content=\"&nbsp; D\u00e9marche Mes \u0153uvres sont travaill\u00e9es exclusivement \u00e0 l&#039;aquarelle.&nbsp;Je d\u00e9veloppe ainsi un discours tr\u00e8s personnel, qui me donne&nbsp;pleine\" \/>\n<meta property=\"og:url\" content=\"https:\/\/aapars.com\/louise-larouche\/\" \/>\n<meta property=\"og:site_name\" content=\"Louise Larouche\" \/>\n<meta property=\"article:modified_time\" content=\"2024-03-24T20:44:26+00:00\" \/>\n<meta property=\"og:image\" content=\"https:\/\/aapars.com\/louise-larouche\/files\/2024\/01\/Louise-535x803.jpg\" \/>\n<meta name=\"twitter:label1\" content=\"Dur\u00e9e de lecture estim\u00e9e\" \/>\n\t<meta name=\"twitter:data1\" content=\"2 minutes\" \/>\n<script type=\"application\/ld+json\" class=\"yoast-schema-graph\">{\"@context\":\"https:\\\/\\\/schema.org\",\"@graph\":[{\"@type\":\"WebPage\",\"@id\":\"https:\\\/\\\/aapars.com\\\/louise-larouche\\\/\",\"url\":\"https:\\\/\\\/aapars.com\\\/louise-larouche\\\/\",\"name\":\"Louise Larouche | Un site de la galerie virtuelle de l&#039;AAPARS\",\"isPartOf\":{\"@id\":\"https:\\\/\\\/aapars.com\\\/louise-larouche\\\/#website\"},\"primaryImageOfPage\":{\"@id\":\"https:\\\/\\\/aapars.com\\\/louise-larouche\\\/#primaryimage\"},\"image\":{\"@id\":\"https:\\\/\\\/aapars.com\\\/louise-larouche\\\/#primaryimage\"},\"thumbnailUrl\":\"https:\\\/\\\/aapars.com\\\/louise-larouche\\\/files\\\/2024\\\/01\\\/Louise-535x803.jpg\",\"datePublished\":\"2010-10-03T05:11:36+00:00\",\"dateModified\":\"2024-03-24T20:44:26+00:00\",\"description\":\"&nbsp; D\u00e9marche Mes \u0153uvres sont travaill\u00e9es exclusivement \u00e0 l'aquarelle.&nbsp;Je d\u00e9veloppe ainsi un discours tr\u00e8s personnel, qui me donne&nbsp;pleine\",\"breadcrumb\":{\"@id\":\"https:\\\/\\\/aapars.com\\\/louise-larouche\\\/#breadcrumb\"},\"inLanguage\":\"fr-FR\",\"potentialAction\":[{\"@type\":\"ReadAction\",\"target\":[\"https:\\\/\\\/aapars.com\\\/louise-larouche\\\/\"]}]},{\"@type\":\"ImageObject\",\"inLanguage\":\"fr-FR\",\"@id\":\"https:\\\/\\\/aapars.com\\\/louise-larouche\\\/#primaryimage\",\"url\":\"https:\\\/\\\/aapars.com\\\/louise-larouche\\\/files\\\/2024\\\/01\\\/Louise.jpg\",\"contentUrl\":\"https:\\\/\\\/aapars.com\\\/louise-larouche\\\/files\\\/2024\\\/01\\\/Louise.jpg\",\"width\":1365,\"height\":2048},{\"@type\":\"BreadcrumbList\",\"@id\":\"https:\\\/\\\/aapars.com\\\/louise-larouche\\\/#breadcrumb\",\"itemListElement\":[{\"@type\":\"ListItem\",\"position\":1,\"name\":\"Accueil\",\"item\":\"https:\\\/\\\/aapars.com\\\/louise-larouche\\\/\"},{\"@type\":\"ListItem\",\"position\":2,\"name\":\"Louise Larouche\"}]},{\"@type\":\"WebSite\",\"@id\":\"https:\\\/\\\/aapars.com\\\/louise-larouche\\\/#website\",\"url\":\"https:\\\/\\\/aapars.com\\\/louise-larouche\\\/\",\"name\":\"Louise Larouche\",\"description\":\"Un site de la galerie virtuelle de l&#039;AAPARS\",\"publisher\":{\"@id\":\"https:\\\/\\\/aapars.com\\\/louise-larouche\\\/#\\\/schema\\\/person\\\/67e727643cc38d6d0d58bde5c504a2f5\"},\"potentialAction\":[{\"@type\":\"SearchAction\",\"target\":{\"@type\":\"EntryPoint\",\"urlTemplate\":\"https:\\\/\\\/aapars.com\\\/louise-larouche\\\/?s={search_term_string}\"},\"query-input\":{\"@type\":\"PropertyValueSpecification\",\"valueRequired\":true,\"valueName\":\"search_term_string\"}}],\"inLanguage\":\"fr-FR\"},{\"@type\":[\"Person\",\"Organization\"],\"@id\":\"https:\\\/\\\/aapars.com\\\/louise-larouche\\\/#\\\/schema\\\/person\\\/67e727643cc38d6d0d58bde5c504a2f5\",\"name\":\"Jean Test\",\"image\":{\"@type\":\"ImageObject\",\"inLanguage\":\"fr-FR\",\"@id\":\"https:\\\/\\\/aapars.com\\\/louise-larouche\\\/files\\\/2012\\\/04\\\/logo-aapars-@2x.png\",\"url\":\"https:\\\/\\\/aapars.com\\\/louise-larouche\\\/files\\\/2012\\\/04\\\/logo-aapars-@2x.png\",\"contentUrl\":\"https:\\\/\\\/aapars.com\\\/louise-larouche\\\/files\\\/2012\\\/04\\\/logo-aapars-@2x.png\",\"width\":560,\"height\":306,\"caption\":\"Jean Test\"},\"logo\":{\"@id\":\"https:\\\/\\\/aapars.com\\\/louise-larouche\\\/files\\\/2012\\\/04\\\/logo-aapars-@2x.png\"}}]}<\/script>\n<!-- \/ Yoast SEO plugin. -->","yoast_head_json":{"title":"Louise Larouche | Un site de la galerie virtuelle de l&#039;AAPARS","description":"&nbsp; D\u00e9marche Mes \u0153uvres sont travaill\u00e9es exclusivement \u00e0 l'aquarelle.&nbsp;Je d\u00e9veloppe ainsi un discours tr\u00e8s personnel, qui me donne&nbsp;pleine","robots":{"index":"index","follow":"follow","max-snippet":"max-snippet:-1","max-image-preview":"max-image-preview:large","max-video-preview":"max-video-preview:-1"},"canonical":"https:\/\/aapars.com\/louise-larouche\/","og_locale":"fr_FR","og_type":"article","og_title":"Louise Larouche | Un site de la galerie virtuelle de l&#039;AAPARS","og_description":"&nbsp; D\u00e9marche Mes \u0153uvres sont travaill\u00e9es exclusivement \u00e0 l'aquarelle.&nbsp;Je d\u00e9veloppe ainsi un discours tr\u00e8s personnel, qui me donne&nbsp;pleine","og_url":"https:\/\/aapars.com\/louise-larouche\/","og_site_name":"Louise Larouche","article_modified_time":"2024-03-24T20:44:26+00:00","og_image":[{"url":"https:\/\/aapars.com\/louise-larouche\/files\/2024\/01\/Louise-535x803.jpg","type":"","width":"","height":""}],"twitter_misc":{"Dur\u00e9e de lecture estim\u00e9e":"2 minutes"},"schema":{"@context":"https:\/\/schema.org","@graph":[{"@type":"WebPage","@id":"https:\/\/aapars.com\/louise-larouche\/","url":"https:\/\/aapars.com\/louise-larouche\/","name":"Louise Larouche | Un site de la galerie virtuelle de l&#039;AAPARS","isPartOf":{"@id":"https:\/\/aapars.com\/louise-larouche\/#website"},"primaryImageOfPage":{"@id":"https:\/\/aapars.com\/louise-larouche\/#primaryimage"},"image":{"@id":"https:\/\/aapars.com\/louise-larouche\/#primaryimage"},"thumbnailUrl":"https:\/\/aapars.com\/louise-larouche\/files\/2024\/01\/Louise-535x803.jpg","datePublished":"2010-10-03T05:11:36+00:00","dateModified":"2024-03-24T20:44:26+00:00","description":"&nbsp; D\u00e9marche Mes \u0153uvres sont travaill\u00e9es exclusivement \u00e0 l'aquarelle.&nbsp;Je d\u00e9veloppe ainsi un discours tr\u00e8s personnel, qui me donne&nbsp;pleine","breadcrumb":{"@id":"https:\/\/aapars.com\/louise-larouche\/#breadcrumb"},"inLanguage":"fr-FR","potentialAction":[{"@type":"ReadAction","target":["https:\/\/aapars.com\/louise-larouche\/"]}]},{"@type":"ImageObject","inLanguage":"fr-FR","@id":"https:\/\/aapars.com\/louise-larouche\/#primaryimage","url":"https:\/\/aapars.com\/louise-larouche\/files\/2024\/01\/Louise.jpg","contentUrl":"https:\/\/aapars.com\/louise-larouche\/files\/2024\/01\/Louise.jpg","width":1365,"height":2048},{"@type":"BreadcrumbList","@id":"https:\/\/aapars.com\/louise-larouche\/#breadcrumb","itemListElement":[{"@type":"ListItem","position":1,"name":"Accueil","item":"https:\/\/aapars.com\/louise-larouche\/"},{"@type":"ListItem","position":2,"name":"Louise Larouche"}]},{"@type":"WebSite","@id":"https:\/\/aapars.com\/louise-larouche\/#website","url":"https:\/\/aapars.com\/louise-larouche\/","name":"Louise Larouche","description":"Un site de la galerie virtuelle de l&#039;AAPARS","publisher":{"@id":"https:\/\/aapars.com\/louise-larouche\/#\/schema\/person\/67e727643cc38d6d0d58bde5c504a2f5"},"potentialAction":[{"@type":"SearchAction","target":{"@type":"EntryPoint","urlTemplate":"https:\/\/aapars.com\/louise-larouche\/?s={search_term_string}"},"query-input":{"@type":"PropertyValueSpecification","valueRequired":true,"valueName":"search_term_string"}}],"inLanguage":"fr-FR"},{"@type":["Person","Organization"],"@id":"https:\/\/aapars.com\/louise-larouche\/#\/schema\/person\/67e727643cc38d6d0d58bde5c504a2f5","name":"Jean Test","image":{"@type":"ImageObject","inLanguage":"fr-FR","@id":"https:\/\/aapars.com\/louise-larouche\/files\/2012\/04\/logo-aapars-@2x.png","url":"https:\/\/aapars.com\/louise-larouche\/files\/2012\/04\/logo-aapars-@2x.png","contentUrl":"https:\/\/aapars.com\/louise-larouche\/files\/2012\/04\/logo-aapars-@2x.png","width":560,"height":306,"caption":"Jean Test"},"logo":{"@id":"https:\/\/aapars.com\/louise-larouche\/files\/2012\/04\/logo-aapars-@2x.png"}}]}},"_links":{"self":[{"href":"https:\/\/aapars.com\/louise-larouche\/wp-json\/wp\/v2\/pages\/2","targetHints":{"allow":["GET"]}}],"collection":[{"href":"https:\/\/aapars.com\/louise-larouche\/wp-json\/wp\/v2\/pages"}],"about":[{"href":"https:\/\/aapars.com\/louise-larouche\/wp-json\/wp\/v2\/types\/page"}],"author":[{"embeddable":true,"href":"https:\/\/aapars.com\/louise-larouche\/wp-json\/wp\/v2\/users\/4048"}],"replies":[{"embeddable":true,"href":"https:\/\/aapars.com\/louise-larouche\/wp-json\/wp\/v2\/comments?post=2"}],"version-history":[{"count":10,"href":"https:\/\/aapars.com\/louise-larouche\/wp-json\/wp\/v2\/pages\/2\/revisions"}],"predecessor-version":[{"id":440,"href":"https:\/\/aapars.com\/louise-larouche\/wp-json\/wp\/v2\/pages\/2\/revisions\/440"}],"wp:attachment":[{"href":"https:\/\/aapars.com\/louise-larouche\/wp-json\/wp\/v2\/media?parent=2"}],"curies":[{"name":"wp","href":"https:\/\/api.w.org\/{rel}","templated":true}]}}