{"id":30,"date":"2010-10-03T05:11:36","date_gmt":"2010-10-03T05:11:36","guid":{"rendered":"https:\/\/aapars.com\/jacques-landry\/?page_id=2"},"modified":"2026-02-16T09:15:11","modified_gmt":"2026-02-16T14:15:11","slug":"accueil","status":"publish","type":"page","link":"https:\/\/aapars.com\/louise-audet\/","title":{"rendered":"Louise Audet"},"content":{"rendered":"<p>&nbsp;<\/p>\n<p><img loading=\"lazy\" decoding=\"async\" class=\"alignnone size-medium wp-image-321\" src=\"https:\/\/aapars.com\/louise-audet\/wp-content\/blogs.dir\/337\/files\/2026\/02\/Photo-banc-parc-face-300x225.jpg\" alt=\"\" width=\"300\" height=\"225\" srcset=\"https:\/\/aapars.com\/louise-audet\/wp-content\/blogs.dir\/337\/files\/2026\/02\/Photo-banc-parc-face-300x225.jpg 300w, https:\/\/aapars.com\/louise-audet\/wp-content\/blogs.dir\/337\/files\/2026\/02\/Photo-banc-parc-face-1024x768.jpg 1024w, https:\/\/aapars.com\/louise-audet\/wp-content\/blogs.dir\/337\/files\/2026\/02\/Photo-banc-parc-face-768x576.jpg 768w, https:\/\/aapars.com\/louise-audet\/wp-content\/blogs.dir\/337\/files\/2026\/02\/Photo-banc-parc-face.jpg 1280w\" sizes=\"auto, (max-width: 300px) 100vw, 300px\" \/><\/p>\n\n<table id=\"tablepress-1\" class=\"tablepress tablepress-id-1\">\n<tbody class=\"row-striping\">\n<tr class=\"row-1\">\n\t<td class=\"column-1\">Technique :<\/td><td class=\"column-2\">Acrylique sur toile<\/td>\n<\/tr>\n<tr class=\"row-2\">\n\t<td class=\"column-1\">Affiliations professionelles :<\/td><td class=\"column-2\">AAPPARS, RAAV<\/td>\n<\/tr>\n<tr class=\"row-3\">\n\t<td class=\"column-1\">T\u00e9l\u00e9phone :<\/td><td class=\"column-2\">514-835-0988<\/td>\n<\/tr>\n<tr class=\"row-4\">\n\t<td class=\"column-1\">Courriel :<\/td><td class=\"column-2\">contact@laudetartiste.ca<\/td>\n<\/tr>\n<tr class=\"row-5\">\n\t<td class=\"column-1\">Site Internet :<\/td><td class=\"column-2\">laudetartiste.ca<\/td>\n<\/tr>\n<\/tbody>\n<\/table>\n<!-- #tablepress-1 from cache -->\n<h2>D\u00e9marche<\/h2>\n<p>Originaire de l&#8217;Abitibi-T\u00e9miscamingue, avec une parenth\u00e8se de vie \u00e0 Trois-Rivi\u00e8res, Louise Audet est une artiste peintre maintenant \u00e9tablie \u00e0 Brossard. Autodidacte \u00e0 ses d\u00e9buts, elle a \u00e9tudi\u00e9 en Arts plastiques \u00e0 l&#8217;Universit\u00e9 du Qu\u00e9bec \u00e0 Trois-Rivi\u00e8res, mais a d\u00fb mettre sur pause ses \u00e9tudes artistiques pour s&#8217;installer \u00e0 Montr\u00e9al en 1990. Elle a par la suite \u0153uvr\u00e9 dans le domaine du doublage pour le cin\u00e9ma et la t\u00e9l\u00e9vision jusqu&#8217;en 2021.<\/p>\n<p>Sa passion pour la peinture a repris toute sa place et lui a permis de faire sa premi\u00e8re exposition solo au Hall des arts \u00e0 l&#8217;H\u00f4tel de Ville de Brossard en 2023. Depuis, elle a particip\u00e9 \u00e0 des expositions collectives \u00e0 Brossard et Venise-en-Qu\u00e9bec. En 2024, la Ville de Brossard a acquis une de ses toiles pour faire partie de sa collection publique et plusieurs de ses \u0153uvres font parties de collections priv\u00e9es.<\/p>\n<p>Sa proposition artistique est une exploration des structures et du mobilier urbains repr\u00e9sent\u00e9s dans un style contemporain, mettant de l&#8217;avant des \u00e9l\u00e9ments qui sont utilis\u00e9s quotidiennement sans que nous prenions conscience de ces d\u00e9tails qui nous entourent. L&#8217;usage du noir et blanc avec parfois une touche unique de couleur, donne un rendu plus industriel \u00e0 la proposition.<\/p>\n<h2>Formation<\/h2>\n\n<table id=\"tablepress-2\" class=\"tablepress tablepress-id-2\">\n<thead>\n<tr class=\"row-1\">\n\t<th class=\"column-1\">Ann\u00e9e<\/th><th class=\"column-2\">Lieu<\/th><th class=\"column-3\">Formation-enseignant<\/th>\n<\/tr>\n<\/thead>\n<tbody class=\"row-striping\">\n<tr class=\"row-2\">\n\t<td class=\"column-1\">1984<\/td><td class=\"column-2\">Ville de Trois-Rivi\u00e8res<\/td><td class=\"column-3\">Enseignante, Jeanne-D'Arc Trudel<\/td>\n<\/tr>\n<tr class=\"row-3\">\n\t<td class=\"column-1\">1989-1990<\/td><td class=\"column-2\">Universit\u00e9 du Qu\u00e9bec \u00e0 Trois-Rivi\u00e8res<\/td><td class=\"column-3\">Bac Arts-Plastiques<\/td>\n<\/tr>\n<\/tbody>\n<\/table>\n<!-- #tablepress-2 from cache -->\n<h2>Expositions<\/h2>\n\n<table id=\"tablepress-3\" class=\"tablepress tablepress-id-3\">\n<thead>\n<tr class=\"row-1\">\n\t<th class=\"column-1\">Ann\u00e9e<\/th><th class=\"column-2\">\u00c9v\u00e9nement-lieu<\/th><th class=\"column-3\">Ville<\/th>\n<\/tr>\n<\/thead>\n<tbody class=\"row-striping\">\n<tr class=\"row-2\">\n\t<td class=\"column-1\">2006 \u00e0 2009<\/td><td class=\"column-2\">Salon des artisans<\/td><td class=\"column-3\">Granby<\/td>\n<\/tr>\n<tr class=\"row-3\">\n\t<td class=\"column-1\">Mai-juin 2023<\/td><td class=\"column-2\">Exposition individuelle, Bienvenue en ville, Hall des arts, H\u00f4tel de Ville<\/td><td class=\"column-3\">Brossard<\/td>\n<\/tr>\n<tr class=\"row-4\">\n\t<td class=\"column-1\">2023 \u00e0 2025<\/td><td class=\"column-2\">Perform'Art, Exposition collective, Centre socioculturel<\/td><td class=\"column-3\">Brossard<\/td>\n<\/tr>\n<tr class=\"row-5\">\n\t<td class=\"column-1\">Juin \u00e0 sept. 2025<\/td><td class=\"column-2\">Exposition collective, Galerie-du-Lac<\/td><td class=\"column-3\">Venise-en-Qu\u00e9bec<\/td>\n<\/tr>\n<tr class=\"row-6\">\n\t<td class=\"column-1\">Janvier \u00e0 mai 2026<\/td><td class=\"column-2\">Exposition individuelle, Kanap\u00e9 caf\u00e9<\/td><td class=\"column-3\">Longueuil<\/td>\n<\/tr>\n<\/tbody>\n<\/table>\n<!-- #tablepress-3 from cache -->\n<h2>Galeries<\/h2>\n\n<table id=\"tablepress-4\" class=\"tablepress tablepress-id-4\">\n<thead>\n<tr class=\"row-1\">\n\t<th class=\"column-1\">Lieu<\/th><th class=\"column-2\">Ville<\/th>\n<\/tr>\n<\/thead>\n<tbody class=\"row-striping\">\n<tr class=\"row-2\">\n\t<td class=\"column-1\">Galerie-du-Lac<\/td><td class=\"column-2\">Venise-en-Qu\u00e9bec<\/td>\n<\/tr>\n<\/tbody>\n<\/table>\n<!-- #tablepress-4 from cache -->\n<h2>Reconnaissances<\/h2>\n\n<table id=\"tablepress-5\" class=\"tablepress tablepress-id-5\">\n<thead>\n<tr class=\"row-1\">\n\t<th class=\"column-1\">Ann\u00e9e<\/th><th class=\"column-2\">Reconnaissance<\/th><th class=\"column-3\">Lieu<\/th>\n<\/tr>\n<\/thead>\n<tbody class=\"row-striping\">\n<tr class=\"row-2\">\n\t<td class=\"column-1\">2024<\/td><td class=\"column-2\">Hommages au cr\u00e9ateurs et cr\u00e9atrices<\/td><td class=\"column-3\">C\u00e9gep \u00c9douard-Montpetit-\u00c9NA, Longueuil<\/td>\n<\/tr>\n<tr class=\"row-3\">\n\t<td class=\"column-1\">2024<\/td><td class=\"column-2\">Acquisition de l'\u0153uvre Hello, Goodbye par la Corporation des Biens culturels de la Ville de Brossard<\/td><td class=\"column-3\">Perform'Art, Centre socioculturel, Brossard<\/td>\n<\/tr>\n<\/tbody>\n<\/table>\n<!-- #tablepress-5 from cache -->\n<h2>Collections<\/h2>\n\n<table id=\"tablepress-6\" class=\"tablepress tablepress-id-6\">\n<thead>\n<tr class=\"row-1\">\n\t<th class=\"column-1\">Titre de l'\u0153uvre<\/th><th class=\"column-2\">Acquisiteur<\/th><th class=\"column-3\">Lieu<\/th>\n<\/tr>\n<\/thead>\n<tbody class=\"row-striping\">\n<tr class=\"row-2\">\n\t<td class=\"column-1\">\u0152uvre Hello, Goodbye<\/td><td class=\"column-2\">Corporation des Biens culturels de la Ville de Brossard<\/td><td class=\"column-3\">Brossard<\/td>\n<\/tr>\n<\/tbody>\n<\/table>\n<!-- #tablepress-6 from cache -->\n<h2>M\u00e9dias<\/h2>\n\n<table id=\"tablepress-7\" class=\"tablepress tablepress-id-7\">\n<thead>\n<tr class=\"row-1\">\n\t<th class=\"column-1\">Ann\u00e9e<\/th><th class=\"column-2\">M\u00e9dia<\/th><th class=\"column-3\">Annonce<\/th><th class=\"column-4\">Lieu<\/th>\n<\/tr>\n<\/thead>\n<tbody class=\"row-striping\">\n<tr class=\"row-2\">\n\t<td class=\"column-1\">2023<\/td><td class=\"column-2\">Loisard Brossard<\/td><td class=\"column-3\">Annonce de l'exposition \"Bienvenue en ville\"<\/td><td class=\"column-4\">Ville de Brossard<\/td>\n<\/tr>\n<\/tbody>\n<\/table>\n<!-- #tablepress-7 from cache -->\n","protected":false},"excerpt":{"rendered":"<p>&nbsp; D\u00e9marche Originaire de l&#8217;Abitibi-T\u00e9miscamingue, avec une parenth\u00e8se de vie \u00e0 Trois-Rivi\u00e8res, Louise Audet est une artiste peintre maintenant \u00e9tablie \u00e0 Brossard. Autodidacte \u00e0 ses d\u00e9buts, elle a \u00e9tudi\u00e9 en Arts plastiques \u00e0 l&#8217;Universit\u00e9 du Qu\u00e9bec \u00e0 Trois-Rivi\u00e8res, mais a d\u00fb mettre sur pause ses \u00e9tudes artistiques pour s&#8217;installer \u00e0 Montr\u00e9al en 1990. Elle a &#8230; <\/p>\n<p class=\"read-more-container\"><a title=\"Louise Audet\" class=\"read-more button\" href=\"https:\/\/aapars.com\/louise-audet\/#more-30\" aria-label=\"En savoir plus sur Louise Audet\">Lire plus<\/a><\/p>\n","protected":false},"author":4480,"featured_media":0,"parent":0,"menu_order":0,"comment_status":"closed","ping_status":"closed","template":"","meta":{"_s2mail":"yes","ngg_post_thumbnail":0,"iawp_total_views":17,"footnotes":""},"class_list":["post-30","page","type-page","status-publish"],"yoast_head":"<!-- This site is optimized with the Yoast SEO plugin v27.3 - https:\/\/yoast.com\/product\/yoast-seo-wordpress\/ -->\n<title>Louise Audet | Un site de la galerie virtuelle de l&#039;AAPARS<\/title>\n<meta name=\"description\" content=\"&nbsp; D\u00e9marche Originaire de l&#039;Abitibi-T\u00e9miscamingue, avec une parenth\u00e8se de vie \u00e0 Trois-Rivi\u00e8res, Louise Audet est une artiste peintre maintenant\" \/>\n<meta name=\"robots\" content=\"index, follow, max-snippet:-1, max-image-preview:large, max-video-preview:-1\" \/>\n<link rel=\"canonical\" href=\"https:\/\/aapars.com\/louise-audet\/\" \/>\n<meta property=\"og:locale\" content=\"fr_FR\" \/>\n<meta property=\"og:type\" content=\"article\" \/>\n<meta property=\"og:title\" content=\"Louise Audet | Un site de la galerie virtuelle de l&#039;AAPARS\" \/>\n<meta property=\"og:description\" content=\"&nbsp; D\u00e9marche Originaire de l&#039;Abitibi-T\u00e9miscamingue, avec une parenth\u00e8se de vie \u00e0 Trois-Rivi\u00e8res, Louise Audet est une artiste peintre maintenant\" \/>\n<meta property=\"og:url\" content=\"https:\/\/aapars.com\/louise-audet\/\" \/>\n<meta property=\"og:site_name\" content=\"Louise Audet\" \/>\n<meta property=\"article:modified_time\" content=\"2026-02-16T14:15:11+00:00\" \/>\n<meta property=\"og:image\" content=\"https:\/\/aapars.com\/louise-audet\/wp-content\/blogs.dir\/337\/files\/2026\/01\/user-icon.png\" \/>\n\t<meta property=\"og:image:width\" content=\"256\" \/>\n\t<meta property=\"og:image:height\" content=\"256\" \/>\n\t<meta property=\"og:image:type\" content=\"image\/png\" \/>\n<meta name=\"twitter:label1\" content=\"Dur\u00e9e de lecture estim\u00e9e\" \/>\n\t<meta name=\"twitter:data1\" content=\"1 minute\" \/>\n<script type=\"application\/ld+json\" class=\"yoast-schema-graph\">{\"@context\":\"https:\\\/\\\/schema.org\",\"@graph\":[{\"@type\":\"WebPage\",\"@id\":\"https:\\\/\\\/aapars.com\\\/louise-audet\\\/\",\"url\":\"https:\\\/\\\/aapars.com\\\/louise-audet\\\/\",\"name\":\"Louise Audet | Un site de la galerie virtuelle de l&#039;AAPARS\",\"isPartOf\":{\"@id\":\"https:\\\/\\\/aapars.com\\\/louise-audet\\\/#website\"},\"primaryImageOfPage\":{\"@id\":\"https:\\\/\\\/aapars.com\\\/louise-audet\\\/#primaryimage\"},\"image\":{\"@id\":\"https:\\\/\\\/aapars.com\\\/louise-audet\\\/#primaryimage\"},\"thumbnailUrl\":\"https:\\\/\\\/aapars.com\\\/louise-audet\\\/wp-content\\\/blogs.dir\\\/337\\\/files\\\/2026\\\/02\\\/Photo-banc-parc-face-300x225.jpg\",\"datePublished\":\"2010-10-03T05:11:36+00:00\",\"dateModified\":\"2026-02-16T14:15:11+00:00\",\"description\":\"&nbsp; D\u00e9marche Originaire de l'Abitibi-T\u00e9miscamingue, avec une parenth\u00e8se de vie \u00e0 Trois-Rivi\u00e8res, Louise Audet est une artiste peintre maintenant\",\"breadcrumb\":{\"@id\":\"https:\\\/\\\/aapars.com\\\/louise-audet\\\/#breadcrumb\"},\"inLanguage\":\"fr-FR\",\"potentialAction\":[{\"@type\":\"ReadAction\",\"target\":[\"https:\\\/\\\/aapars.com\\\/louise-audet\\\/\"]}]},{\"@type\":\"ImageObject\",\"inLanguage\":\"fr-FR\",\"@id\":\"https:\\\/\\\/aapars.com\\\/louise-audet\\\/#primaryimage\",\"url\":\"https:\\\/\\\/aapars.com\\\/louise-audet\\\/wp-content\\\/blogs.dir\\\/337\\\/files\\\/2026\\\/02\\\/Photo-banc-parc-face.jpg\",\"contentUrl\":\"https:\\\/\\\/aapars.com\\\/louise-audet\\\/wp-content\\\/blogs.dir\\\/337\\\/files\\\/2026\\\/02\\\/Photo-banc-parc-face.jpg\",\"width\":1280,\"height\":960},{\"@type\":\"BreadcrumbList\",\"@id\":\"https:\\\/\\\/aapars.com\\\/louise-audet\\\/#breadcrumb\",\"itemListElement\":[{\"@type\":\"ListItem\",\"position\":1,\"name\":\"Accueil\",\"item\":\"https:\\\/\\\/aapars.com\\\/louise-audet\\\/\"},{\"@type\":\"ListItem\",\"position\":2,\"name\":\"Louise Audet\"}]},{\"@type\":\"WebSite\",\"@id\":\"https:\\\/\\\/aapars.com\\\/louise-audet\\\/#website\",\"url\":\"https:\\\/\\\/aapars.com\\\/louise-audet\\\/\",\"name\":\"Louise Audet\",\"description\":\"Un site de la galerie virtuelle de l&#039;AAPARS\",\"publisher\":{\"@id\":\"https:\\\/\\\/aapars.com\\\/louise-audet\\\/#\\\/schema\\\/person\\\/67e727643cc38d6d0d58bde5c504a2f5\"},\"potentialAction\":[{\"@type\":\"SearchAction\",\"target\":{\"@type\":\"EntryPoint\",\"urlTemplate\":\"https:\\\/\\\/aapars.com\\\/louise-audet\\\/?s={search_term_string}\"},\"query-input\":{\"@type\":\"PropertyValueSpecification\",\"valueRequired\":true,\"valueName\":\"search_term_string\"}}],\"inLanguage\":\"fr-FR\"},{\"@type\":[\"Person\",\"Organization\"],\"@id\":\"https:\\\/\\\/aapars.com\\\/louise-audet\\\/#\\\/schema\\\/person\\\/67e727643cc38d6d0d58bde5c504a2f5\",\"name\":\"Jean Test\",\"image\":{\"@type\":\"ImageObject\",\"inLanguage\":\"fr-FR\",\"@id\":\"https:\\\/\\\/aapars.com\\\/louise-audet\\\/wp-content\\\/blogs.dir\\\/337\\\/files\\\/2026\\\/01\\\/logo-aapars-@2x.png\",\"url\":\"https:\\\/\\\/aapars.com\\\/louise-audet\\\/wp-content\\\/blogs.dir\\\/337\\\/files\\\/2026\\\/01\\\/logo-aapars-@2x.png\",\"contentUrl\":\"https:\\\/\\\/aapars.com\\\/louise-audet\\\/wp-content\\\/blogs.dir\\\/337\\\/files\\\/2026\\\/01\\\/logo-aapars-@2x.png\",\"width\":560,\"height\":306,\"caption\":\"Jean Test\"},\"logo\":{\"@id\":\"https:\\\/\\\/aapars.com\\\/louise-audet\\\/wp-content\\\/blogs.dir\\\/337\\\/files\\\/2026\\\/01\\\/logo-aapars-@2x.png\"}}]}<\/script>\n<!-- \/ Yoast SEO plugin. -->","yoast_head_json":{"title":"Louise Audet | Un site de la galerie virtuelle de l&#039;AAPARS","description":"&nbsp; D\u00e9marche Originaire de l'Abitibi-T\u00e9miscamingue, avec une parenth\u00e8se de vie \u00e0 Trois-Rivi\u00e8res, Louise Audet est une artiste peintre maintenant","robots":{"index":"index","follow":"follow","max-snippet":"max-snippet:-1","max-image-preview":"max-image-preview:large","max-video-preview":"max-video-preview:-1"},"canonical":"https:\/\/aapars.com\/louise-audet\/","og_locale":"fr_FR","og_type":"article","og_title":"Louise Audet | Un site de la galerie virtuelle de l&#039;AAPARS","og_description":"&nbsp; D\u00e9marche Originaire de l'Abitibi-T\u00e9miscamingue, avec une parenth\u00e8se de vie \u00e0 Trois-Rivi\u00e8res, Louise Audet est une artiste peintre maintenant","og_url":"https:\/\/aapars.com\/louise-audet\/","og_site_name":"Louise Audet","article_modified_time":"2026-02-16T14:15:11+00:00","og_image":[{"width":256,"height":256,"url":"https:\/\/aapars.com\/louise-audet\/wp-content\/blogs.dir\/337\/files\/2026\/01\/user-icon.png","type":"image\/png"}],"twitter_misc":{"Dur\u00e9e de lecture estim\u00e9e":"1 minute"},"schema":{"@context":"https:\/\/schema.org","@graph":[{"@type":"WebPage","@id":"https:\/\/aapars.com\/louise-audet\/","url":"https:\/\/aapars.com\/louise-audet\/","name":"Louise Audet | Un site de la galerie virtuelle de l&#039;AAPARS","isPartOf":{"@id":"https:\/\/aapars.com\/louise-audet\/#website"},"primaryImageOfPage":{"@id":"https:\/\/aapars.com\/louise-audet\/#primaryimage"},"image":{"@id":"https:\/\/aapars.com\/louise-audet\/#primaryimage"},"thumbnailUrl":"https:\/\/aapars.com\/louise-audet\/wp-content\/blogs.dir\/337\/files\/2026\/02\/Photo-banc-parc-face-300x225.jpg","datePublished":"2010-10-03T05:11:36+00:00","dateModified":"2026-02-16T14:15:11+00:00","description":"&nbsp; D\u00e9marche Originaire de l'Abitibi-T\u00e9miscamingue, avec une parenth\u00e8se de vie \u00e0 Trois-Rivi\u00e8res, Louise Audet est une artiste peintre maintenant","breadcrumb":{"@id":"https:\/\/aapars.com\/louise-audet\/#breadcrumb"},"inLanguage":"fr-FR","potentialAction":[{"@type":"ReadAction","target":["https:\/\/aapars.com\/louise-audet\/"]}]},{"@type":"ImageObject","inLanguage":"fr-FR","@id":"https:\/\/aapars.com\/louise-audet\/#primaryimage","url":"https:\/\/aapars.com\/louise-audet\/wp-content\/blogs.dir\/337\/files\/2026\/02\/Photo-banc-parc-face.jpg","contentUrl":"https:\/\/aapars.com\/louise-audet\/wp-content\/blogs.dir\/337\/files\/2026\/02\/Photo-banc-parc-face.jpg","width":1280,"height":960},{"@type":"BreadcrumbList","@id":"https:\/\/aapars.com\/louise-audet\/#breadcrumb","itemListElement":[{"@type":"ListItem","position":1,"name":"Accueil","item":"https:\/\/aapars.com\/louise-audet\/"},{"@type":"ListItem","position":2,"name":"Louise Audet"}]},{"@type":"WebSite","@id":"https:\/\/aapars.com\/louise-audet\/#website","url":"https:\/\/aapars.com\/louise-audet\/","name":"Louise Audet","description":"Un site de la galerie virtuelle de l&#039;AAPARS","publisher":{"@id":"https:\/\/aapars.com\/louise-audet\/#\/schema\/person\/67e727643cc38d6d0d58bde5c504a2f5"},"potentialAction":[{"@type":"SearchAction","target":{"@type":"EntryPoint","urlTemplate":"https:\/\/aapars.com\/louise-audet\/?s={search_term_string}"},"query-input":{"@type":"PropertyValueSpecification","valueRequired":true,"valueName":"search_term_string"}}],"inLanguage":"fr-FR"},{"@type":["Person","Organization"],"@id":"https:\/\/aapars.com\/louise-audet\/#\/schema\/person\/67e727643cc38d6d0d58bde5c504a2f5","name":"Jean Test","image":{"@type":"ImageObject","inLanguage":"fr-FR","@id":"https:\/\/aapars.com\/louise-audet\/wp-content\/blogs.dir\/337\/files\/2026\/01\/logo-aapars-@2x.png","url":"https:\/\/aapars.com\/louise-audet\/wp-content\/blogs.dir\/337\/files\/2026\/01\/logo-aapars-@2x.png","contentUrl":"https:\/\/aapars.com\/louise-audet\/wp-content\/blogs.dir\/337\/files\/2026\/01\/logo-aapars-@2x.png","width":560,"height":306,"caption":"Jean Test"},"logo":{"@id":"https:\/\/aapars.com\/louise-audet\/wp-content\/blogs.dir\/337\/files\/2026\/01\/logo-aapars-@2x.png"}}]}},"_links":{"self":[{"href":"https:\/\/aapars.com\/louise-audet\/wp-json\/wp\/v2\/pages\/30","targetHints":{"allow":["GET"]}}],"collection":[{"href":"https:\/\/aapars.com\/louise-audet\/wp-json\/wp\/v2\/pages"}],"about":[{"href":"https:\/\/aapars.com\/louise-audet\/wp-json\/wp\/v2\/types\/page"}],"author":[{"embeddable":true,"href":"https:\/\/aapars.com\/louise-audet\/wp-json\/wp\/v2\/users\/4480"}],"replies":[{"embeddable":true,"href":"https:\/\/aapars.com\/louise-audet\/wp-json\/wp\/v2\/comments?post=30"}],"version-history":[{"count":7,"href":"https:\/\/aapars.com\/louise-audet\/wp-json\/wp\/v2\/pages\/30\/revisions"}],"predecessor-version":[{"id":386,"href":"https:\/\/aapars.com\/louise-audet\/wp-json\/wp\/v2\/pages\/30\/revisions\/386"}],"wp:attachment":[{"href":"https:\/\/aapars.com\/louise-audet\/wp-json\/wp\/v2\/media?parent=30"}],"curies":[{"name":"wp","href":"https:\/\/api.w.org\/{rel}","templated":true}]}}