{"id":30,"date":"2010-10-03T05:11:36","date_gmt":"2010-10-03T05:11:36","guid":{"rendered":"https:\/\/aapars.com\/jacques-landry\/?page_id=2"},"modified":"2024-10-28T09:15:25","modified_gmt":"2024-10-28T13:15:25","slug":"accueil","status":"publish","type":"page","link":"https:\/\/aapars.com\/lise-leroux\/","title":{"rendered":"Lise Leroux"},"content":{"rendered":"<p><img loading=\"lazy\" decoding=\"async\" class=\"alignnone size-medium wp-image-388\" src=\"https:\/\/aapars.com\/lise-leroux\/files\/2024\/10\/IMG_5686-225x300.jpg\" alt=\"lise leroux\" width=\"225\" height=\"300\"><\/p>\n\n<table id=\"tablepress-1\" class=\"tablepress tablepress-id-1\">\n<tbody class=\"row-striping\">\n<tr class=\"row-1\">\n\t<td class=\"column-1\">Technique :<\/td><td class=\"column-2\">Acrylique et techniques mixtes<\/td>\n<\/tr>\n<tr class=\"row-2\">\n\t<td class=\"column-1\">Affiliations professionelles :<\/td><td class=\"column-2\">membre professionnelle RAAV<br \/>\nmembre Art Sutton<br \/>\nmembre AAPARS<\/td>\n<\/tr>\n<tr class=\"row-3\">\n\t<td class=\"column-1\">Courriel :<\/td><td class=\"column-2\"><a href=\"mailto:liseleroux24@hotmail.com\">liseleroux24@hotmail.com<\/a><\/td>\n<\/tr>\n<tr class=\"row-4\">\n\t<td class=\"column-1\">Site Internet :<\/td><td class=\"column-2\"><a href=\"https:\/\/sivarulrasa.com\/artists\/lise-leroux\/\" rel=\"noopener\" target=\"_blank\">sivarulrasa.com\/artists\/lise-leroux<\/a><\/td>\n<\/tr>\n<\/tbody>\n<\/table>\n<!-- #tablepress-1 from cache -->\n<h2>D\u00e9marche<\/h2>\n<table>\n<tbody>\n<tr>\n<td>N\u00e9e en milieu agricole, la terre est pour moi une source in\u00e9puisable d\u2019inspiration. Mes tableaux sont un m\u00e9lange de figuration et d\u2019abstraction, des \u0153uvres aux formes organiques, compos\u00e9es de traces et d\u2019empreintes. Cr\u00e9ant une topographie surr\u00e9aliste. Je propose un monde tr\u00e8s personnel, in\u00e9dit, des espaces d\u00e9construits qui laissent place \u00e0 l\u2019imagination du regardant. J&#8217;utilise une palette compos\u00e9e de teintes neutres avec dominante de gris. Je cr\u00e9e des sc\u00e8nes abstraites empreintes de po\u00e9sie.<\/td>\n<\/tr>\n<\/tbody>\n<\/table>\n<h2>Formation<\/h2>\n\n<table id=\"tablepress-2\" class=\"tablepress tablepress-id-2\">\n<thead>\n<tr class=\"row-1\">\n\t<th class=\"column-1\">Ann\u00e9e<\/th><th class=\"column-2\">Institution\/Professeur<\/th><th class=\"column-3\">Programme<\/th>\n<\/tr>\n<\/thead>\n<tbody class=\"row-striping\">\n<tr class=\"row-2\">\n\t<td class=\"column-1\">1996<\/td><td class=\"column-2\">Universit\u00e9 du Qu\u00e9bec \u00e0 Montr\u00e9al<\/td><td class=\"column-3\">Baccalaur\u00e9at en arts visuels volet cr\u00e9ation<\/td>\n<\/tr>\n<tr class=\"row-3\">\n\t<td class=\"column-1\">2011-2013<\/td><td class=\"column-2\">Atelier circulaire<\/td><td class=\"column-3\">monotype et collagraphie<\/td>\n<\/tr>\n<\/tbody>\n<\/table>\n<!-- #tablepress-2 from cache -->\n<h2>Expositions<\/h2>\n\n<table id=\"tablepress-3\" class=\"tablepress tablepress-id-3 tbody-has-connected-cells\">\n<thead>\n<tr class=\"row-1\">\n\t<th class=\"column-1\">Ann\u00e9e<\/th><th class=\"column-2\">Nom<\/th><th class=\"column-3\">Endroit<\/th>\n<\/tr>\n<\/thead>\n<tbody class=\"row-striping\">\n<tr class=\"row-2\">\n\t<td colspan=\"3\" class=\"column-1\">Individuelles<\/td>\n<\/tr>\n<tr class=\"row-3\">\n\t<td class=\"column-1\">2024<\/td><td class=\"column-2\">Reconnections<\/td><td class=\"column-3\">Sivarulrasa Gallery Ontario<\/td>\n<\/tr>\n<tr class=\"row-4\">\n\t<td class=\"column-1\">2024<\/td><td class=\"column-2\">Territoires improbables<\/td><td class=\"column-3\">Mus\u00e9e Beaulne Coaticook<\/td>\n<\/tr>\n<tr class=\"row-5\">\n\t<td class=\"column-1\">2022<\/td><td class=\"column-2\">Paysages introspectifs<\/td><td class=\"column-3\">Espace galerie Remax St-Bruno<\/td>\n<\/tr>\n<tr class=\"row-6\">\n\t<td class=\"column-1\">2019<\/td><td class=\"column-2\">Paysages introspectifs<\/td><td class=\"column-3\">Galerie Luz Edifice Belgo Montr\u00e9al<\/td>\n<\/tr>\n<tr class=\"row-7\">\n\t<td colspan=\"3\" class=\"column-1\">Collectives<\/td>\n<\/tr>\n<tr class=\"row-8\">\n\t<td class=\"column-1\">2024<\/td><td class=\"column-2\">10th anniversary<\/td><td class=\"column-3\">Sivarulrasa Gallery<\/td>\n<\/tr>\n<tr class=\"row-9\">\n\t<td class=\"column-1\">2024<\/td><td class=\"column-2\">le grand salon des espoirs pacifiques<\/td><td class=\"column-3\">Mus\u00e9e des beaux-arts de Mont Saint-Hilaire<\/td>\n<\/tr>\n<tr class=\"row-10\">\n\t<td class=\"column-1\">2023<\/td><td class=\"column-2\">Art-Expo<\/td><td class=\"column-3\">Ges\u00f9-Centre de cr\u00e9ativit\u00e9 Montr\u00e9al<\/td>\n<\/tr>\n<tr class=\"row-11\">\n\t<td class=\"column-1\">2023<\/td><td class=\"column-2\">Encan fondation Jordi Bonet<\/td><td class=\"column-3\">Mont Saint-Hilaire<\/td>\n<\/tr>\n<tr class=\"row-12\">\n\t<td class=\"column-1\">2023<\/td><td class=\"column-2\">Oeuvres r\u00e9centes<\/td><td class=\"column-3\">Biblioth\u00e8que Sainte-Julie<\/td>\n<\/tr>\n<\/tbody>\n<\/table>\n<!-- #tablepress-3 from cache -->\n<h2>Galeries<\/h2>\n\n<table id=\"tablepress-4\" class=\"tablepress tablepress-id-4\">\n<thead>\n<tr class=\"row-1\">\n\t<th class=\"column-1\">Nom de la galerie<\/th><th class=\"column-2\">Lieu<\/th>\n<\/tr>\n<\/thead>\n<tbody class=\"row-striping\">\n<tr class=\"row-2\">\n\t<td class=\"column-1\">Sivarulrasa Gallery<\/td><td class=\"column-2\">34 Mill St, Almonte, ON K0A 1A0<\/td>\n<\/tr>\n<\/tbody>\n<\/table>\n<!-- #tablepress-4 from cache -->\n<h2>Reconnaissances<\/h2>\n\n<table id=\"tablepress-5\" class=\"tablepress tablepress-id-5\">\n<thead>\n<tr class=\"row-1\">\n\t<th class=\"column-1\">Ann\u00e9e<\/th><th class=\"column-2\">Nom<\/th><th class=\"column-3\">Endroit de remise<\/th>\n<\/tr>\n<\/thead>\n<tbody class=\"row-striping\">\n<tr class=\"row-2\">\n\t<td class=\"column-1\">2022<\/td><td class=\"column-2\">prix d'excellence<\/td><td class=\"column-3\">Mus\u00e9e des beaux-arts de Mont Saint-Hilaire<\/td>\n<\/tr>\n<tr class=\"row-3\">\n\t<td class=\"column-1\">2021<\/td><td class=\"column-2\">prix d'excellence<\/td><td class=\"column-3\">Mus\u00e9e des beaux-arts de Mont Saint-Hilaire<\/td>\n<\/tr>\n<tr class=\"row-4\">\n\t<td class=\"column-1\">2008<\/td><td class=\"column-2\">3e prix<\/td><td class=\"column-3\">journ\u00e9e de la culture l'Assomption <\/td>\n<\/tr>\n<\/tbody>\n<\/table>\n<!-- #tablepress-5 from cache -->\n<h2>M\u00e9dias<\/h2>\n\n<table id=\"tablepress-7\" class=\"tablepress tablepress-id-7\">\n<thead>\n<tr class=\"row-1\">\n\t<th class=\"column-1\">Ann\u00e9e<\/th><th class=\"column-2\">Titre<\/th><th class=\"column-3\">Auteur<\/th><th class=\"column-4\">Source<\/th>\n<\/tr>\n<\/thead>\n<tbody class=\"row-striping\">\n<tr class=\"row-2\">\n\t<td class=\"column-1\">2022<\/td><td class=\"column-2\">un salon d'automne sous le th\u00e8me des chemins de la transition<\/td><td class=\"column-3\">Olivier D\u00e9nomm\u00e9e<\/td><td class=\"column-4\">L'oeil r\u00e9gional Beloeil<\/td>\n<\/tr>\n<tr class=\"row-3\">\n\t<td class=\"column-1\">2022<\/td><td class=\"column-2\">Lise Leroux expose solo \u00e0 St-Bruno<\/td><td class=\"column-3\">Frank Rodi<\/td><td class=\"column-4\">Les versants St-Bruno<\/td>\n<\/tr>\n<\/tbody>\n<\/table>\n<!-- #tablepress-7 from cache -->\n","protected":false},"excerpt":{"rendered":"<p>D\u00e9marche N\u00e9e en milieu agricole, la terre est pour moi une source in\u00e9puisable d\u2019inspiration. Mes tableaux sont un m\u00e9lange de figuration et d\u2019abstraction, des \u0153uvres aux formes organiques, compos\u00e9es de traces et d\u2019empreintes. Cr\u00e9ant une topographie surr\u00e9aliste. Je propose un monde tr\u00e8s personnel, in\u00e9dit, des espaces d\u00e9construits qui laissent place \u00e0 l\u2019imagination du regardant. J&#8217;utilise &#8230; <\/p>\n<p class=\"read-more-container\"><a title=\"Lise Leroux\" class=\"read-more button\" href=\"https:\/\/aapars.com\/lise-leroux\/#more-30\" aria-label=\"En savoir plus sur Lise Leroux\">Lire plus<\/a><\/p>\n","protected":false},"author":1546,"featured_media":0,"parent":0,"menu_order":0,"comment_status":"closed","ping_status":"closed","template":"","meta":{"_s2mail":"yes","ngg_post_thumbnail":0,"iawp_total_views":138,"footnotes":""},"class_list":["post-30","page","type-page","status-publish"],"yoast_head":"<!-- This site is optimized with the Yoast SEO plugin v27.3 - https:\/\/yoast.com\/product\/yoast-seo-wordpress\/ -->\n<title>Lise Leroux | Un site de la galerie virtuelle de l&#039;AAPARS<\/title>\n<meta name=\"description\" content=\"D\u00e9marche N\u00e9e en milieu agricole, la terre est pour moi une source in\u00e9puisable d\u2019inspiration. Mes tableaux sont un m\u00e9lange de figuration et d\u2019abstraction,\" \/>\n<meta name=\"robots\" content=\"index, follow, max-snippet:-1, max-image-preview:large, max-video-preview:-1\" \/>\n<link rel=\"canonical\" href=\"https:\/\/aapars.com\/lise-leroux\/\" \/>\n<meta property=\"og:locale\" content=\"fr_FR\" \/>\n<meta property=\"og:type\" content=\"article\" \/>\n<meta property=\"og:title\" content=\"Lise Leroux | Un site de la galerie virtuelle de l&#039;AAPARS\" \/>\n<meta property=\"og:description\" content=\"D\u00e9marche N\u00e9e en milieu agricole, la terre est pour moi une source in\u00e9puisable d\u2019inspiration. Mes tableaux sont un m\u00e9lange de figuration et d\u2019abstraction,\" \/>\n<meta property=\"og:url\" content=\"https:\/\/aapars.com\/lise-leroux\/\" \/>\n<meta property=\"og:site_name\" content=\"Lise Leroux\" \/>\n<meta property=\"article:modified_time\" content=\"2024-10-28T13:15:25+00:00\" \/>\n<meta property=\"og:image\" content=\"https:\/\/aapars.com\/lise-leroux\/files\/2024\/10\/IMG_5686-e1730055059526.jpg\" \/>\n\t<meta property=\"og:image:width\" content=\"150\" \/>\n\t<meta property=\"og:image:height\" content=\"200\" \/>\n\t<meta property=\"og:image:type\" content=\"image\/jpeg\" \/>\n<meta name=\"twitter:label1\" content=\"Dur\u00e9e de lecture estim\u00e9e\" \/>\n\t<meta name=\"twitter:data1\" content=\"1 minute\" \/>\n<script type=\"application\/ld+json\" class=\"yoast-schema-graph\">{\"@context\":\"https:\\\/\\\/schema.org\",\"@graph\":[{\"@type\":\"WebPage\",\"@id\":\"https:\\\/\\\/aapars.com\\\/lise-leroux\\\/\",\"url\":\"https:\\\/\\\/aapars.com\\\/lise-leroux\\\/\",\"name\":\"Lise Leroux | Un site de la galerie virtuelle de l&#039;AAPARS\",\"isPartOf\":{\"@id\":\"https:\\\/\\\/aapars.com\\\/lise-leroux\\\/#website\"},\"primaryImageOfPage\":{\"@id\":\"https:\\\/\\\/aapars.com\\\/lise-leroux\\\/#primaryimage\"},\"image\":{\"@id\":\"https:\\\/\\\/aapars.com\\\/lise-leroux\\\/#primaryimage\"},\"thumbnailUrl\":\"https:\\\/\\\/aapars.com\\\/lise-leroux\\\/files\\\/2024\\\/10\\\/IMG_5686-225x300.jpg\",\"datePublished\":\"2010-10-03T05:11:36+00:00\",\"dateModified\":\"2024-10-28T13:15:25+00:00\",\"description\":\"D\u00e9marche N\u00e9e en milieu agricole, la terre est pour moi une source in\u00e9puisable d\u2019inspiration. Mes tableaux sont un m\u00e9lange de figuration et d\u2019abstraction,\",\"breadcrumb\":{\"@id\":\"https:\\\/\\\/aapars.com\\\/lise-leroux\\\/#breadcrumb\"},\"inLanguage\":\"fr-FR\",\"potentialAction\":[{\"@type\":\"ReadAction\",\"target\":[\"https:\\\/\\\/aapars.com\\\/lise-leroux\\\/\"]}]},{\"@type\":\"ImageObject\",\"inLanguage\":\"fr-FR\",\"@id\":\"https:\\\/\\\/aapars.com\\\/lise-leroux\\\/#primaryimage\",\"url\":\"https:\\\/\\\/aapars.com\\\/lise-leroux\\\/files\\\/2024\\\/10\\\/IMG_5686-e1730055059526.jpg\",\"contentUrl\":\"https:\\\/\\\/aapars.com\\\/lise-leroux\\\/files\\\/2024\\\/10\\\/IMG_5686-e1730055059526.jpg\",\"width\":150,\"height\":200,\"caption\":\"lise leroux\"},{\"@type\":\"BreadcrumbList\",\"@id\":\"https:\\\/\\\/aapars.com\\\/lise-leroux\\\/#breadcrumb\",\"itemListElement\":[{\"@type\":\"ListItem\",\"position\":1,\"name\":\"Accueil\",\"item\":\"https:\\\/\\\/aapars.com\\\/lise-leroux\\\/\"},{\"@type\":\"ListItem\",\"position\":2,\"name\":\"Lise Leroux\"}]},{\"@type\":\"WebSite\",\"@id\":\"https:\\\/\\\/aapars.com\\\/lise-leroux\\\/#website\",\"url\":\"https:\\\/\\\/aapars.com\\\/lise-leroux\\\/\",\"name\":\"Lise Leroux\",\"description\":\"Un site de la galerie virtuelle de l&#039;AAPARS\",\"publisher\":{\"@id\":\"https:\\\/\\\/aapars.com\\\/lise-leroux\\\/#\\\/schema\\\/person\\\/67e727643cc38d6d0d58bde5c504a2f5\"},\"potentialAction\":[{\"@type\":\"SearchAction\",\"target\":{\"@type\":\"EntryPoint\",\"urlTemplate\":\"https:\\\/\\\/aapars.com\\\/lise-leroux\\\/?s={search_term_string}\"},\"query-input\":{\"@type\":\"PropertyValueSpecification\",\"valueRequired\":true,\"valueName\":\"search_term_string\"}}],\"inLanguage\":\"fr-FR\"},{\"@type\":[\"Person\",\"Organization\"],\"@id\":\"https:\\\/\\\/aapars.com\\\/lise-leroux\\\/#\\\/schema\\\/person\\\/67e727643cc38d6d0d58bde5c504a2f5\",\"name\":\"Jean Test\",\"image\":{\"@type\":\"ImageObject\",\"inLanguage\":\"fr-FR\",\"@id\":\"https:\\\/\\\/aapars.com\\\/lise-leroux\\\/files\\\/2024\\\/10\\\/logo-aapars-@2x.png\",\"url\":\"https:\\\/\\\/aapars.com\\\/lise-leroux\\\/files\\\/2024\\\/10\\\/logo-aapars-@2x.png\",\"contentUrl\":\"https:\\\/\\\/aapars.com\\\/lise-leroux\\\/files\\\/2024\\\/10\\\/logo-aapars-@2x.png\",\"width\":560,\"height\":306,\"caption\":\"Jean Test\"},\"logo\":{\"@id\":\"https:\\\/\\\/aapars.com\\\/lise-leroux\\\/files\\\/2024\\\/10\\\/logo-aapars-@2x.png\"}}]}<\/script>\n<!-- \/ Yoast SEO plugin. -->","yoast_head_json":{"title":"Lise Leroux | Un site de la galerie virtuelle de l&#039;AAPARS","description":"D\u00e9marche N\u00e9e en milieu agricole, la terre est pour moi une source in\u00e9puisable d\u2019inspiration. Mes tableaux sont un m\u00e9lange de figuration et d\u2019abstraction,","robots":{"index":"index","follow":"follow","max-snippet":"max-snippet:-1","max-image-preview":"max-image-preview:large","max-video-preview":"max-video-preview:-1"},"canonical":"https:\/\/aapars.com\/lise-leroux\/","og_locale":"fr_FR","og_type":"article","og_title":"Lise Leroux | Un site de la galerie virtuelle de l&#039;AAPARS","og_description":"D\u00e9marche N\u00e9e en milieu agricole, la terre est pour moi une source in\u00e9puisable d\u2019inspiration. Mes tableaux sont un m\u00e9lange de figuration et d\u2019abstraction,","og_url":"https:\/\/aapars.com\/lise-leroux\/","og_site_name":"Lise Leroux","article_modified_time":"2024-10-28T13:15:25+00:00","og_image":[{"width":150,"height":200,"url":"https:\/\/aapars.com\/lise-leroux\/files\/2024\/10\/IMG_5686-e1730055059526.jpg","type":"image\/jpeg"}],"twitter_misc":{"Dur\u00e9e de lecture estim\u00e9e":"1 minute"},"schema":{"@context":"https:\/\/schema.org","@graph":[{"@type":"WebPage","@id":"https:\/\/aapars.com\/lise-leroux\/","url":"https:\/\/aapars.com\/lise-leroux\/","name":"Lise Leroux | Un site de la galerie virtuelle de l&#039;AAPARS","isPartOf":{"@id":"https:\/\/aapars.com\/lise-leroux\/#website"},"primaryImageOfPage":{"@id":"https:\/\/aapars.com\/lise-leroux\/#primaryimage"},"image":{"@id":"https:\/\/aapars.com\/lise-leroux\/#primaryimage"},"thumbnailUrl":"https:\/\/aapars.com\/lise-leroux\/files\/2024\/10\/IMG_5686-225x300.jpg","datePublished":"2010-10-03T05:11:36+00:00","dateModified":"2024-10-28T13:15:25+00:00","description":"D\u00e9marche N\u00e9e en milieu agricole, la terre est pour moi une source in\u00e9puisable d\u2019inspiration. Mes tableaux sont un m\u00e9lange de figuration et d\u2019abstraction,","breadcrumb":{"@id":"https:\/\/aapars.com\/lise-leroux\/#breadcrumb"},"inLanguage":"fr-FR","potentialAction":[{"@type":"ReadAction","target":["https:\/\/aapars.com\/lise-leroux\/"]}]},{"@type":"ImageObject","inLanguage":"fr-FR","@id":"https:\/\/aapars.com\/lise-leroux\/#primaryimage","url":"https:\/\/aapars.com\/lise-leroux\/files\/2024\/10\/IMG_5686-e1730055059526.jpg","contentUrl":"https:\/\/aapars.com\/lise-leroux\/files\/2024\/10\/IMG_5686-e1730055059526.jpg","width":150,"height":200,"caption":"lise leroux"},{"@type":"BreadcrumbList","@id":"https:\/\/aapars.com\/lise-leroux\/#breadcrumb","itemListElement":[{"@type":"ListItem","position":1,"name":"Accueil","item":"https:\/\/aapars.com\/lise-leroux\/"},{"@type":"ListItem","position":2,"name":"Lise Leroux"}]},{"@type":"WebSite","@id":"https:\/\/aapars.com\/lise-leroux\/#website","url":"https:\/\/aapars.com\/lise-leroux\/","name":"Lise Leroux","description":"Un site de la galerie virtuelle de l&#039;AAPARS","publisher":{"@id":"https:\/\/aapars.com\/lise-leroux\/#\/schema\/person\/67e727643cc38d6d0d58bde5c504a2f5"},"potentialAction":[{"@type":"SearchAction","target":{"@type":"EntryPoint","urlTemplate":"https:\/\/aapars.com\/lise-leroux\/?s={search_term_string}"},"query-input":{"@type":"PropertyValueSpecification","valueRequired":true,"valueName":"search_term_string"}}],"inLanguage":"fr-FR"},{"@type":["Person","Organization"],"@id":"https:\/\/aapars.com\/lise-leroux\/#\/schema\/person\/67e727643cc38d6d0d58bde5c504a2f5","name":"Jean Test","image":{"@type":"ImageObject","inLanguage":"fr-FR","@id":"https:\/\/aapars.com\/lise-leroux\/files\/2024\/10\/logo-aapars-@2x.png","url":"https:\/\/aapars.com\/lise-leroux\/files\/2024\/10\/logo-aapars-@2x.png","contentUrl":"https:\/\/aapars.com\/lise-leroux\/files\/2024\/10\/logo-aapars-@2x.png","width":560,"height":306,"caption":"Jean Test"},"logo":{"@id":"https:\/\/aapars.com\/lise-leroux\/files\/2024\/10\/logo-aapars-@2x.png"}}]}},"_links":{"self":[{"href":"https:\/\/aapars.com\/lise-leroux\/wp-json\/wp\/v2\/pages\/30","targetHints":{"allow":["GET"]}}],"collection":[{"href":"https:\/\/aapars.com\/lise-leroux\/wp-json\/wp\/v2\/pages"}],"about":[{"href":"https:\/\/aapars.com\/lise-leroux\/wp-json\/wp\/v2\/types\/page"}],"author":[{"embeddable":true,"href":"https:\/\/aapars.com\/lise-leroux\/wp-json\/wp\/v2\/users\/1546"}],"replies":[{"embeddable":true,"href":"https:\/\/aapars.com\/lise-leroux\/wp-json\/wp\/v2\/comments?post=30"}],"version-history":[{"count":9,"href":"https:\/\/aapars.com\/lise-leroux\/wp-json\/wp\/v2\/pages\/30\/revisions"}],"predecessor-version":[{"id":392,"href":"https:\/\/aapars.com\/lise-leroux\/wp-json\/wp\/v2\/pages\/30\/revisions\/392"}],"wp:attachment":[{"href":"https:\/\/aapars.com\/lise-leroux\/wp-json\/wp\/v2\/media?parent=30"}],"curies":[{"name":"wp","href":"https:\/\/api.w.org\/{rel}","templated":true}]}}