{"id":2,"date":"2010-10-03T05:11:36","date_gmt":"2010-10-03T09:11:36","guid":{"rendered":"https:\/\/aapars.com\/jacques-landry\/?page_id=2"},"modified":"2024-03-24T16:51:59","modified_gmt":"2024-03-24T20:51:59","slug":"accueil","status":"publish","type":"page","link":"https:\/\/aapars.com\/linda-holmes\/","title":{"rendered":"Linda Holmes"},"content":{"rendered":"<p><img loading=\"lazy\" decoding=\"async\" class=\"alignnone wp-image-335 size-full\" src=\"https:\/\/aapars.com\/linda-holmes\/files\/2023\/10\/IMG_1916293-e1697739461530.png\" alt=\"Linda Holmes\" width=\"150\" height=\"146\"\/><\/p>\n\n<table id=\"tablepress-1\" class=\"tablepress tablepress-id-1\">\n<tbody class=\"row-striping\">\n<tr class=\"row-1\">\n\t<td class=\"column-1\">Technique :<\/td><td class=\"column-2\">Acrylique, technique mixte<\/td>\n<\/tr>\n<tr class=\"row-2\">\n\t<td class=\"column-1\">Affiliations professionelles :<\/td><td class=\"column-2\">AAPARS<\/td>\n<\/tr>\n<tr class=\"row-3\">\n\t<td class=\"column-1\">T\u00e9l\u00e9phone :<\/td><td class=\"column-2\">(514) 913-0229<\/td>\n<\/tr>\n<tr class=\"row-4\">\n\t<td class=\"column-1\">Courriel :<\/td><td class=\"column-2\">linda.holmes.bmw@gmail.com<\/td>\n<\/tr>\n<tr class=\"row-5\">\n\t<td class=\"column-1\"><\/td><td class=\"column-2\"><\/td>\n<\/tr>\n<\/tbody>\n<\/table>\n\n<h2>D\u00e9marche<\/h2>\n<p>Je suis une artiste peintre autodidacte.<\/p>\n<p>N\u00e9e \u00e0 Montr\u00e9al et install\u00e9e \u00e0 Boucherville depuis 1966.<\/p>\n<p>Peindre c`est provoquer un d\u00e9luge de couleurs et l`abstrait, c`est autre chose que l`\u00e9vidence.<\/p>\n<p>La passion de l\u2019histoire de l\u2019art m\u2019a toujours habit\u00e9e et celle-ci s\u2019est d\u00e9velopp\u00e9e avec un engouement tout particulier pour la lecture de biographies de peintres et les visites de mus\u00e9es.<\/p>\n<p>C\u2019est \u00e0 14 ans que je vois ma premi\u00e8re exposition au Mus\u00e9e des beaux- arts du Canada \u00e0 Ottawa, c\u2019\u00e9tait Edgar Degas. Depuis, je n\u2019ai jamais cess\u00e9 de m\u2019incruster dans ces lieux majestueux que sont les mus\u00e9es.<\/p>\n<p>En 2015, je cr\u00e9e ma premi\u00e8re toile abstraite.<\/p>\n<p>Un jour, je me suis promen\u00e9e dans un quartier de ma ville et j\u2019y ai vu un atelier o\u00f9 des artistes autodidactes peignaient pour le plaisir.<\/p>\n<p>J\u2019y suis entr\u00e9e et finalement j\u2019y suis rest\u00e9e pendant 4 ans. Durant ces ann\u00e9es, l\u2019imagination et la cr\u00e9ation \u00e9taient au rendez-vous. C\u2019est \u00e0 cet instant que le d\u00e9sir d\u2019\u00e9tendre mes \u00e9motions sur une toile m\u2019a fait r\u00eaver.<\/p>\n<p>Ma peinture et mon style ont beaucoup chang\u00e9s et se sont transform\u00e9s \u00e0 travers les ann\u00e9es. J\u2019ai exp\u00e9riment\u00e9 plusieurs avenues avant d\u2019en arriver \u00e0 ce que je fais aujourd\u2019hui. Je suis dans un processus qui \u00e9volue et se fignole continuellement au fil du temps.<\/p>\n<p>Ma d\u00e9marche se m\u00e9tamorphose et j\u2019y prends go\u00fbt.<\/p>\n<p>C\u2019est ce qui fait probablement que l\u2019art n\u2019est jamais banal.<\/p>\n<p>Avec le temps, je me suis laiss\u00e9 transporter al\u00e9atoirement vers un art beaucoup plus abstrait o\u00f9 j\u2019ai exp\u00e9riment\u00e9 des formes, des textures et surtout le mariage des couleurs.<\/p>\n<p>Je peins pour le plaisir que je ressens face \u00e0 l\u2019improvisation.<\/p>\n<p>Je peins par collections (3 \u00e0 5 toiles) avec lesquelles je m\u2019impose un th\u00e8me de couleur dominante.<\/p>\n<p>Je travaille plusieurs toiles \u00e0 la fois. De cette fa\u00e7on j\u2019\u00e9vite de me retrouver face \u00e0 un manque d\u2019inspiration. Je voyage d\u2019une toile \u00e0 l`autre.<\/p>\n<p>Ce sont quelques-uns de mes voyages qui m`ont permis de d\u00e9couvrir la puret\u00e9 des couleurs vives, entre autres les verts des for\u00eats de Chiang Mai en Tha\u00eflande, les bleus de la Gr\u00e8ce, les jaunes dor\u00e9s de S\u00e9ville en Espagne et les rouges flamboyants des montagnes de Sedona en Arizona. D\u2019o\u00f9 les couleurs de ma p\u00e9riode des Favelas de l`Am\u00e9rique du sud.<\/p>\n<p>\u00c9galement, inspir\u00e9 par mes racines finlandaises, les grands espaces enneig\u00e9s de ce pays nordique ont s\u00fbrement donn\u00e9 naissance \u00e0 mes toutes premi\u00e8res toiles abstraites dont les blancs, les noirs et les cr\u00e8mes y figurent.<\/p>\n<p>Depuis, je peins pour l`\u00e9vasion et l`\u00e9motion.<\/p>\n<p>En esp\u00e9rant vous avoir transport\u00e9s ailleurs.<\/p>\n<h2>Formation<\/h2>\n\n<table id=\"tablepress-2\" class=\"tablepress tablepress-id-2\">\n<thead>\n<tr class=\"row-1\">\n\t<th class=\"column-1\">Ann\u00e9e<\/th><th class=\"column-2\">Institution\/Professeur<\/th><th class=\"column-3\">Programme<\/th>\n<\/tr>\n<\/thead>\n<tbody class=\"row-striping\">\n<tr class=\"row-2\">\n\t<td class=\"column-1\">2023<\/td><td class=\"column-2\">Chantal Lagac\u00e9<\/td><td class=\"column-3\">Atelier d'exploration<\/td>\n<\/tr>\n<tr class=\"row-3\">\n\t<td class=\"column-1\">2023<\/td><td class=\"column-2\">Marie-Jos\u00e9e Bergeron<\/td><td class=\"column-3\">Exploration des encres d'alcool et d'acryliques en techniques mixtes (formation priv\u00e9e)<\/td>\n<\/tr>\n<tr class=\"row-4\">\n\t<td class=\"column-1\">2022<\/td><td class=\"column-2\">Marie-Jos\u00e9e Bergeron<\/td><td class=\"column-3\">Exploration des encres d'alcool et d'acryliques en techniques mixtes (formation groupe)<\/td>\n<\/tr>\n<tr class=\"row-5\">\n\t<td class=\"column-1\">2015-2017<\/td><td class=\"column-2\">Marie-Jos\u00e9e Laberge<\/td><td class=\"column-3\">Atelier Libre Exploration<\/td>\n<\/tr>\n<\/tbody>\n<\/table>\n\n<h2>Expositions<\/h2>\n\n<table id=\"tablepress-3\" class=\"tablepress tablepress-id-3 tbody-has-connected-cells\">\n<thead>\n<tr class=\"row-1\">\n\t<th class=\"column-1\">Ann\u00e9e<\/th><th class=\"column-2\">Nom<\/th><th class=\"column-3\">Endroit<\/th>\n<\/tr>\n<\/thead>\n<tbody class=\"row-striping\">\n<tr class=\"row-2\">\n\t<td colspan=\"3\" class=\"column-1\">Collectives<\/td>\n<\/tr>\n<tr class=\"row-3\">\n\t<td class=\"column-1\">2022<\/td><td class=\"column-2\">AAPARS<\/td><td class=\"column-3\">Exposition printani\u00e8re Boucherville<\/td>\n<\/tr>\n<tr class=\"row-4\">\n\t<td class=\"column-1\">2021<\/td><td class=\"column-2\">AAPARS<\/td><td class=\"column-3\">Exposition automnale St-Bruno<\/td>\n<\/tr>\n<tr class=\"row-5\">\n\t<td class=\"column-1\">2017<\/td><td class=\"column-2\">Marie-Jos\u00e9e Laberge<\/td><td class=\"column-3\">Exposition permanente et vernissage Boucherville<\/td>\n<\/tr>\n<tr class=\"row-6\">\n\t<td class=\"column-1\">2015-2016<\/td><td class=\"column-2\">Marie-Jos\u00e9e Laberge<\/td><td class=\"column-3\">Vernissage Boucherville<\/td>\n<\/tr>\n<\/tbody>\n<\/table>\n\n<h2>Galeries<\/h2>\n\n<table id=\"tablepress-4\" class=\"tablepress tablepress-id-4\">\n<thead>\n<tr class=\"row-1\">\n\t<th class=\"column-1\">Nom de la galerie<\/th><th class=\"column-2\">Lieu<\/th>\n<\/tr>\n<\/thead>\n<tbody class=\"row-striping\">\n<tr class=\"row-2\">\n\t<td class=\"column-1\">Marie-Jos\u00e9e Laberge<\/td><td class=\"column-2\">Boucherville<\/td>\n<\/tr>\n<tr class=\"row-3\">\n\t<td class=\"column-1\"><\/td><td class=\"column-2\"><\/td>\n<\/tr>\n<tr class=\"row-4\">\n\t<td class=\"column-1\"><\/td><td class=\"column-2\"><\/td>\n<\/tr>\n<tr class=\"row-5\">\n\t<td class=\"column-1\"><\/td><td class=\"column-2\"><\/td>\n<\/tr>\n<\/tbody>\n<\/table>\n\n<p>&nbsp;<\/p>\n","protected":false},"excerpt":{"rendered":"<p>D\u00e9marche Je suis une artiste peintre autodidacte. N\u00e9e \u00e0 Montr\u00e9al et install\u00e9e \u00e0 Boucherville depuis 1966. Peindre c`est provoquer un d\u00e9luge de couleurs et l`abstrait, c`est autre chose que l`\u00e9vidence. La passion de l\u2019histoire de l\u2019art m\u2019a toujours habit\u00e9e et celle-ci s\u2019est d\u00e9velopp\u00e9e avec un engouement tout particulier pour la lecture de biographies de peintres &#8230; <\/p>\n<p class=\"read-more-container\"><a title=\"Linda Holmes\" class=\"read-more button\" href=\"https:\/\/aapars.com\/linda-holmes\/#more-2\" aria-label=\"En savoir plus sur Linda Holmes\">Lire plus<\/a><\/p>\n","protected":false},"author":3816,"featured_media":0,"parent":0,"menu_order":0,"comment_status":"closed","ping_status":"closed","template":"","meta":{"_s2mail":"yes","ngg_post_thumbnail":0,"iawp_total_views":173,"footnotes":""},"class_list":["post-2","page","type-page","status-publish"],"yoast_head":"<!-- This site is optimized with the Yoast SEO plugin v27.3 - https:\/\/yoast.com\/product\/yoast-seo-wordpress\/ -->\n<title>Linda Holmes | Un site de la galerie virtuelle de l&#039;AAPARS<\/title>\n<meta name=\"description\" content=\"D\u00e9marche Je suis une artiste peintre autodidacte. N\u00e9e \u00e0 Montr\u00e9al et install\u00e9e \u00e0 Boucherville depuis 1966. Peindre c`est provoquer un d\u00e9luge de couleurs et\" \/>\n<meta name=\"robots\" content=\"index, follow, max-snippet:-1, max-image-preview:large, max-video-preview:-1\" \/>\n<link rel=\"canonical\" href=\"https:\/\/aapars.com\/linda-holmes\/\" \/>\n<meta property=\"og:locale\" content=\"fr_FR\" \/>\n<meta property=\"og:type\" content=\"article\" \/>\n<meta property=\"og:title\" content=\"Linda Holmes | Un site de la galerie virtuelle de l&#039;AAPARS\" \/>\n<meta property=\"og:description\" content=\"D\u00e9marche Je suis une artiste peintre autodidacte. N\u00e9e \u00e0 Montr\u00e9al et install\u00e9e \u00e0 Boucherville depuis 1966. Peindre c`est provoquer un d\u00e9luge de couleurs et\" \/>\n<meta property=\"og:url\" content=\"https:\/\/aapars.com\/linda-holmes\/\" \/>\n<meta property=\"og:site_name\" content=\"Linda Holmes\" \/>\n<meta property=\"article:modified_time\" content=\"2024-03-24T20:51:59+00:00\" \/>\n<meta property=\"og:image\" content=\"https:\/\/aapars.com\/linda-holmes\/files\/2023\/10\/IMG_1916293-e1697739461530.png\" \/>\n<meta name=\"twitter:label1\" content=\"Dur\u00e9e de lecture estim\u00e9e\" \/>\n\t<meta name=\"twitter:data1\" content=\"3 minutes\" \/>\n<script type=\"application\/ld+json\" class=\"yoast-schema-graph\">{\"@context\":\"https:\\\/\\\/schema.org\",\"@graph\":[{\"@type\":\"WebPage\",\"@id\":\"https:\\\/\\\/aapars.com\\\/linda-holmes\\\/\",\"url\":\"https:\\\/\\\/aapars.com\\\/linda-holmes\\\/\",\"name\":\"Linda Holmes | Un site de la galerie virtuelle de l&#039;AAPARS\",\"isPartOf\":{\"@id\":\"https:\\\/\\\/aapars.com\\\/linda-holmes\\\/#website\"},\"primaryImageOfPage\":{\"@id\":\"https:\\\/\\\/aapars.com\\\/linda-holmes\\\/#primaryimage\"},\"image\":{\"@id\":\"https:\\\/\\\/aapars.com\\\/linda-holmes\\\/#primaryimage\"},\"thumbnailUrl\":\"https:\\\/\\\/aapars.com\\\/linda-holmes\\\/files\\\/2023\\\/10\\\/IMG_1916293-e1697739461530.png\",\"datePublished\":\"2010-10-03T09:11:36+00:00\",\"dateModified\":\"2024-03-24T20:51:59+00:00\",\"description\":\"D\u00e9marche Je suis une artiste peintre autodidacte. N\u00e9e \u00e0 Montr\u00e9al et install\u00e9e \u00e0 Boucherville depuis 1966. Peindre c`est provoquer un d\u00e9luge de couleurs et\",\"breadcrumb\":{\"@id\":\"https:\\\/\\\/aapars.com\\\/linda-holmes\\\/#breadcrumb\"},\"inLanguage\":\"fr-FR\",\"potentialAction\":[{\"@type\":\"ReadAction\",\"target\":[\"https:\\\/\\\/aapars.com\\\/linda-holmes\\\/\"]}]},{\"@type\":\"ImageObject\",\"inLanguage\":\"fr-FR\",\"@id\":\"https:\\\/\\\/aapars.com\\\/linda-holmes\\\/#primaryimage\",\"url\":\"https:\\\/\\\/aapars.com\\\/linda-holmes\\\/files\\\/2023\\\/10\\\/IMG_1916293-e1697739461530.png\",\"contentUrl\":\"https:\\\/\\\/aapars.com\\\/linda-holmes\\\/files\\\/2023\\\/10\\\/IMG_1916293-e1697739461530.png\",\"width\":150,\"height\":146,\"caption\":\"Linda Holmes\"},{\"@type\":\"BreadcrumbList\",\"@id\":\"https:\\\/\\\/aapars.com\\\/linda-holmes\\\/#breadcrumb\",\"itemListElement\":[{\"@type\":\"ListItem\",\"position\":1,\"name\":\"Accueil\",\"item\":\"https:\\\/\\\/aapars.com\\\/linda-holmes\\\/\"},{\"@type\":\"ListItem\",\"position\":2,\"name\":\"Linda Holmes\"}]},{\"@type\":\"WebSite\",\"@id\":\"https:\\\/\\\/aapars.com\\\/linda-holmes\\\/#website\",\"url\":\"https:\\\/\\\/aapars.com\\\/linda-holmes\\\/\",\"name\":\"Linda Holmes\",\"description\":\"Un site de la galerie virtuelle de l&#039;AAPARS\",\"publisher\":{\"@id\":\"https:\\\/\\\/aapars.com\\\/linda-holmes\\\/#\\\/schema\\\/person\\\/67e727643cc38d6d0d58bde5c504a2f5\"},\"potentialAction\":[{\"@type\":\"SearchAction\",\"target\":{\"@type\":\"EntryPoint\",\"urlTemplate\":\"https:\\\/\\\/aapars.com\\\/linda-holmes\\\/?s={search_term_string}\"},\"query-input\":{\"@type\":\"PropertyValueSpecification\",\"valueRequired\":true,\"valueName\":\"search_term_string\"}}],\"inLanguage\":\"fr-FR\"},{\"@type\":[\"Person\",\"Organization\"],\"@id\":\"https:\\\/\\\/aapars.com\\\/linda-holmes\\\/#\\\/schema\\\/person\\\/67e727643cc38d6d0d58bde5c504a2f5\",\"name\":\"Jean Test\",\"image\":{\"@type\":\"ImageObject\",\"inLanguage\":\"fr-FR\",\"@id\":\"https:\\\/\\\/aapars.com\\\/linda-holmes\\\/files\\\/2012\\\/04\\\/logo-aapars-@2x.png\",\"url\":\"https:\\\/\\\/aapars.com\\\/linda-holmes\\\/files\\\/2012\\\/04\\\/logo-aapars-@2x.png\",\"contentUrl\":\"https:\\\/\\\/aapars.com\\\/linda-holmes\\\/files\\\/2012\\\/04\\\/logo-aapars-@2x.png\",\"width\":560,\"height\":306,\"caption\":\"Jean Test\"},\"logo\":{\"@id\":\"https:\\\/\\\/aapars.com\\\/linda-holmes\\\/files\\\/2012\\\/04\\\/logo-aapars-@2x.png\"}}]}<\/script>\n<!-- \/ Yoast SEO plugin. -->","yoast_head_json":{"title":"Linda Holmes | Un site de la galerie virtuelle de l&#039;AAPARS","description":"D\u00e9marche Je suis une artiste peintre autodidacte. N\u00e9e \u00e0 Montr\u00e9al et install\u00e9e \u00e0 Boucherville depuis 1966. Peindre c`est provoquer un d\u00e9luge de couleurs et","robots":{"index":"index","follow":"follow","max-snippet":"max-snippet:-1","max-image-preview":"max-image-preview:large","max-video-preview":"max-video-preview:-1"},"canonical":"https:\/\/aapars.com\/linda-holmes\/","og_locale":"fr_FR","og_type":"article","og_title":"Linda Holmes | Un site de la galerie virtuelle de l&#039;AAPARS","og_description":"D\u00e9marche Je suis une artiste peintre autodidacte. N\u00e9e \u00e0 Montr\u00e9al et install\u00e9e \u00e0 Boucherville depuis 1966. Peindre c`est provoquer un d\u00e9luge de couleurs et","og_url":"https:\/\/aapars.com\/linda-holmes\/","og_site_name":"Linda Holmes","article_modified_time":"2024-03-24T20:51:59+00:00","og_image":[{"url":"https:\/\/aapars.com\/linda-holmes\/files\/2023\/10\/IMG_1916293-e1697739461530.png","type":"","width":"","height":""}],"twitter_misc":{"Dur\u00e9e de lecture estim\u00e9e":"3 minutes"},"schema":{"@context":"https:\/\/schema.org","@graph":[{"@type":"WebPage","@id":"https:\/\/aapars.com\/linda-holmes\/","url":"https:\/\/aapars.com\/linda-holmes\/","name":"Linda Holmes | Un site de la galerie virtuelle de l&#039;AAPARS","isPartOf":{"@id":"https:\/\/aapars.com\/linda-holmes\/#website"},"primaryImageOfPage":{"@id":"https:\/\/aapars.com\/linda-holmes\/#primaryimage"},"image":{"@id":"https:\/\/aapars.com\/linda-holmes\/#primaryimage"},"thumbnailUrl":"https:\/\/aapars.com\/linda-holmes\/files\/2023\/10\/IMG_1916293-e1697739461530.png","datePublished":"2010-10-03T09:11:36+00:00","dateModified":"2024-03-24T20:51:59+00:00","description":"D\u00e9marche Je suis une artiste peintre autodidacte. N\u00e9e \u00e0 Montr\u00e9al et install\u00e9e \u00e0 Boucherville depuis 1966. Peindre c`est provoquer un d\u00e9luge de couleurs et","breadcrumb":{"@id":"https:\/\/aapars.com\/linda-holmes\/#breadcrumb"},"inLanguage":"fr-FR","potentialAction":[{"@type":"ReadAction","target":["https:\/\/aapars.com\/linda-holmes\/"]}]},{"@type":"ImageObject","inLanguage":"fr-FR","@id":"https:\/\/aapars.com\/linda-holmes\/#primaryimage","url":"https:\/\/aapars.com\/linda-holmes\/files\/2023\/10\/IMG_1916293-e1697739461530.png","contentUrl":"https:\/\/aapars.com\/linda-holmes\/files\/2023\/10\/IMG_1916293-e1697739461530.png","width":150,"height":146,"caption":"Linda Holmes"},{"@type":"BreadcrumbList","@id":"https:\/\/aapars.com\/linda-holmes\/#breadcrumb","itemListElement":[{"@type":"ListItem","position":1,"name":"Accueil","item":"https:\/\/aapars.com\/linda-holmes\/"},{"@type":"ListItem","position":2,"name":"Linda Holmes"}]},{"@type":"WebSite","@id":"https:\/\/aapars.com\/linda-holmes\/#website","url":"https:\/\/aapars.com\/linda-holmes\/","name":"Linda Holmes","description":"Un site de la galerie virtuelle de l&#039;AAPARS","publisher":{"@id":"https:\/\/aapars.com\/linda-holmes\/#\/schema\/person\/67e727643cc38d6d0d58bde5c504a2f5"},"potentialAction":[{"@type":"SearchAction","target":{"@type":"EntryPoint","urlTemplate":"https:\/\/aapars.com\/linda-holmes\/?s={search_term_string}"},"query-input":{"@type":"PropertyValueSpecification","valueRequired":true,"valueName":"search_term_string"}}],"inLanguage":"fr-FR"},{"@type":["Person","Organization"],"@id":"https:\/\/aapars.com\/linda-holmes\/#\/schema\/person\/67e727643cc38d6d0d58bde5c504a2f5","name":"Jean Test","image":{"@type":"ImageObject","inLanguage":"fr-FR","@id":"https:\/\/aapars.com\/linda-holmes\/files\/2012\/04\/logo-aapars-@2x.png","url":"https:\/\/aapars.com\/linda-holmes\/files\/2012\/04\/logo-aapars-@2x.png","contentUrl":"https:\/\/aapars.com\/linda-holmes\/files\/2012\/04\/logo-aapars-@2x.png","width":560,"height":306,"caption":"Jean Test"},"logo":{"@id":"https:\/\/aapars.com\/linda-holmes\/files\/2012\/04\/logo-aapars-@2x.png"}}]}},"_links":{"self":[{"href":"https:\/\/aapars.com\/linda-holmes\/wp-json\/wp\/v2\/pages\/2","targetHints":{"allow":["GET"]}}],"collection":[{"href":"https:\/\/aapars.com\/linda-holmes\/wp-json\/wp\/v2\/pages"}],"about":[{"href":"https:\/\/aapars.com\/linda-holmes\/wp-json\/wp\/v2\/types\/page"}],"author":[{"embeddable":true,"href":"https:\/\/aapars.com\/linda-holmes\/wp-json\/wp\/v2\/users\/3816"}],"replies":[{"embeddable":true,"href":"https:\/\/aapars.com\/linda-holmes\/wp-json\/wp\/v2\/comments?post=2"}],"version-history":[{"count":8,"href":"https:\/\/aapars.com\/linda-holmes\/wp-json\/wp\/v2\/pages\/2\/revisions"}],"predecessor-version":[{"id":404,"href":"https:\/\/aapars.com\/linda-holmes\/wp-json\/wp\/v2\/pages\/2\/revisions\/404"}],"wp:attachment":[{"href":"https:\/\/aapars.com\/linda-holmes\/wp-json\/wp\/v2\/media?parent=2"}],"curies":[{"name":"wp","href":"https:\/\/api.w.org\/{rel}","templated":true}]}}