{"id":6,"date":"2010-10-03T05:11:36","date_gmt":"2010-10-03T05:11:36","guid":{"rendered":"https:\/\/aapars.com\/jacques-landry\/?page_id=2"},"modified":"2022-10-06T10:57:23","modified_gmt":"2022-10-06T14:57:23","slug":"profil","status":"publish","type":"page","link":"https:\/\/aapars.com\/linda-boyte\/","title":{"rendered":"Linda Boyte"},"content":{"rendered":"<h5><a href=\"https:\/\/aapars.com\/linda-boyte\/files\/2010\/10\/bella2008.jpg\"><img loading=\"lazy\" decoding=\"async\" class=\"alignnone size-medium wp-image-38\" src=\"https:\/\/aapars.com\/linda-boyte\/files\/2010\/10\/bella2008-163x300.jpg\" alt=\"\" width=\"163\" height=\"300\"\/><\/a><\/h5>\n\n<table id=\"tablepress-1\" class=\"tablepress tablepress-id-1\">\n<tbody class=\"row-striping\">\n<tr class=\"row-1\">\n\t<td class=\"column-1\">Technique :<\/td><td class=\"column-2\">Huile, acrylique, pastel sec, aquarelle<\/td>\n<\/tr>\n<tr class=\"row-2\">\n\t<td class=\"column-1\">Affiliations professionelles :<\/td><td class=\"column-2\">AAPARS, PSEC<\/td>\n<\/tr>\n<tr class=\"row-3\">\n\t<td class=\"column-1\">T\u00e9l\u00e9phone :<\/td><td class=\"column-2\">450-641-6790<\/td>\n<\/tr>\n<tr class=\"row-4\">\n\t<td class=\"column-1\">Courriel :<\/td><td class=\"column-2\"><a href=\"mailto:lindaboyte2@yahoo.fr\" target=\"_blank\" rel=\"noopener\">lindaboyte2@yahoo.fr<\/a><\/td>\n<\/tr>\n<tr class=\"row-5\">\n\t<td class=\"column-1\">Site Internet :<\/td><td class=\"column-2\"><a href=\"http:\/\/atelierpeinturelindaboyte.com\" target=\"_blank\" rel=\"noopener\">http:\/\/atelierpeinturelindaboyte.com<\/a><br \/>\n<a href=\"http:\/\/campdejour-artsplastiques.com\" target=\"_blank\" rel=\"noopener\">http:\/\/campdejour-artsplastiques.com<\/a><\/td>\n<\/tr>\n<\/tbody>\n<\/table>\n\n<h2>D\u00e9marche artistique<\/h2>\n<p>Graphiste de formation, professeur de dessin et de peinture et th\u00e9rapeute en relation d&#8217;aide, la cr\u00e9ation est pour moi, un oasis de paix, de d\u00e9couverte de soi et de l&#8217;autre. Mes plus grandes passions \u2013 l&#8217;art et la relation.<\/p>\n<p>Avec le temps, j&#8217;ai d\u00e9couvert que l&#8217;enseignement me permet de relier celles-ci. Ayant suivi une tr\u00e8s bonne formation aux Beaux Arts cela m&#8217;a permis d&#8217;acc\u00e9der avec les ann\u00e9es au titre de membre signataire au sein de la PSEC (Soci\u00e9t\u00e9 de pastel de l&#8217;Est du Canada).<\/p>\n<p>Par la suite, le go\u00fbt de retransmettre mes connaissances et ma passion ne cessa de m&#8217;habiter et j&#8217;ai pu pendant plusieurs ann\u00e9es enseigner autant aux adultes qu&#8217;aux jeunes.<\/p>\n<p>Tout ce parcours ainsi que cette exp\u00e9rience me permet d&#8217;offrir un enseignement bien diversifi\u00e9 et personnalis\u00e9, tout en poursuivant ma passion pour la peinture, l&#8217;aquarelle, le pastel sec et le dessin imaginaire et mon perfectionnement. Je cr\u00e9e \u00e0 partir de photos ou d&#8217;esquisses tir\u00e9es de mon observation ou de mon imaginaire. Je m&#8217;impr\u00e8gne de l&#8217;atmosph\u00e8re qui se d\u00e9gage de mes photos et je recompose \u00e0 ma guise ou je m&#8217;inspire tout simplement des couleurs et de la lumi\u00e8re .<\/p>\n<p>Tant\u00f4t, je peins des paysages parce cela me permet plus de spontan\u00e9it\u00e9 et d&#8217;improvisation. Parfois, j&#8217;y introduis des personnages (univers de l&#8217;enfant) tout en cr\u00e9ant une atmosph\u00e8re de calme et de douceur.<\/p>\n<p>Mon univers de cr\u00e9ation est rempli de ses sujets vari\u00e9s, paysages r\u00e9alistes ou surr\u00e9alistes, portraits, personnages, sujets floraux. Laissant libre court \u00e0 mon inspiration du moment pr\u00e9sent, ceci donne place \u00e0 mon expressivit\u00e9 de mon monde int\u00e9rieur.<\/p>\n<p>Mon but suivre de plus en plus mon \u00e9lan int\u00e9rieur tout en d\u00e9veloppant mon c\u00f4t\u00e9 spontan\u00e9 et une gestuelle de plus en plus libre.<\/p>\n<h2>Formations<\/h2>\n<p>Cours d`aquarelle avec Denise Poirier 2009 et 2010<br \/>\nCours de peinture sur bois avec Claudie 2010 et&nbsp; Josianne Dansereau 2009<\/p>\n<p><strong>Ateliers intensifs<\/strong>,&nbsp; \u00e0 l`ACAD\u00c9MIE SILVIA ARAYA ET CRISTOBAL 2002-2003, Boucherville avec Juan Cristobal,&nbsp; Pamela Carter,&nbsp; Denis Jacques (Nu), Louis Tremblay, avec Humberto Pinochet, Eddy Dion, Denis Jacques (Portrait), 2004, Boucherville<\/p>\n<p><strong>Certificat U.E.C.<\/strong> et Attestation en relation d`aide psychologique et p\u00e9dagogique <strong>CENTRE DE RELATION D`AIDE DE MONTR\u00c9AL<\/strong> MC, Montr\u00e9al&nbsp;&nbsp;&nbsp; 2000-2003<br \/>\n<strong>ACAD\u00c9MIE SILVIA ARAYA,<\/strong> \u00e0 Boucherville avec Juan Cristobal et Viviane Roman&nbsp;&nbsp;&nbsp;&nbsp;&nbsp; 1997-2003, 2008<\/p>\n<p><strong>ART-CR\u00c9ATIVIT\u00c9<\/strong> par Y. Brouillard, mai-juin 2000<br \/>\n<strong>Bande dessin\u00e9e \u00e0 l`\u00c9COLE DE BERTRAND<\/strong>, au Coll\u00e8ge Andr\u00e9 Grasset,&nbsp; f\u00e9v. 2000<br \/>\n<strong>ATTESTATIONS de l`\u00c9cole des beaux-arts, Mission Renaissance,<\/strong> Montr\u00e9al, 1994 \u2013 1999, cours suivis : Aquarelle, peinture \u00e0 l&#8217;huile, pastel, portrait et dessin<\/p>\n<p><strong>DIPL\u00d4ME d`\u00e9tudes coll\u00e9giales&nbsp;<\/strong> en graphisme,<br \/>\nC\u00c9GEP DU VIEUX MONTR\u00c9AL, Montr\u00e9al&nbsp;&nbsp; 1981<\/p>\n<h2>Expositions<\/h2>\n<p><strong>Fadoq, <\/strong>Boucherville, \u00e9l\u00e8ves et professeur, de 2013 \u00e0 2020<\/p>\n<p><strong>Galerie Jean Letarte, <\/strong>exposition des professeurs de l`Atelier des Arts Visuels de Boucherville, 2019-2020&nbsp; et expositions des \u00e9l\u00e8ves et professeurs, de 2004 \u00e0 2020<\/p>\n<p><strong>F\u00eate de la Saint-Jean-Baptiste<\/strong>, Boucherville, juin 2000, juin 2002, juin 2003, juin 2004 (Saint-Bruno), juin 2005, juin 2006, juin 2007, juin 2010 et 2012<br \/>\n<strong>Festival des percussions de Longueuil,<\/strong> juillet 2010 et 2011<br \/>\n<strong>Centre Marcel Dulude,<\/strong> Exposition AAPARS, 2007<br \/>\n<strong>F\u00eate de St-Lambert,<\/strong> Exposition AAPARS, 2005<br \/>\n<strong>Centre multifonctionnel,<\/strong> Exposition des professeurs de l`Atelier des Arts Visuels de Boucherville, 2005<br \/>\n<strong>Pastel toujours,<\/strong> Exposition Annuelle des membres PSEC, Galerie Klinkhoff, juin 2003<br \/>\n<strong>Les Encadrements C. J. D\u00e9cor,<\/strong> Exposition d`\u00e9l\u00e8ves et de professeurs, 2002, 2003<br \/>\n<strong>Exposition des membres signataires de la PSEC,<\/strong>&nbsp; \u00e0 la Galerie Philippe, ao\u00fbt 2002<br \/>\n<strong>Les pastellistes,<\/strong> \u00ab Choix du jury \u00bb, Expo-concours de la PSEC, Salle Tudor, Ogilvy`s, Montr\u00e9al, nov. 1999, nov. 2000, nov. 2001<br \/>\n<strong>Pastel toujours,<\/strong> Expo-concours de la Soci\u00e9t\u00e9 de pastel de l`Est du Canada (PSEC),maison Andr\u00e9 Benjamin Papineau, Laval, juillet 2001<\/p>\n<p><strong>Salon des arts visuels,<\/strong> Brossard, avril 2001, avril 2002<br \/>\n<strong>Maison L.-H. Lafontaine,<\/strong> Boucherville, juillet 1998, nov. 1999, ao\u00fbt 2000, ao\u00fbt 2001<br \/>\nH\u00f4tel de ville, Boucherville, avril 2000<br \/>\n<strong>Mus\u00e9e d`art du Mont Saint-Hilaire,<\/strong> Expo-concours,1998<br \/>\nCalendrier d`art des artistes de Boucherville, Expo-concours, d\u00e9c. 1998<br \/>\n<strong>Centre culturel Mgr Poissant,<\/strong> Boucherville, 1997, 1998<br \/>\n<strong>Carrefour des artistes,<\/strong> Expo-concours, salle paroissiale, Boucherville, 1996,1997,1999<br \/>\n<strong>F\u00eate nationale,<\/strong> Concours en arts visuels, Boucherville,&nbsp; juin 1997<br \/>\n<strong>Acad\u00e9mie de dessin et de peinture Silvia Araya,<\/strong> Exposition d`\u00e9l\u00e8ves et de professeurs, 1997, 1998, 1999, 2000, 2001, 2002, 2003<\/p>\n<h2>Galeries<\/h2>\n<p><strong>Galerie 500,<\/strong> Boucherville, 2011<\/p>\n<h2>Reconnaissances<\/h2>\n<p><strong>PREMIER PRIX,<\/strong> Soci\u00e9t\u00e9 de pastel de l`Est du Canada ( Maison Andr\u00e9 Benjamin Papineau) 2001<br \/>\n<strong>PRIX ACQUISITION CORPORATIVE<\/strong>&nbsp; Soci\u00e9t\u00e9 de pastel de l`est du Canada (PSEC) 2000<br \/>\n<strong>GAGNANTE<\/strong> \u00e0 deux reprises aux concours d`illustration<br \/>\ndu programme des loisirs de Boucherville, \u00e9t\u00e9 1998 et automne-hiver 1997-1998.<\/p>\n<p><strong>MENTION D`HONNEUR,<\/strong> \u00c9cole de Beaux arts de Mission Renaissance pour l`ensemble de mes pastels 1997<\/p>\n<p><strong>MENTION D`HONNEUR,<\/strong> expo-concours, Carrefour des artistes,1996<\/p>\n<p><strong>MEMBRE SIGNATAIRE<\/strong> de la <span style=\"text-decoration: underline\">Soci\u00e9t\u00e9 de pastel de l`Est du Canada<\/span>,&nbsp; 2001<\/p>\n<h2>Collections publiques<\/h2>\n<p><strong>H\u00f4tel de ville de Boucherville,<\/strong> 1998, titre de l`\u0153uvre : \u00ab Rue de la Perri\u00e8re \u00bb, pastel sec<br \/>\n<strong>Courtage BGL Brokerage lt\u00e9e\/ltd,<\/strong> 2000, titre de l`\u0153uvre : \u00ab Autour du lac \u00bb, pastel sec<br \/>\n<strong>Clinique concept physique sant\u00e9,<\/strong> 2004, titre de l`\u0153uvre : \u00ab L`enfant qui sommeille en Soi \u00bb, pastel sec<\/p>\n<h2>R\u00e9alisations, Publications<\/h2>\n<p><strong>Carte de v\u0153ux<\/strong>, intitul\u00e9e \u00ab Le vent dans les voiles \u00bb pour le bureau du d\u00e9put\u00e9 de Verch\u00e8res les patriotes, St\u00e9phane Bergeron, juin 2002-2004<br \/>\n<strong>R\u00e9pertoire<\/strong> de l&#8217;association des illustrateurs et illustratrices du Qu\u00e9bec 2001-2002<br \/>\n<strong>Pages couvertures du programme des loisirs de Boucherville<\/strong>, \u00e9t\u00e9 1998 et automne-hiver 1997-98.<br \/>\n<strong>D\u00e9pliant promotionnel<\/strong> pour les \u00e9tudiants en technique d`assainissement et s\u00e9curit\u00e9 industriels du c\u00e9gep Saint-Laurent, mai 1996.<\/p>\n<h2>Autres informations<\/h2>\n<p>www.cours-peinture-linda-boyte.com<\/p>\n<p><a href=\"http:\/\/atelierpeinturelindaboyte.com\" target=\"_blank\" rel=\"noopener noreferrer\">www.atelierpeinturelindaboyte.com<\/a>&nbsp;&nbsp;&nbsp;&nbsp;&nbsp;<\/p>\n","protected":false},"excerpt":{"rendered":"<p>D\u00e9marche artistique Graphiste de formation, professeur de dessin et de peinture et th\u00e9rapeute en relation d&#8217;aide, la cr\u00e9ation est pour moi, un oasis de paix, de d\u00e9couverte de soi et de l&#8217;autre. Mes plus grandes passions \u2013 l&#8217;art et la relation. Avec le temps, j&#8217;ai d\u00e9couvert que l&#8217;enseignement me permet de relier celles-ci. Ayant suivi &#8230; <\/p>\n<p class=\"read-more-container\"><a title=\"Linda Boyte\" class=\"read-more button\" href=\"https:\/\/aapars.com\/linda-boyte\/#more-6\" aria-label=\"En savoir plus sur Linda Boyte\">Lire plus<\/a><\/p>\n","protected":false},"author":269,"featured_media":0,"parent":0,"menu_order":0,"comment_status":"closed","ping_status":"closed","template":"","meta":{"_s2mail":"yes","ngg_post_thumbnail":0,"iawp_total_views":128,"footnotes":""},"class_list":["post-6","page","type-page","status-publish"],"yoast_head":"<!-- This site is optimized with the Yoast SEO plugin v27.3 - https:\/\/yoast.com\/product\/yoast-seo-wordpress\/ -->\n<title>Linda Boyte - Linda Boyte - Un site de la galerie virtuelle de l\u2019AAPARS<\/title>\n<meta name=\"description\" content=\"D\u00e9marche artistique Graphiste de formation, professeur de dessin et de peinture et th\u00e9rapeute en relation d&#039;aide, la cr\u00e9ation est pour moi, un oasis de\" \/>\n<meta name=\"robots\" content=\"index, follow, max-snippet:-1, max-image-preview:large, max-video-preview:-1\" \/>\n<link rel=\"canonical\" href=\"https:\/\/aapars.com\/linda-boyte\/\" \/>\n<meta property=\"og:locale\" content=\"fr_FR\" \/>\n<meta property=\"og:type\" content=\"article\" \/>\n<meta property=\"og:title\" content=\"Linda Boyte - Linda Boyte - Un site de la galerie virtuelle de l\u2019AAPARS\" \/>\n<meta property=\"og:description\" content=\"D\u00e9marche artistique Graphiste de formation, professeur de dessin et de peinture et th\u00e9rapeute en relation d&#039;aide, la cr\u00e9ation est pour moi, un oasis de\" \/>\n<meta property=\"og:url\" content=\"https:\/\/aapars.com\/linda-boyte\/\" \/>\n<meta property=\"og:site_name\" content=\"Linda Boyte\" \/>\n<meta property=\"article:modified_time\" content=\"2022-10-06T14:57:23+00:00\" \/>\n<meta property=\"og:image\" content=\"https:\/\/aapars.com\/linda-boyte\/files\/2010\/10\/bella2008-163x300.jpg\" \/>\n<meta name=\"twitter:label1\" content=\"Dur\u00e9e de lecture estim\u00e9e\" \/>\n\t<meta name=\"twitter:data1\" content=\"5 minutes\" \/>\n<script type=\"application\/ld+json\" class=\"yoast-schema-graph\">{\"@context\":\"https:\\\/\\\/schema.org\",\"@graph\":[{\"@type\":\"WebPage\",\"@id\":\"https:\\\/\\\/aapars.com\\\/linda-boyte\\\/\",\"url\":\"https:\\\/\\\/aapars.com\\\/linda-boyte\\\/\",\"name\":\"Linda Boyte - Linda Boyte - Un site de la galerie virtuelle de l\u2019AAPARS\",\"isPartOf\":{\"@id\":\"https:\\\/\\\/aapars.com\\\/linda-boyte\\\/#website\"},\"primaryImageOfPage\":{\"@id\":\"https:\\\/\\\/aapars.com\\\/linda-boyte\\\/#primaryimage\"},\"image\":{\"@id\":\"https:\\\/\\\/aapars.com\\\/linda-boyte\\\/#primaryimage\"},\"thumbnailUrl\":\"https:\\\/\\\/aapars.com\\\/linda-boyte\\\/files\\\/2010\\\/10\\\/bella2008-163x300.jpg\",\"datePublished\":\"2010-10-03T05:11:36+00:00\",\"dateModified\":\"2022-10-06T14:57:23+00:00\",\"description\":\"D\u00e9marche artistique Graphiste de formation, professeur de dessin et de peinture et th\u00e9rapeute en relation d'aide, la cr\u00e9ation est pour moi, un oasis de\",\"breadcrumb\":{\"@id\":\"https:\\\/\\\/aapars.com\\\/linda-boyte\\\/#breadcrumb\"},\"inLanguage\":\"fr-FR\",\"potentialAction\":[{\"@type\":\"ReadAction\",\"target\":[\"https:\\\/\\\/aapars.com\\\/linda-boyte\\\/\"]}]},{\"@type\":\"ImageObject\",\"inLanguage\":\"fr-FR\",\"@id\":\"https:\\\/\\\/aapars.com\\\/linda-boyte\\\/#primaryimage\",\"url\":\"https:\\\/\\\/aapars.com\\\/linda-boyte\\\/files\\\/2010\\\/10\\\/bella2008.jpg\",\"contentUrl\":\"https:\\\/\\\/aapars.com\\\/linda-boyte\\\/files\\\/2010\\\/10\\\/bella2008.jpg\",\"width\":717,\"height\":1315},{\"@type\":\"BreadcrumbList\",\"@id\":\"https:\\\/\\\/aapars.com\\\/linda-boyte\\\/#breadcrumb\",\"itemListElement\":[{\"@type\":\"ListItem\",\"position\":1,\"name\":\"Accueil\",\"item\":\"https:\\\/\\\/aapars.com\\\/linda-boyte\\\/\"},{\"@type\":\"ListItem\",\"position\":2,\"name\":\"Linda Boyte\"}]},{\"@type\":\"WebSite\",\"@id\":\"https:\\\/\\\/aapars.com\\\/linda-boyte\\\/#website\",\"url\":\"https:\\\/\\\/aapars.com\\\/linda-boyte\\\/\",\"name\":\"Linda Boyte\",\"description\":\"Un site de la galerie virtuelle de l\u2019AAPARS\",\"publisher\":{\"@id\":\"https:\\\/\\\/aapars.com\\\/linda-boyte\\\/#organization\"},\"potentialAction\":[{\"@type\":\"SearchAction\",\"target\":{\"@type\":\"EntryPoint\",\"urlTemplate\":\"https:\\\/\\\/aapars.com\\\/linda-boyte\\\/?s={search_term_string}\"},\"query-input\":{\"@type\":\"PropertyValueSpecification\",\"valueRequired\":true,\"valueName\":\"search_term_string\"}}],\"inLanguage\":\"fr-FR\"},{\"@type\":\"Organization\",\"@id\":\"https:\\\/\\\/aapars.com\\\/linda-boyte\\\/#organization\",\"name\":\"Linda Boyte\",\"url\":\"https:\\\/\\\/aapars.com\\\/linda-boyte\\\/\",\"logo\":{\"@type\":\"ImageObject\",\"inLanguage\":\"fr-FR\",\"@id\":\"https:\\\/\\\/aapars.com\\\/linda-boyte\\\/#\\\/schema\\\/logo\\\/image\\\/\",\"url\":\"https:\\\/\\\/aapars.com\\\/linda-boyte\\\/files\\\/2021\\\/05\\\/logo-aapars-@2x.png\",\"contentUrl\":\"https:\\\/\\\/aapars.com\\\/linda-boyte\\\/files\\\/2021\\\/05\\\/logo-aapars-@2x.png\",\"width\":560,\"height\":306,\"caption\":\"Linda Boyte\"},\"image\":{\"@id\":\"https:\\\/\\\/aapars.com\\\/linda-boyte\\\/#\\\/schema\\\/logo\\\/image\\\/\"}}]}<\/script>\n<!-- \/ Yoast SEO plugin. -->","yoast_head_json":{"title":"Linda Boyte - Linda Boyte - Un site de la galerie virtuelle de l\u2019AAPARS","description":"D\u00e9marche artistique Graphiste de formation, professeur de dessin et de peinture et th\u00e9rapeute en relation d'aide, la cr\u00e9ation est pour moi, un oasis de","robots":{"index":"index","follow":"follow","max-snippet":"max-snippet:-1","max-image-preview":"max-image-preview:large","max-video-preview":"max-video-preview:-1"},"canonical":"https:\/\/aapars.com\/linda-boyte\/","og_locale":"fr_FR","og_type":"article","og_title":"Linda Boyte - Linda Boyte - Un site de la galerie virtuelle de l\u2019AAPARS","og_description":"D\u00e9marche artistique Graphiste de formation, professeur de dessin et de peinture et th\u00e9rapeute en relation d'aide, la cr\u00e9ation est pour moi, un oasis de","og_url":"https:\/\/aapars.com\/linda-boyte\/","og_site_name":"Linda Boyte","article_modified_time":"2022-10-06T14:57:23+00:00","og_image":[{"url":"https:\/\/aapars.com\/linda-boyte\/files\/2010\/10\/bella2008-163x300.jpg","type":"","width":"","height":""}],"twitter_misc":{"Dur\u00e9e de lecture estim\u00e9e":"5 minutes"},"schema":{"@context":"https:\/\/schema.org","@graph":[{"@type":"WebPage","@id":"https:\/\/aapars.com\/linda-boyte\/","url":"https:\/\/aapars.com\/linda-boyte\/","name":"Linda Boyte - Linda Boyte - Un site de la galerie virtuelle de l\u2019AAPARS","isPartOf":{"@id":"https:\/\/aapars.com\/linda-boyte\/#website"},"primaryImageOfPage":{"@id":"https:\/\/aapars.com\/linda-boyte\/#primaryimage"},"image":{"@id":"https:\/\/aapars.com\/linda-boyte\/#primaryimage"},"thumbnailUrl":"https:\/\/aapars.com\/linda-boyte\/files\/2010\/10\/bella2008-163x300.jpg","datePublished":"2010-10-03T05:11:36+00:00","dateModified":"2022-10-06T14:57:23+00:00","description":"D\u00e9marche artistique Graphiste de formation, professeur de dessin et de peinture et th\u00e9rapeute en relation d'aide, la cr\u00e9ation est pour moi, un oasis de","breadcrumb":{"@id":"https:\/\/aapars.com\/linda-boyte\/#breadcrumb"},"inLanguage":"fr-FR","potentialAction":[{"@type":"ReadAction","target":["https:\/\/aapars.com\/linda-boyte\/"]}]},{"@type":"ImageObject","inLanguage":"fr-FR","@id":"https:\/\/aapars.com\/linda-boyte\/#primaryimage","url":"https:\/\/aapars.com\/linda-boyte\/files\/2010\/10\/bella2008.jpg","contentUrl":"https:\/\/aapars.com\/linda-boyte\/files\/2010\/10\/bella2008.jpg","width":717,"height":1315},{"@type":"BreadcrumbList","@id":"https:\/\/aapars.com\/linda-boyte\/#breadcrumb","itemListElement":[{"@type":"ListItem","position":1,"name":"Accueil","item":"https:\/\/aapars.com\/linda-boyte\/"},{"@type":"ListItem","position":2,"name":"Linda Boyte"}]},{"@type":"WebSite","@id":"https:\/\/aapars.com\/linda-boyte\/#website","url":"https:\/\/aapars.com\/linda-boyte\/","name":"Linda Boyte","description":"Un site de la galerie virtuelle de l\u2019AAPARS","publisher":{"@id":"https:\/\/aapars.com\/linda-boyte\/#organization"},"potentialAction":[{"@type":"SearchAction","target":{"@type":"EntryPoint","urlTemplate":"https:\/\/aapars.com\/linda-boyte\/?s={search_term_string}"},"query-input":{"@type":"PropertyValueSpecification","valueRequired":true,"valueName":"search_term_string"}}],"inLanguage":"fr-FR"},{"@type":"Organization","@id":"https:\/\/aapars.com\/linda-boyte\/#organization","name":"Linda Boyte","url":"https:\/\/aapars.com\/linda-boyte\/","logo":{"@type":"ImageObject","inLanguage":"fr-FR","@id":"https:\/\/aapars.com\/linda-boyte\/#\/schema\/logo\/image\/","url":"https:\/\/aapars.com\/linda-boyte\/files\/2021\/05\/logo-aapars-@2x.png","contentUrl":"https:\/\/aapars.com\/linda-boyte\/files\/2021\/05\/logo-aapars-@2x.png","width":560,"height":306,"caption":"Linda Boyte"},"image":{"@id":"https:\/\/aapars.com\/linda-boyte\/#\/schema\/logo\/image\/"}}]}},"_links":{"self":[{"href":"https:\/\/aapars.com\/linda-boyte\/wp-json\/wp\/v2\/pages\/6","targetHints":{"allow":["GET"]}}],"collection":[{"href":"https:\/\/aapars.com\/linda-boyte\/wp-json\/wp\/v2\/pages"}],"about":[{"href":"https:\/\/aapars.com\/linda-boyte\/wp-json\/wp\/v2\/types\/page"}],"author":[{"embeddable":true,"href":"https:\/\/aapars.com\/linda-boyte\/wp-json\/wp\/v2\/users\/269"}],"replies":[{"embeddable":true,"href":"https:\/\/aapars.com\/linda-boyte\/wp-json\/wp\/v2\/comments?post=6"}],"version-history":[{"count":1,"href":"https:\/\/aapars.com\/linda-boyte\/wp-json\/wp\/v2\/pages\/6\/revisions"}],"predecessor-version":[{"id":269,"href":"https:\/\/aapars.com\/linda-boyte\/wp-json\/wp\/v2\/pages\/6\/revisions\/269"}],"wp:attachment":[{"href":"https:\/\/aapars.com\/linda-boyte\/wp-json\/wp\/v2\/media?parent=6"}],"curies":[{"name":"wp","href":"https:\/\/api.w.org\/{rel}","templated":true}]}}