{"id":2,"date":"2010-10-03T05:11:36","date_gmt":"2010-10-03T09:11:36","guid":{"rendered":"https:\/\/aapars.com\/jacques-landry\/?page_id=2"},"modified":"2024-03-25T11:16:17","modified_gmt":"2024-03-25T15:16:17","slug":"accueil","status":"publish","type":"page","link":"https:\/\/aapars.com\/liliane-monette\/","title":{"rendered":"Liliane Monette"},"content":{"rendered":"<p><img loading=\"lazy\" decoding=\"async\" class=\"alignnone wp-image-289\" src=\"https:\/\/aapars.com\/liliane-monette\/files\/2023\/03\/Liliane-Monette2023-535x516.jpg\" alt=\"\" width=\"296\" height=\"285\" srcset=\"https:\/\/aapars.com\/liliane-monette\/files\/2023\/03\/Liliane-Monette2023-535x516.jpg 535w, https:\/\/aapars.com\/liliane-monette\/files\/2023\/03\/Liliane-Monette2023-1024x987.jpg 1024w, https:\/\/aapars.com\/liliane-monette\/files\/2023\/03\/Liliane-Monette2023-768x740.jpg 768w, https:\/\/aapars.com\/liliane-monette\/files\/2023\/03\/Liliane-Monette2023.jpg 1029w\" sizes=\"auto, (max-width: 296px) 100vw, 296px\" \/><\/p>\n\n<table id=\"tablepress-1\" class=\"tablepress tablepress-id-1\">\n<tbody class=\"row-striping\">\n<tr class=\"row-1\">\n\t<td class=\"column-1\">Technique :<\/td><td class=\"column-2\">Aquarelle et acrylique<\/td>\n<\/tr>\n<tr class=\"row-2\">\n\t<td class=\"column-1\">Affiliations professionelles :<\/td><td class=\"column-2\">AAPARS et CAPSH<br \/>\n<\/td>\n<\/tr>\n<tr class=\"row-3\">\n\t<td class=\"column-1\">T\u00e9l\u00e9phone :<\/td><td class=\"column-2\">579-720-6890<\/td>\n<\/tr>\n<tr class=\"row-4\">\n\t<td class=\"column-1\">Courriel :<\/td><td class=\"column-2\">lmonette@videotron.ca<\/td>\n<\/tr>\n<tr class=\"row-5\">\n\t<td class=\"column-1\">Site Internet :<\/td><td class=\"column-2\">http:\/\/lilianemonette.art<\/td>\n<\/tr>\n<\/tbody>\n<\/table>\n\n<h2>D\u00e9marche<\/h2>\n<p>Peintre aquarelliste, je cr\u00e9e mes \u0153uvres en peignant directement \u00e0 l\u2019ext\u00e9rieur ou \u00e0 partir de mes photos. Depuis l\u2019adolescence, j\u2019ai peints \u00e0 l\u2019huile et \u00e0 l\u2019acrylique mais en 1986, c\u2019est un atelier avec l\u2019aquarelliste Jacques H\u00e9bert qui me donne un v\u00e9ritable coup de foudre pour ce merveilleux m\u00e9dium. Quelle d\u00e9couverte ! Voir le pigment r\u00e9agir avec l\u2019eau sur du papier de coton, cr\u00e9er des contrastes, des profondeurs, perdre le contr\u00f4le, s\u2019abandonner pour finalement voir appara\u00eetre comme par magie un \u00e9quilibre et une harmonie. L\u2019aquarelle me surprend et m\u2019\u00e9merveille encore, c\u2019est toujours une aventure. Paysages, portraits, natures mortes sont des sujets qui t\u00e9moignent de mon besoin de diversit\u00e9s et de libert\u00e9 d\u2019approche.<\/p>\n<h2>Formation<\/h2>\n\n<table id=\"tablepress-2\" class=\"tablepress tablepress-id-2\">\n<thead>\n<tr class=\"row-1\">\n\t<th class=\"column-1\">1980-1981<\/th><th class=\"column-2\">Universit\u00e9 du Qu\u00e9bec \u00e0 Montr\u00e9al<\/th><th class=\"column-3\">Cours au Certificat en peinture<\/th>\n<\/tr>\n<\/thead>\n<tbody class=\"row-striping\">\n<tr class=\"row-2\">\n\t<td class=\"column-1\">1982-1986<\/td><td class=\"column-2\">Cegep Ahuntsic <\/td><td class=\"column-3\">Cours en Arts graphiques<\/td>\n<\/tr>\n<tr class=\"row-3\">\n\t<td class=\"column-1\">1989-1992<\/td><td class=\"column-2\">Cegep Rosemont<\/td><td class=\"column-3\">Aquarelle, dessin, portrait<\/td>\n<\/tr>\n<tr class=\"row-4\">\n\t<td class=\"column-1\">1990<\/td><td class=\"column-2\">Universit\u00e9 de Montr\u00e9al<\/td><td class=\"column-3\">Cours en cin\u00e9ma<\/td>\n<\/tr>\n<tr class=\"row-5\">\n\t<td class=\"column-1\">1986-1987<\/td><td class=\"column-2\">Jacques H\u00e9bert, SCA<\/td><td class=\"column-3\">Cours d\u2019aquarelle <\/td>\n<\/tr>\n<tr class=\"row-6\">\n\t<td class=\"column-1\">2004 \u00e0 2006<\/td><td class=\"column-2\">\u00c9cole du Plateau (Montr\u00e9al)<\/td><td class=\"column-3\">Cours d\u2019aquarelle<\/td>\n<\/tr>\n<tr class=\"row-7\">\n\t<td class=\"column-1\">1992<\/td><td class=\"column-2\">Johanne Nash <\/td><td class=\"column-3\">Cours d\u2019aquarelle<\/td>\n<\/tr>\n<tr class=\"row-8\">\n\t<td class=\"column-1\">2005-2006<\/td><td class=\"column-2\">Carmen Coulombe <\/td><td class=\"column-3\">Cours d\u2019aquarelle<\/td>\n<\/tr>\n<tr class=\"row-9\">\n\t<td class=\"column-1\">2009-2011<\/td><td class=\"column-2\">Jos\u00e9e Perreault <\/td><td class=\"column-3\">Cours d\u2019aquarelle et stage en Corse<\/td>\n<\/tr>\n<\/tbody>\n<\/table>\n\n<h2>Expositions<\/h2>\n\n<table id=\"tablepress-3\" class=\"tablepress tablepress-id-3\">\n<thead>\n<tr class=\"row-1\">\n\t<th class=\"column-1\">Individuelle<\/th><th class=\"column-2\">Nom<\/th><th class=\"column-3\">Endroit<\/th>\n<\/tr>\n<\/thead>\n<tbody class=\"row-striping\">\n<tr class=\"row-2\">\n\t<td class=\"column-1\">1994<\/td><td class=\"column-2\">R\u00eave et r\u00e9alit\u00e9<\/td><td class=\"column-3\">Caf\u00e9 Second Cup, Mtl<\/td>\n<\/tr>\n<tr class=\"row-3\">\n\t<td class=\"column-1\">1997<\/td><td class=\"column-2\">Transpararence<\/td><td class=\"column-3\">T\u00e9l\u00e9-Qu\u00e9bec, Mtl<\/td>\n<\/tr>\n<tr class=\"row-4\">\n\t<td class=\"column-1\">2011<\/td><td class=\"column-2\">Exposition<\/td><td class=\"column-3\">\u00c9difice Blu rivage, Longueuil<\/td>\n<\/tr>\n<tr class=\"row-5\">\n\t<td class=\"column-1\">2022<\/td><td class=\"column-2\">Douceur et lumi\u00e8re<\/td><td class=\"column-3\">Ville de Saint-Lambert<\/td>\n<\/tr>\n<tr class=\"row-6\">\n\t<td class=\"column-1\">Collectives<\/td><td class=\"column-2\">Nom<\/td><td class=\"column-3\">Endroit<\/td>\n<\/tr>\n<tr class=\"row-7\">\n\t<td class=\"column-1\">2009<\/td><td class=\"column-2\">Groupe des peintres<\/td><td class=\"column-3\">Village Olympique<\/td>\n<\/tr>\n<tr class=\"row-8\">\n\t<td class=\"column-1\">2009<\/td><td class=\"column-2\">Festival des artisans<\/td><td class=\"column-3\">Sainte-Marcelline<\/td>\n<\/tr>\n<tr class=\"row-9\">\n\t<td class=\"column-1\">2009 \u00e0 2018<\/td><td class=\"column-2\">Salon des artisans<\/td><td class=\"column-3\">T\u00e9l\u00e9-Qu\u00e9bec, Mtl<\/td>\n<\/tr>\n<tr class=\"row-10\">\n\t<td class=\"column-1\">2016-2017-2018<\/td><td class=\"column-2\">Salon de No\u00ebl<\/td><td class=\"column-3\">Lanoraie<\/td>\n<\/tr>\n<tr class=\"row-11\">\n\t<td class=\"column-1\">2017-2018-2019<\/td><td class=\"column-2\">CAPSH, symposiums<\/td><td class=\"column-3\">Saint-Hubert<\/td>\n<\/tr>\n<tr class=\"row-12\">\n\t<td class=\"column-1\">2017 \u00e0 2022<\/td><td class=\"column-2\">CAPSH<\/td><td class=\"column-3\">Longueuil et Saint-Hubert<\/td>\n<\/tr>\n<tr class=\"row-13\">\n\t<td class=\"column-1\">2013 \u00e0 2019<\/td><td class=\"column-2\">Artistes du CCAAL<\/td><td class=\"column-3\">Longueuil<\/td>\n<\/tr>\n<tr class=\"row-14\">\n\t<td class=\"column-1\">2022<\/td><td class=\"column-2\">Manoir St-Bruno, Ass des propri\u00e9taires<\/td><td class=\"column-3\">St-Bruno<\/td>\n<\/tr>\n<tr class=\"row-15\">\n\t<td class=\"column-1\">2023<\/td><td class=\"column-2\">AAPARS<\/td><td class=\"column-3\">Expositions en groupe<\/td>\n<\/tr>\n<\/tbody>\n<\/table>\n\n<h2>Galeries<\/h2>\n\n<table id=\"tablepress-4\" class=\"tablepress tablepress-id-4\">\n<thead>\n<tr class=\"row-1\">\n\t<th class=\"column-1\">Nom de la galerie<\/th><th class=\"column-2\">Lieu<\/th>\n<\/tr>\n<\/thead>\n<tbody class=\"row-striping\">\n<\/tbody>\n<\/table>\n\n<h2>Reconnaissances<\/h2>\n\n<table id=\"tablepress-5\" class=\"tablepress tablepress-id-5\">\n<thead>\n<tr class=\"row-1\">\n\t<th class=\"column-1\">Ann\u00e9e<\/th><th class=\"column-2\">Nom<\/th><th class=\"column-3\">Endroit de remise<\/th>\n<\/tr>\n<\/thead>\n<tbody class=\"row-striping\">\n<tr class=\"row-2\">\n\t<td class=\"column-1\"><\/td><td class=\"column-2\"><\/td><td class=\"column-3\"><\/td>\n<\/tr>\n<\/tbody>\n<\/table>\n\n<h2>Collections<\/h2>\n\n<table id=\"tablepress-6\" class=\"tablepress tablepress-id-6\">\n<thead>\n<tr class=\"row-1\">\n\t<th class=\"column-1\">Cat\u00e9gorie<\/th><th class=\"column-2\">Nom du lieu<\/th><th class=\"column-3\">Ville<\/th>\n<\/tr>\n<\/thead>\n<tbody class=\"row-striping\">\n<\/tbody>\n<\/table>\n\n<h2>M\u00e9dias<\/h2>\n\n<table id=\"tablepress-7\" class=\"tablepress tablepress-id-7\">\n<thead>\n<tr class=\"row-1\">\n\t<th class=\"column-1\">Ann\u00e9e<\/th><th class=\"column-2\">Titre<\/th><th class=\"column-3\">Auteur<\/th><th class=\"column-4\">Source<\/th>\n<\/tr>\n<\/thead>\n<tbody class=\"row-striping\">\n<tr class=\"row-2\">\n\t<td class=\"column-1\">2020<\/td><td class=\"column-2\">T\u00e9l\u00e9vision Rive-Sud<\/td><td class=\"column-3\">Entrevue<\/td><td class=\"column-4\"><\/td>\n<\/tr>\n<\/tbody>\n<\/table>\n\n<h2>&nbsp;<\/h2>\n<p>&nbsp;<\/p>\n","protected":false},"excerpt":{"rendered":"<p>D\u00e9marche Peintre aquarelliste, je cr\u00e9e mes \u0153uvres en peignant directement \u00e0 l\u2019ext\u00e9rieur ou \u00e0 partir de mes photos. Depuis l\u2019adolescence, j\u2019ai peints \u00e0 l\u2019huile et \u00e0 l\u2019acrylique mais en 1986, c\u2019est un atelier avec l\u2019aquarelliste Jacques H\u00e9bert qui me donne un v\u00e9ritable coup de foudre pour ce merveilleux m\u00e9dium. Quelle d\u00e9couverte ! Voir le pigment &#8230; <\/p>\n<p class=\"read-more-container\"><a title=\"Liliane Monette\" class=\"read-more button\" href=\"https:\/\/aapars.com\/liliane-monette\/#more-2\" aria-label=\"En savoir plus sur Liliane Monette\">Lire plus<\/a><\/p>\n","protected":false},"author":3601,"featured_media":0,"parent":0,"menu_order":0,"comment_status":"closed","ping_status":"closed","template":"","meta":{"_s2mail":"yes","ngg_post_thumbnail":0,"iawp_total_views":116,"footnotes":""},"class_list":["post-2","page","type-page","status-publish"],"yoast_head":"<!-- This site is optimized with the Yoast SEO plugin v27.3 - https:\/\/yoast.com\/product\/yoast-seo-wordpress\/ -->\n<title>Liliane Monette | Un site de la galerie virtuelle de l&#039;AAPARS<\/title>\n<meta name=\"description\" content=\"D\u00e9marche Peintre aquarelliste, je cr\u00e9e mes \u0153uvres en peignant directement \u00e0 l\u2019ext\u00e9rieur ou \u00e0 partir de mes photos. Depuis l\u2019adolescence, j\u2019ai peints \u00e0\" \/>\n<meta name=\"robots\" content=\"index, follow, max-snippet:-1, max-image-preview:large, max-video-preview:-1\" \/>\n<link rel=\"canonical\" href=\"https:\/\/aapars.com\/liliane-monette\/\" \/>\n<meta property=\"og:locale\" content=\"fr_FR\" \/>\n<meta property=\"og:type\" content=\"article\" \/>\n<meta property=\"og:title\" content=\"Liliane Monette | Un site de la galerie virtuelle de l&#039;AAPARS\" \/>\n<meta property=\"og:description\" content=\"D\u00e9marche Peintre aquarelliste, je cr\u00e9e mes \u0153uvres en peignant directement \u00e0 l\u2019ext\u00e9rieur ou \u00e0 partir de mes photos. Depuis l\u2019adolescence, j\u2019ai peints \u00e0\" \/>\n<meta property=\"og:url\" content=\"https:\/\/aapars.com\/liliane-monette\/\" \/>\n<meta property=\"og:site_name\" content=\"Liliane Monette\" \/>\n<meta property=\"article:modified_time\" content=\"2024-03-25T15:16:17+00:00\" \/>\n<meta property=\"og:image\" content=\"https:\/\/aapars.com\/liliane-monette\/files\/2023\/03\/Liliane-Monette2023-535x516.jpg\" \/>\n<meta name=\"twitter:label1\" content=\"Dur\u00e9e de lecture estim\u00e9e\" \/>\n\t<meta name=\"twitter:data1\" content=\"1 minute\" \/>\n<script type=\"application\/ld+json\" class=\"yoast-schema-graph\">{\"@context\":\"https:\\\/\\\/schema.org\",\"@graph\":[{\"@type\":\"WebPage\",\"@id\":\"https:\\\/\\\/aapars.com\\\/liliane-monette\\\/\",\"url\":\"https:\\\/\\\/aapars.com\\\/liliane-monette\\\/\",\"name\":\"Liliane Monette | Un site de la galerie virtuelle de l&#039;AAPARS\",\"isPartOf\":{\"@id\":\"https:\\\/\\\/aapars.com\\\/liliane-monette\\\/#website\"},\"primaryImageOfPage\":{\"@id\":\"https:\\\/\\\/aapars.com\\\/liliane-monette\\\/#primaryimage\"},\"image\":{\"@id\":\"https:\\\/\\\/aapars.com\\\/liliane-monette\\\/#primaryimage\"},\"thumbnailUrl\":\"https:\\\/\\\/aapars.com\\\/liliane-monette\\\/files\\\/2023\\\/03\\\/Liliane-Monette2023-535x516.jpg\",\"datePublished\":\"2010-10-03T09:11:36+00:00\",\"dateModified\":\"2024-03-25T15:16:17+00:00\",\"description\":\"D\u00e9marche Peintre aquarelliste, je cr\u00e9e mes \u0153uvres en peignant directement \u00e0 l\u2019ext\u00e9rieur ou \u00e0 partir de mes photos. Depuis l\u2019adolescence, j\u2019ai peints \u00e0\",\"breadcrumb\":{\"@id\":\"https:\\\/\\\/aapars.com\\\/liliane-monette\\\/#breadcrumb\"},\"inLanguage\":\"fr-FR\",\"potentialAction\":[{\"@type\":\"ReadAction\",\"target\":[\"https:\\\/\\\/aapars.com\\\/liliane-monette\\\/\"]}]},{\"@type\":\"ImageObject\",\"inLanguage\":\"fr-FR\",\"@id\":\"https:\\\/\\\/aapars.com\\\/liliane-monette\\\/#primaryimage\",\"url\":\"https:\\\/\\\/aapars.com\\\/liliane-monette\\\/files\\\/2023\\\/03\\\/Liliane-Monette2023.jpg\",\"contentUrl\":\"https:\\\/\\\/aapars.com\\\/liliane-monette\\\/files\\\/2023\\\/03\\\/Liliane-Monette2023.jpg\",\"width\":1029,\"height\":992},{\"@type\":\"BreadcrumbList\",\"@id\":\"https:\\\/\\\/aapars.com\\\/liliane-monette\\\/#breadcrumb\",\"itemListElement\":[{\"@type\":\"ListItem\",\"position\":1,\"name\":\"Accueil\",\"item\":\"https:\\\/\\\/aapars.com\\\/liliane-monette\\\/\"},{\"@type\":\"ListItem\",\"position\":2,\"name\":\"Liliane Monette\"}]},{\"@type\":\"WebSite\",\"@id\":\"https:\\\/\\\/aapars.com\\\/liliane-monette\\\/#website\",\"url\":\"https:\\\/\\\/aapars.com\\\/liliane-monette\\\/\",\"name\":\"Liliane Monette\",\"description\":\"Un site de la galerie virtuelle de l&#039;AAPARS\",\"publisher\":{\"@id\":\"https:\\\/\\\/aapars.com\\\/liliane-monette\\\/#\\\/schema\\\/person\\\/67e727643cc38d6d0d58bde5c504a2f5\"},\"potentialAction\":[{\"@type\":\"SearchAction\",\"target\":{\"@type\":\"EntryPoint\",\"urlTemplate\":\"https:\\\/\\\/aapars.com\\\/liliane-monette\\\/?s={search_term_string}\"},\"query-input\":{\"@type\":\"PropertyValueSpecification\",\"valueRequired\":true,\"valueName\":\"search_term_string\"}}],\"inLanguage\":\"fr-FR\"},{\"@type\":[\"Person\",\"Organization\"],\"@id\":\"https:\\\/\\\/aapars.com\\\/liliane-monette\\\/#\\\/schema\\\/person\\\/67e727643cc38d6d0d58bde5c504a2f5\",\"name\":\"Jean Test\",\"image\":{\"@type\":\"ImageObject\",\"inLanguage\":\"fr-FR\",\"@id\":\"https:\\\/\\\/aapars.com\\\/liliane-monette\\\/files\\\/2012\\\/04\\\/logo-aapars-@2x.png\",\"url\":\"https:\\\/\\\/aapars.com\\\/liliane-monette\\\/files\\\/2012\\\/04\\\/logo-aapars-@2x.png\",\"contentUrl\":\"https:\\\/\\\/aapars.com\\\/liliane-monette\\\/files\\\/2012\\\/04\\\/logo-aapars-@2x.png\",\"width\":560,\"height\":306,\"caption\":\"Jean Test\"},\"logo\":{\"@id\":\"https:\\\/\\\/aapars.com\\\/liliane-monette\\\/files\\\/2012\\\/04\\\/logo-aapars-@2x.png\"}}]}<\/script>\n<!-- \/ Yoast SEO plugin. -->","yoast_head_json":{"title":"Liliane Monette | Un site de la galerie virtuelle de l&#039;AAPARS","description":"D\u00e9marche Peintre aquarelliste, je cr\u00e9e mes \u0153uvres en peignant directement \u00e0 l\u2019ext\u00e9rieur ou \u00e0 partir de mes photos. Depuis l\u2019adolescence, j\u2019ai peints \u00e0","robots":{"index":"index","follow":"follow","max-snippet":"max-snippet:-1","max-image-preview":"max-image-preview:large","max-video-preview":"max-video-preview:-1"},"canonical":"https:\/\/aapars.com\/liliane-monette\/","og_locale":"fr_FR","og_type":"article","og_title":"Liliane Monette | Un site de la galerie virtuelle de l&#039;AAPARS","og_description":"D\u00e9marche Peintre aquarelliste, je cr\u00e9e mes \u0153uvres en peignant directement \u00e0 l\u2019ext\u00e9rieur ou \u00e0 partir de mes photos. Depuis l\u2019adolescence, j\u2019ai peints \u00e0","og_url":"https:\/\/aapars.com\/liliane-monette\/","og_site_name":"Liliane Monette","article_modified_time":"2024-03-25T15:16:17+00:00","og_image":[{"url":"https:\/\/aapars.com\/liliane-monette\/files\/2023\/03\/Liliane-Monette2023-535x516.jpg","type":"","width":"","height":""}],"twitter_misc":{"Dur\u00e9e de lecture estim\u00e9e":"1 minute"},"schema":{"@context":"https:\/\/schema.org","@graph":[{"@type":"WebPage","@id":"https:\/\/aapars.com\/liliane-monette\/","url":"https:\/\/aapars.com\/liliane-monette\/","name":"Liliane Monette | Un site de la galerie virtuelle de l&#039;AAPARS","isPartOf":{"@id":"https:\/\/aapars.com\/liliane-monette\/#website"},"primaryImageOfPage":{"@id":"https:\/\/aapars.com\/liliane-monette\/#primaryimage"},"image":{"@id":"https:\/\/aapars.com\/liliane-monette\/#primaryimage"},"thumbnailUrl":"https:\/\/aapars.com\/liliane-monette\/files\/2023\/03\/Liliane-Monette2023-535x516.jpg","datePublished":"2010-10-03T09:11:36+00:00","dateModified":"2024-03-25T15:16:17+00:00","description":"D\u00e9marche Peintre aquarelliste, je cr\u00e9e mes \u0153uvres en peignant directement \u00e0 l\u2019ext\u00e9rieur ou \u00e0 partir de mes photos. Depuis l\u2019adolescence, j\u2019ai peints \u00e0","breadcrumb":{"@id":"https:\/\/aapars.com\/liliane-monette\/#breadcrumb"},"inLanguage":"fr-FR","potentialAction":[{"@type":"ReadAction","target":["https:\/\/aapars.com\/liliane-monette\/"]}]},{"@type":"ImageObject","inLanguage":"fr-FR","@id":"https:\/\/aapars.com\/liliane-monette\/#primaryimage","url":"https:\/\/aapars.com\/liliane-monette\/files\/2023\/03\/Liliane-Monette2023.jpg","contentUrl":"https:\/\/aapars.com\/liliane-monette\/files\/2023\/03\/Liliane-Monette2023.jpg","width":1029,"height":992},{"@type":"BreadcrumbList","@id":"https:\/\/aapars.com\/liliane-monette\/#breadcrumb","itemListElement":[{"@type":"ListItem","position":1,"name":"Accueil","item":"https:\/\/aapars.com\/liliane-monette\/"},{"@type":"ListItem","position":2,"name":"Liliane Monette"}]},{"@type":"WebSite","@id":"https:\/\/aapars.com\/liliane-monette\/#website","url":"https:\/\/aapars.com\/liliane-monette\/","name":"Liliane Monette","description":"Un site de la galerie virtuelle de l&#039;AAPARS","publisher":{"@id":"https:\/\/aapars.com\/liliane-monette\/#\/schema\/person\/67e727643cc38d6d0d58bde5c504a2f5"},"potentialAction":[{"@type":"SearchAction","target":{"@type":"EntryPoint","urlTemplate":"https:\/\/aapars.com\/liliane-monette\/?s={search_term_string}"},"query-input":{"@type":"PropertyValueSpecification","valueRequired":true,"valueName":"search_term_string"}}],"inLanguage":"fr-FR"},{"@type":["Person","Organization"],"@id":"https:\/\/aapars.com\/liliane-monette\/#\/schema\/person\/67e727643cc38d6d0d58bde5c504a2f5","name":"Jean Test","image":{"@type":"ImageObject","inLanguage":"fr-FR","@id":"https:\/\/aapars.com\/liliane-monette\/files\/2012\/04\/logo-aapars-@2x.png","url":"https:\/\/aapars.com\/liliane-monette\/files\/2012\/04\/logo-aapars-@2x.png","contentUrl":"https:\/\/aapars.com\/liliane-monette\/files\/2012\/04\/logo-aapars-@2x.png","width":560,"height":306,"caption":"Jean Test"},"logo":{"@id":"https:\/\/aapars.com\/liliane-monette\/files\/2012\/04\/logo-aapars-@2x.png"}}]}},"_links":{"self":[{"href":"https:\/\/aapars.com\/liliane-monette\/wp-json\/wp\/v2\/pages\/2","targetHints":{"allow":["GET"]}}],"collection":[{"href":"https:\/\/aapars.com\/liliane-monette\/wp-json\/wp\/v2\/pages"}],"about":[{"href":"https:\/\/aapars.com\/liliane-monette\/wp-json\/wp\/v2\/types\/page"}],"author":[{"embeddable":true,"href":"https:\/\/aapars.com\/liliane-monette\/wp-json\/wp\/v2\/users\/3601"}],"replies":[{"embeddable":true,"href":"https:\/\/aapars.com\/liliane-monette\/wp-json\/wp\/v2\/comments?post=2"}],"version-history":[{"count":4,"href":"https:\/\/aapars.com\/liliane-monette\/wp-json\/wp\/v2\/pages\/2\/revisions"}],"predecessor-version":[{"id":403,"href":"https:\/\/aapars.com\/liliane-monette\/wp-json\/wp\/v2\/pages\/2\/revisions\/403"}],"wp:attachment":[{"href":"https:\/\/aapars.com\/liliane-monette\/wp-json\/wp\/v2\/media?parent=2"}],"curies":[{"name":"wp","href":"https:\/\/api.w.org\/{rel}","templated":true}]}}