{"id":31,"date":"2010-10-03T14:04:32","date_gmt":"2010-10-03T18:04:32","guid":{"rendered":"https:\/\/aapars.com\/site-gabarit\/"},"modified":"2025-07-19T08:20:07","modified_gmt":"2025-07-19T12:20:07","slug":"portfolio","status":"publish","type":"page","link":"https:\/\/aapars.com\/karine-cote\/portfolio\/","title":{"rendered":"Portfolio"},"content":{"rendered":"<h2>Acrylique<\/h2>\nngg_shortcode_0_placeholder\n<h2>Pastels et Crayons<\/h2>\nngg_shortcode_1_placeholder\n<h2>Encre<\/h2>\nngg_shortcode_2_placeholder\n<h2>Aquarelle<\/h2>\nngg_shortcode_3_placeholder\n","protected":false},"excerpt":{"rendered":"<p>Acrylique Pastels et Crayons Encre Aquarelle<\/p>\n","protected":false},"author":4385,"featured_media":0,"parent":0,"menu_order":1,"comment_status":"closed","ping_status":"closed","template":"","meta":{"_s2mail":"yes","ngg_post_thumbnail":0,"iawp_total_views":33,"footnotes":""},"class_list":["post-31","page","type-page","status-publish"],"yoast_head":"<!-- This site is optimized with the Yoast SEO plugin v27.3 - https:\/\/yoast.com\/product\/yoast-seo-wordpress\/ -->\n<title>Portfolio | Karine C\u00f4t\u00e9 | Un site de la galerie virtuelle de l&#039;AAPARS<\/title>\n<meta name=\"description\" content=\"Acrylique  Pastels et Crayons  Encre  Aquarelle\" \/>\n<meta name=\"robots\" content=\"index, follow, max-snippet:-1, max-image-preview:large, max-video-preview:-1\" \/>\n<link rel=\"canonical\" href=\"https:\/\/aapars.com\/karine-cote\/portfolio\/\" \/>\n<meta property=\"og:locale\" content=\"fr_FR\" \/>\n<meta property=\"og:type\" content=\"article\" \/>\n<meta property=\"og:title\" content=\"Portfolio | Karine C\u00f4t\u00e9 | Un site de la galerie virtuelle de l&#039;AAPARS\" \/>\n<meta property=\"og:description\" content=\"Acrylique  Pastels et Crayons  Encre  Aquarelle\" \/>\n<meta property=\"og:url\" content=\"https:\/\/aapars.com\/karine-cote\/portfolio\/\" \/>\n<meta property=\"og:site_name\" content=\"Karine C\u00f4t\u00e9\" \/>\n<meta property=\"article:modified_time\" content=\"2025-07-19T12:20:07+00:00\" \/>\n<meta name=\"twitter:label1\" content=\"Dur\u00e9e de lecture estim\u00e9e\" \/>\n\t<meta name=\"twitter:data1\" content=\"1 minute\" \/>\n<script type=\"application\/ld+json\" class=\"yoast-schema-graph\">{\"@context\":\"https:\\\/\\\/schema.org\",\"@graph\":[{\"@type\":\"WebPage\",\"@id\":\"https:\\\/\\\/aapars.com\\\/karine-cote\\\/portfolio\\\/\",\"url\":\"https:\\\/\\\/aapars.com\\\/karine-cote\\\/portfolio\\\/\",\"name\":\"Portfolio | Karine C\u00f4t\u00e9 | Un site de la galerie virtuelle de l&#039;AAPARS\",\"isPartOf\":{\"@id\":\"https:\\\/\\\/aapars.com\\\/karine-cote\\\/#website\"},\"datePublished\":\"2010-10-03T18:04:32+00:00\",\"dateModified\":\"2025-07-19T12:20:07+00:00\",\"description\":\"Acrylique Pastels et Crayons Encre Aquarelle\",\"breadcrumb\":{\"@id\":\"https:\\\/\\\/aapars.com\\\/karine-cote\\\/portfolio\\\/#breadcrumb\"},\"inLanguage\":\"fr-FR\",\"potentialAction\":[{\"@type\":\"ReadAction\",\"target\":[\"https:\\\/\\\/aapars.com\\\/karine-cote\\\/portfolio\\\/\"]}]},{\"@type\":\"BreadcrumbList\",\"@id\":\"https:\\\/\\\/aapars.com\\\/karine-cote\\\/portfolio\\\/#breadcrumb\",\"itemListElement\":[{\"@type\":\"ListItem\",\"position\":1,\"name\":\"Accueil\",\"item\":\"https:\\\/\\\/aapars.com\\\/karine-cote\\\/\"},{\"@type\":\"ListItem\",\"position\":2,\"name\":\"Portfolio\"}]},{\"@type\":\"WebSite\",\"@id\":\"https:\\\/\\\/aapars.com\\\/karine-cote\\\/#website\",\"url\":\"https:\\\/\\\/aapars.com\\\/karine-cote\\\/\",\"name\":\"Karine C\u00f4t\u00e9\",\"description\":\"Un site de la galerie virtuelle de l&#039;AAPARS\",\"publisher\":{\"@id\":\"https:\\\/\\\/aapars.com\\\/karine-cote\\\/#\\\/schema\\\/person\\\/67e727643cc38d6d0d58bde5c504a2f5\"},\"potentialAction\":[{\"@type\":\"SearchAction\",\"target\":{\"@type\":\"EntryPoint\",\"urlTemplate\":\"https:\\\/\\\/aapars.com\\\/karine-cote\\\/?s={search_term_string}\"},\"query-input\":{\"@type\":\"PropertyValueSpecification\",\"valueRequired\":true,\"valueName\":\"search_term_string\"}}],\"inLanguage\":\"fr-FR\"},{\"@type\":[\"Person\",\"Organization\"],\"@id\":\"https:\\\/\\\/aapars.com\\\/karine-cote\\\/#\\\/schema\\\/person\\\/67e727643cc38d6d0d58bde5c504a2f5\",\"name\":\"Jean Test\",\"image\":{\"@type\":\"ImageObject\",\"inLanguage\":\"fr-FR\",\"@id\":\"https:\\\/\\\/aapars.com\\\/karine-cote\\\/files\\\/2025\\\/07\\\/logo-aapars-@2x.png\",\"url\":\"https:\\\/\\\/aapars.com\\\/karine-cote\\\/files\\\/2025\\\/07\\\/logo-aapars-@2x.png\",\"contentUrl\":\"https:\\\/\\\/aapars.com\\\/karine-cote\\\/files\\\/2025\\\/07\\\/logo-aapars-@2x.png\",\"width\":560,\"height\":306,\"caption\":\"Jean Test\"},\"logo\":{\"@id\":\"https:\\\/\\\/aapars.com\\\/karine-cote\\\/files\\\/2025\\\/07\\\/logo-aapars-@2x.png\"}}]}<\/script>\n<!-- \/ Yoast SEO plugin. -->","yoast_head_json":{"title":"Portfolio | Karine C\u00f4t\u00e9 | Un site de la galerie virtuelle de l&#039;AAPARS","description":"Acrylique  Pastels et Crayons  Encre  Aquarelle","robots":{"index":"index","follow":"follow","max-snippet":"max-snippet:-1","max-image-preview":"max-image-preview:large","max-video-preview":"max-video-preview:-1"},"canonical":"https:\/\/aapars.com\/karine-cote\/portfolio\/","og_locale":"fr_FR","og_type":"article","og_title":"Portfolio | Karine C\u00f4t\u00e9 | Un site de la galerie virtuelle de l&#039;AAPARS","og_description":"Acrylique  Pastels et Crayons  Encre  Aquarelle","og_url":"https:\/\/aapars.com\/karine-cote\/portfolio\/","og_site_name":"Karine C\u00f4t\u00e9","article_modified_time":"2025-07-19T12:20:07+00:00","twitter_misc":{"Dur\u00e9e de lecture estim\u00e9e":"1 minute"},"schema":{"@context":"https:\/\/schema.org","@graph":[{"@type":"WebPage","@id":"https:\/\/aapars.com\/karine-cote\/portfolio\/","url":"https:\/\/aapars.com\/karine-cote\/portfolio\/","name":"Portfolio | Karine C\u00f4t\u00e9 | Un site de la galerie virtuelle de l&#039;AAPARS","isPartOf":{"@id":"https:\/\/aapars.com\/karine-cote\/#website"},"datePublished":"2010-10-03T18:04:32+00:00","dateModified":"2025-07-19T12:20:07+00:00","description":"Acrylique Pastels et Crayons Encre Aquarelle","breadcrumb":{"@id":"https:\/\/aapars.com\/karine-cote\/portfolio\/#breadcrumb"},"inLanguage":"fr-FR","potentialAction":[{"@type":"ReadAction","target":["https:\/\/aapars.com\/karine-cote\/portfolio\/"]}]},{"@type":"BreadcrumbList","@id":"https:\/\/aapars.com\/karine-cote\/portfolio\/#breadcrumb","itemListElement":[{"@type":"ListItem","position":1,"name":"Accueil","item":"https:\/\/aapars.com\/karine-cote\/"},{"@type":"ListItem","position":2,"name":"Portfolio"}]},{"@type":"WebSite","@id":"https:\/\/aapars.com\/karine-cote\/#website","url":"https:\/\/aapars.com\/karine-cote\/","name":"Karine C\u00f4t\u00e9","description":"Un site de la galerie virtuelle de l&#039;AAPARS","publisher":{"@id":"https:\/\/aapars.com\/karine-cote\/#\/schema\/person\/67e727643cc38d6d0d58bde5c504a2f5"},"potentialAction":[{"@type":"SearchAction","target":{"@type":"EntryPoint","urlTemplate":"https:\/\/aapars.com\/karine-cote\/?s={search_term_string}"},"query-input":{"@type":"PropertyValueSpecification","valueRequired":true,"valueName":"search_term_string"}}],"inLanguage":"fr-FR"},{"@type":["Person","Organization"],"@id":"https:\/\/aapars.com\/karine-cote\/#\/schema\/person\/67e727643cc38d6d0d58bde5c504a2f5","name":"Jean Test","image":{"@type":"ImageObject","inLanguage":"fr-FR","@id":"https:\/\/aapars.com\/karine-cote\/files\/2025\/07\/logo-aapars-@2x.png","url":"https:\/\/aapars.com\/karine-cote\/files\/2025\/07\/logo-aapars-@2x.png","contentUrl":"https:\/\/aapars.com\/karine-cote\/files\/2025\/07\/logo-aapars-@2x.png","width":560,"height":306,"caption":"Jean Test"},"logo":{"@id":"https:\/\/aapars.com\/karine-cote\/files\/2025\/07\/logo-aapars-@2x.png"}}]}},"_links":{"self":[{"href":"https:\/\/aapars.com\/karine-cote\/wp-json\/wp\/v2\/pages\/31","targetHints":{"allow":["GET"]}}],"collection":[{"href":"https:\/\/aapars.com\/karine-cote\/wp-json\/wp\/v2\/pages"}],"about":[{"href":"https:\/\/aapars.com\/karine-cote\/wp-json\/wp\/v2\/types\/page"}],"author":[{"embeddable":true,"href":"https:\/\/aapars.com\/karine-cote\/wp-json\/wp\/v2\/users\/4385"}],"replies":[{"embeddable":true,"href":"https:\/\/aapars.com\/karine-cote\/wp-json\/wp\/v2\/comments?post=31"}],"version-history":[{"count":5,"href":"https:\/\/aapars.com\/karine-cote\/wp-json\/wp\/v2\/pages\/31\/revisions"}],"predecessor-version":[{"id":481,"href":"https:\/\/aapars.com\/karine-cote\/wp-json\/wp\/v2\/pages\/31\/revisions\/481"}],"wp:attachment":[{"href":"https:\/\/aapars.com\/karine-cote\/wp-json\/wp\/v2\/media?parent=31"}],"curies":[{"name":"wp","href":"https:\/\/api.w.org\/{rel}","templated":true}]}}