{"id":30,"date":"2010-10-03T05:11:36","date_gmt":"2010-10-03T05:11:36","guid":{"rendered":"https:\/\/aapars.com\/jacques-landry\/?page_id=2"},"modified":"2025-07-11T15:45:49","modified_gmt":"2025-07-11T19:45:49","slug":"accueil","status":"publish","type":"page","link":"https:\/\/aapars.com\/karine-cote\/","title":{"rendered":"Karine C\u00f4t\u00e9"},"content":{"rendered":"<p><a href=\"https:\/\/aapars.com\/site-gabarit\/files\/2010\/10\/user-icon-e1286135502728.png\"><img loading=\"lazy\" decoding=\"async\" class=\"alignnone size-medium wp-image-323\" src=\"https:\/\/aapars.com\/karine-cote\/files\/2025\/07\/Photo-Profil-229x300.png\" alt=\"Karine C\u00f4t\u00e9\" width=\"229\" height=\"300\"><\/a><\/p>\n\n<table id=\"tablepress-1\" class=\"tablepress tablepress-id-1\">\n<tbody class=\"row-striping\">\n<tr class=\"row-1\">\n\t<td class=\"column-1\">Technique :<\/td><td class=\"column-2\">Mixte, Acrylique<\/td>\n<\/tr>\n<tr class=\"row-2\">\n\t<td class=\"column-1\">Affiliations professionelles :<\/td><td class=\"column-2\">AAPARS, FCA<\/td>\n<\/tr>\n<tr class=\"row-3\">\n\t<td class=\"column-1\">T\u00e9l\u00e9phone :<\/td><td class=\"column-2\">514-294-4002<\/td>\n<\/tr>\n<tr class=\"row-4\">\n\t<td class=\"column-1\">Courriel :<\/td><td class=\"column-2\"><a href=\"mailto:info@imageskcart.ca\" target=\"_blank\">info@imageskcart.ca<\/a><\/td>\n<\/tr>\n<tr class=\"row-5\">\n\t<td class=\"column-1\">Site Internet :<\/td><td class=\"column-2\"><a href=\"http:\/\/www.imageskcart.ca\" target=\"_blank\">Images KC Art<\/a><\/td>\n<\/tr>\n<\/tbody>\n<\/table>\n<!-- #tablepress-1 from cache -->\n<h2>D\u00e9marche<\/h2>\n<p>Autodidacte depuis 1987, mon parcours artistique s&#8217;est construit au fil des exp\u00e9riences, des d\u00e9couvertes et des \u00e9motions qui jalonnent ma vie. L&#8217;art est devenu pour moi bien plus&nbsp;qu&#8217;une passion : c&#8217;est un langage universel qui me permet de canaliser mes \u00e9motions les plus profondes et de les transformer en \u0153uvres qui touchent et interpellent.<\/p>\n<p>Ma pratique artistique navigue librement entre le r\u00e9alisme et l&#8217;abstrait, car je crois fermement que l&#8217;\u00e9motion ne se limite pas \u00e0 un seul style. Parfois, c&#8217;est la pr\u00e9cision du trait r\u00e9aliste qui&nbsp;capture l&#8217;essence d&#8217;un moment ; d&#8217;autres fois, c&#8217;est l&#8217;explosion de couleurs abstraites qui exprime le mieux ce que je ressens. Cette diversit\u00e9 n&#8217;est pas une faiblesse, mais ma force : elle&nbsp;me permet d&#8217;adapter mon expression \u00e0 chaque \u00e9motion, \u00e0 chaque message que je souhaite transmettre.<\/p>\n<p>Mon objectif premier est de cr\u00e9er une connexion \u00e9motionnelle avec ceux qui contemplent mes \u0153uvres. Je peins pour que mes toiles deviennent des miroirs o\u00f9 chacun peut reconna\u00eetre&nbsp;ses propres \u00e9motions, ses propres questionnements. Chaque coup de pinceau est guid\u00e9 par cette volont\u00e9 de toucher l&#8217;\u00e2me humaine, de provoquer une r\u00e9action, qu&#8217;elle soit&nbsp;contemplative, joyeuse ou troublante.<\/p>\n<p>Apr\u00e8s plus de 35 ans de cr\u00e9ation, je continue d&#8217;explorer, d&#8217;exp\u00e9rimenter et de me laisser surprendre par mon propre processus cr\u00e9atif. Car l&#8217;art, comme la vie, est en perp\u00e9tuelle&nbsp;\u00e9volution.<\/p>\n","protected":false},"excerpt":{"rendered":"<p>D\u00e9marche Autodidacte depuis 1987, mon parcours artistique s&#8217;est construit au fil des exp\u00e9riences, des d\u00e9couvertes et des \u00e9motions qui jalonnent ma vie. L&#8217;art est devenu pour moi bien plus&nbsp;qu&#8217;une passion : c&#8217;est un langage universel qui me permet de canaliser mes \u00e9motions les plus profondes et de les transformer en \u0153uvres qui touchent et interpellent. &#8230; <\/p>\n<p class=\"read-more-container\"><a title=\"Karine C\u00f4t\u00e9\" class=\"read-more button\" href=\"https:\/\/aapars.com\/karine-cote\/#more-30\" aria-label=\"En savoir plus sur Karine C\u00f4t\u00e9\">Lire plus<\/a><\/p>\n","protected":false},"author":4385,"featured_media":0,"parent":0,"menu_order":0,"comment_status":"closed","ping_status":"closed","template":"","meta":{"_s2mail":"yes","ngg_post_thumbnail":0,"iawp_total_views":55,"footnotes":""},"class_list":["post-30","page","type-page","status-publish"],"yoast_head":"<!-- This site is optimized with the Yoast SEO plugin v27.3 - https:\/\/yoast.com\/product\/yoast-seo-wordpress\/ -->\n<title>Karine C\u00f4t\u00e9 | Un site de la galerie virtuelle de l&#039;AAPARS<\/title>\n<meta name=\"description\" content=\"D\u00e9marche Autodidacte depuis 1987, mon parcours artistique s&#039;est construit au fil des exp\u00e9riences, des d\u00e9couvertes et des \u00e9motions qui jalonnent ma vie.\" \/>\n<meta name=\"robots\" content=\"index, follow, max-snippet:-1, max-image-preview:large, max-video-preview:-1\" \/>\n<link rel=\"canonical\" href=\"https:\/\/aapars.com\/karine-cote\/\" \/>\n<meta property=\"og:locale\" content=\"fr_FR\" \/>\n<meta property=\"og:type\" content=\"article\" \/>\n<meta property=\"og:title\" content=\"Karine C\u00f4t\u00e9 | Un site de la galerie virtuelle de l&#039;AAPARS\" \/>\n<meta property=\"og:description\" content=\"D\u00e9marche Autodidacte depuis 1987, mon parcours artistique s&#039;est construit au fil des exp\u00e9riences, des d\u00e9couvertes et des \u00e9motions qui jalonnent ma vie.\" \/>\n<meta property=\"og:url\" content=\"https:\/\/aapars.com\/karine-cote\/\" \/>\n<meta property=\"og:site_name\" content=\"Karine C\u00f4t\u00e9\" \/>\n<meta property=\"article:modified_time\" content=\"2025-07-11T19:45:49+00:00\" \/>\n<meta property=\"og:image\" content=\"https:\/\/aapars.com\/karine-cote\/files\/2025\/07\/Photo-Profil-e1752084923984.png\" \/>\n\t<meta property=\"og:image:width\" content=\"150\" \/>\n\t<meta property=\"og:image:height\" content=\"197\" \/>\n\t<meta property=\"og:image:type\" content=\"image\/png\" \/>\n<meta name=\"twitter:label1\" content=\"Dur\u00e9e de lecture estim\u00e9e\" \/>\n\t<meta name=\"twitter:data1\" content=\"2 minutes\" \/>\n<script type=\"application\/ld+json\" class=\"yoast-schema-graph\">{\"@context\":\"https:\\\/\\\/schema.org\",\"@graph\":[{\"@type\":\"WebPage\",\"@id\":\"https:\\\/\\\/aapars.com\\\/karine-cote\\\/\",\"url\":\"https:\\\/\\\/aapars.com\\\/karine-cote\\\/\",\"name\":\"Karine C\u00f4t\u00e9 | Un site de la galerie virtuelle de l&#039;AAPARS\",\"isPartOf\":{\"@id\":\"https:\\\/\\\/aapars.com\\\/karine-cote\\\/#website\"},\"primaryImageOfPage\":{\"@id\":\"https:\\\/\\\/aapars.com\\\/karine-cote\\\/#primaryimage\"},\"image\":{\"@id\":\"https:\\\/\\\/aapars.com\\\/karine-cote\\\/#primaryimage\"},\"thumbnailUrl\":\"https:\\\/\\\/aapars.com\\\/karine-cote\\\/files\\\/2025\\\/07\\\/Photo-Profil-229x300.png\",\"datePublished\":\"2010-10-03T05:11:36+00:00\",\"dateModified\":\"2025-07-11T19:45:49+00:00\",\"description\":\"D\u00e9marche Autodidacte depuis 1987, mon parcours artistique s'est construit au fil des exp\u00e9riences, des d\u00e9couvertes et des \u00e9motions qui jalonnent ma vie.\",\"breadcrumb\":{\"@id\":\"https:\\\/\\\/aapars.com\\\/karine-cote\\\/#breadcrumb\"},\"inLanguage\":\"fr-FR\",\"potentialAction\":[{\"@type\":\"ReadAction\",\"target\":[\"https:\\\/\\\/aapars.com\\\/karine-cote\\\/\"]}]},{\"@type\":\"ImageObject\",\"inLanguage\":\"fr-FR\",\"@id\":\"https:\\\/\\\/aapars.com\\\/karine-cote\\\/#primaryimage\",\"url\":\"https:\\\/\\\/aapars.com\\\/karine-cote\\\/files\\\/2025\\\/07\\\/Photo-Profil-e1752084923984.png\",\"contentUrl\":\"https:\\\/\\\/aapars.com\\\/karine-cote\\\/files\\\/2025\\\/07\\\/Photo-Profil-e1752084923984.png\",\"width\":150,\"height\":197,\"caption\":\"Karine C\u00f4t\u00e9\"},{\"@type\":\"BreadcrumbList\",\"@id\":\"https:\\\/\\\/aapars.com\\\/karine-cote\\\/#breadcrumb\",\"itemListElement\":[{\"@type\":\"ListItem\",\"position\":1,\"name\":\"Accueil\",\"item\":\"https:\\\/\\\/aapars.com\\\/karine-cote\\\/\"},{\"@type\":\"ListItem\",\"position\":2,\"name\":\"Karine C\u00f4t\u00e9\"}]},{\"@type\":\"WebSite\",\"@id\":\"https:\\\/\\\/aapars.com\\\/karine-cote\\\/#website\",\"url\":\"https:\\\/\\\/aapars.com\\\/karine-cote\\\/\",\"name\":\"Karine C\u00f4t\u00e9\",\"description\":\"Un site de la galerie virtuelle de l&#039;AAPARS\",\"publisher\":{\"@id\":\"https:\\\/\\\/aapars.com\\\/karine-cote\\\/#\\\/schema\\\/person\\\/67e727643cc38d6d0d58bde5c504a2f5\"},\"potentialAction\":[{\"@type\":\"SearchAction\",\"target\":{\"@type\":\"EntryPoint\",\"urlTemplate\":\"https:\\\/\\\/aapars.com\\\/karine-cote\\\/?s={search_term_string}\"},\"query-input\":{\"@type\":\"PropertyValueSpecification\",\"valueRequired\":true,\"valueName\":\"search_term_string\"}}],\"inLanguage\":\"fr-FR\"},{\"@type\":[\"Person\",\"Organization\"],\"@id\":\"https:\\\/\\\/aapars.com\\\/karine-cote\\\/#\\\/schema\\\/person\\\/67e727643cc38d6d0d58bde5c504a2f5\",\"name\":\"Jean Test\",\"image\":{\"@type\":\"ImageObject\",\"inLanguage\":\"fr-FR\",\"@id\":\"https:\\\/\\\/aapars.com\\\/karine-cote\\\/files\\\/2025\\\/07\\\/logo-aapars-@2x.png\",\"url\":\"https:\\\/\\\/aapars.com\\\/karine-cote\\\/files\\\/2025\\\/07\\\/logo-aapars-@2x.png\",\"contentUrl\":\"https:\\\/\\\/aapars.com\\\/karine-cote\\\/files\\\/2025\\\/07\\\/logo-aapars-@2x.png\",\"width\":560,\"height\":306,\"caption\":\"Jean Test\"},\"logo\":{\"@id\":\"https:\\\/\\\/aapars.com\\\/karine-cote\\\/files\\\/2025\\\/07\\\/logo-aapars-@2x.png\"}}]}<\/script>\n<!-- \/ Yoast SEO plugin. -->","yoast_head_json":{"title":"Karine C\u00f4t\u00e9 | Un site de la galerie virtuelle de l&#039;AAPARS","description":"D\u00e9marche Autodidacte depuis 1987, mon parcours artistique s'est construit au fil des exp\u00e9riences, des d\u00e9couvertes et des \u00e9motions qui jalonnent ma vie.","robots":{"index":"index","follow":"follow","max-snippet":"max-snippet:-1","max-image-preview":"max-image-preview:large","max-video-preview":"max-video-preview:-1"},"canonical":"https:\/\/aapars.com\/karine-cote\/","og_locale":"fr_FR","og_type":"article","og_title":"Karine C\u00f4t\u00e9 | Un site de la galerie virtuelle de l&#039;AAPARS","og_description":"D\u00e9marche Autodidacte depuis 1987, mon parcours artistique s'est construit au fil des exp\u00e9riences, des d\u00e9couvertes et des \u00e9motions qui jalonnent ma vie.","og_url":"https:\/\/aapars.com\/karine-cote\/","og_site_name":"Karine C\u00f4t\u00e9","article_modified_time":"2025-07-11T19:45:49+00:00","og_image":[{"width":150,"height":197,"url":"https:\/\/aapars.com\/karine-cote\/files\/2025\/07\/Photo-Profil-e1752084923984.png","type":"image\/png"}],"twitter_misc":{"Dur\u00e9e de lecture estim\u00e9e":"2 minutes"},"schema":{"@context":"https:\/\/schema.org","@graph":[{"@type":"WebPage","@id":"https:\/\/aapars.com\/karine-cote\/","url":"https:\/\/aapars.com\/karine-cote\/","name":"Karine C\u00f4t\u00e9 | Un site de la galerie virtuelle de l&#039;AAPARS","isPartOf":{"@id":"https:\/\/aapars.com\/karine-cote\/#website"},"primaryImageOfPage":{"@id":"https:\/\/aapars.com\/karine-cote\/#primaryimage"},"image":{"@id":"https:\/\/aapars.com\/karine-cote\/#primaryimage"},"thumbnailUrl":"https:\/\/aapars.com\/karine-cote\/files\/2025\/07\/Photo-Profil-229x300.png","datePublished":"2010-10-03T05:11:36+00:00","dateModified":"2025-07-11T19:45:49+00:00","description":"D\u00e9marche Autodidacte depuis 1987, mon parcours artistique s'est construit au fil des exp\u00e9riences, des d\u00e9couvertes et des \u00e9motions qui jalonnent ma vie.","breadcrumb":{"@id":"https:\/\/aapars.com\/karine-cote\/#breadcrumb"},"inLanguage":"fr-FR","potentialAction":[{"@type":"ReadAction","target":["https:\/\/aapars.com\/karine-cote\/"]}]},{"@type":"ImageObject","inLanguage":"fr-FR","@id":"https:\/\/aapars.com\/karine-cote\/#primaryimage","url":"https:\/\/aapars.com\/karine-cote\/files\/2025\/07\/Photo-Profil-e1752084923984.png","contentUrl":"https:\/\/aapars.com\/karine-cote\/files\/2025\/07\/Photo-Profil-e1752084923984.png","width":150,"height":197,"caption":"Karine C\u00f4t\u00e9"},{"@type":"BreadcrumbList","@id":"https:\/\/aapars.com\/karine-cote\/#breadcrumb","itemListElement":[{"@type":"ListItem","position":1,"name":"Accueil","item":"https:\/\/aapars.com\/karine-cote\/"},{"@type":"ListItem","position":2,"name":"Karine C\u00f4t\u00e9"}]},{"@type":"WebSite","@id":"https:\/\/aapars.com\/karine-cote\/#website","url":"https:\/\/aapars.com\/karine-cote\/","name":"Karine C\u00f4t\u00e9","description":"Un site de la galerie virtuelle de l&#039;AAPARS","publisher":{"@id":"https:\/\/aapars.com\/karine-cote\/#\/schema\/person\/67e727643cc38d6d0d58bde5c504a2f5"},"potentialAction":[{"@type":"SearchAction","target":{"@type":"EntryPoint","urlTemplate":"https:\/\/aapars.com\/karine-cote\/?s={search_term_string}"},"query-input":{"@type":"PropertyValueSpecification","valueRequired":true,"valueName":"search_term_string"}}],"inLanguage":"fr-FR"},{"@type":["Person","Organization"],"@id":"https:\/\/aapars.com\/karine-cote\/#\/schema\/person\/67e727643cc38d6d0d58bde5c504a2f5","name":"Jean Test","image":{"@type":"ImageObject","inLanguage":"fr-FR","@id":"https:\/\/aapars.com\/karine-cote\/files\/2025\/07\/logo-aapars-@2x.png","url":"https:\/\/aapars.com\/karine-cote\/files\/2025\/07\/logo-aapars-@2x.png","contentUrl":"https:\/\/aapars.com\/karine-cote\/files\/2025\/07\/logo-aapars-@2x.png","width":560,"height":306,"caption":"Jean Test"},"logo":{"@id":"https:\/\/aapars.com\/karine-cote\/files\/2025\/07\/logo-aapars-@2x.png"}}]}},"_links":{"self":[{"href":"https:\/\/aapars.com\/karine-cote\/wp-json\/wp\/v2\/pages\/30","targetHints":{"allow":["GET"]}}],"collection":[{"href":"https:\/\/aapars.com\/karine-cote\/wp-json\/wp\/v2\/pages"}],"about":[{"href":"https:\/\/aapars.com\/karine-cote\/wp-json\/wp\/v2\/types\/page"}],"author":[{"embeddable":true,"href":"https:\/\/aapars.com\/karine-cote\/wp-json\/wp\/v2\/users\/4385"}],"replies":[{"embeddable":true,"href":"https:\/\/aapars.com\/karine-cote\/wp-json\/wp\/v2\/comments?post=30"}],"version-history":[{"count":7,"href":"https:\/\/aapars.com\/karine-cote\/wp-json\/wp\/v2\/pages\/30\/revisions"}],"predecessor-version":[{"id":479,"href":"https:\/\/aapars.com\/karine-cote\/wp-json\/wp\/v2\/pages\/30\/revisions\/479"}],"wp:attachment":[{"href":"https:\/\/aapars.com\/karine-cote\/wp-json\/wp\/v2\/media?parent=30"}],"curies":[{"name":"wp","href":"https:\/\/api.w.org\/{rel}","templated":true}]}}