{"id":32,"date":"2010-10-03T05:11:36","date_gmt":"2010-10-03T05:11:36","guid":{"rendered":"https:\/\/aapars.com\/jacques-landry\/?page_id=2"},"modified":"2021-05-23T13:25:59","modified_gmt":"2021-05-23T17:25:59","slug":"profil","status":"publish","type":"page","link":"https:\/\/aapars.com\/hughette-prince\/","title":{"rendered":"Hughette Prince"},"content":{"rendered":"<p><img loading=\"lazy\" decoding=\"async\" class=\"alignnone wp-image-60 size-medium\" src=\"https:\/\/aapars.com\/hughette-prince\/files\/2010\/10\/Hughette-13_modifi\u00e9-1-535x553.jpg\" alt=\"\" width=\"535\" height=\"553\" srcset=\"https:\/\/aapars.com\/hughette-prince\/files\/2010\/10\/Hughette-13_modifi\u00e9-1-535x553.jpg 535w, https:\/\/aapars.com\/hughette-prince\/files\/2010\/10\/Hughette-13_modifi\u00e9-1-768x794.jpg 768w, https:\/\/aapars.com\/hughette-prince\/files\/2010\/10\/Hughette-13_modifi\u00e9-1.jpg 990w\" sizes=\"auto, (max-width: 535px) 100vw, 535px\" \/><\/p>\n\n<table id=\"tablepress-1\" class=\"tablepress tablepress-id-1\">\n<tbody class=\"row-striping\">\n<tr class=\"row-1\">\n\t<td class=\"column-1\">Technique :<\/td><td class=\"column-2\">Acrylique<\/td>\n<\/tr>\n<tr class=\"row-2\">\n\t<td class=\"column-1\">Affiliations professionelles :<\/td><td class=\"column-2\">AAPARS<\/td>\n<\/tr>\n<tr class=\"row-3\">\n\t<td class=\"column-1\">T\u00e9l\u00e9phone :<\/td><td class=\"column-2\">450-653-2527<\/td>\n<\/tr>\n<tr class=\"row-4\">\n\t<td class=\"column-1\">Courriel :<\/td><td class=\"column-2\"><a href=\"mailto:hprince@videotron.ca\">hprince@videotron.ca<\/a><\/td>\n<\/tr>\n<tr class=\"row-5\">\n\t<td class=\"column-1\">Site Internet :<\/td><td class=\"column-2\"><a href=\"http:\/\/www.hprince.ca\">http:\/\/www.hprince.ca<\/a><\/td>\n<\/tr>\n<\/tbody>\n<\/table>\n<!-- #tablepress-1 from cache -->\n<h2>D\u00e9marche<\/h2>\n<p>J&#8217;exprime sur toile les \u00e9motions ressenties devant la nature, l&#8217;architecture et l&#8217;histoire. J&#8217;ai un faible pour l&#8217;\u00e9poque m\u00e9di\u00e9vale, les vieilles rues pleines de charme et d&#8217;histoire ainsi que les paysages d&#8217;ici.<\/p>\n<p>J\u2019aime faire ressortir l&#8217;ombre, la lumi\u00e8re et les reliefs. C&#8217;est pourquoi je travaille \u00e0 l&#8217;acrylique en utilisant une toile textur\u00e9e de fines pierres de textures vari\u00e9es. Cela donne \u00e0 la fois un relief et une luminosit\u00e9 particuliers. Il est important pour moi de rendre mes toiles lumineuses et chaleureuses.<\/p>\n<h2>Formation<\/h2>\n\n<table id=\"tablepress-2\" class=\"tablepress tablepress-id-2\">\n<thead>\n<tr class=\"row-1\">\n\t<th class=\"column-1\">Ann\u00e9e<\/th><th class=\"column-2\">Institution\/Professeur<\/th><th class=\"column-3\">Programme<\/th>\n<\/tr>\n<\/thead>\n<tbody class=\"row-striping\">\n<tr class=\"row-2\">\n\t<td class=\"column-1\">1965<\/td><td class=\"column-2\">Universit\u00e9 de Montr\u00e9al<\/td><td class=\"column-3\">\u00c9tudes en P\u00e9dagogie <\/td>\n<\/tr>\n<tr class=\"row-3\">\n\t<td class=\"column-1\">1978<\/td><td class=\"column-2\">Universit\u00e9 de Montr\u00e9al<\/td><td class=\"column-3\">\u00c9tudes en musique<\/td>\n<\/tr>\n<tr class=\"row-4\">\n\t<td class=\"column-1\">1998-2004<\/td><td class=\"column-2\">St-Bruno<\/td><td class=\"column-3\">Cours de Peinture \u00e0 l\u2019huile - 900hrs<\/td>\n<\/tr>\n<tr class=\"row-5\">\n\t<td class=\"column-1\">2000<\/td><td class=\"column-2\">Universit\u00e9 de Montr\u00e9al<\/td><td class=\"column-3\">Cr\u00e9dits de ma\u00eetrise en gestion<\/td>\n<\/tr>\n<tr class=\"row-6\">\n\t<td class=\"column-1\">2002-2010<\/td><td class=\"column-2\">Peintres professionnels<\/td><td class=\"column-3\">Ateliers sur techniques vari\u00e9es<\/td>\n<\/tr>\n<tr class=\"row-7\">\n\t<td class=\"column-1\">2005<\/td><td class=\"column-2\">Rive-Sud<\/td><td class=\"column-3\">Cours de Peinture \u00e0 l\u2019\u2019acrylique - 300 hrs<\/td>\n<\/tr>\n<\/tbody>\n<\/table>\n<!-- #tablepress-2 from cache -->\n<h2>Expositions<\/h2>\n\n<table id=\"tablepress-3\" class=\"tablepress tablepress-id-3 tbody-has-connected-cells\">\n<thead>\n<tr class=\"row-1\">\n\t<th class=\"column-1\">Ann\u00e9e<\/th><th class=\"column-2\">Nom<\/th><th class=\"column-3\">Endroit<\/th>\n<\/tr>\n<\/thead>\n<tbody class=\"row-striping\">\n<tr class=\"row-2\">\n\t<td colspan=\"3\" class=\"column-1\">Individuelles<\/td>\n<\/tr>\n<tr class=\"row-3\">\n\t<td class=\"column-1\">2008-2010<\/td><td class=\"column-2\">Circuit des Arts de St-Bruno-de-Montarville<\/td><td class=\"column-3\">Atelier-galerie St-Bruno<\/td>\n<\/tr>\n<tr class=\"row-4\">\n\t<td class=\"column-1\">2010<\/td><td class=\"column-2\">F\u00eates de la Nouvelle-France<\/td><td class=\"column-3\">Qu\u00e9bec<\/td>\n<\/tr>\n<tr class=\"row-5\">\n\t<td class=\"column-1\">2010<\/td><td class=\"column-2\">Salon de la Passion M\u00e9di\u00e9vale et Historique<\/td><td class=\"column-3\">Montr\u00e9al<\/td>\n<\/tr>\n<tr class=\"row-6\">\n\t<td class=\"column-1\">2009<\/td><td class=\"column-2\">Tour d'Europe<\/td><td class=\"column-3\">Bistro St-Joseph Ste-Julie<\/td>\n<\/tr>\n<tr class=\"row-7\">\n\t<td class=\"column-1\">2008<\/td><td class=\"column-2\">Exposition et r\u00e9trospective<\/td><td class=\"column-3\">Atelier-galerie St-Bruno<\/td>\n<\/tr>\n<tr class=\"row-8\">\n\t<td class=\"column-1\">2008<\/td><td class=\"column-2\">Tour d'horizon<\/td><td class=\"column-3\">Remax\/Actif St-Bruno<\/td>\n<\/tr>\n<tr class=\"row-9\">\n\t<td class=\"column-1\">2007<\/td><td class=\"column-2\">Galerie Royal Lepage<\/td><td class=\"column-3\">Magog<\/td>\n<\/tr>\n<tr class=\"row-10\">\n\t<td class=\"column-1\">2006<\/td><td class=\"column-2\">Restaurant Dame Tartine<\/td><td class=\"column-3\">St-Bruno<\/td>\n<\/tr>\n<tr class=\"row-11\">\n\t<td class=\"column-1\">2006<\/td><td class=\"column-2\">Circuit des Arts de St-Bruno-de-Montarville<\/td><td class=\"column-3\">Chambly<\/td>\n<\/tr>\n<tr class=\"row-12\">\n\t<td colspan=\"3\" class=\"column-1\">Collectives<\/td>\n<\/tr>\n<tr class=\"row-13\">\n\t<td class=\"column-1\">2008-2016<\/td><td class=\"column-2\">Circuit des arts de St-Bruno-de-Montarville<\/td><td class=\"column-3\">St-Bruno-de-Montarville<\/td>\n<\/tr>\n<tr class=\"row-14\">\n\t<td class=\"column-1\">2013<\/td><td class=\"column-2\">R\u00eave d'automne<\/td><td class=\"column-3\">Baie St-Paul<\/td>\n<\/tr>\n<tr class=\"row-15\">\n\t<td class=\"column-1\">2016<\/td><td class=\"column-2\">Bromont en art<\/td><td class=\"column-3\">Bromont<\/td>\n<\/tr>\n<tr class=\"row-16\">\n\t<td class=\"column-1\">2013 <\/td><td class=\"column-2\">Corrid'art<\/td><td class=\"column-3\">Boucherville<\/td>\n<\/tr>\n<tr class=\"row-17\">\n\t<td class=\"column-1\">2006-2008, 2010,2012-2013, 2015-2016<\/td><td class=\"column-2\">Symposium L\u2019 Art en F\u00eate<\/td><td class=\"column-3\">St-Hubert<\/td>\n<\/tr>\n<tr class=\"row-18\">\n\t<td class=\"column-1\">2010<\/td><td class=\"column-2\">M\u00e9di\u00e9vales Internationales de St-Colomban<\/td><td class=\"column-3\">St-Colomban, Qc<\/td>\n<\/tr>\n<tr class=\"row-19\">\n\t<td class=\"column-1\">2010<\/td><td class=\"column-2\">Symposium La Maison du Notaire<\/td><td class=\"column-3\">Trois-Pistoles, Qc<\/td>\n<\/tr>\n<tr class=\"row-20\">\n\t<td class=\"column-1\">2010, 2013, 2015-2017<\/td><td class=\"column-2\">Exposition Galerie<\/td><td class=\"column-3\">Saint-Bruno<\/td>\n<\/tr>\n<tr class=\"row-21\">\n\t<td class=\"column-1\">2010, 2013-2017<\/td><td class=\"column-2\">Exposition printani\u00e8re de l'AAPARS<\/td><td class=\"column-3\">Saint-Hilaire<\/td>\n<\/tr>\n<tr class=\"row-22\">\n\t<td class=\"column-1\">2010<\/td><td class=\"column-2\">Exposition du CAPSH<\/td><td class=\"column-3\">Saint-Hubert<\/td>\n<\/tr>\n<tr class=\"row-23\">\n\t<td class=\"column-1\">2009<\/td><td class=\"column-2\">Salon des arts Visuels de Brossard<\/td><td class=\"column-3\">Brossard<\/td>\n<\/tr>\n<tr class=\"row-24\">\n\t<td class=\"column-1\">2009<\/td><td class=\"column-2\">Expo-Concours de St-Constant<\/td><td class=\"column-3\">St-Constant<\/td>\n<\/tr>\n<tr class=\"row-25\">\n\t<td class=\"column-1\">2009<\/td><td class=\"column-2\">Exposition du printemps de Longueuil<\/td><td class=\"column-3\">Longueuil<\/td>\n<\/tr>\n<tr class=\"row-26\">\n\t<td class=\"column-1\">2009<\/td><td class=\"column-2\">Exposition du printemps<\/td><td class=\"column-3\">St-Hubert<\/td>\n<\/tr>\n<tr class=\"row-27\">\n\t<td class=\"column-1\">2009, 2013-2017<\/td><td class=\"column-2\">Exposition printani\u00e8re de l'AAPARS<\/td><td class=\"column-3\">St-Basile-le-Grand<\/td>\n<\/tr>\n<tr class=\"row-28\">\n\t<td class=\"column-1\">2008<\/td><td class=\"column-2\">L'Art en F\u00eate<\/td><td class=\"column-3\">Centre Mgr Pigeon, Montr\u00e9al<\/td>\n<\/tr>\n<tr class=\"row-29\">\n\t<td class=\"column-1\">2008<\/td><td class=\"column-2\">Arts et Reflets<\/td><td class=\"column-3\">Ch\u00e2teau-Richer, Qc<\/td>\n<\/tr>\n<tr class=\"row-30\">\n\t<td class=\"column-1\">2008<\/td><td class=\"column-2\">Les Arts en F\u00eate de St-Pierre-de-V\u00e9ronne<\/td><td class=\"column-3\">Pike River, Qc<\/td>\n<\/tr>\n<tr class=\"row-31\">\n\t<td class=\"column-1\">2007-2008<\/td><td class=\"column-2\">Symposium de Kamouraska<\/td><td class=\"column-3\">Kamouraska<\/td>\n<\/tr>\n<tr class=\"row-32\">\n\t<td class=\"column-1\">2007-2008<\/td><td class=\"column-2\">CAPSH<\/td><td class=\"column-3\">Mail Champlain, Brossard<\/td>\n<\/tr>\n<tr class=\"row-33\">\n\t<td class=\"column-1\">2006-2007<\/td><td class=\"column-2\">Exposition champ\u00eatre<\/td><td class=\"column-3\">St-Lambert<\/td>\n<\/tr>\n<tr class=\"row-34\">\n\t<td class=\"column-1\">2005-2008<\/td><td class=\"column-2\">Expo-concours<\/td><td class=\"column-3\">l\u2019AAPARS<\/td>\n<\/tr>\n<tr class=\"row-35\">\n\t<td class=\"column-1\">2005-2006<\/td><td class=\"column-2\">Symposium Sur la Route des Fleurs<\/td><td class=\"column-3\">Ste-Doroth\u00e9e<\/td>\n<\/tr>\n<tr class=\"row-36\">\n\t<td class=\"column-1\">2005<\/td><td class=\"column-2\">Encan de la Croix-Rouge<\/td><td class=\"column-3\">St-Bruno<\/td>\n<\/tr>\n<tr class=\"row-37\">\n\t<td class=\"column-1\">2005<\/td><td class=\"column-2\">Symposium Ress-Art<\/td><td class=\"column-3\">Montr\u00e9al<\/td>\n<\/tr>\n<tr class=\"row-38\">\n\t<td class=\"column-1\">2005<\/td><td class=\"column-2\">Symposium Les Fleurs de l\u2019Art<\/td><td class=\"column-3\">St-Charles-sur-Richelieu<\/td>\n<\/tr>\n<tr class=\"row-39\">\n\t<td class=\"column-1\">2004-2006<\/td><td class=\"column-2\">Happening artistique<\/td><td class=\"column-3\">Varennes<\/td>\n<\/tr>\n<tr class=\"row-40\">\n\t<td class=\"column-1\">2004, 2005, 2007<\/td><td class=\"column-2\">Exposition printani\u00e8re de l\u2019AAPARS<\/td><td class=\"column-3\">St-Basile<\/td>\n<\/tr>\n<tr class=\"row-41\">\n\t<td class=\"column-1\">2004, 2005<\/td><td class=\"column-2\">Festival des Couleurs<\/td><td class=\"column-3\"><\/td>\n<\/tr>\n<\/tbody>\n<\/table>\n<!-- #tablepress-3 from cache -->\n<h2>Reconnaissances<\/h2>\n\n<table id=\"tablepress-5\" class=\"tablepress tablepress-id-5\">\n<thead>\n<tr class=\"row-1\">\n\t<th class=\"column-1\">Ann\u00e9e<\/th><th class=\"column-2\">Nom<\/th><th class=\"column-3\">Endroit de remise<\/th>\n<\/tr>\n<\/thead>\n<tbody class=\"row-striping\">\n<tr class=\"row-2\">\n\t<td class=\"column-1\">2006<\/td><td class=\"column-2\">Prix du Public<\/td><td class=\"column-3\">Symposium sur la Route des Fleurs<\/td>\n<\/tr>\n<\/tbody>\n<\/table>\n<!-- #tablepress-5 from cache -->\n<h2>M\u00e9dias<\/h2>\n\n<table id=\"tablepress-7\" class=\"tablepress tablepress-id-7\">\n<thead>\n<tr class=\"row-1\">\n\t<th class=\"column-1\">Ann\u00e9e<\/th><th class=\"column-2\">Titre<\/th><th class=\"column-3\">Auteur<\/th><th class=\"column-4\">Source<\/th>\n<\/tr>\n<\/thead>\n<tbody class=\"row-striping\">\n<tr class=\"row-2\">\n\t<td class=\"column-1\">2009<\/td><td class=\"column-2\">Plumes et Pinceaux<\/td><td class=\"column-3\">Chantal Reichel<\/td><td class=\"column-4\">Agendas Plumes et Pinceaux<\/td>\n<\/tr>\n<tr class=\"row-3\">\n\t<td class=\"column-1\">2008<\/td><td class=\"column-2\">March\u00e9 de l'Art au Qu\u00e9bec<\/td><td class=\"column-3\">Guide De Roussan<\/td><td class=\"column-4\">\u00c9ditions de la roche<\/td>\n<\/tr>\n<tr class=\"row-4\">\n\t<td class=\"column-1\">2007<\/td><td class=\"column-2\">Entre lumi\u00e8re et texture<\/td><td class=\"column-3\">Charline-\u00c8ve Pilon<\/td><td class=\"column-4\">Journal de St-Bruno<\/td>\n<\/tr>\n<tr class=\"row-5\">\n\t<td class=\"column-1\">2006 Mai<\/td><td class=\"column-2\">Honneurs pour Hughette Prince<\/td><td class=\"column-3\"><\/td><td class=\"column-4\">Journal de St-Bruno<\/td>\n<\/tr>\n<tr class=\"row-6\">\n\t<td class=\"column-1\">2005 D\u00e9c.<\/td><td class=\"column-2\">Le fou du roi \u00e0 coeur ouvert<\/td><td class=\"column-3\"><\/td><td class=\"column-4\">La Seigneurie, Boucherville hebdomadaire<\/td>\n<\/tr>\n<tr class=\"row-7\">\n\t<td class=\"column-1\">2005 D\u00e9c.<\/td><td class=\"column-2\">Une toile de la Montarvilloise Hughette Prince<\/td><td class=\"column-3\"><\/td><td class=\"column-4\">Journal de St-Bruno, hebdo<\/td>\n<\/tr>\n<\/tbody>\n<\/table>\n<!-- #tablepress-7 from cache -->\n","protected":false},"excerpt":{"rendered":"<p>D\u00e9marche J&#8217;exprime sur toile les \u00e9motions ressenties devant la nature, l&#8217;architecture et l&#8217;histoire. J&#8217;ai un faible pour l&#8217;\u00e9poque m\u00e9di\u00e9vale, les vieilles rues pleines de charme et d&#8217;histoire ainsi que les paysages d&#8217;ici. J\u2019aime faire ressortir l&#8217;ombre, la lumi\u00e8re et les reliefs. C&#8217;est pourquoi je travaille \u00e0 l&#8217;acrylique en utilisant une toile textur\u00e9e de fines pierres &#8230; <\/p>\n<p class=\"read-more-container\"><a title=\"Hughette Prince\" class=\"read-more button\" href=\"https:\/\/aapars.com\/hughette-prince\/#more-32\" aria-label=\"En savoir plus sur Hughette Prince\">Lire plus<\/a><\/p>\n","protected":false},"author":58,"featured_media":0,"parent":0,"menu_order":0,"comment_status":"closed","ping_status":"closed","template":"","meta":{"_s2mail":"","ngg_post_thumbnail":0,"iawp_total_views":90,"footnotes":""},"class_list":["post-32","page","type-page","status-publish"],"yoast_head":"<!-- This site is optimized with the Yoast SEO plugin v27.3 - https:\/\/yoast.com\/product\/yoast-seo-wordpress\/ -->\n<title>Hughette Prince - Hughette Prince - Un site de la galerie virtuelle de l&#039;AAPARS<\/title>\n<meta name=\"description\" content=\"D\u00e9marche J&#039;exprime sur toile les \u00e9motions ressenties devant la nature, l&#039;architecture et l&#039;histoire. J&#039;ai un faible pour l&#039;\u00e9poque m\u00e9di\u00e9vale, les vieilles\" \/>\n<meta name=\"robots\" content=\"index, follow, max-snippet:-1, max-image-preview:large, max-video-preview:-1\" \/>\n<link rel=\"canonical\" href=\"https:\/\/aapars.com\/hughette-prince\/\" \/>\n<meta property=\"og:locale\" content=\"fr_FR\" \/>\n<meta property=\"og:type\" content=\"article\" \/>\n<meta property=\"og:title\" content=\"Hughette Prince - Hughette Prince - Un site de la galerie virtuelle de l&#039;AAPARS\" \/>\n<meta property=\"og:description\" content=\"D\u00e9marche J&#039;exprime sur toile les \u00e9motions ressenties devant la nature, l&#039;architecture et l&#039;histoire. J&#039;ai un faible pour l&#039;\u00e9poque m\u00e9di\u00e9vale, les vieilles\" \/>\n<meta property=\"og:url\" content=\"https:\/\/aapars.com\/hughette-prince\/\" \/>\n<meta property=\"og:site_name\" content=\"Hughette Prince\" \/>\n<meta property=\"article:modified_time\" content=\"2021-05-23T17:25:59+00:00\" \/>\n<meta property=\"og:image\" content=\"https:\/\/aapars.com\/hughette-prince\/files\/2010\/10\/Hughette-13_modifi\u00e9-1-535x553.jpg\" \/>\n<meta name=\"twitter:label1\" content=\"Dur\u00e9e de lecture estim\u00e9e\" \/>\n\t<meta name=\"twitter:data1\" content=\"1 minute\" \/>\n<script type=\"application\/ld+json\" class=\"yoast-schema-graph\">{\"@context\":\"https:\\\/\\\/schema.org\",\"@graph\":[{\"@type\":\"WebPage\",\"@id\":\"https:\\\/\\\/aapars.com\\\/hughette-prince\\\/\",\"url\":\"https:\\\/\\\/aapars.com\\\/hughette-prince\\\/\",\"name\":\"Hughette Prince - Hughette Prince - Un site de la galerie virtuelle de l&#039;AAPARS\",\"isPartOf\":{\"@id\":\"https:\\\/\\\/aapars.com\\\/hughette-prince\\\/#website\"},\"datePublished\":\"2010-10-03T05:11:36+00:00\",\"dateModified\":\"2021-05-23T17:25:59+00:00\",\"description\":\"D\u00e9marche J'exprime sur toile les \u00e9motions ressenties devant la nature, l'architecture et l'histoire. J'ai un faible pour l'\u00e9poque m\u00e9di\u00e9vale, les vieilles\",\"breadcrumb\":{\"@id\":\"https:\\\/\\\/aapars.com\\\/hughette-prince\\\/#breadcrumb\"},\"inLanguage\":\"fr-FR\",\"potentialAction\":[{\"@type\":\"ReadAction\",\"target\":[\"https:\\\/\\\/aapars.com\\\/hughette-prince\\\/\"]}]},{\"@type\":\"BreadcrumbList\",\"@id\":\"https:\\\/\\\/aapars.com\\\/hughette-prince\\\/#breadcrumb\",\"itemListElement\":[{\"@type\":\"ListItem\",\"position\":1,\"name\":\"Accueil\",\"item\":\"https:\\\/\\\/aapars.com\\\/hughette-prince\\\/\"},{\"@type\":\"ListItem\",\"position\":2,\"name\":\"Hughette Prince\"}]},{\"@type\":\"WebSite\",\"@id\":\"https:\\\/\\\/aapars.com\\\/hughette-prince\\\/#website\",\"url\":\"https:\\\/\\\/aapars.com\\\/hughette-prince\\\/\",\"name\":\"Hughette Prince\",\"description\":\"Un site de la galerie virtuelle de l&#039;AAPARS\",\"publisher\":{\"@id\":\"https:\\\/\\\/aapars.com\\\/hughette-prince\\\/#organization\"},\"potentialAction\":[{\"@type\":\"SearchAction\",\"target\":{\"@type\":\"EntryPoint\",\"urlTemplate\":\"https:\\\/\\\/aapars.com\\\/hughette-prince\\\/?s={search_term_string}\"},\"query-input\":{\"@type\":\"PropertyValueSpecification\",\"valueRequired\":true,\"valueName\":\"search_term_string\"}}],\"inLanguage\":\"fr-FR\"},{\"@type\":\"Organization\",\"@id\":\"https:\\\/\\\/aapars.com\\\/hughette-prince\\\/#organization\",\"name\":\"Hughette Prince\",\"url\":\"https:\\\/\\\/aapars.com\\\/hughette-prince\\\/\",\"logo\":{\"@type\":\"ImageObject\",\"inLanguage\":\"fr-FR\",\"@id\":\"https:\\\/\\\/aapars.com\\\/hughette-prince\\\/#\\\/schema\\\/logo\\\/image\\\/\",\"url\":\"https:\\\/\\\/aapars.com\\\/hughette-prince\\\/files\\\/2021\\\/05\\\/logo-aapars-@2x.png\",\"contentUrl\":\"https:\\\/\\\/aapars.com\\\/hughette-prince\\\/files\\\/2021\\\/05\\\/logo-aapars-@2x.png\",\"width\":560,\"height\":306,\"caption\":\"Hughette Prince\"},\"image\":{\"@id\":\"https:\\\/\\\/aapars.com\\\/hughette-prince\\\/#\\\/schema\\\/logo\\\/image\\\/\"}}]}<\/script>\n<!-- \/ Yoast SEO plugin. -->","yoast_head_json":{"title":"Hughette Prince - Hughette Prince - Un site de la galerie virtuelle de l&#039;AAPARS","description":"D\u00e9marche J'exprime sur toile les \u00e9motions ressenties devant la nature, l'architecture et l'histoire. J'ai un faible pour l'\u00e9poque m\u00e9di\u00e9vale, les vieilles","robots":{"index":"index","follow":"follow","max-snippet":"max-snippet:-1","max-image-preview":"max-image-preview:large","max-video-preview":"max-video-preview:-1"},"canonical":"https:\/\/aapars.com\/hughette-prince\/","og_locale":"fr_FR","og_type":"article","og_title":"Hughette Prince - Hughette Prince - Un site de la galerie virtuelle de l&#039;AAPARS","og_description":"D\u00e9marche J'exprime sur toile les \u00e9motions ressenties devant la nature, l'architecture et l'histoire. J'ai un faible pour l'\u00e9poque m\u00e9di\u00e9vale, les vieilles","og_url":"https:\/\/aapars.com\/hughette-prince\/","og_site_name":"Hughette Prince","article_modified_time":"2021-05-23T17:25:59+00:00","og_image":[{"url":"https:\/\/aapars.com\/hughette-prince\/files\/2010\/10\/Hughette-13_modifi\u00e9-1-535x553.jpg","type":"","width":"","height":""}],"twitter_misc":{"Dur\u00e9e de lecture estim\u00e9e":"1 minute"},"schema":{"@context":"https:\/\/schema.org","@graph":[{"@type":"WebPage","@id":"https:\/\/aapars.com\/hughette-prince\/","url":"https:\/\/aapars.com\/hughette-prince\/","name":"Hughette Prince - Hughette Prince - Un site de la galerie virtuelle de l&#039;AAPARS","isPartOf":{"@id":"https:\/\/aapars.com\/hughette-prince\/#website"},"datePublished":"2010-10-03T05:11:36+00:00","dateModified":"2021-05-23T17:25:59+00:00","description":"D\u00e9marche J'exprime sur toile les \u00e9motions ressenties devant la nature, l'architecture et l'histoire. J'ai un faible pour l'\u00e9poque m\u00e9di\u00e9vale, les vieilles","breadcrumb":{"@id":"https:\/\/aapars.com\/hughette-prince\/#breadcrumb"},"inLanguage":"fr-FR","potentialAction":[{"@type":"ReadAction","target":["https:\/\/aapars.com\/hughette-prince\/"]}]},{"@type":"BreadcrumbList","@id":"https:\/\/aapars.com\/hughette-prince\/#breadcrumb","itemListElement":[{"@type":"ListItem","position":1,"name":"Accueil","item":"https:\/\/aapars.com\/hughette-prince\/"},{"@type":"ListItem","position":2,"name":"Hughette Prince"}]},{"@type":"WebSite","@id":"https:\/\/aapars.com\/hughette-prince\/#website","url":"https:\/\/aapars.com\/hughette-prince\/","name":"Hughette Prince","description":"Un site de la galerie virtuelle de l&#039;AAPARS","publisher":{"@id":"https:\/\/aapars.com\/hughette-prince\/#organization"},"potentialAction":[{"@type":"SearchAction","target":{"@type":"EntryPoint","urlTemplate":"https:\/\/aapars.com\/hughette-prince\/?s={search_term_string}"},"query-input":{"@type":"PropertyValueSpecification","valueRequired":true,"valueName":"search_term_string"}}],"inLanguage":"fr-FR"},{"@type":"Organization","@id":"https:\/\/aapars.com\/hughette-prince\/#organization","name":"Hughette Prince","url":"https:\/\/aapars.com\/hughette-prince\/","logo":{"@type":"ImageObject","inLanguage":"fr-FR","@id":"https:\/\/aapars.com\/hughette-prince\/#\/schema\/logo\/image\/","url":"https:\/\/aapars.com\/hughette-prince\/files\/2021\/05\/logo-aapars-@2x.png","contentUrl":"https:\/\/aapars.com\/hughette-prince\/files\/2021\/05\/logo-aapars-@2x.png","width":560,"height":306,"caption":"Hughette Prince"},"image":{"@id":"https:\/\/aapars.com\/hughette-prince\/#\/schema\/logo\/image\/"}}]}},"_links":{"self":[{"href":"https:\/\/aapars.com\/hughette-prince\/wp-json\/wp\/v2\/pages\/32","targetHints":{"allow":["GET"]}}],"collection":[{"href":"https:\/\/aapars.com\/hughette-prince\/wp-json\/wp\/v2\/pages"}],"about":[{"href":"https:\/\/aapars.com\/hughette-prince\/wp-json\/wp\/v2\/types\/page"}],"author":[{"embeddable":true,"href":"https:\/\/aapars.com\/hughette-prince\/wp-json\/wp\/v2\/users\/58"}],"replies":[{"embeddable":true,"href":"https:\/\/aapars.com\/hughette-prince\/wp-json\/wp\/v2\/comments?post=32"}],"version-history":[{"count":0,"href":"https:\/\/aapars.com\/hughette-prince\/wp-json\/wp\/v2\/pages\/32\/revisions"}],"wp:attachment":[{"href":"https:\/\/aapars.com\/hughette-prince\/wp-json\/wp\/v2\/media?parent=32"}],"curies":[{"name":"wp","href":"https:\/\/api.w.org\/{rel}","templated":true}]}}