{"id":4,"date":"2010-10-03T14:04:32","date_gmt":"2010-10-03T18:04:32","guid":{"rendered":"https:\/\/aapars.com\/helene-raymond\/"},"modified":"2024-03-26T09:41:56","modified_gmt":"2024-03-26T13:41:56","slug":"portfolio","status":"publish","type":"page","link":"https:\/\/aapars.com\/helene-raymond\/portfolio\/","title":{"rendered":"Portfolio"},"content":{"rendered":"<h2>\u0152uvres prim\u00e9es<\/h2>\nngg_shortcode_0_placeholder\n<h2>La vie qui va<\/h2>\nngg_shortcode_1_placeholder\n<h2>Les enfants d&#8217;abord<\/h2>\nngg_shortcode_2_placeholder\n<h2>Portraits de familles<\/h2>\nngg_shortcode_3_placeholder\n<h2>On the road<\/h2>\nngg_shortcode_4_placeholder\n<h2>&nbsp;<\/h2>\n<input class=\"fooboxshare_post_id\" type=\"hidden\" value=\"4\"\/>","protected":false},"excerpt":{"rendered":"<p>\u0152uvres prim\u00e9es La vie qui va Les enfants d&#8217;abord Portraits de familles On the road &nbsp;<\/p>\n","protected":false},"author":922,"featured_media":0,"parent":0,"menu_order":1,"comment_status":"closed","ping_status":"closed","template":"","meta":{"_s2mail":"yes","ngg_post_thumbnail":0,"iawp_total_views":104,"footnotes":""},"class_list":["post-4","page","type-page","status-publish"],"yoast_head":"<!-- This site is optimized with the Yoast SEO plugin v27.3 - https:\/\/yoast.com\/product\/yoast-seo-wordpress\/ -->\n<title>Portfolio - H\u00e9l\u00e8ne Raymond - Un site de la galerie virtuelle de l&#039;AAPARS<\/title>\n<meta name=\"description\" content=\"\u0152uvres prim\u00e9es  La vie qui va  Les enfants d&#039;abord  Portraits de familles  On the road  &nbsp;\" \/>\n<meta name=\"robots\" content=\"index, follow, max-snippet:-1, max-image-preview:large, max-video-preview:-1\" \/>\n<link rel=\"canonical\" href=\"https:\/\/aapars.com\/helene-raymond\/portfolio\/\" \/>\n<meta property=\"og:locale\" content=\"fr_FR\" \/>\n<meta property=\"og:type\" content=\"article\" \/>\n<meta property=\"og:title\" content=\"Portfolio - H\u00e9l\u00e8ne Raymond - Un site de la galerie virtuelle de l&#039;AAPARS\" \/>\n<meta property=\"og:description\" content=\"\u0152uvres prim\u00e9es  La vie qui va  Les enfants d&#039;abord  Portraits de familles  On the road  &nbsp;\" \/>\n<meta property=\"og:url\" content=\"https:\/\/aapars.com\/helene-raymond\/portfolio\/\" \/>\n<meta property=\"og:site_name\" content=\"H\u00e9l\u00e8ne Raymond\" \/>\n<meta property=\"article:modified_time\" content=\"2024-03-26T13:41:56+00:00\" \/>\n<meta name=\"twitter:label1\" content=\"Dur\u00e9e de lecture estim\u00e9e\" \/>\n\t<meta name=\"twitter:data1\" content=\"1 minute\" \/>\n<script type=\"application\/ld+json\" class=\"yoast-schema-graph\">{\"@context\":\"https:\\\/\\\/schema.org\",\"@graph\":[{\"@type\":\"WebPage\",\"@id\":\"https:\\\/\\\/aapars.com\\\/helene-raymond\\\/portfolio\\\/\",\"url\":\"https:\\\/\\\/aapars.com\\\/helene-raymond\\\/portfolio\\\/\",\"name\":\"Portfolio - H\u00e9l\u00e8ne Raymond - Un site de la galerie virtuelle de l&#039;AAPARS\",\"isPartOf\":{\"@id\":\"https:\\\/\\\/aapars.com\\\/helene-raymond\\\/#website\"},\"datePublished\":\"2010-10-03T18:04:32+00:00\",\"dateModified\":\"2024-03-26T13:41:56+00:00\",\"description\":\"\u0152uvres prim\u00e9es La vie qui va Les enfants d'abord Portraits de familles On the road &nbsp;\",\"breadcrumb\":{\"@id\":\"https:\\\/\\\/aapars.com\\\/helene-raymond\\\/portfolio\\\/#breadcrumb\"},\"inLanguage\":\"fr-FR\",\"potentialAction\":[{\"@type\":\"ReadAction\",\"target\":[\"https:\\\/\\\/aapars.com\\\/helene-raymond\\\/portfolio\\\/\"]}]},{\"@type\":\"BreadcrumbList\",\"@id\":\"https:\\\/\\\/aapars.com\\\/helene-raymond\\\/portfolio\\\/#breadcrumb\",\"itemListElement\":[{\"@type\":\"ListItem\",\"position\":1,\"name\":\"Accueil\",\"item\":\"https:\\\/\\\/aapars.com\\\/helene-raymond\\\/\"},{\"@type\":\"ListItem\",\"position\":2,\"name\":\"Portfolio\"}]},{\"@type\":\"WebSite\",\"@id\":\"https:\\\/\\\/aapars.com\\\/helene-raymond\\\/#website\",\"url\":\"https:\\\/\\\/aapars.com\\\/helene-raymond\\\/\",\"name\":\"H\u00e9l\u00e8ne Raymond\",\"description\":\"Un site de la galerie virtuelle de l&#039;AAPARS\",\"publisher\":{\"@id\":\"https:\\\/\\\/aapars.com\\\/helene-raymond\\\/#organization\"},\"potentialAction\":[{\"@type\":\"SearchAction\",\"target\":{\"@type\":\"EntryPoint\",\"urlTemplate\":\"https:\\\/\\\/aapars.com\\\/helene-raymond\\\/?s={search_term_string}\"},\"query-input\":{\"@type\":\"PropertyValueSpecification\",\"valueRequired\":true,\"valueName\":\"search_term_string\"}}],\"inLanguage\":\"fr-FR\"},{\"@type\":\"Organization\",\"@id\":\"https:\\\/\\\/aapars.com\\\/helene-raymond\\\/#organization\",\"name\":\"H\u00e9l\u00e8ne Raymond\",\"url\":\"https:\\\/\\\/aapars.com\\\/helene-raymond\\\/\",\"logo\":{\"@type\":\"ImageObject\",\"inLanguage\":\"fr-FR\",\"@id\":\"https:\\\/\\\/aapars.com\\\/helene-raymond\\\/#\\\/schema\\\/logo\\\/image\\\/\",\"url\":\"https:\\\/\\\/aapars.com\\\/helene-raymond\\\/files\\\/2012\\\/04\\\/logo-aapars-@2x.png\",\"contentUrl\":\"https:\\\/\\\/aapars.com\\\/helene-raymond\\\/files\\\/2012\\\/04\\\/logo-aapars-@2x.png\",\"width\":560,\"height\":306,\"caption\":\"H\u00e9l\u00e8ne Raymond\"},\"image\":{\"@id\":\"https:\\\/\\\/aapars.com\\\/helene-raymond\\\/#\\\/schema\\\/logo\\\/image\\\/\"}}]}<\/script>\n<!-- \/ Yoast SEO plugin. -->","yoast_head_json":{"title":"Portfolio - H\u00e9l\u00e8ne Raymond - Un site de la galerie virtuelle de l&#039;AAPARS","description":"\u0152uvres prim\u00e9es  La vie qui va  Les enfants d'abord  Portraits de familles  On the road  &nbsp;","robots":{"index":"index","follow":"follow","max-snippet":"max-snippet:-1","max-image-preview":"max-image-preview:large","max-video-preview":"max-video-preview:-1"},"canonical":"https:\/\/aapars.com\/helene-raymond\/portfolio\/","og_locale":"fr_FR","og_type":"article","og_title":"Portfolio - H\u00e9l\u00e8ne Raymond - Un site de la galerie virtuelle de l&#039;AAPARS","og_description":"\u0152uvres prim\u00e9es  La vie qui va  Les enfants d'abord  Portraits de familles  On the road  &nbsp;","og_url":"https:\/\/aapars.com\/helene-raymond\/portfolio\/","og_site_name":"H\u00e9l\u00e8ne Raymond","article_modified_time":"2024-03-26T13:41:56+00:00","twitter_misc":{"Dur\u00e9e de lecture estim\u00e9e":"1 minute"},"schema":{"@context":"https:\/\/schema.org","@graph":[{"@type":"WebPage","@id":"https:\/\/aapars.com\/helene-raymond\/portfolio\/","url":"https:\/\/aapars.com\/helene-raymond\/portfolio\/","name":"Portfolio - H\u00e9l\u00e8ne Raymond - Un site de la galerie virtuelle de l&#039;AAPARS","isPartOf":{"@id":"https:\/\/aapars.com\/helene-raymond\/#website"},"datePublished":"2010-10-03T18:04:32+00:00","dateModified":"2024-03-26T13:41:56+00:00","description":"\u0152uvres prim\u00e9es La vie qui va Les enfants d'abord Portraits de familles On the road &nbsp;","breadcrumb":{"@id":"https:\/\/aapars.com\/helene-raymond\/portfolio\/#breadcrumb"},"inLanguage":"fr-FR","potentialAction":[{"@type":"ReadAction","target":["https:\/\/aapars.com\/helene-raymond\/portfolio\/"]}]},{"@type":"BreadcrumbList","@id":"https:\/\/aapars.com\/helene-raymond\/portfolio\/#breadcrumb","itemListElement":[{"@type":"ListItem","position":1,"name":"Accueil","item":"https:\/\/aapars.com\/helene-raymond\/"},{"@type":"ListItem","position":2,"name":"Portfolio"}]},{"@type":"WebSite","@id":"https:\/\/aapars.com\/helene-raymond\/#website","url":"https:\/\/aapars.com\/helene-raymond\/","name":"H\u00e9l\u00e8ne Raymond","description":"Un site de la galerie virtuelle de l&#039;AAPARS","publisher":{"@id":"https:\/\/aapars.com\/helene-raymond\/#organization"},"potentialAction":[{"@type":"SearchAction","target":{"@type":"EntryPoint","urlTemplate":"https:\/\/aapars.com\/helene-raymond\/?s={search_term_string}"},"query-input":{"@type":"PropertyValueSpecification","valueRequired":true,"valueName":"search_term_string"}}],"inLanguage":"fr-FR"},{"@type":"Organization","@id":"https:\/\/aapars.com\/helene-raymond\/#organization","name":"H\u00e9l\u00e8ne Raymond","url":"https:\/\/aapars.com\/helene-raymond\/","logo":{"@type":"ImageObject","inLanguage":"fr-FR","@id":"https:\/\/aapars.com\/helene-raymond\/#\/schema\/logo\/image\/","url":"https:\/\/aapars.com\/helene-raymond\/files\/2012\/04\/logo-aapars-@2x.png","contentUrl":"https:\/\/aapars.com\/helene-raymond\/files\/2012\/04\/logo-aapars-@2x.png","width":560,"height":306,"caption":"H\u00e9l\u00e8ne Raymond"},"image":{"@id":"https:\/\/aapars.com\/helene-raymond\/#\/schema\/logo\/image\/"}}]}},"_links":{"self":[{"href":"https:\/\/aapars.com\/helene-raymond\/wp-json\/wp\/v2\/pages\/4","targetHints":{"allow":["GET"]}}],"collection":[{"href":"https:\/\/aapars.com\/helene-raymond\/wp-json\/wp\/v2\/pages"}],"about":[{"href":"https:\/\/aapars.com\/helene-raymond\/wp-json\/wp\/v2\/types\/page"}],"author":[{"embeddable":true,"href":"https:\/\/aapars.com\/helene-raymond\/wp-json\/wp\/v2\/users\/922"}],"replies":[{"embeddable":true,"href":"https:\/\/aapars.com\/helene-raymond\/wp-json\/wp\/v2\/comments?post=4"}],"version-history":[{"count":1,"href":"https:\/\/aapars.com\/helene-raymond\/wp-json\/wp\/v2\/pages\/4\/revisions"}],"predecessor-version":[{"id":293,"href":"https:\/\/aapars.com\/helene-raymond\/wp-json\/wp\/v2\/pages\/4\/revisions\/293"}],"wp:attachment":[{"href":"https:\/\/aapars.com\/helene-raymond\/wp-json\/wp\/v2\/media?parent=4"}],"curies":[{"name":"wp","href":"https:\/\/api.w.org\/{rel}","templated":true}]}}