{"id":4,"date":"2010-10-03T14:04:32","date_gmt":"2010-10-03T18:04:32","guid":{"rendered":"https:\/\/aapars.com\/hasnaa-el-hajmir\/"},"modified":"2021-05-23T15:42:26","modified_gmt":"2021-05-23T19:42:26","slug":"portfolio","status":"publish","type":"page","link":"https:\/\/aapars.com\/hasnaa-el-hajmir\/portfolio\/","title":{"rendered":"Portfolio"},"content":{"rendered":"<p>Vous pouvez ins\u00e9rer vos galeries sur cette page apr\u00e8s les avoir cr\u00e9\u00e9 dans la section&nbsp;<strong>Galeries<\/strong> (voir au bas du menu de gauche dans l&#8217;\u00e9diteur WordPress).<\/p>\n<h2>Nom de la premi\u00e8re galerie<\/h2>\nngg_shortcode_0_placeholder\n<input class=\"fooboxshare_post_id\" type=\"hidden\" value=\"4\"\/>","protected":false},"excerpt":{"rendered":"<p>Vous pouvez ins\u00e9rer vos galeries sur cette page apr\u00e8s les avoir cr\u00e9\u00e9 dans la section&nbsp;Galeries (voir au bas du menu de gauche dans l&#8217;\u00e9diteur WordPress). Nom de la premi\u00e8re galerie<\/p>\n","protected":false},"author":3462,"featured_media":0,"parent":0,"menu_order":1,"comment_status":"closed","ping_status":"closed","template":"","meta":{"_s2mail":"yes","ngg_post_thumbnail":0,"iawp_total_views":0,"footnotes":""},"class_list":["post-4","page","type-page","status-publish"],"yoast_head":"<!-- This site is optimized with the Yoast SEO plugin v27.3 - https:\/\/yoast.com\/product\/yoast-seo-wordpress\/ -->\n<title>Portfolio - Hasnaa El Hajmir - Un site de la galerie virtuelle de l&#039;AAPARS<\/title>\n<meta name=\"description\" content=\"Vous pouvez ins\u00e9rer vos galeries sur cette page apr\u00e8s les avoir cr\u00e9\u00e9 dans la section&nbsp;Galeries (voir au bas du menu de gauche dans l&#039;\u00e9diteur\" \/>\n<meta name=\"robots\" content=\"noindex, follow, max-snippet:-1, max-image-preview:large, max-video-preview:-1\" \/>\n<meta property=\"og:locale\" content=\"fr_FR\" \/>\n<meta property=\"og:type\" content=\"article\" \/>\n<meta property=\"og:title\" content=\"Portfolio - Hasnaa El Hajmir - Un site de la galerie virtuelle de l&#039;AAPARS\" \/>\n<meta property=\"og:description\" content=\"Vous pouvez ins\u00e9rer vos galeries sur cette page apr\u00e8s les avoir cr\u00e9\u00e9 dans la section&nbsp;Galeries (voir au bas du menu de gauche dans l&#039;\u00e9diteur\" \/>\n<meta property=\"og:url\" content=\"https:\/\/aapars.com\/hasnaa-el-hajmir\/portfolio\/\" \/>\n<meta property=\"og:site_name\" content=\"Hasnaa El Hajmir\" \/>\n<meta property=\"article:modified_time\" content=\"2021-05-23T19:42:26+00:00\" \/>\n<meta name=\"twitter:label1\" content=\"Dur\u00e9e de lecture estim\u00e9e\" \/>\n\t<meta name=\"twitter:data1\" content=\"1 minute\" \/>\n<script type=\"application\/ld+json\" class=\"yoast-schema-graph\">{\"@context\":\"https:\\\/\\\/schema.org\",\"@graph\":[{\"@type\":\"WebPage\",\"@id\":\"https:\\\/\\\/aapars.com\\\/hasnaa-el-hajmir\\\/portfolio\\\/\",\"url\":\"https:\\\/\\\/aapars.com\\\/hasnaa-el-hajmir\\\/portfolio\\\/\",\"name\":\"Portfolio - Hasnaa El Hajmir - Un site de la galerie virtuelle de l&#039;AAPARS\",\"isPartOf\":{\"@id\":\"https:\\\/\\\/aapars.com\\\/hasnaa-el-hajmir\\\/#website\"},\"datePublished\":\"2010-10-03T18:04:32+00:00\",\"dateModified\":\"2021-05-23T19:42:26+00:00\",\"description\":\"Vous pouvez ins\u00e9rer vos galeries sur cette page apr\u00e8s les avoir cr\u00e9\u00e9 dans la section&nbsp;Galeries (voir au bas du menu de gauche dans l'\u00e9diteur\",\"breadcrumb\":{\"@id\":\"https:\\\/\\\/aapars.com\\\/hasnaa-el-hajmir\\\/portfolio\\\/#breadcrumb\"},\"inLanguage\":\"fr-FR\",\"potentialAction\":[{\"@type\":\"ReadAction\",\"target\":[\"https:\\\/\\\/aapars.com\\\/hasnaa-el-hajmir\\\/portfolio\\\/\"]}]},{\"@type\":\"BreadcrumbList\",\"@id\":\"https:\\\/\\\/aapars.com\\\/hasnaa-el-hajmir\\\/portfolio\\\/#breadcrumb\",\"itemListElement\":[{\"@type\":\"ListItem\",\"position\":1,\"name\":\"Accueil\",\"item\":\"https:\\\/\\\/aapars.com\\\/hasnaa-el-hajmir\\\/\"},{\"@type\":\"ListItem\",\"position\":2,\"name\":\"Portfolio\"}]},{\"@type\":\"WebSite\",\"@id\":\"https:\\\/\\\/aapars.com\\\/hasnaa-el-hajmir\\\/#website\",\"url\":\"https:\\\/\\\/aapars.com\\\/hasnaa-el-hajmir\\\/\",\"name\":\"Hasnaa El Hajmir\",\"description\":\"Un site de la galerie virtuelle de l&#039;AAPARS\",\"publisher\":{\"@id\":\"https:\\\/\\\/aapars.com\\\/hasnaa-el-hajmir\\\/#organization\"},\"potentialAction\":[{\"@type\":\"SearchAction\",\"target\":{\"@type\":\"EntryPoint\",\"urlTemplate\":\"https:\\\/\\\/aapars.com\\\/hasnaa-el-hajmir\\\/?s={search_term_string}\"},\"query-input\":{\"@type\":\"PropertyValueSpecification\",\"valueRequired\":true,\"valueName\":\"search_term_string\"}}],\"inLanguage\":\"fr-FR\"},{\"@type\":\"Organization\",\"@id\":\"https:\\\/\\\/aapars.com\\\/hasnaa-el-hajmir\\\/#organization\",\"name\":\"Hasnaa El Hajmir\",\"url\":\"https:\\\/\\\/aapars.com\\\/hasnaa-el-hajmir\\\/\",\"logo\":{\"@type\":\"ImageObject\",\"inLanguage\":\"fr-FR\",\"@id\":\"https:\\\/\\\/aapars.com\\\/hasnaa-el-hajmir\\\/#\\\/schema\\\/logo\\\/image\\\/\",\"url\":\"https:\\\/\\\/aapars.com\\\/hasnaa-el-hajmir\\\/files\\\/2012\\\/04\\\/logo-aapars-@2x.png\",\"contentUrl\":\"https:\\\/\\\/aapars.com\\\/hasnaa-el-hajmir\\\/files\\\/2012\\\/04\\\/logo-aapars-@2x.png\",\"width\":560,\"height\":306,\"caption\":\"Hasnaa El Hajmir\"},\"image\":{\"@id\":\"https:\\\/\\\/aapars.com\\\/hasnaa-el-hajmir\\\/#\\\/schema\\\/logo\\\/image\\\/\"}}]}<\/script>\n<!-- \/ Yoast SEO plugin. -->","yoast_head_json":{"title":"Portfolio - Hasnaa El Hajmir - Un site de la galerie virtuelle de l&#039;AAPARS","description":"Vous pouvez ins\u00e9rer vos galeries sur cette page apr\u00e8s les avoir cr\u00e9\u00e9 dans la section&nbsp;Galeries (voir au bas du menu de gauche dans l'\u00e9diteur","robots":{"index":"noindex","follow":"follow","max-snippet":"max-snippet:-1","max-image-preview":"max-image-preview:large","max-video-preview":"max-video-preview:-1"},"og_locale":"fr_FR","og_type":"article","og_title":"Portfolio - Hasnaa El Hajmir - Un site de la galerie virtuelle de l&#039;AAPARS","og_description":"Vous pouvez ins\u00e9rer vos galeries sur cette page apr\u00e8s les avoir cr\u00e9\u00e9 dans la section&nbsp;Galeries (voir au bas du menu de gauche dans l'\u00e9diteur","og_url":"https:\/\/aapars.com\/hasnaa-el-hajmir\/portfolio\/","og_site_name":"Hasnaa El Hajmir","article_modified_time":"2021-05-23T19:42:26+00:00","twitter_misc":{"Dur\u00e9e de lecture estim\u00e9e":"1 minute"},"schema":{"@context":"https:\/\/schema.org","@graph":[{"@type":"WebPage","@id":"https:\/\/aapars.com\/hasnaa-el-hajmir\/portfolio\/","url":"https:\/\/aapars.com\/hasnaa-el-hajmir\/portfolio\/","name":"Portfolio - Hasnaa El Hajmir - Un site de la galerie virtuelle de l&#039;AAPARS","isPartOf":{"@id":"https:\/\/aapars.com\/hasnaa-el-hajmir\/#website"},"datePublished":"2010-10-03T18:04:32+00:00","dateModified":"2021-05-23T19:42:26+00:00","description":"Vous pouvez ins\u00e9rer vos galeries sur cette page apr\u00e8s les avoir cr\u00e9\u00e9 dans la section&nbsp;Galeries (voir au bas du menu de gauche dans l'\u00e9diteur","breadcrumb":{"@id":"https:\/\/aapars.com\/hasnaa-el-hajmir\/portfolio\/#breadcrumb"},"inLanguage":"fr-FR","potentialAction":[{"@type":"ReadAction","target":["https:\/\/aapars.com\/hasnaa-el-hajmir\/portfolio\/"]}]},{"@type":"BreadcrumbList","@id":"https:\/\/aapars.com\/hasnaa-el-hajmir\/portfolio\/#breadcrumb","itemListElement":[{"@type":"ListItem","position":1,"name":"Accueil","item":"https:\/\/aapars.com\/hasnaa-el-hajmir\/"},{"@type":"ListItem","position":2,"name":"Portfolio"}]},{"@type":"WebSite","@id":"https:\/\/aapars.com\/hasnaa-el-hajmir\/#website","url":"https:\/\/aapars.com\/hasnaa-el-hajmir\/","name":"Hasnaa El Hajmir","description":"Un site de la galerie virtuelle de l&#039;AAPARS","publisher":{"@id":"https:\/\/aapars.com\/hasnaa-el-hajmir\/#organization"},"potentialAction":[{"@type":"SearchAction","target":{"@type":"EntryPoint","urlTemplate":"https:\/\/aapars.com\/hasnaa-el-hajmir\/?s={search_term_string}"},"query-input":{"@type":"PropertyValueSpecification","valueRequired":true,"valueName":"search_term_string"}}],"inLanguage":"fr-FR"},{"@type":"Organization","@id":"https:\/\/aapars.com\/hasnaa-el-hajmir\/#organization","name":"Hasnaa El Hajmir","url":"https:\/\/aapars.com\/hasnaa-el-hajmir\/","logo":{"@type":"ImageObject","inLanguage":"fr-FR","@id":"https:\/\/aapars.com\/hasnaa-el-hajmir\/#\/schema\/logo\/image\/","url":"https:\/\/aapars.com\/hasnaa-el-hajmir\/files\/2012\/04\/logo-aapars-@2x.png","contentUrl":"https:\/\/aapars.com\/hasnaa-el-hajmir\/files\/2012\/04\/logo-aapars-@2x.png","width":560,"height":306,"caption":"Hasnaa El Hajmir"},"image":{"@id":"https:\/\/aapars.com\/hasnaa-el-hajmir\/#\/schema\/logo\/image\/"}}]}},"_links":{"self":[{"href":"https:\/\/aapars.com\/hasnaa-el-hajmir\/wp-json\/wp\/v2\/pages\/4","targetHints":{"allow":["GET"]}}],"collection":[{"href":"https:\/\/aapars.com\/hasnaa-el-hajmir\/wp-json\/wp\/v2\/pages"}],"about":[{"href":"https:\/\/aapars.com\/hasnaa-el-hajmir\/wp-json\/wp\/v2\/types\/page"}],"author":[{"embeddable":true,"href":"https:\/\/aapars.com\/hasnaa-el-hajmir\/wp-json\/wp\/v2\/users\/3462"}],"replies":[{"embeddable":true,"href":"https:\/\/aapars.com\/hasnaa-el-hajmir\/wp-json\/wp\/v2\/comments?post=4"}],"version-history":[{"count":0,"href":"https:\/\/aapars.com\/hasnaa-el-hajmir\/wp-json\/wp\/v2\/pages\/4\/revisions"}],"wp:attachment":[{"href":"https:\/\/aapars.com\/hasnaa-el-hajmir\/wp-json\/wp\/v2\/media?parent=4"}],"curies":[{"name":"wp","href":"https:\/\/api.w.org\/{rel}","templated":true}]}}