{"id":33,"date":"2011-04-03T14:04:32","date_gmt":"2011-04-03T18:04:32","guid":{"rendered":"https:\/\/aapars.com\/site-gabarit\/"},"modified":"2021-05-23T13:25:29","modified_gmt":"2021-05-23T17:25:29","slug":"portfolio","status":"publish","type":"page","link":"https:\/\/aapars.com\/gerard-lachapelle\/portfolio\/","title":{"rendered":"Portfolio"},"content":{"rendered":"<h2>Aquarelle<\/h2>\nngg_shortcode_0_placeholder\n","protected":false},"excerpt":{"rendered":"<p>Aquarelle<\/p>\n","protected":false},"author":47,"featured_media":0,"parent":0,"menu_order":1,"comment_status":"closed","ping_status":"closed","template":"","meta":{"_s2mail":"","ngg_post_thumbnail":0,"iawp_total_views":71,"footnotes":""},"class_list":["post-33","page","type-page","status-publish"],"yoast_head":"<!-- This site is optimized with the Yoast SEO plugin v27.3 - https:\/\/yoast.com\/product\/yoast-seo-wordpress\/ -->\n<title>Portfolio - G\u00e9rard Lachapelle - Un site de la galerie virtuelle de l\u2019AAPARS<\/title>\n<meta name=\"description\" content=\"Aquarelle\" \/>\n<meta name=\"robots\" content=\"index, follow, max-snippet:-1, max-image-preview:large, max-video-preview:-1\" \/>\n<link rel=\"canonical\" href=\"https:\/\/aapars.com\/gerard-lachapelle\/portfolio\/\" \/>\n<meta property=\"og:locale\" content=\"fr_FR\" \/>\n<meta property=\"og:type\" content=\"article\" \/>\n<meta property=\"og:title\" content=\"Portfolio - G\u00e9rard Lachapelle - Un site de la galerie virtuelle de l\u2019AAPARS\" \/>\n<meta property=\"og:description\" content=\"Aquarelle\" \/>\n<meta property=\"og:url\" content=\"https:\/\/aapars.com\/gerard-lachapelle\/portfolio\/\" \/>\n<meta property=\"og:site_name\" content=\"G\u00e9rard Lachapelle\" \/>\n<meta property=\"article:modified_time\" content=\"2021-05-23T17:25:29+00:00\" \/>\n<meta name=\"twitter:label1\" content=\"Dur\u00e9e de lecture estim\u00e9e\" \/>\n\t<meta name=\"twitter:data1\" content=\"1 minute\" \/>\n<script type=\"application\/ld+json\" class=\"yoast-schema-graph\">{\"@context\":\"https:\\\/\\\/schema.org\",\"@graph\":[{\"@type\":\"WebPage\",\"@id\":\"https:\\\/\\\/aapars.com\\\/gerard-lachapelle\\\/portfolio\\\/\",\"url\":\"https:\\\/\\\/aapars.com\\\/gerard-lachapelle\\\/portfolio\\\/\",\"name\":\"Portfolio - G\u00e9rard Lachapelle - Un site de la galerie virtuelle de l\u2019AAPARS\",\"isPartOf\":{\"@id\":\"https:\\\/\\\/aapars.com\\\/gerard-lachapelle\\\/#website\"},\"datePublished\":\"2011-04-03T18:04:32+00:00\",\"dateModified\":\"2021-05-23T17:25:29+00:00\",\"description\":\"Aquarelle\",\"breadcrumb\":{\"@id\":\"https:\\\/\\\/aapars.com\\\/gerard-lachapelle\\\/portfolio\\\/#breadcrumb\"},\"inLanguage\":\"fr-FR\",\"potentialAction\":[{\"@type\":\"ReadAction\",\"target\":[\"https:\\\/\\\/aapars.com\\\/gerard-lachapelle\\\/portfolio\\\/\"]}]},{\"@type\":\"BreadcrumbList\",\"@id\":\"https:\\\/\\\/aapars.com\\\/gerard-lachapelle\\\/portfolio\\\/#breadcrumb\",\"itemListElement\":[{\"@type\":\"ListItem\",\"position\":1,\"name\":\"Accueil\",\"item\":\"https:\\\/\\\/aapars.com\\\/gerard-lachapelle\\\/\"},{\"@type\":\"ListItem\",\"position\":2,\"name\":\"Portfolio\"}]},{\"@type\":\"WebSite\",\"@id\":\"https:\\\/\\\/aapars.com\\\/gerard-lachapelle\\\/#website\",\"url\":\"https:\\\/\\\/aapars.com\\\/gerard-lachapelle\\\/\",\"name\":\"G\u00e9rard Lachapelle\",\"description\":\"Un site de la galerie virtuelle de l\u2019AAPARS\",\"publisher\":{\"@id\":\"https:\\\/\\\/aapars.com\\\/gerard-lachapelle\\\/#organization\"},\"potentialAction\":[{\"@type\":\"SearchAction\",\"target\":{\"@type\":\"EntryPoint\",\"urlTemplate\":\"https:\\\/\\\/aapars.com\\\/gerard-lachapelle\\\/?s={search_term_string}\"},\"query-input\":{\"@type\":\"PropertyValueSpecification\",\"valueRequired\":true,\"valueName\":\"search_term_string\"}}],\"inLanguage\":\"fr-FR\"},{\"@type\":\"Organization\",\"@id\":\"https:\\\/\\\/aapars.com\\\/gerard-lachapelle\\\/#organization\",\"name\":\"G\u00e9rard Lachapelle\",\"url\":\"https:\\\/\\\/aapars.com\\\/gerard-lachapelle\\\/\",\"logo\":{\"@type\":\"ImageObject\",\"inLanguage\":\"fr-FR\",\"@id\":\"https:\\\/\\\/aapars.com\\\/gerard-lachapelle\\\/#\\\/schema\\\/logo\\\/image\\\/\",\"url\":\"https:\\\/\\\/aapars.com\\\/gerard-lachapelle\\\/files\\\/2012\\\/04\\\/logo-aapars-@2x.png\",\"contentUrl\":\"https:\\\/\\\/aapars.com\\\/gerard-lachapelle\\\/files\\\/2012\\\/04\\\/logo-aapars-@2x.png\",\"width\":560,\"height\":306,\"caption\":\"G\u00e9rard Lachapelle\"},\"image\":{\"@id\":\"https:\\\/\\\/aapars.com\\\/gerard-lachapelle\\\/#\\\/schema\\\/logo\\\/image\\\/\"}}]}<\/script>\n<!-- \/ Yoast SEO plugin. -->","yoast_head_json":{"title":"Portfolio - G\u00e9rard Lachapelle - Un site de la galerie virtuelle de l\u2019AAPARS","description":"Aquarelle","robots":{"index":"index","follow":"follow","max-snippet":"max-snippet:-1","max-image-preview":"max-image-preview:large","max-video-preview":"max-video-preview:-1"},"canonical":"https:\/\/aapars.com\/gerard-lachapelle\/portfolio\/","og_locale":"fr_FR","og_type":"article","og_title":"Portfolio - G\u00e9rard Lachapelle - Un site de la galerie virtuelle de l\u2019AAPARS","og_description":"Aquarelle","og_url":"https:\/\/aapars.com\/gerard-lachapelle\/portfolio\/","og_site_name":"G\u00e9rard Lachapelle","article_modified_time":"2021-05-23T17:25:29+00:00","twitter_misc":{"Dur\u00e9e de lecture estim\u00e9e":"1 minute"},"schema":{"@context":"https:\/\/schema.org","@graph":[{"@type":"WebPage","@id":"https:\/\/aapars.com\/gerard-lachapelle\/portfolio\/","url":"https:\/\/aapars.com\/gerard-lachapelle\/portfolio\/","name":"Portfolio - G\u00e9rard Lachapelle - Un site de la galerie virtuelle de l\u2019AAPARS","isPartOf":{"@id":"https:\/\/aapars.com\/gerard-lachapelle\/#website"},"datePublished":"2011-04-03T18:04:32+00:00","dateModified":"2021-05-23T17:25:29+00:00","description":"Aquarelle","breadcrumb":{"@id":"https:\/\/aapars.com\/gerard-lachapelle\/portfolio\/#breadcrumb"},"inLanguage":"fr-FR","potentialAction":[{"@type":"ReadAction","target":["https:\/\/aapars.com\/gerard-lachapelle\/portfolio\/"]}]},{"@type":"BreadcrumbList","@id":"https:\/\/aapars.com\/gerard-lachapelle\/portfolio\/#breadcrumb","itemListElement":[{"@type":"ListItem","position":1,"name":"Accueil","item":"https:\/\/aapars.com\/gerard-lachapelle\/"},{"@type":"ListItem","position":2,"name":"Portfolio"}]},{"@type":"WebSite","@id":"https:\/\/aapars.com\/gerard-lachapelle\/#website","url":"https:\/\/aapars.com\/gerard-lachapelle\/","name":"G\u00e9rard Lachapelle","description":"Un site de la galerie virtuelle de l\u2019AAPARS","publisher":{"@id":"https:\/\/aapars.com\/gerard-lachapelle\/#organization"},"potentialAction":[{"@type":"SearchAction","target":{"@type":"EntryPoint","urlTemplate":"https:\/\/aapars.com\/gerard-lachapelle\/?s={search_term_string}"},"query-input":{"@type":"PropertyValueSpecification","valueRequired":true,"valueName":"search_term_string"}}],"inLanguage":"fr-FR"},{"@type":"Organization","@id":"https:\/\/aapars.com\/gerard-lachapelle\/#organization","name":"G\u00e9rard Lachapelle","url":"https:\/\/aapars.com\/gerard-lachapelle\/","logo":{"@type":"ImageObject","inLanguage":"fr-FR","@id":"https:\/\/aapars.com\/gerard-lachapelle\/#\/schema\/logo\/image\/","url":"https:\/\/aapars.com\/gerard-lachapelle\/files\/2012\/04\/logo-aapars-@2x.png","contentUrl":"https:\/\/aapars.com\/gerard-lachapelle\/files\/2012\/04\/logo-aapars-@2x.png","width":560,"height":306,"caption":"G\u00e9rard Lachapelle"},"image":{"@id":"https:\/\/aapars.com\/gerard-lachapelle\/#\/schema\/logo\/image\/"}}]}},"_links":{"self":[{"href":"https:\/\/aapars.com\/gerard-lachapelle\/wp-json\/wp\/v2\/pages\/33","targetHints":{"allow":["GET"]}}],"collection":[{"href":"https:\/\/aapars.com\/gerard-lachapelle\/wp-json\/wp\/v2\/pages"}],"about":[{"href":"https:\/\/aapars.com\/gerard-lachapelle\/wp-json\/wp\/v2\/types\/page"}],"author":[{"embeddable":true,"href":"https:\/\/aapars.com\/gerard-lachapelle\/wp-json\/wp\/v2\/users\/47"}],"replies":[{"embeddable":true,"href":"https:\/\/aapars.com\/gerard-lachapelle\/wp-json\/wp\/v2\/comments?post=33"}],"version-history":[{"count":0,"href":"https:\/\/aapars.com\/gerard-lachapelle\/wp-json\/wp\/v2\/pages\/33\/revisions"}],"wp:attachment":[{"href":"https:\/\/aapars.com\/gerard-lachapelle\/wp-json\/wp\/v2\/media?parent=33"}],"curies":[{"name":"wp","href":"https:\/\/api.w.org\/{rel}","templated":true}]}}