{"id":32,"date":"2010-10-03T05:11:36","date_gmt":"2010-10-03T05:11:36","guid":{"rendered":"https:\/\/aapars.com\/jacques-landry\/?page_id=2"},"modified":"2021-05-23T13:25:29","modified_gmt":"2021-05-23T17:25:29","slug":"profil","status":"publish","type":"page","link":"https:\/\/aapars.com\/gerard-lachapelle\/","title":{"rendered":"G\u00e9rard Lachapelle"},"content":{"rendered":"<p><a href=\"https:\/\/aapars.com\/gerard-lachapelle\/files\/2011\/01\/gerard_lachapelle.jpg\"><img loading=\"lazy\" decoding=\"async\" class=\"alignnone size-full wp-image-40\" src=\"https:\/\/aapars.com\/gerard-lachapelle\/files\/2011\/01\/gerard_lachapelle-e1295976963894.jpg\" alt=\"G\u00e9rard Lachapelle\" width=\"150\" height=\"199\" \/><\/a><\/p>\n\n<table id=\"tablepress-1\" class=\"tablepress tablepress-id-1\">\n<tbody class=\"row-striping\">\n<tr class=\"row-1\">\n\t<td class=\"column-1\">Technique :<\/td><td class=\"column-2\">Aquarelle<\/td>\n<\/tr>\n<tr class=\"row-2\">\n\t<td class=\"column-1\">Affiliations professionelles :<\/td><td class=\"column-2\">AAPARS<\/td>\n<\/tr>\n<tr class=\"row-3\">\n\t<td class=\"column-1\">T\u00e9l\u00e9phone :<\/td><td class=\"column-2\">450-444-5277<\/td>\n<\/tr>\n<tr class=\"row-4\">\n\t<td class=\"column-1\">Courriel :<\/td><td class=\"column-2\"><a href=\"mailto:st-patrice@videotron.ca\">st-patrice@videotron.ca<\/a><\/td>\n<\/tr>\n<\/tbody>\n<\/table>\n<!-- #tablepress-1 from cache -->\n<h2>D\u00e9marche<\/h2>\n<p>Je suis microbiologiste de formation et maintenant sous-retrait\u00e9. J&#8217;ai commenc\u00e9 mes travaux en art au sous-sol de l&#8217;\u00e9glise . J&#8217;ai commenc\u00e9 au d\u00e9but de l&#8217;ann\u00e9e 1998 avec l&#8217;huile mais apr\u00e8s l&#8217;an 2000, j&#8217;ai choisi l&#8217;aquarelle comme m\u00e9dium dont j&#8217;aimais la transparence. J&#8217;ai \u00e9t\u00e9 influenc\u00e9 par M. Maurice Domingue S.C.A. qui affectionnait particuli\u00e8rement les paysages urbains. Comme j&#8217;aime beaucoup voyager et que je fais un film sur chaque pays que je visite, je choisis des images dans diff\u00e9rents pays comme mod\u00e8les de mes aquarelles. Je continue actuellement avec le groupe de Diane Forest S.C.A. \u00e0 faire des paysages urbains.<\/p>\n<h2>Formation<\/h2>\n\n<table id=\"tablepress-2\" class=\"tablepress tablepress-id-2\">\n<thead>\n<tr class=\"row-1\">\n\t<th class=\"column-1\">Ann\u00e9e<\/th><th class=\"column-2\">Institution\/Professeur<\/th><th class=\"column-3\">Programme<\/th>\n<\/tr>\n<\/thead>\n<tbody class=\"row-striping\">\n<tr class=\"row-2\">\n\t<td class=\"column-1\">2006-2010<\/td><td class=\"column-2\">Diane Forest<\/td><td class=\"column-3\">cours d'aquarelle<\/td>\n<\/tr>\n<tr class=\"row-3\">\n\t<td class=\"column-1\">2003-2005<\/td><td class=\"column-2\">Gis\u00e8le Savard<\/td><td class=\"column-3\">cours d'aquarelle<\/td>\n<\/tr>\n<tr class=\"row-4\">\n\t<td class=\"column-1\">2000-2002<\/td><td class=\"column-2\">Maurice Domingue<\/td><td class=\"column-3\">cours d'aquarelle<\/td>\n<\/tr>\n<tr class=\"row-5\">\n\t<td class=\"column-1\">1999-2000<\/td><td class=\"column-2\">Mme Rachel Pereas<\/td><td class=\"column-3\">cours d'aquarelle<\/td>\n<\/tr>\n<\/tbody>\n<\/table>\n<!-- #tablepress-2 from cache -->\n<h2>Expositions<\/h2>\n\n<table id=\"tablepress-3\" class=\"tablepress tablepress-id-3 tbody-has-connected-cells\">\n<thead>\n<tr class=\"row-1\">\n\t<td class=\"column-1\"><\/td><td class=\"column-2\"><\/td><td class=\"column-3\"><\/td>\n<\/tr>\n<\/thead>\n<tbody class=\"row-striping\">\n<tr class=\"row-2\">\n\t<td class=\"column-1\">Ann\u00e9e<\/td><td class=\"column-2\">Nom<\/td><td class=\"column-3\">Endroit<\/td>\n<\/tr>\n<tr class=\"row-3\">\n\t<td colspan=\"3\" class=\"column-1\">Collectives<\/td>\n<\/tr>\n<tr class=\"row-4\">\n\t<td class=\"column-1\">2009<\/td><td class=\"column-2\">Centre Marcel-Dulude (AAPARS)<\/td><td class=\"column-3\">St-Bruno-de-Montarville, QC<\/td>\n<\/tr>\n<tr class=\"row-5\">\n\t<td class=\"column-1\">2008-2009<\/td><td class=\"column-2\">Centre culturel<\/td><td class=\"column-3\">Ste-Elisabeth<\/td>\n<\/tr>\n<tr class=\"row-6\">\n\t<td class=\"column-1\">2007-2008<\/td><td class=\"column-2\">Maison Ethier<\/td><td class=\"column-3\">St-Basile le Grand<\/td>\n<\/tr>\n<tr class=\"row-7\">\n\t<td class=\"column-1\">2006-2008<\/td><td class=\"column-2\">Joie de l'aquarelle<\/td><td class=\"column-3\">Repentigny<\/td>\n<\/tr>\n<tr class=\"row-8\">\n\t<td class=\"column-1\">2004<\/td><td class=\"column-2\">\u00c9glise St-Patrice<\/td><td class=\"column-3\">Sherrington<\/td>\n<\/tr>\n<tr class=\"row-9\">\n\t<td class=\"column-1\">2003<\/td><td class=\"column-2\">Centre culturel<\/td><td class=\"column-3\">Hemmingford<\/td>\n<\/tr>\n<tr class=\"row-10\">\n\t<td class=\"column-1\">2001<\/td><td class=\"column-2\">\u00c9glise St-Patrice<\/td><td class=\"column-3\">Sherrington<\/td>\n<\/tr>\n<\/tbody>\n<\/table>\n<!-- #tablepress-3 from cache -->\n","protected":false},"excerpt":{"rendered":"<p>D\u00e9marche Je suis microbiologiste de formation et maintenant sous-retrait\u00e9. J&#8217;ai commenc\u00e9 mes travaux en art au sous-sol de l&#8217;\u00e9glise . J&#8217;ai commenc\u00e9 au d\u00e9but de l&#8217;ann\u00e9e 1998 avec l&#8217;huile mais apr\u00e8s l&#8217;an 2000, j&#8217;ai choisi l&#8217;aquarelle comme m\u00e9dium dont j&#8217;aimais la transparence. J&#8217;ai \u00e9t\u00e9 influenc\u00e9 par M. Maurice Domingue S.C.A. qui affectionnait particuli\u00e8rement les paysages &#8230; <\/p>\n<p class=\"read-more-container\"><a title=\"G\u00e9rard Lachapelle\" class=\"read-more button\" href=\"https:\/\/aapars.com\/gerard-lachapelle\/#more-32\" aria-label=\"En savoir plus sur G\u00e9rard Lachapelle\">Lire plus<\/a><\/p>\n","protected":false},"author":47,"featured_media":0,"parent":0,"menu_order":0,"comment_status":"closed","ping_status":"closed","template":"","meta":{"_s2mail":"","ngg_post_thumbnail":0,"iawp_total_views":130,"footnotes":""},"class_list":["post-32","page","type-page","status-publish"],"yoast_head":"<!-- This site is optimized with the Yoast SEO plugin v27.3 - https:\/\/yoast.com\/product\/yoast-seo-wordpress\/ -->\n<title>G\u00e9rard Lachapelle - G\u00e9rard Lachapelle - Un site de la galerie virtuelle de l\u2019AAPARS<\/title>\n<meta name=\"description\" content=\"D\u00e9marche Je suis microbiologiste de formation et maintenant sous-retrait\u00e9. J&#039;ai commenc\u00e9 mes travaux en art au sous-sol de l&#039;\u00e9glise . J&#039;ai commenc\u00e9 au\" \/>\n<meta name=\"robots\" content=\"index, follow, max-snippet:-1, max-image-preview:large, max-video-preview:-1\" \/>\n<link rel=\"canonical\" href=\"https:\/\/aapars.com\/gerard-lachapelle\/\" \/>\n<meta property=\"og:locale\" content=\"fr_FR\" \/>\n<meta property=\"og:type\" content=\"article\" \/>\n<meta property=\"og:title\" content=\"G\u00e9rard Lachapelle - G\u00e9rard Lachapelle - Un site de la galerie virtuelle de l\u2019AAPARS\" \/>\n<meta property=\"og:description\" content=\"D\u00e9marche Je suis microbiologiste de formation et maintenant sous-retrait\u00e9. J&#039;ai commenc\u00e9 mes travaux en art au sous-sol de l&#039;\u00e9glise . J&#039;ai commenc\u00e9 au\" \/>\n<meta property=\"og:url\" content=\"https:\/\/aapars.com\/gerard-lachapelle\/\" \/>\n<meta property=\"og:site_name\" content=\"G\u00e9rard Lachapelle\" \/>\n<meta property=\"article:modified_time\" content=\"2021-05-23T17:25:29+00:00\" \/>\n<meta property=\"og:image\" content=\"https:\/\/aapars.com\/gerard-lachapelle\/files\/2011\/01\/gerard_lachapelle-e1295976963894.jpg\" \/>\n<meta name=\"twitter:label1\" content=\"Dur\u00e9e de lecture estim\u00e9e\" \/>\n\t<meta name=\"twitter:data1\" content=\"1 minute\" \/>\n<script type=\"application\/ld+json\" class=\"yoast-schema-graph\">{\"@context\":\"https:\\\/\\\/schema.org\",\"@graph\":[{\"@type\":\"WebPage\",\"@id\":\"https:\\\/\\\/aapars.com\\\/gerard-lachapelle\\\/\",\"url\":\"https:\\\/\\\/aapars.com\\\/gerard-lachapelle\\\/\",\"name\":\"G\u00e9rard Lachapelle - G\u00e9rard Lachapelle - Un site de la galerie virtuelle de l\u2019AAPARS\",\"isPartOf\":{\"@id\":\"https:\\\/\\\/aapars.com\\\/gerard-lachapelle\\\/#website\"},\"primaryImageOfPage\":{\"@id\":\"https:\\\/\\\/aapars.com\\\/gerard-lachapelle\\\/#primaryimage\"},\"image\":{\"@id\":\"https:\\\/\\\/aapars.com\\\/gerard-lachapelle\\\/#primaryimage\"},\"thumbnailUrl\":\"https:\\\/\\\/aapars.com\\\/gerard-lachapelle\\\/files\\\/2011\\\/01\\\/gerard_lachapelle-e1295976963894.jpg\",\"datePublished\":\"2010-10-03T05:11:36+00:00\",\"dateModified\":\"2021-05-23T17:25:29+00:00\",\"description\":\"D\u00e9marche Je suis microbiologiste de formation et maintenant sous-retrait\u00e9. J'ai commenc\u00e9 mes travaux en art au sous-sol de l'\u00e9glise . J'ai commenc\u00e9 au\",\"breadcrumb\":{\"@id\":\"https:\\\/\\\/aapars.com\\\/gerard-lachapelle\\\/#breadcrumb\"},\"inLanguage\":\"fr-FR\",\"potentialAction\":[{\"@type\":\"ReadAction\",\"target\":[\"https:\\\/\\\/aapars.com\\\/gerard-lachapelle\\\/\"]}]},{\"@type\":\"ImageObject\",\"inLanguage\":\"fr-FR\",\"@id\":\"https:\\\/\\\/aapars.com\\\/gerard-lachapelle\\\/#primaryimage\",\"url\":\"https:\\\/\\\/aapars.com\\\/gerard-lachapelle\\\/files\\\/2011\\\/01\\\/gerard_lachapelle-e1295976963894.jpg\",\"contentUrl\":\"https:\\\/\\\/aapars.com\\\/gerard-lachapelle\\\/files\\\/2011\\\/01\\\/gerard_lachapelle-e1295976963894.jpg\",\"width\":150,\"height\":199,\"caption\":\"G\u00e9rard Lachapelle\"},{\"@type\":\"BreadcrumbList\",\"@id\":\"https:\\\/\\\/aapars.com\\\/gerard-lachapelle\\\/#breadcrumb\",\"itemListElement\":[{\"@type\":\"ListItem\",\"position\":1,\"name\":\"Accueil\",\"item\":\"https:\\\/\\\/aapars.com\\\/gerard-lachapelle\\\/\"},{\"@type\":\"ListItem\",\"position\":2,\"name\":\"G\u00e9rard Lachapelle\"}]},{\"@type\":\"WebSite\",\"@id\":\"https:\\\/\\\/aapars.com\\\/gerard-lachapelle\\\/#website\",\"url\":\"https:\\\/\\\/aapars.com\\\/gerard-lachapelle\\\/\",\"name\":\"G\u00e9rard Lachapelle\",\"description\":\"Un site de la galerie virtuelle de l\u2019AAPARS\",\"publisher\":{\"@id\":\"https:\\\/\\\/aapars.com\\\/gerard-lachapelle\\\/#organization\"},\"potentialAction\":[{\"@type\":\"SearchAction\",\"target\":{\"@type\":\"EntryPoint\",\"urlTemplate\":\"https:\\\/\\\/aapars.com\\\/gerard-lachapelle\\\/?s={search_term_string}\"},\"query-input\":{\"@type\":\"PropertyValueSpecification\",\"valueRequired\":true,\"valueName\":\"search_term_string\"}}],\"inLanguage\":\"fr-FR\"},{\"@type\":\"Organization\",\"@id\":\"https:\\\/\\\/aapars.com\\\/gerard-lachapelle\\\/#organization\",\"name\":\"G\u00e9rard Lachapelle\",\"url\":\"https:\\\/\\\/aapars.com\\\/gerard-lachapelle\\\/\",\"logo\":{\"@type\":\"ImageObject\",\"inLanguage\":\"fr-FR\",\"@id\":\"https:\\\/\\\/aapars.com\\\/gerard-lachapelle\\\/#\\\/schema\\\/logo\\\/image\\\/\",\"url\":\"https:\\\/\\\/aapars.com\\\/gerard-lachapelle\\\/files\\\/2012\\\/04\\\/logo-aapars-@2x.png\",\"contentUrl\":\"https:\\\/\\\/aapars.com\\\/gerard-lachapelle\\\/files\\\/2012\\\/04\\\/logo-aapars-@2x.png\",\"width\":560,\"height\":306,\"caption\":\"G\u00e9rard Lachapelle\"},\"image\":{\"@id\":\"https:\\\/\\\/aapars.com\\\/gerard-lachapelle\\\/#\\\/schema\\\/logo\\\/image\\\/\"}}]}<\/script>\n<!-- \/ Yoast SEO plugin. -->","yoast_head_json":{"title":"G\u00e9rard Lachapelle - G\u00e9rard Lachapelle - Un site de la galerie virtuelle de l\u2019AAPARS","description":"D\u00e9marche Je suis microbiologiste de formation et maintenant sous-retrait\u00e9. J'ai commenc\u00e9 mes travaux en art au sous-sol de l'\u00e9glise . J'ai commenc\u00e9 au","robots":{"index":"index","follow":"follow","max-snippet":"max-snippet:-1","max-image-preview":"max-image-preview:large","max-video-preview":"max-video-preview:-1"},"canonical":"https:\/\/aapars.com\/gerard-lachapelle\/","og_locale":"fr_FR","og_type":"article","og_title":"G\u00e9rard Lachapelle - G\u00e9rard Lachapelle - Un site de la galerie virtuelle de l\u2019AAPARS","og_description":"D\u00e9marche Je suis microbiologiste de formation et maintenant sous-retrait\u00e9. J'ai commenc\u00e9 mes travaux en art au sous-sol de l'\u00e9glise . J'ai commenc\u00e9 au","og_url":"https:\/\/aapars.com\/gerard-lachapelle\/","og_site_name":"G\u00e9rard Lachapelle","article_modified_time":"2021-05-23T17:25:29+00:00","og_image":[{"url":"https:\/\/aapars.com\/gerard-lachapelle\/files\/2011\/01\/gerard_lachapelle-e1295976963894.jpg","type":"","width":"","height":""}],"twitter_misc":{"Dur\u00e9e de lecture estim\u00e9e":"1 minute"},"schema":{"@context":"https:\/\/schema.org","@graph":[{"@type":"WebPage","@id":"https:\/\/aapars.com\/gerard-lachapelle\/","url":"https:\/\/aapars.com\/gerard-lachapelle\/","name":"G\u00e9rard Lachapelle - G\u00e9rard Lachapelle - Un site de la galerie virtuelle de l\u2019AAPARS","isPartOf":{"@id":"https:\/\/aapars.com\/gerard-lachapelle\/#website"},"primaryImageOfPage":{"@id":"https:\/\/aapars.com\/gerard-lachapelle\/#primaryimage"},"image":{"@id":"https:\/\/aapars.com\/gerard-lachapelle\/#primaryimage"},"thumbnailUrl":"https:\/\/aapars.com\/gerard-lachapelle\/files\/2011\/01\/gerard_lachapelle-e1295976963894.jpg","datePublished":"2010-10-03T05:11:36+00:00","dateModified":"2021-05-23T17:25:29+00:00","description":"D\u00e9marche Je suis microbiologiste de formation et maintenant sous-retrait\u00e9. J'ai commenc\u00e9 mes travaux en art au sous-sol de l'\u00e9glise . J'ai commenc\u00e9 au","breadcrumb":{"@id":"https:\/\/aapars.com\/gerard-lachapelle\/#breadcrumb"},"inLanguage":"fr-FR","potentialAction":[{"@type":"ReadAction","target":["https:\/\/aapars.com\/gerard-lachapelle\/"]}]},{"@type":"ImageObject","inLanguage":"fr-FR","@id":"https:\/\/aapars.com\/gerard-lachapelle\/#primaryimage","url":"https:\/\/aapars.com\/gerard-lachapelle\/files\/2011\/01\/gerard_lachapelle-e1295976963894.jpg","contentUrl":"https:\/\/aapars.com\/gerard-lachapelle\/files\/2011\/01\/gerard_lachapelle-e1295976963894.jpg","width":150,"height":199,"caption":"G\u00e9rard Lachapelle"},{"@type":"BreadcrumbList","@id":"https:\/\/aapars.com\/gerard-lachapelle\/#breadcrumb","itemListElement":[{"@type":"ListItem","position":1,"name":"Accueil","item":"https:\/\/aapars.com\/gerard-lachapelle\/"},{"@type":"ListItem","position":2,"name":"G\u00e9rard Lachapelle"}]},{"@type":"WebSite","@id":"https:\/\/aapars.com\/gerard-lachapelle\/#website","url":"https:\/\/aapars.com\/gerard-lachapelle\/","name":"G\u00e9rard Lachapelle","description":"Un site de la galerie virtuelle de l\u2019AAPARS","publisher":{"@id":"https:\/\/aapars.com\/gerard-lachapelle\/#organization"},"potentialAction":[{"@type":"SearchAction","target":{"@type":"EntryPoint","urlTemplate":"https:\/\/aapars.com\/gerard-lachapelle\/?s={search_term_string}"},"query-input":{"@type":"PropertyValueSpecification","valueRequired":true,"valueName":"search_term_string"}}],"inLanguage":"fr-FR"},{"@type":"Organization","@id":"https:\/\/aapars.com\/gerard-lachapelle\/#organization","name":"G\u00e9rard Lachapelle","url":"https:\/\/aapars.com\/gerard-lachapelle\/","logo":{"@type":"ImageObject","inLanguage":"fr-FR","@id":"https:\/\/aapars.com\/gerard-lachapelle\/#\/schema\/logo\/image\/","url":"https:\/\/aapars.com\/gerard-lachapelle\/files\/2012\/04\/logo-aapars-@2x.png","contentUrl":"https:\/\/aapars.com\/gerard-lachapelle\/files\/2012\/04\/logo-aapars-@2x.png","width":560,"height":306,"caption":"G\u00e9rard Lachapelle"},"image":{"@id":"https:\/\/aapars.com\/gerard-lachapelle\/#\/schema\/logo\/image\/"}}]}},"_links":{"self":[{"href":"https:\/\/aapars.com\/gerard-lachapelle\/wp-json\/wp\/v2\/pages\/32","targetHints":{"allow":["GET"]}}],"collection":[{"href":"https:\/\/aapars.com\/gerard-lachapelle\/wp-json\/wp\/v2\/pages"}],"about":[{"href":"https:\/\/aapars.com\/gerard-lachapelle\/wp-json\/wp\/v2\/types\/page"}],"author":[{"embeddable":true,"href":"https:\/\/aapars.com\/gerard-lachapelle\/wp-json\/wp\/v2\/users\/47"}],"replies":[{"embeddable":true,"href":"https:\/\/aapars.com\/gerard-lachapelle\/wp-json\/wp\/v2\/comments?post=32"}],"version-history":[{"count":0,"href":"https:\/\/aapars.com\/gerard-lachapelle\/wp-json\/wp\/v2\/pages\/32\/revisions"}],"wp:attachment":[{"href":"https:\/\/aapars.com\/gerard-lachapelle\/wp-json\/wp\/v2\/media?parent=32"}],"curies":[{"name":"wp","href":"https:\/\/api.w.org\/{rel}","templated":true}]}}