{"id":30,"date":"2010-10-03T05:11:36","date_gmt":"2010-10-03T05:11:36","guid":{"rendered":"https:\/\/aapars.com\/jacques-landry\/?page_id=2"},"modified":"2024-08-17T19:01:06","modified_gmt":"2024-08-17T23:01:06","slug":"accueil","status":"publish","type":"page","link":"https:\/\/aapars.com\/genevieve-ledoux\/","title":{"rendered":"Genevi\u00e8ve Ledoux"},"content":{"rendered":"<p><a href=\"https:\/\/aapars.com\/site-gabarit\/files\/2010\/10\/user-icon-e1286135502728.png\"><img loading=\"lazy\" decoding=\"async\" class=\"alignnone size-medium wp-image-323\" src=\"https:\/\/aapars.com\/genevieve-ledoux\/files\/2024\/08\/44571051-30CD-4B95-A6C4-52A03AFBD2B1-e1723935027294-246x300.jpeg\" alt=\"Genevi\u00e8ve Ledoux\" width=\"246\" height=\"300\" srcset=\"https:\/\/aapars.com\/genevieve-ledoux\/files\/2024\/08\/44571051-30CD-4B95-A6C4-52A03AFBD2B1-e1723935027294-246x300.jpeg 246w, https:\/\/aapars.com\/genevieve-ledoux\/files\/2024\/08\/44571051-30CD-4B95-A6C4-52A03AFBD2B1-e1723935027294-840x1024.jpeg 840w, https:\/\/aapars.com\/genevieve-ledoux\/files\/2024\/08\/44571051-30CD-4B95-A6C4-52A03AFBD2B1-e1723935027294-768x937.jpeg 768w, https:\/\/aapars.com\/genevieve-ledoux\/files\/2024\/08\/44571051-30CD-4B95-A6C4-52A03AFBD2B1-e1723935027294-1260x1536.jpeg 1260w, https:\/\/aapars.com\/genevieve-ledoux\/files\/2024\/08\/44571051-30CD-4B95-A6C4-52A03AFBD2B1-e1723935027294.jpeg 1536w\" sizes=\"auto, (max-width: 246px) 100vw, 246px\" \/><\/a><\/p>\n\n<table id=\"tablepress-1\" class=\"tablepress tablepress-id-1\">\n<tbody class=\"row-striping\">\n<tr class=\"row-1\">\n\t<td class=\"column-1\">Technique :<\/td><td class=\"column-2\">acrylique<\/td>\n<\/tr>\n<tr class=\"row-2\">\n\t<td class=\"column-1\">Affiliations professionelles :<\/td><td class=\"column-2\">AAPARS<\/td>\n<\/tr>\n<tr class=\"row-3\">\n\t<td class=\"column-1\">T\u00e9l\u00e9phone :<\/td><td class=\"column-2\">514-462-0194<\/td>\n<\/tr>\n<tr class=\"row-4\">\n\t<td class=\"column-1\">Courriel :<\/td><td class=\"column-2\"><a href=\"mailto:genevieve.ledoux@hotmail.com\">genevieve.ledoux@hotmail.com<\/a><\/td>\n<\/tr>\n<tr class=\"row-5\">\n\t<td class=\"column-1\">Site Internet :<\/td><td class=\"column-2\"><a href=\"http:\/\/www.ledouxartiste.com\">ledoux artiste.com<\/a><\/td>\n<\/tr>\n<\/tbody>\n<\/table>\n<!-- #tablepress-1 from cache -->\n<h2>D\u00e9marche<\/h2>\n<p>N\u00e9e \u00e0 Sherbrooke, mais ayant grandi \u00e0 Charlemagne, c&#8217;est d\u00e8s son jeune \u00e2ge qu&#8217;elle d\u00e9montre un son int\u00e9r\u00eat pour le dessin. Elle d\u00e9veloppe alors une vraie passion pour tout ce qui concerne l&#8217;art. Toutefois, son d\u00e9sir d&#8217;aider les autres la pousse dans une toute autre direction professionnelle, mais sa passion demeurera bien active. L&#8217;artiste peintre Genevi\u00e8ve Ledoux continuera donc de d\u00e9velopper son art au fil des ans. Autodidacte, elle explorera plusieurs techniques et sujets qui lui permettront de trouver son inspiration.&nbsp;<\/p>\n<p>Elle lib\u00e8re sa cr\u00e9ativit\u00e9 sur un fond de toile abstraite pour rappeler que la vie un tourbillon d&#8217;\u00e9motions et elle y met ensuite en valeur un sujet r\u00e9el (animaux, fleurs, etc) pour se rappeler de vivre le moment pr\u00e9sent. Elle termine ensuite sa composition par la superposition d&#8217;objets estamp\u00e9s, de coulisses et de lignes. Le r\u00e9sultat donne une oeuvre originale et unique.<\/p>\n<h2>Expositions<\/h2>\n<p>\u00c0 venir<\/p>\n","protected":false},"excerpt":{"rendered":"<p>D\u00e9marche N\u00e9e \u00e0 Sherbrooke, mais ayant grandi \u00e0 Charlemagne, c&#8217;est d\u00e8s son jeune \u00e2ge qu&#8217;elle d\u00e9montre un son int\u00e9r\u00eat pour le dessin. Elle d\u00e9veloppe alors une vraie passion pour tout ce qui concerne l&#8217;art. Toutefois, son d\u00e9sir d&#8217;aider les autres la pousse dans une toute autre direction professionnelle, mais sa passion demeurera bien active. L&#8217;artiste &#8230; <\/p>\n<p class=\"read-more-container\"><a title=\"Genevi\u00e8ve Ledoux\" class=\"read-more button\" href=\"https:\/\/aapars.com\/genevieve-ledoux\/#more-30\" aria-label=\"En savoir plus sur Genevi\u00e8ve Ledoux\">Lire plus<\/a><\/p>\n","protected":false},"author":4197,"featured_media":0,"parent":0,"menu_order":0,"comment_status":"closed","ping_status":"closed","template":"","meta":{"_s2mail":"yes","ngg_post_thumbnail":0,"iawp_total_views":79,"footnotes":""},"class_list":["post-30","page","type-page","status-publish"],"yoast_head":"<!-- This site is optimized with the Yoast SEO plugin v27.3 - https:\/\/yoast.com\/product\/yoast-seo-wordpress\/ -->\n<title>Genevi\u00e8ve Ledoux | Un site de la galerie virtuelle de l&#039;AAPARS<\/title>\n<meta name=\"description\" content=\"D\u00e9marche N\u00e9e \u00e0 Sherbrooke, mais ayant grandi \u00e0 Charlemagne, c&#039;est d\u00e8s son jeune \u00e2ge qu&#039;elle d\u00e9montre un son int\u00e9r\u00eat pour le dessin. Elle d\u00e9veloppe alors\" \/>\n<meta name=\"robots\" content=\"index, follow, max-snippet:-1, max-image-preview:large, max-video-preview:-1\" \/>\n<link rel=\"canonical\" href=\"https:\/\/aapars.com\/genevieve-ledoux\/\" \/>\n<meta property=\"og:locale\" content=\"fr_FR\" \/>\n<meta property=\"og:type\" content=\"article\" \/>\n<meta property=\"og:title\" content=\"Genevi\u00e8ve Ledoux | Un site de la galerie virtuelle de l&#039;AAPARS\" \/>\n<meta property=\"og:description\" content=\"D\u00e9marche N\u00e9e \u00e0 Sherbrooke, mais ayant grandi \u00e0 Charlemagne, c&#039;est d\u00e8s son jeune \u00e2ge qu&#039;elle d\u00e9montre un son int\u00e9r\u00eat pour le dessin. Elle d\u00e9veloppe alors\" \/>\n<meta property=\"og:url\" content=\"https:\/\/aapars.com\/genevieve-ledoux\/\" \/>\n<meta property=\"og:site_name\" content=\"Genevi\u00e8ve Ledoux\" \/>\n<meta property=\"article:modified_time\" content=\"2024-08-17T23:01:06+00:00\" \/>\n<meta property=\"og:image\" content=\"https:\/\/aapars.com\/genevieve-ledoux\/files\/2024\/08\/44571051-30CD-4B95-A6C4-52A03AFBD2B1-e1723935027294-246x300.jpeg\" \/>\n<meta name=\"twitter:label1\" content=\"Dur\u00e9e de lecture estim\u00e9e\" \/>\n\t<meta name=\"twitter:data1\" content=\"1 minute\" \/>\n<script type=\"application\/ld+json\" class=\"yoast-schema-graph\">{\"@context\":\"https:\\\/\\\/schema.org\",\"@graph\":[{\"@type\":\"WebPage\",\"@id\":\"https:\\\/\\\/aapars.com\\\/genevieve-ledoux\\\/\",\"url\":\"https:\\\/\\\/aapars.com\\\/genevieve-ledoux\\\/\",\"name\":\"Genevi\u00e8ve Ledoux | Un site de la galerie virtuelle de l&#039;AAPARS\",\"isPartOf\":{\"@id\":\"https:\\\/\\\/aapars.com\\\/genevieve-ledoux\\\/#website\"},\"primaryImageOfPage\":{\"@id\":\"https:\\\/\\\/aapars.com\\\/genevieve-ledoux\\\/#primaryimage\"},\"image\":{\"@id\":\"https:\\\/\\\/aapars.com\\\/genevieve-ledoux\\\/#primaryimage\"},\"thumbnailUrl\":\"https:\\\/\\\/aapars.com\\\/genevieve-ledoux\\\/files\\\/2024\\\/08\\\/44571051-30CD-4B95-A6C4-52A03AFBD2B1-e1723935027294-246x300.jpeg\",\"datePublished\":\"2010-10-03T05:11:36+00:00\",\"dateModified\":\"2024-08-17T23:01:06+00:00\",\"description\":\"D\u00e9marche N\u00e9e \u00e0 Sherbrooke, mais ayant grandi \u00e0 Charlemagne, c'est d\u00e8s son jeune \u00e2ge qu'elle d\u00e9montre un son int\u00e9r\u00eat pour le dessin. Elle d\u00e9veloppe alors\",\"breadcrumb\":{\"@id\":\"https:\\\/\\\/aapars.com\\\/genevieve-ledoux\\\/#breadcrumb\"},\"inLanguage\":\"fr-FR\",\"potentialAction\":[{\"@type\":\"ReadAction\",\"target\":[\"https:\\\/\\\/aapars.com\\\/genevieve-ledoux\\\/\"]}]},{\"@type\":\"ImageObject\",\"inLanguage\":\"fr-FR\",\"@id\":\"https:\\\/\\\/aapars.com\\\/genevieve-ledoux\\\/#primaryimage\",\"url\":\"https:\\\/\\\/aapars.com\\\/genevieve-ledoux\\\/files\\\/2024\\\/08\\\/44571051-30CD-4B95-A6C4-52A03AFBD2B1-e1723935027294.jpeg\",\"contentUrl\":\"https:\\\/\\\/aapars.com\\\/genevieve-ledoux\\\/files\\\/2024\\\/08\\\/44571051-30CD-4B95-A6C4-52A03AFBD2B1-e1723935027294.jpeg\",\"width\":1536,\"height\":1873,\"caption\":\"Genevi\u00e8ve Ledoux\"},{\"@type\":\"BreadcrumbList\",\"@id\":\"https:\\\/\\\/aapars.com\\\/genevieve-ledoux\\\/#breadcrumb\",\"itemListElement\":[{\"@type\":\"ListItem\",\"position\":1,\"name\":\"Accueil\",\"item\":\"https:\\\/\\\/aapars.com\\\/genevieve-ledoux\\\/\"},{\"@type\":\"ListItem\",\"position\":2,\"name\":\"Genevi\u00e8ve Ledoux\"}]},{\"@type\":\"WebSite\",\"@id\":\"https:\\\/\\\/aapars.com\\\/genevieve-ledoux\\\/#website\",\"url\":\"https:\\\/\\\/aapars.com\\\/genevieve-ledoux\\\/\",\"name\":\"Genevi\u00e8ve Ledoux\",\"description\":\"Un site de la galerie virtuelle de l&#039;AAPARS\",\"publisher\":{\"@id\":\"https:\\\/\\\/aapars.com\\\/genevieve-ledoux\\\/#\\\/schema\\\/person\\\/67e727643cc38d6d0d58bde5c504a2f5\"},\"potentialAction\":[{\"@type\":\"SearchAction\",\"target\":{\"@type\":\"EntryPoint\",\"urlTemplate\":\"https:\\\/\\\/aapars.com\\\/genevieve-ledoux\\\/?s={search_term_string}\"},\"query-input\":{\"@type\":\"PropertyValueSpecification\",\"valueRequired\":true,\"valueName\":\"search_term_string\"}}],\"inLanguage\":\"fr-FR\"},{\"@type\":[\"Person\",\"Organization\"],\"@id\":\"https:\\\/\\\/aapars.com\\\/genevieve-ledoux\\\/#\\\/schema\\\/person\\\/67e727643cc38d6d0d58bde5c504a2f5\",\"name\":\"Jean Test\",\"image\":{\"@type\":\"ImageObject\",\"inLanguage\":\"fr-FR\",\"@id\":\"https:\\\/\\\/aapars.com\\\/genevieve-ledoux\\\/files\\\/2024\\\/08\\\/logo-aapars-@2x.png\",\"url\":\"https:\\\/\\\/aapars.com\\\/genevieve-ledoux\\\/files\\\/2024\\\/08\\\/logo-aapars-@2x.png\",\"contentUrl\":\"https:\\\/\\\/aapars.com\\\/genevieve-ledoux\\\/files\\\/2024\\\/08\\\/logo-aapars-@2x.png\",\"width\":560,\"height\":306,\"caption\":\"Jean Test\"},\"logo\":{\"@id\":\"https:\\\/\\\/aapars.com\\\/genevieve-ledoux\\\/files\\\/2024\\\/08\\\/logo-aapars-@2x.png\"}}]}<\/script>\n<!-- \/ Yoast SEO plugin. -->","yoast_head_json":{"title":"Genevi\u00e8ve Ledoux | Un site de la galerie virtuelle de l&#039;AAPARS","description":"D\u00e9marche N\u00e9e \u00e0 Sherbrooke, mais ayant grandi \u00e0 Charlemagne, c'est d\u00e8s son jeune \u00e2ge qu'elle d\u00e9montre un son int\u00e9r\u00eat pour le dessin. Elle d\u00e9veloppe alors","robots":{"index":"index","follow":"follow","max-snippet":"max-snippet:-1","max-image-preview":"max-image-preview:large","max-video-preview":"max-video-preview:-1"},"canonical":"https:\/\/aapars.com\/genevieve-ledoux\/","og_locale":"fr_FR","og_type":"article","og_title":"Genevi\u00e8ve Ledoux | Un site de la galerie virtuelle de l&#039;AAPARS","og_description":"D\u00e9marche N\u00e9e \u00e0 Sherbrooke, mais ayant grandi \u00e0 Charlemagne, c'est d\u00e8s son jeune \u00e2ge qu'elle d\u00e9montre un son int\u00e9r\u00eat pour le dessin. Elle d\u00e9veloppe alors","og_url":"https:\/\/aapars.com\/genevieve-ledoux\/","og_site_name":"Genevi\u00e8ve Ledoux","article_modified_time":"2024-08-17T23:01:06+00:00","og_image":[{"url":"https:\/\/aapars.com\/genevieve-ledoux\/files\/2024\/08\/44571051-30CD-4B95-A6C4-52A03AFBD2B1-e1723935027294-246x300.jpeg","type":"","width":"","height":""}],"twitter_misc":{"Dur\u00e9e de lecture estim\u00e9e":"1 minute"},"schema":{"@context":"https:\/\/schema.org","@graph":[{"@type":"WebPage","@id":"https:\/\/aapars.com\/genevieve-ledoux\/","url":"https:\/\/aapars.com\/genevieve-ledoux\/","name":"Genevi\u00e8ve Ledoux | Un site de la galerie virtuelle de l&#039;AAPARS","isPartOf":{"@id":"https:\/\/aapars.com\/genevieve-ledoux\/#website"},"primaryImageOfPage":{"@id":"https:\/\/aapars.com\/genevieve-ledoux\/#primaryimage"},"image":{"@id":"https:\/\/aapars.com\/genevieve-ledoux\/#primaryimage"},"thumbnailUrl":"https:\/\/aapars.com\/genevieve-ledoux\/files\/2024\/08\/44571051-30CD-4B95-A6C4-52A03AFBD2B1-e1723935027294-246x300.jpeg","datePublished":"2010-10-03T05:11:36+00:00","dateModified":"2024-08-17T23:01:06+00:00","description":"D\u00e9marche N\u00e9e \u00e0 Sherbrooke, mais ayant grandi \u00e0 Charlemagne, c'est d\u00e8s son jeune \u00e2ge qu'elle d\u00e9montre un son int\u00e9r\u00eat pour le dessin. Elle d\u00e9veloppe alors","breadcrumb":{"@id":"https:\/\/aapars.com\/genevieve-ledoux\/#breadcrumb"},"inLanguage":"fr-FR","potentialAction":[{"@type":"ReadAction","target":["https:\/\/aapars.com\/genevieve-ledoux\/"]}]},{"@type":"ImageObject","inLanguage":"fr-FR","@id":"https:\/\/aapars.com\/genevieve-ledoux\/#primaryimage","url":"https:\/\/aapars.com\/genevieve-ledoux\/files\/2024\/08\/44571051-30CD-4B95-A6C4-52A03AFBD2B1-e1723935027294.jpeg","contentUrl":"https:\/\/aapars.com\/genevieve-ledoux\/files\/2024\/08\/44571051-30CD-4B95-A6C4-52A03AFBD2B1-e1723935027294.jpeg","width":1536,"height":1873,"caption":"Genevi\u00e8ve Ledoux"},{"@type":"BreadcrumbList","@id":"https:\/\/aapars.com\/genevieve-ledoux\/#breadcrumb","itemListElement":[{"@type":"ListItem","position":1,"name":"Accueil","item":"https:\/\/aapars.com\/genevieve-ledoux\/"},{"@type":"ListItem","position":2,"name":"Genevi\u00e8ve Ledoux"}]},{"@type":"WebSite","@id":"https:\/\/aapars.com\/genevieve-ledoux\/#website","url":"https:\/\/aapars.com\/genevieve-ledoux\/","name":"Genevi\u00e8ve Ledoux","description":"Un site de la galerie virtuelle de l&#039;AAPARS","publisher":{"@id":"https:\/\/aapars.com\/genevieve-ledoux\/#\/schema\/person\/67e727643cc38d6d0d58bde5c504a2f5"},"potentialAction":[{"@type":"SearchAction","target":{"@type":"EntryPoint","urlTemplate":"https:\/\/aapars.com\/genevieve-ledoux\/?s={search_term_string}"},"query-input":{"@type":"PropertyValueSpecification","valueRequired":true,"valueName":"search_term_string"}}],"inLanguage":"fr-FR"},{"@type":["Person","Organization"],"@id":"https:\/\/aapars.com\/genevieve-ledoux\/#\/schema\/person\/67e727643cc38d6d0d58bde5c504a2f5","name":"Jean Test","image":{"@type":"ImageObject","inLanguage":"fr-FR","@id":"https:\/\/aapars.com\/genevieve-ledoux\/files\/2024\/08\/logo-aapars-@2x.png","url":"https:\/\/aapars.com\/genevieve-ledoux\/files\/2024\/08\/logo-aapars-@2x.png","contentUrl":"https:\/\/aapars.com\/genevieve-ledoux\/files\/2024\/08\/logo-aapars-@2x.png","width":560,"height":306,"caption":"Jean Test"},"logo":{"@id":"https:\/\/aapars.com\/genevieve-ledoux\/files\/2024\/08\/logo-aapars-@2x.png"}}]}},"_links":{"self":[{"href":"https:\/\/aapars.com\/genevieve-ledoux\/wp-json\/wp\/v2\/pages\/30","targetHints":{"allow":["GET"]}}],"collection":[{"href":"https:\/\/aapars.com\/genevieve-ledoux\/wp-json\/wp\/v2\/pages"}],"about":[{"href":"https:\/\/aapars.com\/genevieve-ledoux\/wp-json\/wp\/v2\/types\/page"}],"author":[{"embeddable":true,"href":"https:\/\/aapars.com\/genevieve-ledoux\/wp-json\/wp\/v2\/users\/4197"}],"replies":[{"embeddable":true,"href":"https:\/\/aapars.com\/genevieve-ledoux\/wp-json\/wp\/v2\/comments?post=30"}],"version-history":[{"count":4,"href":"https:\/\/aapars.com\/genevieve-ledoux\/wp-json\/wp\/v2\/pages\/30\/revisions"}],"predecessor-version":[{"id":357,"href":"https:\/\/aapars.com\/genevieve-ledoux\/wp-json\/wp\/v2\/pages\/30\/revisions\/357"}],"wp:attachment":[{"href":"https:\/\/aapars.com\/genevieve-ledoux\/wp-json\/wp\/v2\/media?parent=30"}],"curies":[{"name":"wp","href":"https:\/\/api.w.org\/{rel}","templated":true}]}}