{"id":2,"date":"2010-10-03T05:11:36","date_gmt":"2010-10-03T05:11:36","guid":{"rendered":"https:\/\/aapars.com\/jacques-landry\/?page_id=2"},"modified":"2024-03-26T10:53:45","modified_gmt":"2024-03-26T14:53:45","slug":"accueil","status":"publish","type":"page","link":"https:\/\/aapars.com\/danyelle-berube\/","title":{"rendered":"Danyelle B\u00e9rub\u00e9"},"content":{"rendered":"<p><img loading=\"lazy\" decoding=\"async\" class=\"alignnone wp-image-63 size-thumbnail\" src=\"https:\/\/aapars.com\/danyelle-berube\/files\/2019\/06\/DSCF2929-2-200x200.jpg\" alt=\"\" width=\"200\" height=\"200\" \/><\/p>\n\n<table id=\"tablepress-1\" class=\"tablepress tablepress-id-1\">\n<tbody class=\"row-striping\">\n<tr class=\"row-1\">\n\t<td class=\"column-1\">Technique :<\/td><td class=\"column-2\">Aquarelle, huile hydrosoluble, techniques mixtes<\/td>\n<\/tr>\n<tr class=\"row-2\">\n\t<td class=\"column-1\">Affiliations professionelles :<\/td><td class=\"column-2\">AAPARS<\/td>\n<\/tr>\n<tr class=\"row-3\">\n\t<td class=\"column-1\">T\u00e9l\u00e9phone :<\/td><td class=\"column-2\">1-450-283-6101<\/td>\n<\/tr>\n<tr class=\"row-4\">\n\t<td class=\"column-1\">Courriel :<\/td><td class=\"column-2\"><a href=\"mailto:atelier.imagine@hotmail.com\">atelier.imagine@hotmail.com<\/a><\/td>\n<\/tr>\n<\/tbody>\n<\/table>\n<!-- #tablepress-1 from cache -->\n<h2>D\u00e9marche<\/h2>\n<p>\u00c9tant d\u2019une nature curieuse, je suis en recherche constante de connaissances, d\u2019apprentissages qui m\u2019ouvrent la voie vers une meilleure pratique artistique.<\/p>\n<p>Ainsi, mon approche cr\u00e9ative se manifeste dans ce d\u00e9sir de raconter une histoire, d\u2019y laisser passer l\u2019\u00e9motion.<\/p>\n<p>Ma production actuelle porte sur le regard, ce contact qui permet de cerner l\u2019\u00e2me de mes sujets et de la repr\u00e9senter dans un moment pr\u00e9cis de leur vie.<\/p>\n<p>Dans l\u2019\u00e9laboration de ce projet particulier, j\u2019utilise comme support visuel la photographie pour d\u00e9finir visuellement le fil conducteur de ma narration et saisir le meilleur angle de d\u00e9part. Cette s\u00e9rie d\u2019\u0153uvres se construit autour de sujets animaliers que j\u2019ai eu le privil\u00e8ge de c\u00f4toyer et de photographier sur plusieurs ann\u00e9es. Ces liens tiss\u00e9s au fil des ans m\u2019ont permis de saisir leur personnalit\u00e9 et lire dans leurs yeux des \u00e9motions authentiques.<\/p>\n<p>Afin de poursuivre ma d\u00e9marche, j\u2019ai choisis l\u2019aquarelle comme m\u00e9dium principal que je m\u00e9lange \u00e0 des touches de gouache et de pastel sec sur papier mouill\u00e9. L\u2019utilisation de ces trois m\u00e9diums sont int\u00e9ressants pour les effets sur le rendu plus riche et puissant des couleurs.<\/p>\n<p>En terminant, le choix de pr\u00e9sentation de mes sujets en plan rapproch\u00e9s, petits formats s\u2019explique par le v\u0153u de cr\u00e9er une intimit\u00e9 entre l\u2019oeuvre et le regard du spectateur.<\/p>\n<p>J\u2019aime profond\u00e9ment pr\u00e9parer un nouveau cycle de production. R\u00e9fl\u00e9chir, m\u2019impr\u00e9gner du d\u00e9sir de raconter de nouvelles histoires. Rassembler mes couleurs, mes papiers et mes pinceaux et rendre vivantes des images \u00e0 l\u2019aide de si peu de choses\u2026 J\u2019esp\u00e8re toujours garder cette candeur devant le geste cr\u00e9ateur.<\/p>\n<h2>Formation<\/h2>\n\n<table id=\"tablepress-2\" class=\"tablepress tablepress-id-2\">\n<thead>\n<tr class=\"row-1\">\n\t<th class=\"column-1\">Ann\u00e9e<\/th><th class=\"column-2\">Institution\/Professeur<\/th><th class=\"column-3\">Programme<\/th>\n<\/tr>\n<\/thead>\n<tbody class=\"row-striping\">\n<tr class=\"row-2\">\n\t<td class=\"column-1\">2016-2019<\/td><td class=\"column-2\">Maison des Arts Rive-Sud \/ Diane Forest<\/td><td class=\"column-3\">Classes de ma\u00eetre Aquarelle &amp; huile<\/td>\n<\/tr>\n<tr class=\"row-3\">\n\t<td class=\"column-1\">2008<\/td><td class=\"column-2\">Coll\u00e8ge Lasalle<\/td><td class=\"column-3\">AEC Graphisme multimedia<\/td>\n<\/tr>\n<tr class=\"row-4\">\n\t<td class=\"column-1\">1990<\/td><td class=\"column-2\">UQAC<\/td><td class=\"column-3\">Enseignement des arts<\/td>\n<\/tr>\n<tr class=\"row-5\">\n\t<td class=\"column-1\">1984<\/td><td class=\"column-2\">C\u00e9gep de Chicoutimi<\/td><td class=\"column-3\">DEC Arts Plastiques<\/td>\n<\/tr>\n<\/tbody>\n<\/table>\n<!-- #tablepress-2 from cache -->\n<h2>Expositions<\/h2>\n\n<table id=\"tablepress-3\" class=\"tablepress tablepress-id-3 tbody-has-connected-cells\">\n<thead>\n<tr class=\"row-1\">\n\t<th class=\"column-1\">Ann\u00e9e<\/th><th class=\"column-2\">Nom<\/th><th class=\"column-3\">Endroit<\/th>\n<\/tr>\n<\/thead>\n<tbody class=\"row-striping\">\n<tr class=\"row-2\">\n\t<td colspan=\"3\" class=\"column-1\">Individuelles<\/td>\n<\/tr>\n<tr class=\"row-3\">\n\t<td class=\"column-1\">2007<\/td><td class=\"column-2\">Concours  d'artistes invit\u00e9s<\/td><td class=\"column-3\">F\u00e9d\u00e9ration des Caisses Populaires Desjardins, Longueuil, Qc<\/td>\n<\/tr>\n<tr class=\"row-4\">\n\t<td class=\"column-1\">1999<\/td><td class=\"column-2\">\u00abIntime &amp; personnel\u00bb<\/td><td class=\"column-3\">Salle multifonctionnelle La Tour, Chicoutimi, Qc<\/td>\n<\/tr>\n<tr class=\"row-5\">\n\t<td colspan=\"3\" class=\"column-1\">Collectives<\/td>\n<\/tr>\n<tr class=\"row-6\">\n\t<td class=\"column-1\">2023<\/td><td class=\"column-2\">Journ\u00e9e de la Culture<\/td><td class=\"column-3\">Centre Culturel Humania, St-Hyacinthe, Qc<\/td>\n<\/tr>\n<tr class=\"row-7\">\n\t<td class=\"column-1\">2023<\/td><td class=\"column-2\">Expo Annuelle M.A.R.S.<\/td><td class=\"column-3\">Centre Multi-Fonctionnel, St-Lambert, Qc<\/td>\n<\/tr>\n<tr class=\"row-8\">\n\t<td class=\"column-1\">2023<\/td><td class=\"column-2\">Expo Gallerie AAPARS<\/td><td class=\"column-3\">Centre Culturel, LaPrairie, Qc<\/td>\n<\/tr>\n<tr class=\"row-9\">\n\t<td class=\"column-1\">2019<\/td><td class=\"column-2\">Biennale Internationale de La Soci\u00e9t\u00e9 Canadienne de L\u2019Aquarelle, Concours-Invit\u00e9<\/td><td class=\"column-3\">Domaine Maizerets, Qu\u00e9bec, Qc<\/td>\n<\/tr>\n<tr class=\"row-10\">\n\t<td class=\"column-1\">2017<\/td><td class=\"column-2\">Biennale Internationale de La Soci\u00e9t\u00e9 Canadienne de L\u2019Aquarelle, Concours-Invit\u00e9<\/td><td class=\"column-3\">Complexe Odyss\u00e9e des B\u00e2tisseurs, Alma, Qc<\/td>\n<\/tr>\n<tr class=\"row-11\">\n\t<td class=\"column-1\">2016 \u00e0 2018<\/td><td class=\"column-2\">Expo annuelle Printemps, Aquarelle et Huile hydrosoluble<\/td><td class=\"column-3\">La Maison des Arts Rive-Sud, Saint-Lambert, Qc<\/td>\n<\/tr>\n<tr class=\"row-12\">\n\t<td class=\"column-1\">2007<\/td><td class=\"column-2\">Expo \u2018\u2019Petits formats\u2019\u2019<\/td><td class=\"column-3\">A.A.P.L., Biblioth\u00e8que Jacques-Ferron, Longueuil, Qc<\/td>\n<\/tr>\n<tr class=\"row-13\">\n\t<td class=\"column-1\">2007<\/td><td class=\"column-2\">Salon du Printemps de Longueuil<\/td><td class=\"column-3\">A.A.P.L., Salle Jean-Louis Millette, Coll\u00e8ge \u00c9douard-Montpetit, Longueuil, Qc<\/td>\n<\/tr>\n<tr class=\"row-14\">\n\t<td class=\"column-1\">2003-2004<\/td><td class=\"column-2\">Rassemblement Culturel de Louiseville<\/td><td class=\"column-3\">Centre Culturel de Louiseville, Louiseville, Qc<\/td>\n<\/tr>\n<tr class=\"row-15\">\n\t<td class=\"column-1\">1991<\/td><td class=\"column-2\">Expo UQAC-Arts<\/td><td class=\"column-3\">Universit\u00e9 du Qu\u00e9bec \u00e0 Chicoutimi, Chicoutimi, Qc<\/td>\n<\/tr>\n<tr class=\"row-16\">\n\t<td class=\"column-1\">1989<\/td><td class=\"column-2\">Expo Int\u00e9gration des arts en milieu urbain, Cerf-Volant G\u00e9ant<\/td><td class=\"column-3\">Cegep de Chicoutimi, Centre Sagamie, Ville Saguenay, Qc<\/td>\n<\/tr>\n<\/tbody>\n<\/table>\n<!-- #tablepress-3 from cache -->\n<h2>Reconnaissances<\/h2>\n\n<table id=\"tablepress-5\" class=\"tablepress tablepress-id-5\">\n<thead>\n<tr class=\"row-1\">\n\t<th class=\"column-1\">Ann\u00e9e<\/th><th class=\"column-2\">Nom<\/th><th class=\"column-3\">Endroit de remise<\/th>\n<\/tr>\n<\/thead>\n<tbody class=\"row-striping\">\n<tr class=\"row-2\">\n\t<td class=\"column-1\">2017 et 2019<\/td><td class=\"column-2\">Oeuvres s\u00e9lectionn\u00e9es au Concours-Invit\u00e9<\/td><td class=\"column-3\">La Soci\u00e9t\u00e9 Canadienne de L\u2019Aquarelle<\/td>\n<\/tr>\n<tr class=\"row-3\">\n\t<td class=\"column-1\">2017 et 2018<\/td><td class=\"column-2\">Oeuvres gagnantes du prix \u2018\u2019Coup de Coeur\u2019\u2019 du public, Aquarelle.<\/td><td class=\"column-3\">La Maison des Arts Rive-Sud<\/td>\n<\/tr>\n<tr class=\"row-4\">\n\t<td class=\"column-1\">2007<\/td><td class=\"column-2\">1er choix, Concours Artistes Invit\u00e9s<\/td><td class=\"column-3\">F\u00e9d\u00e9ration des Caisses Populaires Desjardins<\/td>\n<\/tr>\n<tr class=\"row-5\">\n\t<td class=\"column-1\">1989<\/td><td class=\"column-2\">Expo Int\u00e9gration des arts en milieu urbain, Projet finissant prim\u00e9<\/td><td class=\"column-3\">Cegep de Chicoutimi<\/td>\n<\/tr>\n<\/tbody>\n<\/table>\n<!-- #tablepress-5 from cache -->\n<p>&nbsp;<\/p>\n","protected":false},"excerpt":{"rendered":"<p>D\u00e9marche \u00c9tant d\u2019une nature curieuse, je suis en recherche constante de connaissances, d\u2019apprentissages qui m\u2019ouvrent la voie vers une meilleure pratique artistique. Ainsi, mon approche cr\u00e9ative se manifeste dans ce d\u00e9sir de raconter une histoire, d\u2019y laisser passer l\u2019\u00e9motion. Ma production actuelle porte sur le regard, ce contact qui permet de cerner l\u2019\u00e2me de mes &#8230; <\/p>\n<p class=\"read-more-container\"><a title=\"Danyelle B\u00e9rub\u00e9\" class=\"read-more button\" href=\"https:\/\/aapars.com\/danyelle-berube\/#more-2\" aria-label=\"En savoir plus sur Danyelle B\u00e9rub\u00e9\">Lire plus<\/a><\/p>\n","protected":false},"author":3248,"featured_media":0,"parent":0,"menu_order":0,"comment_status":"closed","ping_status":"closed","template":"","meta":{"_s2mail":"yes","ngg_post_thumbnail":0,"iawp_total_views":236,"footnotes":""},"class_list":["post-2","page","type-page","status-publish"],"yoast_head":"<!-- This site is optimized with the Yoast SEO plugin v27.3 - https:\/\/yoast.com\/product\/yoast-seo-wordpress\/ -->\n<title>Danyelle B\u00e9rub\u00e9 - Danyelle B\u00e9rub\u00e9 - Un site de la galerie virtuelle de l&#039;AAPARS<\/title>\n<meta name=\"description\" content=\"D\u00e9marche \u00c9tant d\u2019une nature curieuse, je suis en recherche constante de connaissances, d\u2019apprentissages qui m\u2019ouvrent la voie vers une meilleure pratique\" \/>\n<meta name=\"robots\" content=\"index, follow, max-snippet:-1, max-image-preview:large, max-video-preview:-1\" \/>\n<link rel=\"canonical\" href=\"https:\/\/aapars.com\/danyelle-berube\/\" \/>\n<meta property=\"og:locale\" content=\"fr_FR\" \/>\n<meta property=\"og:type\" content=\"article\" \/>\n<meta property=\"og:title\" content=\"Danyelle B\u00e9rub\u00e9 - Danyelle B\u00e9rub\u00e9 - Un site de la galerie virtuelle de l&#039;AAPARS\" \/>\n<meta property=\"og:description\" content=\"D\u00e9marche \u00c9tant d\u2019une nature curieuse, je suis en recherche constante de connaissances, d\u2019apprentissages qui m\u2019ouvrent la voie vers une meilleure pratique\" \/>\n<meta property=\"og:url\" content=\"https:\/\/aapars.com\/danyelle-berube\/\" \/>\n<meta property=\"og:site_name\" content=\"Danyelle B\u00e9rub\u00e9\" \/>\n<meta property=\"article:modified_time\" content=\"2024-03-26T14:53:45+00:00\" \/>\n<meta property=\"og:image\" content=\"https:\/\/aapars.com\/danyelle-berube\/files\/2019\/06\/DSCF2929-2-200x200.jpg\" \/>\n<meta name=\"twitter:label1\" content=\"Dur\u00e9e de lecture estim\u00e9e\" \/>\n\t<meta name=\"twitter:data1\" content=\"2 minutes\" \/>\n<script type=\"application\/ld+json\" class=\"yoast-schema-graph\">{\"@context\":\"https:\\\/\\\/schema.org\",\"@graph\":[{\"@type\":\"WebPage\",\"@id\":\"https:\\\/\\\/aapars.com\\\/danyelle-berube\\\/\",\"url\":\"https:\\\/\\\/aapars.com\\\/danyelle-berube\\\/\",\"name\":\"Danyelle B\u00e9rub\u00e9 - Danyelle B\u00e9rub\u00e9 - Un site de la galerie virtuelle de l&#039;AAPARS\",\"isPartOf\":{\"@id\":\"https:\\\/\\\/aapars.com\\\/danyelle-berube\\\/#website\"},\"primaryImageOfPage\":{\"@id\":\"https:\\\/\\\/aapars.com\\\/danyelle-berube\\\/#primaryimage\"},\"image\":{\"@id\":\"https:\\\/\\\/aapars.com\\\/danyelle-berube\\\/#primaryimage\"},\"thumbnailUrl\":\"https:\\\/\\\/aapars.com\\\/danyelle-berube\\\/files\\\/2019\\\/06\\\/DSCF2929-2-200x200.jpg\",\"datePublished\":\"2010-10-03T05:11:36+00:00\",\"dateModified\":\"2024-03-26T14:53:45+00:00\",\"description\":\"D\u00e9marche \u00c9tant d\u2019une nature curieuse, je suis en recherche constante de connaissances, d\u2019apprentissages qui m\u2019ouvrent la voie vers une meilleure pratique\",\"breadcrumb\":{\"@id\":\"https:\\\/\\\/aapars.com\\\/danyelle-berube\\\/#breadcrumb\"},\"inLanguage\":\"fr-FR\",\"potentialAction\":[{\"@type\":\"ReadAction\",\"target\":[\"https:\\\/\\\/aapars.com\\\/danyelle-berube\\\/\"]}]},{\"@type\":\"ImageObject\",\"inLanguage\":\"fr-FR\",\"@id\":\"https:\\\/\\\/aapars.com\\\/danyelle-berube\\\/#primaryimage\",\"url\":\"https:\\\/\\\/aapars.com\\\/danyelle-berube\\\/files\\\/2019\\\/06\\\/DSCF2929-2.jpg\",\"contentUrl\":\"https:\\\/\\\/aapars.com\\\/danyelle-berube\\\/files\\\/2019\\\/06\\\/DSCF2929-2.jpg\",\"width\":1811,\"height\":1892},{\"@type\":\"BreadcrumbList\",\"@id\":\"https:\\\/\\\/aapars.com\\\/danyelle-berube\\\/#breadcrumb\",\"itemListElement\":[{\"@type\":\"ListItem\",\"position\":1,\"name\":\"Accueil\",\"item\":\"https:\\\/\\\/aapars.com\\\/danyelle-berube\\\/\"},{\"@type\":\"ListItem\",\"position\":2,\"name\":\"Danyelle B\u00e9rub\u00e9\"}]},{\"@type\":\"WebSite\",\"@id\":\"https:\\\/\\\/aapars.com\\\/danyelle-berube\\\/#website\",\"url\":\"https:\\\/\\\/aapars.com\\\/danyelle-berube\\\/\",\"name\":\"Danyelle B\u00e9rub\u00e9\",\"description\":\"Un site de la galerie virtuelle de l&#039;AAPARS\",\"publisher\":{\"@id\":\"https:\\\/\\\/aapars.com\\\/danyelle-berube\\\/#organization\"},\"potentialAction\":[{\"@type\":\"SearchAction\",\"target\":{\"@type\":\"EntryPoint\",\"urlTemplate\":\"https:\\\/\\\/aapars.com\\\/danyelle-berube\\\/?s={search_term_string}\"},\"query-input\":{\"@type\":\"PropertyValueSpecification\",\"valueRequired\":true,\"valueName\":\"search_term_string\"}}],\"inLanguage\":\"fr-FR\"},{\"@type\":\"Organization\",\"@id\":\"https:\\\/\\\/aapars.com\\\/danyelle-berube\\\/#organization\",\"name\":\"Danyelle B\u00e9rub\u00e9\",\"url\":\"https:\\\/\\\/aapars.com\\\/danyelle-berube\\\/\",\"logo\":{\"@type\":\"ImageObject\",\"inLanguage\":\"fr-FR\",\"@id\":\"https:\\\/\\\/aapars.com\\\/danyelle-berube\\\/#\\\/schema\\\/logo\\\/image\\\/\",\"url\":\"https:\\\/\\\/aapars.com\\\/danyelle-berube\\\/files\\\/2012\\\/04\\\/logo-aapars-@2x.png\",\"contentUrl\":\"https:\\\/\\\/aapars.com\\\/danyelle-berube\\\/files\\\/2012\\\/04\\\/logo-aapars-@2x.png\",\"width\":560,\"height\":306,\"caption\":\"Danyelle B\u00e9rub\u00e9\"},\"image\":{\"@id\":\"https:\\\/\\\/aapars.com\\\/danyelle-berube\\\/#\\\/schema\\\/logo\\\/image\\\/\"}}]}<\/script>\n<!-- \/ Yoast SEO plugin. -->","yoast_head_json":{"title":"Danyelle B\u00e9rub\u00e9 - Danyelle B\u00e9rub\u00e9 - Un site de la galerie virtuelle de l&#039;AAPARS","description":"D\u00e9marche \u00c9tant d\u2019une nature curieuse, je suis en recherche constante de connaissances, d\u2019apprentissages qui m\u2019ouvrent la voie vers une meilleure pratique","robots":{"index":"index","follow":"follow","max-snippet":"max-snippet:-1","max-image-preview":"max-image-preview:large","max-video-preview":"max-video-preview:-1"},"canonical":"https:\/\/aapars.com\/danyelle-berube\/","og_locale":"fr_FR","og_type":"article","og_title":"Danyelle B\u00e9rub\u00e9 - Danyelle B\u00e9rub\u00e9 - Un site de la galerie virtuelle de l&#039;AAPARS","og_description":"D\u00e9marche \u00c9tant d\u2019une nature curieuse, je suis en recherche constante de connaissances, d\u2019apprentissages qui m\u2019ouvrent la voie vers une meilleure pratique","og_url":"https:\/\/aapars.com\/danyelle-berube\/","og_site_name":"Danyelle B\u00e9rub\u00e9","article_modified_time":"2024-03-26T14:53:45+00:00","og_image":[{"url":"https:\/\/aapars.com\/danyelle-berube\/files\/2019\/06\/DSCF2929-2-200x200.jpg","type":"","width":"","height":""}],"twitter_misc":{"Dur\u00e9e de lecture estim\u00e9e":"2 minutes"},"schema":{"@context":"https:\/\/schema.org","@graph":[{"@type":"WebPage","@id":"https:\/\/aapars.com\/danyelle-berube\/","url":"https:\/\/aapars.com\/danyelle-berube\/","name":"Danyelle B\u00e9rub\u00e9 - Danyelle B\u00e9rub\u00e9 - Un site de la galerie virtuelle de l&#039;AAPARS","isPartOf":{"@id":"https:\/\/aapars.com\/danyelle-berube\/#website"},"primaryImageOfPage":{"@id":"https:\/\/aapars.com\/danyelle-berube\/#primaryimage"},"image":{"@id":"https:\/\/aapars.com\/danyelle-berube\/#primaryimage"},"thumbnailUrl":"https:\/\/aapars.com\/danyelle-berube\/files\/2019\/06\/DSCF2929-2-200x200.jpg","datePublished":"2010-10-03T05:11:36+00:00","dateModified":"2024-03-26T14:53:45+00:00","description":"D\u00e9marche \u00c9tant d\u2019une nature curieuse, je suis en recherche constante de connaissances, d\u2019apprentissages qui m\u2019ouvrent la voie vers une meilleure pratique","breadcrumb":{"@id":"https:\/\/aapars.com\/danyelle-berube\/#breadcrumb"},"inLanguage":"fr-FR","potentialAction":[{"@type":"ReadAction","target":["https:\/\/aapars.com\/danyelle-berube\/"]}]},{"@type":"ImageObject","inLanguage":"fr-FR","@id":"https:\/\/aapars.com\/danyelle-berube\/#primaryimage","url":"https:\/\/aapars.com\/danyelle-berube\/files\/2019\/06\/DSCF2929-2.jpg","contentUrl":"https:\/\/aapars.com\/danyelle-berube\/files\/2019\/06\/DSCF2929-2.jpg","width":1811,"height":1892},{"@type":"BreadcrumbList","@id":"https:\/\/aapars.com\/danyelle-berube\/#breadcrumb","itemListElement":[{"@type":"ListItem","position":1,"name":"Accueil","item":"https:\/\/aapars.com\/danyelle-berube\/"},{"@type":"ListItem","position":2,"name":"Danyelle B\u00e9rub\u00e9"}]},{"@type":"WebSite","@id":"https:\/\/aapars.com\/danyelle-berube\/#website","url":"https:\/\/aapars.com\/danyelle-berube\/","name":"Danyelle B\u00e9rub\u00e9","description":"Un site de la galerie virtuelle de l&#039;AAPARS","publisher":{"@id":"https:\/\/aapars.com\/danyelle-berube\/#organization"},"potentialAction":[{"@type":"SearchAction","target":{"@type":"EntryPoint","urlTemplate":"https:\/\/aapars.com\/danyelle-berube\/?s={search_term_string}"},"query-input":{"@type":"PropertyValueSpecification","valueRequired":true,"valueName":"search_term_string"}}],"inLanguage":"fr-FR"},{"@type":"Organization","@id":"https:\/\/aapars.com\/danyelle-berube\/#organization","name":"Danyelle B\u00e9rub\u00e9","url":"https:\/\/aapars.com\/danyelle-berube\/","logo":{"@type":"ImageObject","inLanguage":"fr-FR","@id":"https:\/\/aapars.com\/danyelle-berube\/#\/schema\/logo\/image\/","url":"https:\/\/aapars.com\/danyelle-berube\/files\/2012\/04\/logo-aapars-@2x.png","contentUrl":"https:\/\/aapars.com\/danyelle-berube\/files\/2012\/04\/logo-aapars-@2x.png","width":560,"height":306,"caption":"Danyelle B\u00e9rub\u00e9"},"image":{"@id":"https:\/\/aapars.com\/danyelle-berube\/#\/schema\/logo\/image\/"}}]}},"_links":{"self":[{"href":"https:\/\/aapars.com\/danyelle-berube\/wp-json\/wp\/v2\/pages\/2","targetHints":{"allow":["GET"]}}],"collection":[{"href":"https:\/\/aapars.com\/danyelle-berube\/wp-json\/wp\/v2\/pages"}],"about":[{"href":"https:\/\/aapars.com\/danyelle-berube\/wp-json\/wp\/v2\/types\/page"}],"author":[{"embeddable":true,"href":"https:\/\/aapars.com\/danyelle-berube\/wp-json\/wp\/v2\/users\/3248"}],"replies":[{"embeddable":true,"href":"https:\/\/aapars.com\/danyelle-berube\/wp-json\/wp\/v2\/comments?post=2"}],"version-history":[{"count":1,"href":"https:\/\/aapars.com\/danyelle-berube\/wp-json\/wp\/v2\/pages\/2\/revisions"}],"predecessor-version":[{"id":285,"href":"https:\/\/aapars.com\/danyelle-berube\/wp-json\/wp\/v2\/pages\/2\/revisions\/285"}],"wp:attachment":[{"href":"https:\/\/aapars.com\/danyelle-berube\/wp-json\/wp\/v2\/media?parent=2"}],"curies":[{"name":"wp","href":"https:\/\/api.w.org\/{rel}","templated":true}]}}