{"id":30,"date":"2010-10-03T05:11:36","date_gmt":"2010-10-03T05:11:36","guid":{"rendered":"https:\/\/aapars.com\/jacques-landry\/?page_id=2"},"modified":"2025-11-03T09:33:31","modified_gmt":"2025-11-03T14:33:31","slug":"accueil","status":"publish","type":"page","link":"https:\/\/aapars.com\/atim\/","title":{"rendered":"Atim"},"content":{"rendered":"<p><a href=\"https:\/\/aapars.com\/site-gabarit\/files\/2010\/10\/user-icon-e1286135502728.png\"><img loading=\"lazy\" decoding=\"async\" class=\"alignnone size-medium wp-image-330\" src=\"https:\/\/aapars.com\/atim\/files\/2025\/10\/thumbnail_20250110_154904-274x300.jpg\" alt=\"Atim\" width=\"274\" height=\"300\"><\/a><\/p>\n\n<table id=\"tablepress-1\" class=\"tablepress tablepress-id-1\">\n<tbody class=\"row-striping\">\n<tr class=\"row-1\">\n\t<td class=\"column-1\">Technique :<\/td><td class=\"column-2\">Acrylique, techniques mixtes<\/td>\n<\/tr>\n<tr class=\"row-2\">\n\t<td class=\"column-1\">Affiliations professionelles :<\/td><td class=\"column-2\">AAPARS<br \/>\nArto, St-Jean-sur-Richelieu<\/td>\n<\/tr>\n<tr class=\"row-3\">\n\t<td class=\"column-1\">T\u00e9l\u00e9phone :<\/td><td class=\"column-2\">514-772-0754<\/td>\n<\/tr>\n<tr class=\"row-4\">\n\t<td class=\"column-1\">Courriel :<\/td><td class=\"column-2\"><a href=\"mailto:orthoart@hotmail.ca\">orthoart@hotmail.ca<\/a><\/td>\n<\/tr>\n<\/tbody>\n<\/table>\n<!-- #tablepress-1 from cache -->\n<h2>D\u00e9marche<\/h2>\n<p><strong>Atim<\/strong> , Artiste peintre<\/p>\n<p>Native de la r\u00e9gion de Kamouraska, je r\u00e9side \u00e0 Saint-Jean-sur-Richelieu depuis 1987. Dipl\u00f4m\u00e9e de l\u2019Universit\u00e9 du Qu\u00e9bec \u00e0 Rimouski, j\u2019ai \u0153uvr\u00e9 comme orthop\u00e9dagogue et enseignante \u00e0 la Commission scolaire Jean Chapais (nom de l\u2019\u00e9poque) de St-Pascal et \u00e0 la commission scolaire des Hautes Rivi\u00e8res de Saint-Jean-sur-Richelieu. Depuis ma tendre enfance, je baigne dans l\u2019art. Ma m\u00e8re, entre deux changements de couche, maniait le pinceau et la peinture \u00e0 l\u2019huile et mon p\u00e8re, entrepreneur peintre en construction pr\u00e9parait de ces m\u00e9langes de couleurs qui me fascinaient.<\/p>\n<p>Comme l\u2019art, fait partie des mati\u00e8res \u00e0 enseigner \u00e0 mes \u00e9l\u00e8ves, mon int\u00e9r\u00eat pour ce moyen d\u2019expression se poursuit pour mon plaisir personnel en 1983 par des cours de dessin d\u2019une artiste bien connue de la r\u00e9gion de Kamouraska, Th\u00e9r\u00e8se Beaulieu. Mais ce n\u2019est vraiment qu\u2019\u00e0 l\u2019\u00e9t\u00e9 2005 qu\u2019explose en moi la passion de la peinture par une formation en repr\u00e9sentation abstraite \u00e0 l\u2019\u00e9cole d\u2019\u00e9t\u00e9 de Mont-Laurier. Depuis ce temps, je poursuis mes apprentissages dans diff\u00e9rentes \u00e9coles de renomm\u00e9e de la grande r\u00e9gion de Montr\u00e9al.<\/p>\n<p>Ma d\u00e9marche artistique se veut au d\u00e9part ludique. J\u2019aime travailler avec les formes, les textures, les couleurs. Souvent, \u00e0 partir d\u2019un fond textur\u00e9, sur canevas, j\u2019applique un autre m\u00e9dium et je lui donne une forme entre l\u2019abstrait et le figuratif. Tout se joue au fur et \u00e0 mesure de la production. Ensuite, les couleurs s\u2019additionnent afin d\u2019intensifier le sujet. \u00c0 d\u2019autres moments, la forme est dessin\u00e9e au pr\u00e9alable, inspir\u00e9e de mes int\u00e9r\u00eats personnels comme la musique, la danse ou autres.&nbsp;<\/p>\n<p>Pr\u00e9sentement, ayant de plus en plus le souci de l\u2019environnement, je r\u00e9cup\u00e8re des tableaux que des gens d\u00e9laissent pour leur donner une deuxi\u00e8me vie.<\/p>\n<p>J\u2019ai aussi beaucoup de plaisir \u00e0 utiliser un support qui me vient de la nature tel que le bois flott\u00e9 et laisser mon imagination lui donner vie avec des couleurs, sans en alt\u00e9rer ou changer la forme de l\u2019objet.<\/p>\n<h2>Formations<\/h2>\n\n<table id=\"tablepress-2\" class=\"tablepress tablepress-id-2\">\n<thead>\n<tr class=\"row-1\">\n\t<th class=\"column-1\">Ann\u00e9e<\/th><th class=\"column-2\">Institution\/Professeur<\/th><th class=\"column-3\">Programme<\/th>\n<\/tr>\n<\/thead>\n<tbody class=\"row-striping\">\n<tr class=\"row-2\">\n\t<td class=\"column-1\">2023<\/td><td class=\"column-2\">La Maison des Arts Rive-Sud\/Sylvie Marie H\u00e9roux<\/td><td class=\"column-3\">Introduction aux croquis urbains<\/td>\n<\/tr>\n<tr class=\"row-3\">\n\t<td class=\"column-1\">2022<\/td><td class=\"column-2\">SEHR\/ Jacqueline B\u00e9langer<\/td><td class=\"column-3\">Les encres<\/td>\n<\/tr>\n<tr class=\"row-4\">\n\t<td class=\"column-1\">2021<\/td><td class=\"column-2\">La Maison des Arts Rive-Sud\/ Ian LeGwen<\/td><td class=\"column-3\">Sur les chemins de l\u2019abstraction<\/td>\n<\/tr>\n<tr class=\"row-5\">\n\t<td class=\"column-1\">2021<\/td><td class=\"column-2\">La Maison des Arts Rive-Sud\/ Eliane Laberge<\/td><td class=\"column-3\">Dessin de l\u2019observation \u00e0 la r\u00e9alisation<\/td>\n<\/tr>\n<tr class=\"row-6\">\n\t<td class=\"column-1\">2020<\/td><td class=\"column-2\">R\u00e9publique Dominicaine\/ Lily Sr-Gelais<\/td><td class=\"column-3\">Dessin technique<\/td>\n<\/tr>\n<tr class=\"row-7\">\n\t<td class=\"column-1\">2013<\/td><td class=\"column-2\">UQAM\/Karine Savard<\/td><td class=\"column-3\">Exploration en dessin A<\/td>\n<\/tr>\n<tr class=\"row-8\">\n\t<td class=\"column-1\">2008<\/td><td class=\"column-2\">Centre des arts visuels, Montr\u00e9al \/Fran\u00e7oise Issaly,<\/td><td class=\"column-3\">Peinture expressive abstraite<\/td>\n<\/tr>\n<tr class=\"row-9\">\n\t<td class=\"column-1\">2007<\/td><td class=\"column-2\">Curry\u2019s\/ David Roche<\/td><td class=\"column-3\">Techniques mixtes<\/td>\n<\/tr>\n<tr class=\"row-10\">\n\t<td class=\"column-1\">2006<\/td><td class=\"column-2\">Saint-Jacques le Mineur\/ Louise-Andr\u00e9 Lalonde<\/td><td class=\"column-3\">Ateliers de cr\u00e9ativit\u00e9 par la peinture<\/td>\n<\/tr>\n<tr class=\"row-11\">\n\t<td class=\"column-1\">2006<\/td><td class=\"column-2\">Centre des arts Saidye Bronfman\/ Branka Marinkovic-Forte<\/td><td class=\"column-3\">Les rudiments du dessin<\/td>\n<\/tr>\n<tr class=\"row-12\">\n\t<td class=\"column-1\">2006<\/td><td class=\"column-2\">Centre des arts visuels, Montr\u00e9al\/ Heather Midori Yamada<\/td><td class=\"column-3\">Dessin gr\u00e2ce au cerveau droit<\/td>\n<\/tr>\n<tr class=\"row-13\">\n\t<td class=\"column-1\">2006<\/td><td class=\"column-2\">Art et Hobby, Saint-Jean-sur-Richelieu\/ Diane Couture<\/td><td class=\"column-3\">Faux fini<\/td>\n<\/tr>\n<tr class=\"row-14\">\n\t<td class=\"column-1\">2005<\/td><td class=\"column-2\">Centre des arts visuels, Montr\u00e9al\/ Marianne Revenko<\/td><td class=\"column-3\">Peinture abstraite et symbolique : concentration sur la couleur<\/td>\n<\/tr>\n<tr class=\"row-15\">\n\t<td class=\"column-1\">2005<\/td><td class=\"column-2\">L\u2019\u00e9cole d\u2019\u00e9t\u00e9, Mont Laurier\/ Nicole Lebel<\/td><td class=\"column-3\">Exploration de la peinture abstraite<\/td>\n<\/tr>\n<tr class=\"row-16\">\n\t<td class=\"column-1\">1983<\/td><td class=\"column-2\">Th\u00e9r\u00e8se Beaulieu<\/td><td class=\"column-3\">Dessin<\/td>\n<\/tr>\n<tr class=\"row-17\">\n\t<td class=\"column-1\">1982<\/td><td class=\"column-2\">UQAR<\/td><td class=\"column-3\">Diagnostic en expression plastique et en psychomotricit\u00e9<\/td>\n<\/tr>\n<tr class=\"row-18\">\n\t<td class=\"column-1\">1981<\/td><td class=\"column-2\">UQAR<\/td><td class=\"column-3\">Cr\u00e9ativit\u00e9<\/td>\n<\/tr>\n<tr class=\"row-19\">\n\t<td class=\"column-1\">1981<\/td><td class=\"column-2\">UQAR<\/td><td class=\"column-3\">\u00c9ducation et r\u00e9\u00e9ducation en expression plastique<\/td>\n<\/tr>\n<tr class=\"row-20\">\n\t<td class=\"column-1\">1980<\/td><td class=\"column-2\">UQAR<\/td><td class=\"column-3\">D\u00e9veloppement de l\u2019expression plastique<\/td>\n<\/tr>\n<\/tbody>\n<\/table>\n<!-- #tablepress-2 from cache -->\n<h2>Expositions<\/h2>\n\n<table id=\"tablepress-3\" class=\"tablepress tablepress-id-3\">\n<thead>\n<tr class=\"row-1\">\n\t<th class=\"column-1\">Ann\u00e9e<\/th><th class=\"column-2\">Nom<\/th><th class=\"column-3\">Endroit<\/th>\n<\/tr>\n<\/thead>\n<tbody class=\"row-striping\">\n<tr class=\"row-2\">\n\t<td class=\"column-1\">2024<\/td><td class=\"column-2\">Collectif , 4e \u00e9dition du mur des artistes d\u2019Arto<\/td><td class=\"column-3\">Actiforme, Saint-Jean-sur-Richelieu<\/td>\n<\/tr>\n<tr class=\"row-3\">\n\t<td class=\"column-1\">2024<\/td><td class=\"column-2\">Collectif , 3e \u00e9dition du mur des artistes d\u2019Arto<\/td><td class=\"column-3\">Actiforme, Saint-Jean-sur-Richelieu<\/td>\n<\/tr>\n<tr class=\"row-4\">\n\t<td class=\"column-1\">2024<\/td><td class=\"column-2\">Solo, \u00e9v\u00e9nement \"Imagine le parc\"<\/td><td class=\"column-3\">Parc F\u00e9lix Gabriel Marchand, Saint-Jean-sur-Richelieu<\/td>\n<\/tr>\n<tr class=\"row-5\">\n\t<td class=\"column-1\">2023<\/td><td class=\"column-2\">Solo, \" H\u00e9t\u00e9roclite\"<\/td><td class=\"column-3\">Petite galerie Arto, Saint-Jean-sur-Richelieu<\/td>\n<\/tr>\n<tr class=\"row-6\">\n\t<td class=\"column-1\">2021<\/td><td class=\"column-2\">Collectif \" FemmArt \"<\/td><td class=\"column-3\">Galerie \" La Loge \" Saint-Jean-sur-Richelieu<\/td>\n<\/tr>\n<tr class=\"row-7\">\n\t<td class=\"column-1\">2020<\/td><td class=\"column-2\">Collectif \"No\u00ebl \u00e0 la loge \"<\/td><td class=\"column-3\">Galerie \" La Loge,\" Saint-Jean-sur-Richelieu<\/td>\n<\/tr>\n<tr class=\"row-8\">\n\t<td class=\"column-1\">2008<\/td><td class=\"column-2\">Collectif des membres d\u2019Arto<\/td><td class=\"column-3\">Saint-Jean-sur-Richelieu<\/td>\n<\/tr>\n<tr class=\"row-9\">\n\t<td class=\"column-1\">2008<\/td><td class=\"column-2\">Collectif des membres d\u2019Arto<\/td><td class=\"column-3\">Saint-Jean-sur-Richelieu<\/td>\n<\/tr>\n<tr class=\"row-10\">\n\t<td class=\"column-1\">2007<\/td><td class=\"column-2\">Collectif, chez Curry\u2019s<\/td><td class=\"column-3\">Brossard<\/td>\n<\/tr>\n<tr class=\"row-11\">\n\t<td class=\"column-1\">2007<\/td><td class=\"column-2\">Collectif des membres d\u2019Arto<\/td><td class=\"column-3\">Saint-Jean-sur-Richelieu<\/td>\n<\/tr>\n<tr class=\"row-12\">\n\t<td class=\"column-1\">2007<\/td><td class=\"column-2\">Collectif des membres d\u2019Arto<\/td><td class=\"column-3\">Saint-Jean-sur-Richelieu<\/td>\n<\/tr>\n<\/tbody>\n<\/table>\n<!-- #tablepress-3 from cache -->\n","protected":false},"excerpt":{"rendered":"<p>D\u00e9marche Atim , Artiste peintre Native de la r\u00e9gion de Kamouraska, je r\u00e9side \u00e0 Saint-Jean-sur-Richelieu depuis 1987. Dipl\u00f4m\u00e9e de l\u2019Universit\u00e9 du Qu\u00e9bec \u00e0 Rimouski, j\u2019ai \u0153uvr\u00e9 comme orthop\u00e9dagogue et enseignante \u00e0 la Commission scolaire Jean Chapais (nom de l\u2019\u00e9poque) de St-Pascal et \u00e0 la commission scolaire des Hautes Rivi\u00e8res de Saint-Jean-sur-Richelieu. Depuis ma tendre enfance, &#8230; <\/p>\n<p class=\"read-more-container\"><a title=\"Atim\" class=\"read-more button\" href=\"https:\/\/aapars.com\/atim\/#more-30\" aria-label=\"En savoir plus sur Atim\">Lire plus<\/a><\/p>\n","protected":false},"author":4250,"featured_media":0,"parent":0,"menu_order":0,"comment_status":"closed","ping_status":"closed","template":"","meta":{"_s2mail":"yes","ngg_post_thumbnail":0,"iawp_total_views":311,"footnotes":""},"class_list":["post-30","page","type-page","status-publish"],"yoast_head":"<!-- This site is optimized with the Yoast SEO plugin v27.3 - https:\/\/yoast.com\/product\/yoast-seo-wordpress\/ -->\n<title>Atim | Un site de la galerie virtuelle de l&#039;AAPARS<\/title>\n<meta name=\"description\" content=\"D\u00e9marche Atim , Artiste peintre Native de la r\u00e9gion de Kamouraska, je r\u00e9side \u00e0 Saint-Jean-sur-Richelieu depuis 1987. Dipl\u00f4m\u00e9e de l\u2019Universit\u00e9 du Qu\u00e9bec \u00e0\" \/>\n<meta name=\"robots\" content=\"index, follow, max-snippet:-1, max-image-preview:large, max-video-preview:-1\" \/>\n<link rel=\"canonical\" href=\"https:\/\/aapars.com\/atim\/\" \/>\n<meta property=\"og:locale\" content=\"fr_FR\" \/>\n<meta property=\"og:type\" content=\"article\" \/>\n<meta property=\"og:title\" content=\"Atim | Un site de la galerie virtuelle de l&#039;AAPARS\" \/>\n<meta property=\"og:description\" content=\"D\u00e9marche Atim , Artiste peintre Native de la r\u00e9gion de Kamouraska, je r\u00e9side \u00e0 Saint-Jean-sur-Richelieu depuis 1987. Dipl\u00f4m\u00e9e de l\u2019Universit\u00e9 du Qu\u00e9bec \u00e0\" \/>\n<meta property=\"og:url\" content=\"https:\/\/aapars.com\/atim\/\" \/>\n<meta property=\"og:site_name\" content=\"Atim\" \/>\n<meta property=\"article:modified_time\" content=\"2025-11-03T14:33:31+00:00\" \/>\n<meta property=\"og:image\" content=\"https:\/\/aapars.com\/atim\/files\/2025\/10\/thumbnail_20250110_154904-e1760466770746.jpg\" \/>\n\t<meta property=\"og:image:width\" content=\"150\" \/>\n\t<meta property=\"og:image:height\" content=\"164\" \/>\n\t<meta property=\"og:image:type\" content=\"image\/jpeg\" \/>\n<meta name=\"twitter:label1\" content=\"Dur\u00e9e de lecture estim\u00e9e\" \/>\n\t<meta name=\"twitter:data1\" content=\"2 minutes\" \/>\n<script type=\"application\/ld+json\" class=\"yoast-schema-graph\">{\"@context\":\"https:\\\/\\\/schema.org\",\"@graph\":[{\"@type\":\"WebPage\",\"@id\":\"https:\\\/\\\/aapars.com\\\/atim\\\/\",\"url\":\"https:\\\/\\\/aapars.com\\\/atim\\\/\",\"name\":\"Atim | Un site de la galerie virtuelle de l&#039;AAPARS\",\"isPartOf\":{\"@id\":\"https:\\\/\\\/aapars.com\\\/atim\\\/#website\"},\"primaryImageOfPage\":{\"@id\":\"https:\\\/\\\/aapars.com\\\/atim\\\/#primaryimage\"},\"image\":{\"@id\":\"https:\\\/\\\/aapars.com\\\/atim\\\/#primaryimage\"},\"thumbnailUrl\":\"https:\\\/\\\/aapars.com\\\/atim\\\/files\\\/2025\\\/10\\\/thumbnail_20250110_154904-274x300.jpg\",\"datePublished\":\"2010-10-03T05:11:36+00:00\",\"dateModified\":\"2025-11-03T14:33:31+00:00\",\"description\":\"D\u00e9marche Atim , Artiste peintre Native de la r\u00e9gion de Kamouraska, je r\u00e9side \u00e0 Saint-Jean-sur-Richelieu depuis 1987. Dipl\u00f4m\u00e9e de l\u2019Universit\u00e9 du Qu\u00e9bec \u00e0\",\"breadcrumb\":{\"@id\":\"https:\\\/\\\/aapars.com\\\/atim\\\/#breadcrumb\"},\"inLanguage\":\"fr-FR\",\"potentialAction\":[{\"@type\":\"ReadAction\",\"target\":[\"https:\\\/\\\/aapars.com\\\/atim\\\/\"]}]},{\"@type\":\"ImageObject\",\"inLanguage\":\"fr-FR\",\"@id\":\"https:\\\/\\\/aapars.com\\\/atim\\\/#primaryimage\",\"url\":\"https:\\\/\\\/aapars.com\\\/atim\\\/files\\\/2025\\\/10\\\/thumbnail_20250110_154904-e1760466770746.jpg\",\"contentUrl\":\"https:\\\/\\\/aapars.com\\\/atim\\\/files\\\/2025\\\/10\\\/thumbnail_20250110_154904-e1760466770746.jpg\",\"width\":150,\"height\":164,\"caption\":\"Atim\"},{\"@type\":\"BreadcrumbList\",\"@id\":\"https:\\\/\\\/aapars.com\\\/atim\\\/#breadcrumb\",\"itemListElement\":[{\"@type\":\"ListItem\",\"position\":1,\"name\":\"Accueil\",\"item\":\"https:\\\/\\\/aapars.com\\\/atim\\\/\"},{\"@type\":\"ListItem\",\"position\":2,\"name\":\"Atim\"}]},{\"@type\":\"WebSite\",\"@id\":\"https:\\\/\\\/aapars.com\\\/atim\\\/#website\",\"url\":\"https:\\\/\\\/aapars.com\\\/atim\\\/\",\"name\":\"Atim\",\"description\":\"Un site de la galerie virtuelle de l&#039;AAPARS\",\"publisher\":{\"@id\":\"https:\\\/\\\/aapars.com\\\/atim\\\/#\\\/schema\\\/person\\\/67e727643cc38d6d0d58bde5c504a2f5\"},\"potentialAction\":[{\"@type\":\"SearchAction\",\"target\":{\"@type\":\"EntryPoint\",\"urlTemplate\":\"https:\\\/\\\/aapars.com\\\/atim\\\/?s={search_term_string}\"},\"query-input\":{\"@type\":\"PropertyValueSpecification\",\"valueRequired\":true,\"valueName\":\"search_term_string\"}}],\"inLanguage\":\"fr-FR\"},{\"@type\":[\"Person\",\"Organization\"],\"@id\":\"https:\\\/\\\/aapars.com\\\/atim\\\/#\\\/schema\\\/person\\\/67e727643cc38d6d0d58bde5c504a2f5\",\"name\":\"Jean Test\",\"image\":{\"@type\":\"ImageObject\",\"inLanguage\":\"fr-FR\",\"@id\":\"https:\\\/\\\/aapars.com\\\/atim\\\/files\\\/2024\\\/12\\\/logo-aapars-@2x.png\",\"url\":\"https:\\\/\\\/aapars.com\\\/atim\\\/files\\\/2024\\\/12\\\/logo-aapars-@2x.png\",\"contentUrl\":\"https:\\\/\\\/aapars.com\\\/atim\\\/files\\\/2024\\\/12\\\/logo-aapars-@2x.png\",\"width\":560,\"height\":306,\"caption\":\"Jean Test\"},\"logo\":{\"@id\":\"https:\\\/\\\/aapars.com\\\/atim\\\/files\\\/2024\\\/12\\\/logo-aapars-@2x.png\"}}]}<\/script>\n<!-- \/ Yoast SEO plugin. -->","yoast_head_json":{"title":"Atim | Un site de la galerie virtuelle de l&#039;AAPARS","description":"D\u00e9marche Atim , Artiste peintre Native de la r\u00e9gion de Kamouraska, je r\u00e9side \u00e0 Saint-Jean-sur-Richelieu depuis 1987. Dipl\u00f4m\u00e9e de l\u2019Universit\u00e9 du Qu\u00e9bec \u00e0","robots":{"index":"index","follow":"follow","max-snippet":"max-snippet:-1","max-image-preview":"max-image-preview:large","max-video-preview":"max-video-preview:-1"},"canonical":"https:\/\/aapars.com\/atim\/","og_locale":"fr_FR","og_type":"article","og_title":"Atim | Un site de la galerie virtuelle de l&#039;AAPARS","og_description":"D\u00e9marche Atim , Artiste peintre Native de la r\u00e9gion de Kamouraska, je r\u00e9side \u00e0 Saint-Jean-sur-Richelieu depuis 1987. Dipl\u00f4m\u00e9e de l\u2019Universit\u00e9 du Qu\u00e9bec \u00e0","og_url":"https:\/\/aapars.com\/atim\/","og_site_name":"Atim","article_modified_time":"2025-11-03T14:33:31+00:00","og_image":[{"width":150,"height":164,"url":"https:\/\/aapars.com\/atim\/files\/2025\/10\/thumbnail_20250110_154904-e1760466770746.jpg","type":"image\/jpeg"}],"twitter_misc":{"Dur\u00e9e de lecture estim\u00e9e":"2 minutes"},"schema":{"@context":"https:\/\/schema.org","@graph":[{"@type":"WebPage","@id":"https:\/\/aapars.com\/atim\/","url":"https:\/\/aapars.com\/atim\/","name":"Atim | Un site de la galerie virtuelle de l&#039;AAPARS","isPartOf":{"@id":"https:\/\/aapars.com\/atim\/#website"},"primaryImageOfPage":{"@id":"https:\/\/aapars.com\/atim\/#primaryimage"},"image":{"@id":"https:\/\/aapars.com\/atim\/#primaryimage"},"thumbnailUrl":"https:\/\/aapars.com\/atim\/files\/2025\/10\/thumbnail_20250110_154904-274x300.jpg","datePublished":"2010-10-03T05:11:36+00:00","dateModified":"2025-11-03T14:33:31+00:00","description":"D\u00e9marche Atim , Artiste peintre Native de la r\u00e9gion de Kamouraska, je r\u00e9side \u00e0 Saint-Jean-sur-Richelieu depuis 1987. Dipl\u00f4m\u00e9e de l\u2019Universit\u00e9 du Qu\u00e9bec \u00e0","breadcrumb":{"@id":"https:\/\/aapars.com\/atim\/#breadcrumb"},"inLanguage":"fr-FR","potentialAction":[{"@type":"ReadAction","target":["https:\/\/aapars.com\/atim\/"]}]},{"@type":"ImageObject","inLanguage":"fr-FR","@id":"https:\/\/aapars.com\/atim\/#primaryimage","url":"https:\/\/aapars.com\/atim\/files\/2025\/10\/thumbnail_20250110_154904-e1760466770746.jpg","contentUrl":"https:\/\/aapars.com\/atim\/files\/2025\/10\/thumbnail_20250110_154904-e1760466770746.jpg","width":150,"height":164,"caption":"Atim"},{"@type":"BreadcrumbList","@id":"https:\/\/aapars.com\/atim\/#breadcrumb","itemListElement":[{"@type":"ListItem","position":1,"name":"Accueil","item":"https:\/\/aapars.com\/atim\/"},{"@type":"ListItem","position":2,"name":"Atim"}]},{"@type":"WebSite","@id":"https:\/\/aapars.com\/atim\/#website","url":"https:\/\/aapars.com\/atim\/","name":"Atim","description":"Un site de la galerie virtuelle de l&#039;AAPARS","publisher":{"@id":"https:\/\/aapars.com\/atim\/#\/schema\/person\/67e727643cc38d6d0d58bde5c504a2f5"},"potentialAction":[{"@type":"SearchAction","target":{"@type":"EntryPoint","urlTemplate":"https:\/\/aapars.com\/atim\/?s={search_term_string}"},"query-input":{"@type":"PropertyValueSpecification","valueRequired":true,"valueName":"search_term_string"}}],"inLanguage":"fr-FR"},{"@type":["Person","Organization"],"@id":"https:\/\/aapars.com\/atim\/#\/schema\/person\/67e727643cc38d6d0d58bde5c504a2f5","name":"Jean Test","image":{"@type":"ImageObject","inLanguage":"fr-FR","@id":"https:\/\/aapars.com\/atim\/files\/2024\/12\/logo-aapars-@2x.png","url":"https:\/\/aapars.com\/atim\/files\/2024\/12\/logo-aapars-@2x.png","contentUrl":"https:\/\/aapars.com\/atim\/files\/2024\/12\/logo-aapars-@2x.png","width":560,"height":306,"caption":"Jean Test"},"logo":{"@id":"https:\/\/aapars.com\/atim\/files\/2024\/12\/logo-aapars-@2x.png"}}]}},"_links":{"self":[{"href":"https:\/\/aapars.com\/atim\/wp-json\/wp\/v2\/pages\/30","targetHints":{"allow":["GET"]}}],"collection":[{"href":"https:\/\/aapars.com\/atim\/wp-json\/wp\/v2\/pages"}],"about":[{"href":"https:\/\/aapars.com\/atim\/wp-json\/wp\/v2\/types\/page"}],"author":[{"embeddable":true,"href":"https:\/\/aapars.com\/atim\/wp-json\/wp\/v2\/users\/4250"}],"replies":[{"embeddable":true,"href":"https:\/\/aapars.com\/atim\/wp-json\/wp\/v2\/comments?post=30"}],"version-history":[{"count":10,"href":"https:\/\/aapars.com\/atim\/wp-json\/wp\/v2\/pages\/30\/revisions"}],"predecessor-version":[{"id":499,"href":"https:\/\/aapars.com\/atim\/wp-json\/wp\/v2\/pages\/30\/revisions\/499"}],"wp:attachment":[{"href":"https:\/\/aapars.com\/atim\/wp-json\/wp\/v2\/media?parent=30"}],"curies":[{"name":"wp","href":"https:\/\/api.w.org\/{rel}","templated":true}]}}